{"id":406,"date":"2018-02-02T09:01:23","date_gmt":"2018-02-02T02:01:23","guid":{"rendered":"https:\/\/demo.bmconnect.vn\/shop\/?post_type=product&#038;p=406"},"modified":"2018-02-02T09:01:23","modified_gmt":"2018-02-02T02:01:23","slug":"tu-lanh-sharp-sj-16vf4-wms-165-lit","status":"publish","type":"product","link":"https:\/\/demo.bmconnect.vn\/shop\/s\u1ea3n ph\u1ea9m\/tu-lanh-sharp-sj-16vf4-wms-165-lit\/","title":{"rendered":"T\u1ee7 l\u1ea1nh Sharp SJ-16VF4-WMS &#8211; 165 L\u00edt"},"content":{"rendered":"<h3 class=\"pd-news-title\">Th\u00f4ng tin: T\u1ee7 l\u1ea1nh Sharp SJ-16VF4-WMS &#8211; 165 L\u00edt<\/h3>\n<div class=\"pd-news-content\">\n<p><strong>S\u1eed d\u1ee5ng t\u1ed1t v\u1edbi dung t\u00edch nh\u1ecf<\/strong><\/p>\n<p><strong><img class=\"lazy\" src=\"https:\/\/cdn.mediamart.vn\/Upload\/images\/16vf4wms.jpg\" data-original=\"https:\/\/cdn.mediamart.vn\/Upload\/images\/16vf4wms.jpg\" \/><\/strong><\/p>\n<p>T\u1ee7 l\u1ea1nh Sharp\u00a0SJ-16VF4 c\u00f3 thi\u1ebft k\u1ebf ti\u1ec7n d\u1ee5ng v\u1edbi ng\u0103n \u0111\u00e1 n\u1eb1m tr\u00ean thu\u1eadn ti\u1ec7n cho ng\u01b0\u1eddi d\u00f9ng khi c\u1ea7n l\u1ea5y \u0111\u00e1 hay th\u1ef1c ph\u1ea9m t\u01b0\u01a1i \u0111\u01b0\u1ee3c l\u00e0m \u0111\u00f4ng. Ch\u1ea5t li\u1ec7u v\u1ecf ngo\u00e0i \u0111\u01b0\u1ee3c ph\u1ee7 s\u01a1n t\u0129nh \u0111i\u1ec7n gi\u00fap h\u1ea1n ch\u1ebf tr\u1ea7y x\u01b0\u1edbc, b\u00e1m b\u1ee5i b\u1ea9n v\u00e0 gi\u00fap ng\u01b0\u1eddi d\u00f9ng d\u1ec5 v\u1ec7 sinh h\u01a1n trong su\u1ed1t qu\u00e1 tr\u00ecnh s\u1eed d\u1ee5ng. Dung t\u00edch 150 l\u00edt cho gia \u0111\u00ecnh 2 ng\u01b0\u1eddi d\u00f9ng r\u1ea5t t\u1ed1t, tho\u1ea3i m\u00e1i l\u01b0u tr\u1eef rau qu\u1ea3, th\u1ecbt c\u00e1, th\u1ee9c \u0103n ch\u00edn, n\u01b0\u1edbc gi\u1ea3i kh\u00e1t \u0111\u1ec3 d\u00f9ng trong 1 \u0111\u1ebfn 2 ng\u00e0y.<\/p>\n<p><strong>Di\u1ec7t khu\u1ea9n v\u00e0 kh\u1eed m\u00f9i Nano Ag+<\/strong><\/p>\n<p><img class=\"lazy\" src=\"https:\/\/cdn.mediamart.vn\/Upload\/download\/2016-7\/sj195emsl-Dh4f8Q.jpg\" data-original=\"https:\/\/cdn.mediamart.vn\/Upload\/download\/2016-7\/sj195emsl-Dh4f8Q.jpg\" \/><\/p>\n<p>T\u1ee7 l\u1ea1nh Sharp SJ-16VF4\u00a0\u00e1p d\u1ee5ng c\u00f4ng ngh\u1ec7 Nano Ag+ v\u1edbi lu\u1ed3ng kh\u00f4ng kh\u00ed l\u1ea1nh lu\u00e2n chuy\u1ec3n qua b\u1ed9 l\u1ecdc c\u00f3 c\u00e1c ph\u00e2n t\u1eed b\u1ea1c v\u00e0 t\u1ea1i \u0111\u00e2y c\u00e1c ph\u00e2n t\u1eed b\u1ea1c s\u1ebd h\u1ea5p thu, b\u1eaft gi\u1eef c\u00e1c vi khu\u1ea9n, n\u1ea5m m\u1ed1c v\u00e0 kh\u1eed m\u00f9i h\u00f4i kh\u00f3 ch\u1ecbu gi\u00fap t\u1ea1o ra b\u1ea7u kh\u00f4ng kh\u00ed s\u1ea1ch khu\u1ea9n cho th\u1ef1c ph\u1ea9m t\u01b0\u01a1i ngon h\u01a1n, ng\u01b0\u1eddi d\u00f9ng s\u1ebd lu\u00f4n c\u1ea3m th\u1ea5y d\u1ec5 ch\u1ecbu m\u1ed7i khi m\u1edf c\u1eeda t\u1ee7 l\u1ea1nh l\u1ea5y th\u1ee9c \u0103n, \u0111\u1ed3 u\u1ed1ng y\u00eau th\u00edch.<\/p>\n<p><strong>L\u00e0m \u0111\u00e1 c\u1ef1c nhanh<\/strong><\/p>\n<p><img class=\"lazy\" src=\"https:\/\/cdn.mediamart.vn\/Upload\/download\/2016-7\/sj195emsl-6axQjN.jpg\" data-original=\"https:\/\/cdn.mediamart.vn\/Upload\/download\/2016-7\/sj195emsl-6axQjN.jpg\" \/><\/p>\n<p>T\u1ee7 l\u1ea1nh\u00a0Sharp SJ-16VF4\u00a0c\u00f3 t\u00ednh n\u0103ng l\u00e0m \u0111\u00e1 nhanh g\u1ea5p 2 l\u1ea7n cho v\u1edbi t\u1ee7 l\u1ea1nh th\u00f4ng th\u01b0\u1eddng \u0111\u00e1p \u1ee9ng t\u1ed1t nhu c\u1ea7u gi\u1ea3i kh\u00e1t nhanh c\u1ee7a c\u00e1c th\u00e0nh vi\u00ean trong gia \u0111\u00ecnh. Khi nhi\u1ec7t \u0111\u1ed9 n\u01b0\u1edbc \u1edf m\u1ee9c 25 \u0111\u1ed9 C k\u1ebft h\u1ee3p v\u1edbi nhi\u1ec7t \u0111\u1ed9 ph\u00f2ng kho\u1ea3ng 30 \u0111\u1ed9 C th\u00ec t\u1ee7 l\u1ea1nh s\u1ebd l\u00e0m \u0111\u00e1 nhanh ch\u00f3ng trong 1 gi\u1edd \u0111\u1ed3ng h\u1ed3.<\/p>\n<\/div>\n","protected":false},"excerpt":{"rendered":"<p>T\u1ee7 l\u1ea1nh\u00a0Sharp SJ-16VF4\u00a0c\u00f3 t\u00ednh n\u0103ng l\u00e0m \u0111\u00e1 nhanh g\u1ea5p 2 l\u1ea7n cho v\u1edbi t\u1ee7 l\u1ea1nh th\u00f4ng th\u01b0\u1eddng \u0111\u00e1p \u1ee9ng t\u1ed1t nhu c\u1ea7u gi\u1ea3i kh\u00e1t nhanh c\u1ee7a c\u00e1c th\u00e0nh vi\u00ean trong gia \u0111\u00ecnh. Khi nhi\u1ec7t \u0111\u1ed9 n\u01b0\u1edbc \u1edf m\u1ee9c 25 \u0111\u1ed9 C k\u1ebft h\u1ee3p v\u1edbi nhi\u1ec7t \u0111\u1ed9 ph\u00f2ng kho\u1ea3ng 30 \u0111\u1ed9 C th\u00ec t\u1ee7 l\u1ea1nh s\u1ebd l\u00e0m \u0111\u00e1 nhanh ch\u00f3ng trong 1 gi\u1edd \u0111\u1ed3ng h\u1ed3.<\/p>\n","protected":false},"featured_media":407,"comment_status":"open","ping_status":"closed","template":"","meta":[],"product_cat":[31],"product_tag":[],"_links":{"self":[{"href":"https:\/\/demo.bmconnect.vn\/shop\/wp-json\/wp\/v2\/product\/406"}],"collection":[{"href":"https:\/\/demo.bmconnect.vn\/shop\/wp-json\/wp\/v2\/product"}],"about":[{"href":"https:\/\/demo.bmconnect.vn\/shop\/wp-json\/wp\/v2\/types\/product"}],"replies":[{"embeddable":true,"href":"https:\/\/demo.bmconnect.vn\/shop\/wp-json\/wp\/v2\/comments?post=406"}],"wp:featuredmedia":[{"embeddable":true,"href":"https:\/\/demo.bmconnect.vn\/shop\/wp-json\/wp\/v2\/media\/407"}],"wp:attachment":[{"href":"https:\/\/demo.bmconnect.vn\/shop\/wp-json\/wp\/v2\/media?parent=406"}],"wp:term":[{"taxonomy":"product_cat","embeddable":true,"href":"https:\/\/demo.bmconnect.vn\/shop\/wp-json\/wp\/v2\/product_cat?post=406"},{"taxonomy":"product_tag","embeddable":true,"href":"https:\/\/demo.bmconnect.vn\/shop\/wp-json\/wp\/v2\/product_tag?post=406"}],"curies":[{"name":"wp","href":"https:\/\/api.w.org\/{rel}","templated":true}]}}