{"id":402,"date":"2018-02-02T08:58:50","date_gmt":"2018-02-02T01:58:50","guid":{"rendered":"https:\/\/demo.bmconnect.vn\/shop\/?post_type=product&#038;p=402"},"modified":"2018-02-02T08:58:50","modified_gmt":"2018-02-02T01:58:50","slug":"sua-tam-duong-the-lunaris-han-quoc","status":"publish","type":"product","link":"https:\/\/demo.bmconnect.vn\/shop\/s\u1ea3n ph\u1ea9m\/sua-tam-duong-the-lunaris-han-quoc\/","title":{"rendered":"S\u1eefa t\u1eafm d\u01b0\u1ee1ng th\u1ec3 Lunaris \u2013 H\u00e0n Qu\u1ed1c"},"content":{"rendered":"<div id=\"ProductDescription\" class=\"Block Moveable Panel ProductDescription\">\n<div class=\"ProductDescriptionContainer\">\n<p>Lunaris l\u00e0 d\u00f2ng s\u1eefa t\u1eafm cao c\u1ea5p, v\u1edbi nhi\u1ec1u h\u01b0\u01a1ng th\u01a1m kh\u00e1c nhau \u0111em \u0111\u1ebfn cho b\u1ea1n m\u1ed9t l\u00e0n da m\u1ecbn m\u00e0ng, m\u1ec1m m\u1ea1i v\u00e0 l\u00f4i cu\u1ed1n \u2026<\/p>\n<p>S\u1eefa t\u1eafm v\u1edbi c\u00e1c th\u00e0nh ph\u1ea7n chi\u1ebft xu\u1ea5t th\u1ea3o d\u01b0\u1ee3c , gi\u00e0u ch\u1ea5t dinh d\u01b0\u1ee1ng v\u00e0 d\u01b0\u1ee1ng \u1ea9m nh\u1eb9 .<\/p>\n<div id=\"ProductDescription\" class=\"Block Moveable Panel ProductDescription\">\n<div class=\"ProductDescriptionContainer\">\n<p>\u2013 Gi\u00fap thu nh\u1ecf l\u1ed7 ch\u00e2n l\u00f4ng v\u00e0 ch\u1ed1ng l\u00e3o h\u00f3a da , cho da m\u1ec1m m\u1ea1i .<\/p>\n<p>\u2013 Ch\u1ea5t t\u1ea1o b\u1ecdt t\u1ef1 nhi\u00ean t\u1eeb th\u1ea3o d\u01b0\u1ee3c nh\u1eb9 nh\u00e0ng t\u1ea9y s\u1ea1ch c\u00e1c ch\u1ea5t b\u1ea9n t\u1eeb s\u00e2u trong l\u1ed7 ch\u00e2n l\u00f4ng v\u00e0 c\u00e1c t\u1ebf b\u00e0o da ch\u1ebft . Cho b\u1ea1n l\u00e0n do s\u1ea1ch m\u1ecbn m\u00e0ng , kh\u1ecfe m\u1ea1nh, tr\u1eafng s\u00e1ng v\u00e0 tr\u1ebb trung .<\/p>\n<p>\u2013 M\u00f9i th\u01a1m nh\u1eb9 nh\u00e0ng t\u01b0\u01a1i m\u00e1t cho b\u1ea1n c\u1ea3m gi\u00e1c \u0111\u1eb9p c\u1ea3 ng\u00e0y.<\/p>\n<p>\u2013 Th\u00e0nh ph\u1ea7n c\u00f3 trong s\u1eefa gi\u00fap t\u00e1i t\u1ea1o cho l\u00e0n da t\u01b0\u01a1i tr\u1ebb v\u00e0 h\u1ea1n ch\u1ebf s\u1ef1 xu\u1ea5t hi\u1ec7n c\u1ee7a n\u1ebfp nh\u0103n, kh\u1ea3 n\u0103ng gi\u1eef \u1ea9m cao, t\u0103ng s\u1ee9c \u0111\u1ec1 kh\u00e1ng c\u1ee7a da, l\u00e0m da t\u01b0\u01a1i tr\u1ebb h\u01a1n, ng\u0103n ch\u1eb7n s\u1ef1 t\u00e1c \u0111\u1ed9ng c\u1ee7a c\u00e1c g\u1ed1c t\u1ef1 do v\u00e0 b\u1ea3o v\u1ec7 l\u00e0n da.<\/p>\n<\/div>\n<\/div>\n<\/div>\n<\/div>\n<div id=\"ProductDescription\" class=\"Block Moveable Panel ProductDescription\">\n<div class=\"ProductDescriptionContainer\">\n<p><strong>Bao g\u1ed3m:<\/strong><\/p>\n<ul>\n<li class=\"bullet-checkmark\">S\u1eefa t\u1eafm Lunaris Jamsmine: h\u01b0\u01a1ng hoa b\u01b0\u1edfi<\/li>\n<li class=\"bullet-checkmark\">S\u1eefa t\u1eafm Lunaris Olive: h\u01b0\u01a1ng oliu<\/li>\n<li class=\"bullet-checkmark\">S\u1eefa t\u1eafm Lunaris Rose: h\u01b0\u01a1ng hoa h\u1ed3ng<\/li>\n<li class=\"bullet-checkmark\">S\u1eefa t\u1eafm Lunaris Acacia: h\u01b0\u01a1ng hoa nh\u00e0i<\/li>\n<\/ul>\n<\/div>\n<\/div>\n","protected":false},"excerpt":{"rendered":"<p><a><strong>MI\u1ec4N PH\u00cd<\/strong><\/a> \u0111\u01a1n h\u00e0ng cho \u0111\u01a1n h\u00e0ng tr\u00ean <strong>200k<\/strong> chuy\u1ec3n ti\u1ec1n tr\u01b0\u1edbc\u00a0<a><strong>MI\u1ec4N PH\u00cd<\/strong><\/a> \u0111\u01a1n h\u00e0ng khi mua 2 s\u1ea3n ph\u1ea9m nh\u1ecf h\u01a1n<strong>20g.\u00a0<\/strong><a><strong>MI\u1ec4N PH\u00cd<\/strong><\/a> \u0111\u01a1n h\u00e0ng \u00e1p d\u1ee5ng \u0111\u01a1n h\u00e0ng tr\u00ean <strong>500k<\/strong><\/p>\n","protected":false},"featured_media":403,"comment_status":"open","ping_status":"closed","template":"","meta":[],"product_cat":[27],"product_tag":[],"_links":{"self":[{"href":"https:\/\/demo.bmconnect.vn\/shop\/wp-json\/wp\/v2\/product\/402"}],"collection":[{"href":"https:\/\/demo.bmconnect.vn\/shop\/wp-json\/wp\/v2\/product"}],"about":[{"href":"https:\/\/demo.bmconnect.vn\/shop\/wp-json\/wp\/v2\/types\/product"}],"replies":[{"embeddable":true,"href":"https:\/\/demo.bmconnect.vn\/shop\/wp-json\/wp\/v2\/comments?post=402"}],"wp:featuredmedia":[{"embeddable":true,"href":"https:\/\/demo.bmconnect.vn\/shop\/wp-json\/wp\/v2\/media\/403"}],"wp:attachment":[{"href":"https:\/\/demo.bmconnect.vn\/shop\/wp-json\/wp\/v2\/media?parent=402"}],"wp:term":[{"taxonomy":"product_cat","embeddable":true,"href":"https:\/\/demo.bmconnect.vn\/shop\/wp-json\/wp\/v2\/product_cat?post=402"},{"taxonomy":"product_tag","embeddable":true,"href":"https:\/\/demo.bmconnect.vn\/shop\/wp-json\/wp\/v2\/product_tag?post=402"}],"curies":[{"name":"wp","href":"https:\/\/api.w.org\/{rel}","templated":true}]}}