{"id":400,"date":"2018-02-02T08:58:05","date_gmt":"2018-02-02T01:58:05","guid":{"rendered":"https:\/\/demo.bmconnect.vn\/shop\/?post_type=product&#038;p=400"},"modified":"2018-02-02T08:58:05","modified_gmt":"2018-02-02T01:58:05","slug":"duong-trang-da-peptide-volume-essence-100ml","status":"publish","type":"product","link":"https:\/\/demo.bmconnect.vn\/shop\/s\u1ea3n ph\u1ea9m\/duong-trang-da-peptide-volume-essence-100ml\/","title":{"rendered":"D\u01b0\u1ee1ng tr\u1eafng da Peptide Volume Essence 100ml"},"content":{"rendered":"<div id=\"ProductDescription\" class=\"Block Moveable Panel ProductDescription\">\n<div class=\"ProductDescriptionContainer\">\n<p>Th\u1eddi gian tr\u00f4i \u0111i c\u00f9ng v\u1edbi c\u00e1c t\u00e1c nh\u00e2n g\u00e2y l\u00e3o h\u00f3a c\u1ee7a m\u00f4i tr\u01b0\u1eddng \u0111\u00e3 v\u00e0 \u0111ang l\u1ea5y \u0111i s\u1ef1 tr\u1ebb trung c\u1ee7a l\u00e0n da ph\u1ee5 n\u1eef. L\u00e0 ph\u00e1i \u0111\u1eb9p, ai ai c\u0169ng mong mu\u1ed1n k\u00e9o d\u00e0i tu\u1ed5i thanh xu\u00e2n v\u00e0 gi\u1eef cho m\u00ecnh s\u1ef1 tr\u1ebb \u0111\u1eb9p l\u00e2u d\u00e0i.<\/p>\n<p>S\u1edf h\u1eefu m\u1ed9t l\u00e0n da tr\u1eafng m\u1ecbn kh\u00f4ng t\u00ec v\u1ebft l\u00e0 kh\u00e1t khao c\u1ee7a m\u1ecdi c\u00f4 g\u00e1i! Tuy nhi\u00ean, vi\u1ec7c ch\u0103m s\u00f3c l\u00e0m \u0111\u1eb9p da l\u1ea1i ng\u1ed1n kh\u00e1 nhi\u1ec1u th\u1eddi gian c\u1ee7a b\u1ea1n. C\u00e1ch n\u00e0o\u00a0\u0111\u1ec3 c\u00f3 l\u00e0n da \u0111\u1eb9p nh\u01b0 c\u00e1c c\u00f4 g\u00e1i x\u1ee9 Kim Chi m\u00e0 l\u1ea1i ti\u1ebft ki\u1ec7m th\u1eddi gian?<\/p>\n<p>B\u00ed quy\u1ebft l\u00e0 \u0111\u00e2y! Ch\u1ec9 v\u1edbi M\u1ed8T B\u01af\u1edaC DUY NH\u1ea4T!\u00a0<strong>Huy\u1ebft thanh d\u01b0\u1ee1ng tr\u1eafng \u0111a n\u0103ng Peptide Volume Essence<\/strong>\u00a0s\u1ebd gi\u00fap b\u1ea1n \u0111\u1ea1t \u0111\u01b0\u1ee3c mong mu\u1ed1n \u0111\u00f3! S\u1ea3n ph\u1ea9m n\u00e0y hi\u1ec7n \u0111ang \u0111\u01b0\u1ee3c ch\u1ecb em x\u1ee9 H\u00e0n v\u00f4 c\u00f9ng \u01b0a chu\u1ed9ng v\u00e0 \u01b0u \u00e1i \u0111\u1eb7t t\u00ean l\u00e0 \u201c<strong>M\u1ef9 Ph\u1ea9m Qu\u1ed1c D\u00e2n<\/strong>\u201d. Tuy ch\u1ec9 ra m\u1eaft \u0111\u01b0\u1ee3c th\u1eddi gian ng\u1eafn nh\u01b0ng v\u1edbi nh\u1eefng c\u00f4ng d\u1ee5ng tuy\u1ec7t v\u1eddi,\u00a0<strong>huy\u1ebft thanh d\u01b0\u1ee1ng tr\u1eafng \u0111a n\u0103ng Peptide Volume Essence<\/strong>\u00a0hi\u1ec7n \u0111\u00e3 v\u00e0 \u0111ang chinh ph\u1ee5c th\u1ecb tr\u01b0\u1eddng l\u00e0m \u0111\u1eb9p x\u1ee9 H\u00e0n.<\/p>\n<p>\u2013 Huy\u1ebft thanh d\u01b0\u1ee1ng tr\u1eafng \u0111a n\u0103ng Peptide Volume Essence ch\u00ednh l\u00e0 m\u1ed9t li\u1ec7u ph\u00e1p ho\u00e0n h\u1ea3o gi\u00fap b\u1ea1n duy tr\u00ec l\u00e0n da c\u0103ng m\u01b0\u1ee3t nh\u01b0 l\u00e0n da c\u1ee7a c\u00e1c c\u00f4 g\u00e1i x\u1ee9 x\u1edf Kim Chi. B\u1ea1n ch\u1eafc ch\u1eafn s\u1ebd h\u00e0i l\u00f2ng v\u1ec1 hi\u1ec7u qu\u1ea3 nhanh ch\u00f3ng t\u1eeb vi\u1ec7c s\u1eed d\u1ee5ng li\u1ec7u ph\u00e1p n\u00e0y mang l\u1ea1i:<\/p>\n<p>\u2013 D\u01b0\u1ee1ng da tr\u1eafng s\u00e1ng, \u0111\u1ec1u m\u00e0u &amp; n\u00e2ng tone da.<\/p>\n<p>\u2013 Thanh g\u1ecdn khu\u00f4n m\u1eb7t.<\/p>\n<p>\u2013 Gi\u00fap da m\u1ec1m m\u1ecbn v\u00e0 \u0111\u1eb7c bi\u1ec7t c\u0103ng b\u00f3ng l\u00ean sau m\u1ed7i l\u1ea7n s\u1eed d\u1ee5ng.<\/p>\n<p>\u2013 Huy\u1ebft thanh d\u01b0\u1ee1ng tr\u1eafng \u0111a n\u0103ng Peptide Volume Essence th\u1eadt s\u1ef1 l\u00e0 m\u1ed9t li\u1ec7u ph\u00e1p ho\u00e0n h\u1ea3o \u2013 s\u1ef1 k\u1ebft h\u1ee3p tuy\u1ec7t v\u1eddi gi\u1eefa c\u00e1c tinh ch\u1ea5t t\u1ef1 nhi\u00ean v\u00e0 s\u1ef1 ti\u1ebfn b\u1ed9 c\u1ee7a khoa h\u1ecdc, mang \u0111\u1ebfn cho ph\u1ee5 n\u1eef s\u1ef1 t\u1ef1 tin v\u1ec1 v\u1ebb \u0111\u1eb9p v\u1ed1n c\u00f3 c\u1ee7a m\u00ecnh.<\/p>\n<div id=\"ProductDescription\" class=\"Block Moveable Panel ProductDescription\">\n<div class=\"ProductDescriptionContainer\">\n<h2>Th\u00e0nh ph\u1ea7n c\u1ea5u t\u1ea1o<\/h2>\n<\/div>\n<\/div>\n<\/div>\n<\/div>\n<div id=\"ProductDescription\" class=\"Block Moveable Panel ProductDescription\">\n<div class=\"ProductDescriptionContainer\">\n<ul>\n<li class=\"bullet-arrow\">Th\u00e0nh ph\u1ea7n ch\u00ednh c\u1ee7a\u00a0<strong>huy\u1ebft thanh d\u01b0\u1ee1ng tr\u1eafng \u0111a n\u0103ng Peptide Volume Essence<\/strong>\u00a0l\u00e0 chi\u1ebft xu\u1ea5t rau m\u00e1 c\u1ee7a \u0111\u1ea3o Madagascar. C\u00f3 kh\u1ea3 n\u0103ng ch\u1eefa tr\u1ecb v\u1ebft th\u01b0\u01a1ng nh\u1ecf, tr\u1ea7y x\u01b0\u1edbc, kh\u00e1ng vi\u00eam. K\u00edch th\u00edch t\u1ed5ng h\u1ee3p collagen, c\u1ea3i thi\u1ec7n l\u00e0n da l\u00e3o h\u00f3a, s\u1ea7n s\u1ea1m tr\u1edf n\u00ean c\u0103ng m\u1ecbn. Th\u00e0nh ph\u1ea7n chi\u1ebft xu\u1ea5t t\u1eeb rau m\u00e1 t\u1ef1 nhi\u00ean, l\u00e0nh t\u00ednh, an to\u00e0n, hi\u1ec7u qu\u1ea3 v\u1edbi da nh\u1ea1y c\u1ea3m.<\/li>\n<li class=\"bullet-arrow\">Chi\u1ebft xu\u1ea5t tr\u00e0 xanh, hyaluronic acid, alpha \u2013 bisabolol, Snail Secretion Filtrate gi\u00fap th\u00fac \u0111\u1ea9y qu\u00e1 tr\u00ecnh t\u00e1i t\u1ea1o t\u1ebf b\u00e0o da. T\u0103ng kh\u1ea3 n\u0103ng \u0111\u00e0n h\u1ed3i v\u00e0 c\u1ea3i thi\u1ec7n nh\u0103n, adenosine, chi\u1ebft xu\u1ea5t hoa h\u1ed3ng, Glutathione, \u2026<\/li>\n<li class=\"bullet-arrow\">12 % bao g\u1ed3m chu\u1ed7i 4 lo\u1ea1i peptide cao c\u1ea5p.<\/li>\n<li class=\"bullet-arrow\">5 % nguy\u00ean li\u1ec7u c\u1ee7a c\u00f4ng ty Sederma Ph\u00e1p hi\u1ec7u qu\u1ea3 \u0111\u00e0n h\u1ed3i v\u01b0\u1ee3t tr\u1ed9i.<\/li>\n<li class=\"bullet-arrow\">5% 50PPM Palmitoyl Pentapeptide \u2013 4 (Palmitoyl Pentapeptide l\u00e0 m\u1ed9t t\u00edn hi\u1ec7u s\u1ea3n xu\u1ea5t collagen v\u1eeba l\u00e0 ngu\u1ed3n cung c\u1ea5p dinh d\u01b0\u1ee1ng \u1edf d\u1ea1ng peptide).<\/li>\n<li class=\"bullet-arrow\">5% 50PPM Copper tripeptide \u2013 1 (c\u1ea3i thi\u1ec7n \u0111\u1ed9 \u0111\u00e0n h\u1ed3i, s\u0103n ch\u1eafc da, gi\u1ea3m n\u1ebfp nh\u0103n, c\u1ea3i thi\u1ec7n \u0111\u1ed1m s\u1eafc t\u1ed1, \u0111\u1ea9y nhanh qu\u00e1 tr\u00ecnh l\u00e0nh th\u01b0\u01a1ng, kh\u00e1ng vi\u00eam, ng\u1eeba ung th\u01b0).<\/li>\n<li class=\"bullet-arrow\">3% 500PPM Acetyl Hexapeptide \u2013 8 (ng\u0103n ng\u1eeba n\u1ebfp nh\u0103n)<\/li>\n<li class=\"bullet-arrow\">2% 10PPM Human oligopeptide \u2013 2 (EGF) (c\u1ea3i thi\u1ec7n s\u1eafc t\u1ed1 da)<\/li>\n<li class=\"bullet-arrow\">Ngo\u00e0i c\u00e1c th\u00e0nh ph\u1ea7n tr\u00ean,\u00a0<strong>huy\u1ebft thanh d\u01b0\u1ee1ng tr\u1eafng \u0111a n\u0103ng Peptide Volume Essence<\/strong>\u00a0c\u00f2n c\u00f3 s\u1ef1 g\u00f3p m\u1eb7t c\u1ee7a\u00a0<em><strong>Volufiline<\/strong><\/em>\u00a0\u2013 th\u00e0nh ph\u1ea7n ch\u00ednh trong kem b\u00f4i n\u1edf ng\u1ef1c ph\u1ee5 n\u1eef, hi\u1ec7u qu\u1ea3 filler.<\/li>\n<\/ul>\n<\/div>\n<\/div>\n","protected":false},"excerpt":{"rendered":"<p>MI\u1ec4N PH\u00cd \u0111\u01a1n h\u00e0ng cho \u0111\u01a1n h\u00e0ng tr\u00ean 200k chuy\u1ec3n ti\u1ec1n tr\u01b0\u1edbc.\u00a0MI\u1ec4N PH\u00cd \u0111\u01a1n h\u00e0ng khi mua 2 s\u1ea3n ph\u1ea9m nh\u1ecf h\u01a1n 20g.\u00a0MI\u1ec4N PH\u00cd \u0111\u01a1n h\u00e0ng \u00e1p d\u1ee5ng \u0111\u01a1n h\u00e0ng tr\u00ean 500K<\/p>\n","protected":false},"featured_media":401,"comment_status":"open","ping_status":"closed","template":"","meta":[],"product_cat":[27],"product_tag":[30],"_links":{"self":[{"href":"https:\/\/demo.bmconnect.vn\/shop\/wp-json\/wp\/v2\/product\/400"}],"collection":[{"href":"https:\/\/demo.bmconnect.vn\/shop\/wp-json\/wp\/v2\/product"}],"about":[{"href":"https:\/\/demo.bmconnect.vn\/shop\/wp-json\/wp\/v2\/types\/product"}],"replies":[{"embeddable":true,"href":"https:\/\/demo.bmconnect.vn\/shop\/wp-json\/wp\/v2\/comments?post=400"}],"wp:featuredmedia":[{"embeddable":true,"href":"https:\/\/demo.bmconnect.vn\/shop\/wp-json\/wp\/v2\/media\/401"}],"wp:attachment":[{"href":"https:\/\/demo.bmconnect.vn\/shop\/wp-json\/wp\/v2\/media?parent=400"}],"wp:term":[{"taxonomy":"product_cat","embeddable":true,"href":"https:\/\/demo.bmconnect.vn\/shop\/wp-json\/wp\/v2\/product_cat?post=400"},{"taxonomy":"product_tag","embeddable":true,"href":"https:\/\/demo.bmconnect.vn\/shop\/wp-json\/wp\/v2\/product_tag?post=400"}],"curies":[{"name":"wp","href":"https:\/\/api.w.org\/{rel}","templated":true}]}}