{"id":378,"date":"2018-02-02T08:42:26","date_gmt":"2018-02-02T01:42:26","guid":{"rendered":"https:\/\/demo.bmconnect.vn\/shop\/?post_type=product&#038;p=378"},"modified":"2018-02-02T08:42:26","modified_gmt":"2018-02-02T01:42:26","slug":"xe-day-seebaby-q4-co-bap-benh-mau-hong-dom-la-mau-xe-day","status":"publish","type":"product","link":"https:\/\/demo.bmconnect.vn\/shop\/s\u1ea3n ph\u1ea9m\/xe-day-seebaby-q4-co-bap-benh-mau-hong-dom-la-mau-xe-day\/","title":{"rendered":"Xe \u0111\u1ea9y Seebaby Q4 c\u00f3 b\u1eadp b\u00eanh m\u00e0u h\u1ed3ng \u0111\u1ed1m l\u00e0 m\u1eabu xe \u0111\u1ea9y"},"content":{"rendered":"<div><strong><a class=\"desctiption-tag-link\" title=\"xe \u0111\u1ea9y seebaby\" href=\"https:\/\/bibomart.com.vn\/xe-day-seebaby-c478.html\">Xe \u0111\u1ea9y Seebaby<\/a> Q4 c\u00f3 b\u1eadp b\u00eanh<\/strong> m\u00e0u h\u1ed3ng \u0111\u1ed1m l\u00e0 m\u1eabu xe \u0111\u1ea9y \u0111\u1ebfn t\u1eeb th\u01b0\u01a1ng hi\u1ec7u Seebaby n\u1ed5i ti\u1ebfng c\u1ee7a H\u1ed3ng K\u00f4ng. S\u1ea3n ph\u1ea9m mang \u0111\u1ebfn m\u1ed9t g\u1ee3i \u00fd v\u00f4 c\u00f9ng l\u00fd t\u01b0\u1edfng \u0111\u1ec3 b\u1ed1 m\u1eb9 d\u00e0nh t\u1eb7ng b\u00e9 trong giai \u0111o\u1ea1n t\u1eeb 0 \u0111\u1ebfn 3 tu\u1ed5i b\u1edfi \u0111\u1eb7c \u0111i\u1ec3m n\u1ed5i b\u1eadt nh\u1ea5t: d\u1ec5 d\u00e0ng chuy\u1ec3n \u0111\u1ed5i th\u00e0nh b\u1eadp b\u00eanh cho b\u00e9 vui ch\u01a1i v\u00e0 c\u00f3 gi\u1ea5c ng\u1ee7 ngon h\u01a1n. B\u00ean c\u1ea1nh \u0111\u00f3, Seebaby v\u1eabn gi\u1eef nguy\u00ean nh\u1eefng t\u00ednh n\u0103ng n\u1ed5i tr\u1ed9i v\u1ed1n c\u00f3 c\u1ee7a m\u00ecnh: t\u1ef1a l\u01b0ng linh ho\u1ea1t c\u00e1c t\u01b0 th\u1ebf, m\u00e1i ch\u1ee5p r\u1ed9ng v\u00e0 s\u00e2u, h\u1ec7 th\u1ed1ng phanh kh\u00f3a an to\u00e0n, v\u00f2ng ch\u1eafn ph\u00eda tr\u01b0\u1edbc t\u00edch h\u1ee3p b\u00e0n \u0103n,&#8230; kh\u00f4ng ch\u1ec9 cho b\u00e9 s\u1ef1 an to\u00e0n, d\u1ec5 ch\u1ecbu m\u00e0 c\u00f2n \u0111em \u0111\u1ebfn s\u1ef1 ti\u1ec7n l\u1ee3i cho c\u1ea3 b\u1ed1 m\u1eb9. S\u1ea3n ph\u1ea9m c\u00f3 m\u00e0u h\u1ed3ng \u0111\u1ed1m tr\u1eafng d\u1ec5 th\u01b0\u01a1ng cho b\u00e9.<\/div>\n<div><\/div>\n<div><\/div>\n<div><img src=\"https:\/\/bibomart.com.vn\/images\/editor\/images\/xe-day-see-baby-q4-co-bap-benh-mau-hong-dom-116265-3.jpg\" alt=\"-day-see-baby-q4\" \/><\/div>\n<div><\/div>\n<div><em>Xe \u0111\u1ea9y Seebaby Q4 c\u00f3 b\u1eadp b\u00eanh\u00a0<\/em><\/div>\n<div><\/div>\n<div><\/div>\n<h3><strong>\u0110\u1eb7c \u0111i\u1ec3m n\u1ed5i b\u1eadt c\u1ee7a s\u1ea3n ph\u1ea9m<\/strong><\/h3>\n<div><\/div>\n<div><\/div>\n<div>\n<div><em><strong>Ch\u1ea5t li\u1ec7u cao c\u1ea5p, an to\u00e0n<\/strong><\/em><\/div>\n<div><\/div>\n<div>\n<div>&#8211;\u00a0<u>Xe \u0111\u1ea9y Seebaby Q4 c\u00f3 b\u1eadp b\u00eanh<\/u>\u00a0m\u00e0u h\u1ed3ng \u0111\u1ed1m c\u00f3 khung xe \u0111\u01b0\u1ee3c l\u00e0m t\u1eeb ch\u1ea5t li\u1ec7u h\u1ee3p kim ch\u1eafc ch\u1eafn, si\u00eau nh\u1eb9 kh\u00f4ng g\u1ec9, b\u1ec1n \u0111\u1eb9p gi\u00fap b\u1ed1 m\u1eb9 ti\u1ebft ki\u1ec7m chi ph\u00ed. Khay b\u00e0n \u0103n ph\u00eda tr\u01b0\u1edbc c\u1ee7a b\u00e9 v\u00e0 m\u1ed9t s\u1ed1 b\u1ed9 ph\u1eadn kh\u00e1c \u0111\u01b0\u1ee3c ch\u1ebf t\u1ea1o t\u1eeb ch\u1ea5t li\u1ec7u nh\u1ef1a cao c\u1ea5p, kh\u00f4ng \u0111\u1ed9c h\u1ea1i, an to\u00e0n cho s\u1ee9c kh\u1ecfe c\u1ee7a tr\u1ebb s\u01a1 sinh.<\/div>\n<div><\/div>\n<div>&#8211; \u0110\u1ec7m l\u01b0ng, \u0111\u1ec7m ng\u1ed3i v\u00e0 m\u00e1i che \u0111\u01b0\u1ee3c l\u00e0m t\u1eeb ch\u1ea5t li\u1ec7u v\u1ea3i b\u1ec1n \u0111\u1eb9p, l\u00e2u phai m\u00e0u, gi\u1eef cho xe lu\u00f4n t\u01b0\u01a1i s\u00e1ng.<\/div>\n<div><\/div>\n<div><\/div>\n<div><em><strong>Chuy\u1ec3n \u0111\u1ed5i th\u00e0nh b\u1eadp b\u00eanh<\/strong><\/em><\/div>\n<div><\/div>\n<div>Ch\u1ec9 v\u1edbi thao t\u00e1c g\u1eadp h\u1ec7 th\u1ed1ng 4 b\u00e1nh l\u1edbn l\u00ean tr\u00ean, b\u1ed1 m\u1eb9 c\u00f3 th\u1ec3 bi\u1ebfn xe \u0111\u1ea9y Seebaby Q4 th\u00e0nh chi\u1ebfc b\u1eadp b\u00eanh vui nh\u1ed9n cho b\u00e9. B\u1eadp b\u00eanh Seebaby Q4 ch\u1eafc ch\u1eafn, v\u1edbi \u0111\u1ed9 rung nh\u1eb9 nh\u00e0ng v\u1eeba tr\u1edf th\u00e0nh chi\u1ebfc n\u00f4i cho b\u00e9 ch\u01a1i ngoan, v\u1eeba gi\u00fap d\u1ec5 d\u00e0ng \u0111i s\u00e2u v\u00e0o gi\u1ea5c ng\u1ee7 ngon.<\/div>\n<div><\/div>\n<div><img src=\"https:\/\/bibomart.com.vn\/images\/editor\/images\/xe-day-see-baby-q4-co-bap-benh-mau-hong-dom-116265-8.jpg\" alt=\"xe-day-see-baby-q4-co-bap-benh-mau-hong-dom-116265-8\" \/><\/div>\n<div><em>Chuy\u1ec3n \u0111\u1ed5i th\u00e0nh b\u1eadp b\u00eanh ch\u1ec9 v\u1edbi thao t\u00e1c g\u1eadp b\u00e1nh<\/em><\/div>\n<div><\/div>\n<div><\/div>\n<div>\n<div><em><strong>Kh\u00f4ng gian ng\u1ed3i tho\u1ea3i m\u00e1i<\/strong><\/em><\/div>\n<div><\/div>\n<div>&#8211; Gh\u1ebf ng\u1ed3i r\u1ed9ng cao t\u1ea1o n\u00ean kh\u00f4ng gian b\u00ean trong xe v\u00f4 c\u00f9ng r\u1ed9ng r\u00e3i, gi\u00fap m\u1ecdi c\u1eed \u0111\u1ed9ng tay ch\u00e2n c\u1ee7a b\u00e9 tr\u1edf n\u00ean tho\u1ea3i m\u00e1i v\u00e0 t\u1ef1 do h\u01a1n.<\/div>\n<div><\/div>\n<div>&#8211; L\u01b0ng gh\u1ebf c\u00f3 th\u1ec3 thay \u0111\u1ed5i nhi\u1ec1u v\u1ecb tr\u00ed v\u1edbi g\u00f3c ng\u1ea3 l\u1edbn nh\u1ea5t l\u00e0 175 \u0111\u1ed9, k\u1ebft h\u1ee3p c\u00f9ng ph\u1ea7n \u0111\u1ec7m l\u01b0ng, \u0111\u1ec7m ng\u1ed3i \u00eam \u00e1i, mang l\u1ea1i cho b\u00e9 c\u00e1c t\u01b0 th\u1ebf n\u1eb1m, ng\u1ed3i, ng\u1ea3 th\u1eadt tho\u1ea3i m\u00e1i khi di chuy\u1ec3n, nh\u1ea5t l\u00e0 nh\u1eefng khi di chuy\u1ec3n xa. Khi b\u00e9 ng\u1ee7, chi\u1ebfc xe \u0111\u1ea9y Seebaby c\u00f3 th\u1ec3 tr\u1edf th\u00e0nh m\u1ed9t chi\u1ebfc n\u00f4i m\u1ec1m m\u1ea1i, \u00eam \u00e1i cho gi\u1ea5c ng\u1ee7 c\u1ee7a b\u00e9 th\u00eam d\u1ec5 ch\u1ecbu.<\/div>\n<div><\/div>\n<div><img src=\"https:\/\/bibomart.com.vn\/images\/editor\/images\/xe-day-see-baby-q4-co-bap-benh-mau-hong-dom-116265-5.jpg\" alt=\"xe-day-see-baby-q4-co-bap-benh-mau-hong-dom-116265-5\" \/><\/div>\n<div><\/div>\n<div><em>L\u01b0ng gh\u1ebf ng\u1ea3 s\u00e2u v\u00e0 ch\u1ee5p xe 2 n\u1ea5c<\/em><\/div>\n<div><\/div>\n<div>&#8211; Ch\u1ee5p xe 2 n\u1ea5c r\u1ed9ng s\u00e2u t\u0103ng c\u01b0\u1eddng \u0111\u1ed9 che ch\u1eafn gi\u00fap ng\u0103n b\u1ee5i b\u1ea9n, n\u1eafng g\u1eaft, gi\u00f3 l\u1edbn, b\u1ea3o v\u1ec7 s\u1ee9c kh\u1ecfe b\u00e9 t\u1ed1t h\u01a1n. Ph\u00eda sau m\u00e1i ch\u1ee5p c\u00f3 c\u1eeda s\u1ed5 tho\u00e1ng kh\u00ed t\u1ea1o s\u1ef1 y\u00ean t\u00e2m cho b\u1ed1 m\u1eb9 b\u1edfi b\u1ed1 m\u1eb9 c\u00f3 th\u1ec3 d\u1ec5 d\u00e0ng quan s\u00e1t v\u00e0 theo d\u00f5i b\u00e9 khi \u0111\u01b0a b\u00e9 \u0111i d\u1ea1o hay di chuy\u1ec3n tr\u00ean nh\u1eefng h\u00e0nh tr\u00ecnh d\u00e0i.<\/div>\n<div><\/div>\n<div>&#8211; Ch\u1ed7 \u0111\u1ec3 ch\u00e2n b\u00ean d\u01b0\u1edbi d\u1ec5 d\u00e0ng \u0111i\u1ec1u ch\u1ec9nh theo c\u00e1c n\u1ea5c h\u1ed7 tr\u1ee3 t\u01b0 th\u1ebf t\u1ed1t nh\u1ea5t, tho\u1ea3i m\u00e1i nh\u1ea5t cho b\u00e9 khi di chuy\u1ec3n.<\/div>\n<div><\/div>\n<div><img src=\"https:\/\/bibomart.com.vn\/images\/editor\/images\/xe-day-see-baby-q4-co-bap-benh-mau-hong-dom-116265-6.jpg\" alt=\"xe-day-see-baby-q4-co-bap-benh-mau-hong-dom-116265-6\" \/><\/div>\n<div><em>C\u1eeda s\u1ed5 tho\u00e1ng kh\u00ed ph\u00eda sau \u0111\u1ec3 m\u1eb9 quan s\u00e1t b\u00e9<\/em><\/div>\n<div><\/div>\n<div><\/div>\n<div>\n<div><em><strong>\u0110\u1ea3m b\u1ea3o an to\u00e0n khi di chuy\u1ec3n<\/strong><\/em><\/div>\n<div><\/div>\n<div>\n<div>&#8211; Khay \u0111\u1ef1ng \u0111\u1ed3 \u0103n b\u1eb1ng nh\u1ef1a ph\u00eda tr\u01b0\u1edbc nh\u01b0 m\u1ed9t chi\u1ebfc \u0111ai ch\u1eafn an to\u00e0n gi\u00fap b\u1ea3o v\u1ec7 b\u00e9 t\u1ed1t h\u01a1n. M\u1eb9 kh\u00f4ng lo b\u00e9 s\u1ebd b\u1ecb ng\u00e3 khi b\u00e9 nho\u00e0i hay v\u1edbi ng\u01b0\u1eddi ra tr\u01b0\u1edbc.<\/div>\n<div><\/div>\n<div>&#8211; D\u00e2y an to\u00e0n 3 \u0111i\u1ec3m b\u1ecdc v\u1ea3i \u00eam \u00e1i, c\u00f3 th\u1ec3 \u0111i\u1ec1u ch\u1ec9nh, gi\u1eef ch\u1eb7t b\u00e9 nh\u01b0ng v\u1eabn t\u1ea1o cho b\u00e9 s\u1ef1 tho\u1ea3i m\u00e1i.<\/div>\n<\/div>\n<\/div>\n<\/div>\n<\/div>\n<\/div>\n","protected":false},"excerpt":{"rendered":"<p>Ch\u1ec9 v\u1edbi thao t\u00e1c g\u1eadp h\u1ec7 th\u1ed1ng 4 b\u00e1nh l\u1edbn l\u00ean tr\u00ean, b\u1ed1 m\u1eb9 c\u00f3 th\u1ec3 bi\u1ebfn xe \u0111\u1ea9y Seebaby Q4 th\u00e0nh chi\u1ebfc b\u1eadp b\u00eanh vui nh\u1ed9n cho b\u00e9. B\u1eadp b\u00eanh Seebaby Q4 ch\u1eafc ch\u1eafn, v\u1edbi \u0111\u1ed9 rung nh\u1eb9 nh\u00e0ng v\u1eeba tr\u1edf th\u00e0nh chi\u1ebfc n\u00f4i cho b\u00e9 ch\u01a1i ngoan, v\u1eeba gi\u00fap d\u1ec5 d\u00e0ng \u0111i s\u00e2u v\u00e0o gi\u1ea5c ng\u1ee7 ngon<\/p>\n","protected":false},"featured_media":379,"comment_status":"open","ping_status":"closed","template":"","meta":[],"product_cat":[25],"product_tag":[],"_links":{"self":[{"href":"https:\/\/demo.bmconnect.vn\/shop\/wp-json\/wp\/v2\/product\/378"}],"collection":[{"href":"https:\/\/demo.bmconnect.vn\/shop\/wp-json\/wp\/v2\/product"}],"about":[{"href":"https:\/\/demo.bmconnect.vn\/shop\/wp-json\/wp\/v2\/types\/product"}],"replies":[{"embeddable":true,"href":"https:\/\/demo.bmconnect.vn\/shop\/wp-json\/wp\/v2\/comments?post=378"}],"wp:featuredmedia":[{"embeddable":true,"href":"https:\/\/demo.bmconnect.vn\/shop\/wp-json\/wp\/v2\/media\/379"}],"wp:attachment":[{"href":"https:\/\/demo.bmconnect.vn\/shop\/wp-json\/wp\/v2\/media?parent=378"}],"wp:term":[{"taxonomy":"product_cat","embeddable":true,"href":"https:\/\/demo.bmconnect.vn\/shop\/wp-json\/wp\/v2\/product_cat?post=378"},{"taxonomy":"product_tag","embeddable":true,"href":"https:\/\/demo.bmconnect.vn\/shop\/wp-json\/wp\/v2\/product_tag?post=378"}],"curies":[{"name":"wp","href":"https:\/\/api.w.org\/{rel}","templated":true}]}}