{"id":374,"date":"2018-02-02T08:40:03","date_gmt":"2018-02-02T01:40:03","guid":{"rendered":"https:\/\/demo.bmconnect.vn\/shop\/?post_type=product&#038;p=374"},"modified":"2018-02-02T08:40:03","modified_gmt":"2018-02-02T01:40:03","slug":"nhiet-ke-dien-tu-bebe-confort-do-nhiet-do-phong","status":"publish","type":"product","link":"https:\/\/demo.bmconnect.vn\/shop\/s\u1ea3n ph\u1ea9m\/nhiet-ke-dien-tu-bebe-confort-do-nhiet-do-phong\/","title":{"rendered":"Nhi\u1ec7t k\u1ebf \u0111i\u1ec7n t\u1eed B\u00e9b\u00e9 Confort \u0111o nhi\u1ec7t \u0111\u1ed9 ph\u00f2ng"},"content":{"rendered":"<p>Ch\u0103m s\u00f3c cho b\u00e9 s\u01a1 sinh th\u00ec nhi\u1ec7t \u0111\u1ed9 v\u00e0 \u0111\u1ed9 \u1ea9m c\u1ee7a ph\u00f2ng lu\u00f4n \u0111\u01b0\u1ee3c b\u1ed1 m\u1eb9 l\u01b0u \u00fd v\u00e0 quan t\u00e2m. Gi\u1edd \u0111\u00e2y v\u1edbi <strong>nhi\u1ec7t k\u1ebf \u0111i\u1ec7n t\u1eed B\u00e9b\u00e9 Confort<\/strong> \u0111o nhi\u1ec7t \u0111\u1ed9 ph\u00f2ng s\u1ebd l\u00e0 tr\u1ee3 th\u1ee7 \u0111\u1eafc l\u1ef1c c\u00f9ng b\u1ed1 m\u1eb9 ch\u0103m s\u00f3c s\u1ee9c kh\u1ecfe cho b\u00e9 y\u00eau. S\u1ea3n ph\u1ea9m \u0111o nhanh, d\u1ec5 d\u00e0ng \u0111\u1ecdc th\u00f4ng tin tr\u00ean m\u00e0n h\u00ecnh k\u1ef9 thu\u1eadt s\u1ed1. B\u00ean c\u1ea1nh \u0111\u00f3, c\u00f2n c\u00f3 th\u1ec3 nh\u1edb nh\u1eefng l\u1ea7n \u0111\u1ecdc tr\u01b0\u1edbc \u0111\u00f3 ti\u1ec7n cho c\u00e1c m\u1eb9 theo d\u00f5i nhi\u1ec7t \u0111\u1ed9 v\u00e0 \u0111\u1ed9 \u1ea9m trong ph\u00f2ng c\u1ee7a b\u00e9.<\/p>\n<p><img src=\"https:\/\/bibomart.com.vn\/images\/editor\/images\/nhiet-ke-dien-tu-bebe-confort-do-nhiet-do-phong-114345.jpg\" alt=\"nhiet-ke-dien-tu-bebe-confort-do-nhiet-do-phong-1\" \/><\/p>\n<p><em>Nhi\u1ec7t k\u1ebf \u0111i\u1ec7n t\u1eed B\u00e9b\u00e9 Confort<\/em><\/p>\n<h3>\u00a0<strong>\u0110\u1eb7c \u0111i\u1ec3m n\u1ed5i b\u1eadt c\u1ee7a s\u1ea3n ph\u1ea9m<\/strong><\/h3>\n<p>&nbsp;<\/p>\n<p>&#8211; <u>Nhi\u1ec7t k\u1ebf \u0111i\u1ec7n t\u1eed B\u00e9b\u00e9 Confort<\/u> l\u00e0 thi\u1ebft b\u1ecb d\u00f9ng \u0111\u1ec3 \u0111o nhi\u1ec7t \u0111\u1ed9 v\u00e0 \u0111\u1ed9 \u1ea9m trong ph\u00f2ng, thi\u1ebft b\u1ecb \u0111o nhanh, v\u1eadn h\u00e0nh t\u1ed1t, gi\u00fap m\u1eb9 ki\u1ec3m tra \u0111\u01b0\u1ee3c ch\u00ednh x\u00e1c kh\u00f4ng kh\u00ed trong ph\u00f2ng c\u1ee7a b\u00e9, \u0111\u1ec3 c\u0103n c\u1ee9 \u0111i\u1ec1u ch\u1ec9nh nhi\u1ec7t \u0111\u1ed9 v\u00e0 \u0111\u1ed9 \u1ea9m khi c\u1ea7n thi\u1ebft, b\u1ea3o v\u1ec7 cho s\u1ee9c kh\u1ecfe c\u1ee7a b\u00e9 h\u00e0ng ng\u00e0y.<\/p>\n<p>&#8211; S\u1ea3n phim c\u00f3 th\u1ec3 ghi nh\u1edb c\u00e1c k\u1ebft qu\u1ea3 \u0111o tr\u01b0\u1edbc \u0111\u00f3 gi\u00fap m\u1eb9 c\u00f3 th\u1ec3 l\u01b0u l\u1ea1i \u0111\u1ec3 theo \u0111\u00f5i nhi\u1ec7t \u0111\u1ed9 v\u00e0 \u0111\u1ed9 \u1ea9m trong ph\u00f2ng.<\/p>\n<p>&#8211; Nhi\u1ec7t k\u1ebf c\u00f3 th\u1ec3 g\u1eafn c\u1ed1 \u0111\u1ecbnh \u1edf tr\u00ean t\u01b0\u1eddng b\u1eb1ng c\u00e1ch s\u1eed d\u1ee5ng nam ch\u00e2m r\u1ea5t ti\u1ec7n l\u1ee3i.<\/p>\n<p>&#8211; S\u1ea3n ph\u1ea9m c\u00f3 s\u1eed d\u1ee5ng pin.<\/p>\n<p><img src=\"https:\/\/bibomart.com.vn\/images\/editor\/images\/nhiet-ke-dien-tu-bebe-confort-do-nhiet-do-phong-114345-3.jpg\" alt=\"nhiet-ke-dien-tu-bebe-confort-do-nhiet-do-phong-2\" \/><\/p>\n<div><em>B\u00e9 s\u1ebd c\u00f3 nh\u1eefng gi\u1ea5c ng\u1ee7 ngon m\u1ed7i ng\u00e0y<\/em><\/div>\n<div>\u00a0<strong>Th\u00f4ng s\u1ed1 k\u1ef9 thu\u1eadt<\/strong><\/div>\n<div>\u00a0&#8211; Th\u01b0\u01a1ng hi\u1ec7u:\u00a0B\u00e9b\u00e9 Confort (Ph\u00e1p).<\/div>\n<div><\/div>\n<div>&#8211; S\u1ea3n xu\u1ea5t t\u1ea1i: \u0110\u00e0i Loan.<\/div>\n","protected":false},"excerpt":{"rendered":"<p>Ch\u0103m s\u00f3c cho b\u00e9 s\u01a1 sinh th\u00ec nhi\u1ec7t \u0111\u1ed9 v\u00e0 \u0111\u1ed9 \u1ea9m c\u1ee7a ph\u00f2ng lu\u00f4n \u0111\u01b0\u1ee3c b\u1ed1 m\u1eb9 l\u01b0u \u00fd v\u00e0 quan t\u00e2m. Gi\u1edd \u0111\u00e2y v\u1edbi nhi\u1ec7t k\u1ebf \u0111i\u1ec7n t\u1eed B\u00e9b\u00e9 Confort \u0111o nhi\u1ec7t \u0111\u1ed9 ph\u00f2ng s\u1ebd l\u00e0 tr\u1ee3 th\u1ee7 \u0111\u1eafc l\u1ef1c c\u00f9ng b\u1ed1 m\u1eb9 ch\u0103m s\u00f3c s\u1ee9c kh\u1ecfe cho b\u00e9 y\u00eau. S\u1ea3n ph\u1ea9m \u0111o [&#8230;]\n","protected":false},"featured_media":375,"comment_status":"open","ping_status":"closed","template":"","meta":[],"product_cat":[25],"product_tag":[26],"_links":{"self":[{"href":"https:\/\/demo.bmconnect.vn\/shop\/wp-json\/wp\/v2\/product\/374"}],"collection":[{"href":"https:\/\/demo.bmconnect.vn\/shop\/wp-json\/wp\/v2\/product"}],"about":[{"href":"https:\/\/demo.bmconnect.vn\/shop\/wp-json\/wp\/v2\/types\/product"}],"replies":[{"embeddable":true,"href":"https:\/\/demo.bmconnect.vn\/shop\/wp-json\/wp\/v2\/comments?post=374"}],"wp:featuredmedia":[{"embeddable":true,"href":"https:\/\/demo.bmconnect.vn\/shop\/wp-json\/wp\/v2\/media\/375"}],"wp:attachment":[{"href":"https:\/\/demo.bmconnect.vn\/shop\/wp-json\/wp\/v2\/media?parent=374"}],"wp:term":[{"taxonomy":"product_cat","embeddable":true,"href":"https:\/\/demo.bmconnect.vn\/shop\/wp-json\/wp\/v2\/product_cat?post=374"},{"taxonomy":"product_tag","embeddable":true,"href":"https:\/\/demo.bmconnect.vn\/shop\/wp-json\/wp\/v2\/product_tag?post=374"}],"curies":[{"name":"wp","href":"https:\/\/api.w.org\/{rel}","templated":true}]}}