{"id":372,"date":"2018-02-02T08:38:21","date_gmt":"2018-02-02T01:38:21","guid":{"rendered":"https:\/\/demo.bmconnect.vn\/shop\/?post_type=product&#038;p=372"},"modified":"2018-02-02T08:38:21","modified_gmt":"2018-02-02T01:38:21","slug":"bo-body-dai-tay-thai-lan-hinh-vit-donal-cho-be-3-tuoi","status":"publish","type":"product","link":"https:\/\/demo.bmconnect.vn\/shop\/s\u1ea3n ph\u1ea9m\/bo-body-dai-tay-thai-lan-hinh-vit-donal-cho-be-3-tuoi\/","title":{"rendered":"B\u1ed9 body d\u00e0i tay Th\u00e1i Lan h\u00ecnh v\u1ecbt Donal cho b\u00e9 3 tu\u1ed5i"},"content":{"rendered":"<div>V\u1edbi nh\u1eefng b\u00e0 m\u1eb9 sinh con l\u1ea7n \u0111\u1ea7u, l\u1ef1a ch\u1ecdn qu\u1ea7n \u00e1o cho b\u00e9 kh\u00f4ng ph\u1ea3i l\u00e0 chuy\u1ec7n \u0111\u01a1n gi\u1ea3n v\u00e0 nhanh ch\u00f3ng. H\u00e3y \u0111\u1ec3 <strong>b\u1ed9 body d\u00e0i tay Th\u00e1i Lan<\/strong> h\u00ecnh v\u1ecbt Donal d\u01b0\u1edbi \u0111\u00e2y mang \u0111\u1ebfn cho m\u1eb9 m\u1ed9t g\u1ee3i \u00fd th\u00fa v\u1ecb. V\u1edbi ki\u1ec3u d\u00e1ng \u00e1o li\u1ec1n v\u1edbi qu\u1ea7n v\u00e0 li\u1ec1n c\u1ea3 t\u1ea5t, b\u1ed9 body c\u00f3 kh\u1ea3 n\u0103ng gi\u1eef \u1ea5m hi\u1ec7u qu\u1ea3, \u0111\u1eb7c bi\u1ec7t l\u00e0 v\u00f9ng b\u1ee5ng v\u00e0 l\u01b0ng c\u1ee7a b\u00e9 m\u00e0 v\u1eabn gi\u00fap b\u00e9 tho\u1ea3i m\u00e1i trong t\u1eebng c\u1eed \u0111\u1ed9ng. B\u1ed9 body d\u00e0i tay\u00a0Th\u00e1i Lan v\u1edbi ch\u1ea5t li\u1ec7u v\u1ea3i m\u1ec1m m\u1ea1i, h\u1ecda ti\u1ebft xinh x\u1eafn c\u00f9ng thi\u1ebft k\u1ebf c\u00fac b\u1ea5m ti\u1ec7n l\u1ee3i s\u1ebd l\u00e0 l\u1ef1a ch\u1ecdn ho\u00e0n h\u1ea3o c\u1ee7a m\u1eb9 cho b\u00e9 ngay t\u1eeb nh\u1eefng n\u0103m th\u00e1ng \u0111\u1ea7u \u0111\u1eddi.<\/div>\n<div><\/div>\n<div><img src=\"https:\/\/bibomart.com.vn\/images\/editor\/images\/body-dai-tay-hinh-vit-donal-tl-116535.jpg\" alt=\"body-dai-tay-hinh-vit-donal-tl-116535\" \/><\/div>\n<div><em>B\u1ed9 body d\u00e0i tay Th\u00e1i Lan<\/em><\/div>\n<div><\/div>\n<div><\/div>\n<h3><strong>\u0110\u1eb7c \u0111i\u1ec3m n\u1ed5i b\u1eadt c\u1ee7a s\u1ea3n ph\u1ea9m<\/strong><\/h3>\n<div><\/div>\n<div><\/div>\n<div><strong><em>Ch\u1ea5t li\u1ec7u m\u1ec1m m\u1ea1i, an to\u00e0n<\/em><\/strong><\/div>\n<div><\/div>\n<div>&#8211;\u00a0<u>B\u1ed9 body d\u00e0i tay\u00a0Th\u00e1i Lan<\/u> h\u00ecnh v\u1ecbt Donal \u0111\u01b0\u1ee3c l\u00e0m t\u1eeb ch\u1ea5t li\u1ec7u v\u1ea3i cotton m\u1ec1m m\u1ea1i, an to\u00e0n v\u1edbi l\u00e0n da nh\u1ea1y c\u1ea3m c\u1ee7a b\u00e9 khi ti\u1ebfp x\u00fac. Ch\u1ea5t li\u1ec7u v\u1ea3i th\u00f4ng tho\u00e1ng, co gi\u00e3n t\u1ed1t gi\u00fap b\u00e9 y\u00eau lu\u00f4n tho\u1ea3i m\u00e1i trong t\u1eebng v\u1eadn \u0111\u1ed9ng.<\/div>\n<div><\/div>\n<div>&#8211; C\u00e1c \u0111\u01b0\u1eddng ch\u1ec9 c\u1ee7a b\u1ed9 body \u0111\u01b0\u1ee3c may t\u1ec9 m\u1ec9, c\u1ea9n th\u1eadn, kh\u00f4ng g\u00e2y c\u1ed9m hay mang l\u1ea1i c\u1ea3m gi\u00e1c kh\u00f3 ch\u1ecbu cho b\u00e9, m\u1eb9 ho\u00e0n to\u00e0n y\u00ean t\u00e2m khi cho b\u00e9 m\u1eb7c.<\/div>\n<div><\/div>\n<div><\/div>\n<div><strong><em>Thi\u1ebft k\u1ebf ti\u1ec7n l\u1ee3i<\/em><\/strong><\/div>\n<div>\n<div><\/div>\n<div>\n<div>&#8211; Thi\u1ebft k\u1ebf th\u00e2n \u00e1o r\u1ed9ng r\u00e3i v\u1edbi ph\u1ea7n \u0111\u0169ng s\u00e2u gi\u00fap b\u00e9 lu\u00f4n tho\u1ea3i m\u00e1i trong t\u1eebng v\u1eadn \u0111\u1ed9ng, k\u1ec3 c\u1ea3 khi m\u1eb7c t\u00e3 &#8211; <a class=\"desctiption-tag-link\" title=\"b\u1ec9m\" href=\"https:\/\/bibomart.com.vn\/bim-va-ta-giay-cho-be-c361.html\">b\u1ec9m<\/a> b\u00ean trong.<\/div>\n<div><\/div>\n<div>&#8211; Body d\u00e0i tay li\u1ec1n th\u00e2n v\u1edbi c\u1ed5 k\u00edn, ng\u0103n gi\u00f3 l\u00f9a l\u00e0m l\u1ea1nh b\u1ee5ng v\u00e0 l\u01b0ng b\u00e9, gi\u00fap b\u1ea3o v\u1ec7 s\u1ee9c kh\u1ecfe b\u00e9 t\u1ed1t h\u01a1n trong nh\u1eefng ng\u00e0y th\u1eddi ti\u1ebft se l\u1ea1nh ho\u1eb7c khi n\u1eb1m ph\u00f2ng \u0111i\u1ec1u h\u00f2a. Kh\u00f4ng ch\u1ec9 v\u1eady v\u1edbi thi\u1ebft k\u1ebf li\u1ec1n t\u1ea5t, \u0111\u00f4i b\u00e0n ch\u00e2n c\u1ee7a b\u00e9 y\u00eau s\u1ebd lu\u00f4n \u0111\u01b0\u1ee3c gi\u1eef \u1ea5m.<\/div>\n<div><\/div>\n<div>&#8211; Thi\u1ebft k\u1ebf khuy b\u1ea5m c\u00e0i vai d\u1ec5 d\u00e0ng, thu\u1eadn ti\u1ec7n m\u1eb7c &#8211; c\u1edfi cho b\u00e9. Trong khi \u0111\u00f3, 5 n\u00fat khuy b\u1ea5m ph\u00eda d\u01b0\u1edbi qu\u1ea7n gi\u00fap m\u1eb9 thay b\u1ec9m, t\u00e3 cho b\u00e9 m\u1ed9t c\u00e1ch ti\u1ec7n l\u1ee3i v\u00e0 nhanh ch\u00f3ng h\u01a1n.<\/div>\n<div><\/div>\n<div><img src=\"https:\/\/bibomart.com.vn\/images\/editor\/images\/body-dai-tay-hinh-vit-donal-tl-116535-1.jpg\" alt=\"body-dai-tay-hinh-vit-donal-tl-116535-1\" \/><\/div>\n<div><em>Thi\u1ebft k\u1ebf li\u1ec1n th\u00e2n v\u00e0 t\u1ea5t ti\u1ec7n l\u1ee3i<\/em><\/div>\n<\/div>\n<\/div>\n<div><\/div>\n<div><\/div>\n<div><strong><em>Ki\u1ec3u d\u00e1ng \u0111\u00e1ng y\u00eau<\/em><\/strong><\/div>\n<div><\/div>\n<div>B\u1ed9 body m\u00e0u v\u00e0ng t\u01b0\u01a1i t\u1eafn, r\u1ef1c r\u1ee1, n\u1ed5i b\u1eadt v\u1edbi h\u1ecda ti\u1ebft h\u00ecnh ch\u00fa v\u1ecbt ng\u1ed9 ngh\u0129nh, b\u00e9 y\u00eau s\u1ebd c\u1ea3m th\u1ea5y v\u00f4 c\u00f9ng th\u00edch th\u00fa khi m\u1eb7c. C\u00e1c b\u00e9 nh\u01b0 \u0111\u01b0\u1ee3c h\u00f3a th\u00e2n th\u00e0nh ch\u00fa v\u1ecbt nh\u1ecf b\u00e9 kho\u00e1c tr\u00ean m\u00ecnh b\u1ed9 l\u00f4ng v\u00e0ng m\u1ec1m m\u1ea1i, n\u0169ng n\u1ecbu trong v\u00f2ng tay m\u1eb9.<\/div>\n<div><\/div>\n<div>B\u1ed9 body d\u00e0i tay Th\u00e1i Lan h\u00ecnh v\u1ecbt Donal th\u00edch h\u1ee3p cho c\u00e1c b\u00e9 t\u1eeb 0 &#8211; 12 th\u00e1ng tu\u1ed5i.<\/div>\n","protected":false},"excerpt":{"rendered":"<ul class=\"attribute-info\">\n<li>Ch\u1ea5t li\u1ec7u m\u1ec1m m\u1ea1i, an to\u00e0n<\/li>\n<li>Gi\u1eef \u1ea5m cho b\u00e9<\/li>\n<li>H\u1ecda ti\u1ebft h\u00ecnh v\u1ecbt xinh x\u1eafn<\/li>\n<\/ul>\n","protected":false},"featured_media":373,"comment_status":"open","ping_status":"closed","template":"","meta":[],"product_cat":[25],"product_tag":[26],"_links":{"self":[{"href":"https:\/\/demo.bmconnect.vn\/shop\/wp-json\/wp\/v2\/product\/372"}],"collection":[{"href":"https:\/\/demo.bmconnect.vn\/shop\/wp-json\/wp\/v2\/product"}],"about":[{"href":"https:\/\/demo.bmconnect.vn\/shop\/wp-json\/wp\/v2\/types\/product"}],"replies":[{"embeddable":true,"href":"https:\/\/demo.bmconnect.vn\/shop\/wp-json\/wp\/v2\/comments?post=372"}],"wp:featuredmedia":[{"embeddable":true,"href":"https:\/\/demo.bmconnect.vn\/shop\/wp-json\/wp\/v2\/media\/373"}],"wp:attachment":[{"href":"https:\/\/demo.bmconnect.vn\/shop\/wp-json\/wp\/v2\/media?parent=372"}],"wp:term":[{"taxonomy":"product_cat","embeddable":true,"href":"https:\/\/demo.bmconnect.vn\/shop\/wp-json\/wp\/v2\/product_cat?post=372"},{"taxonomy":"product_tag","embeddable":true,"href":"https:\/\/demo.bmconnect.vn\/shop\/wp-json\/wp\/v2\/product_tag?post=372"}],"curies":[{"name":"wp","href":"https:\/\/api.w.org\/{rel}","templated":true}]}}