{"id":370,"date":"2018-02-02T08:33:43","date_gmt":"2018-02-02T01:33:43","guid":{"rendered":"https:\/\/demo.bmconnect.vn\/shop\/?post_type=product&#038;p=370"},"modified":"2018-02-02T08:33:43","modified_gmt":"2018-02-02T01:33:43","slug":"do-choi-tau-hoa-anto66-cho-be-yeu-nhap-khau-my","status":"publish","type":"product","link":"https:\/\/demo.bmconnect.vn\/shop\/s\u1ea3n ph\u1ea9m\/do-choi-tau-hoa-anto66-cho-be-yeu-nhap-khau-my\/","title":{"rendered":"\u0110\u1ed3 ch\u01a1i t\u00e0u h\u1ecfa Anto66 cho b\u00e9 y\u00eau nh\u1eadp kh\u1ea9u M\u1ef9"},"content":{"rendered":"<p>X\u1ebfp h\u00ecnh t\u00e0u h\u1ecfa Anto 66, k\u00edch th\u00edch tr\u00ed tu\u1ec7 tr\u1ebb Ch\u1ea5t li\u1ec7u cao c\u1ea5p, an to\u00e0n S\u1ea3n ph\u1ea9m \u0111\u1ed3 ch\u01a1i cho b\u00e9 \u0111\u01b0\u1ee3c s\u1ea3n xu\u1ea5t 100% b\u1eb1ng nh\u1ef1a nguy\u00ean sinh ABS, m\u00e0u an to\u00e0n kh\u00f4ng g\u00e2y \u0111\u1ed9c h\u1ea1i, tuy\u1ec7t \u0111\u1ed1i an to\u00e0n cho s\u1ee9c kh\u1ecfe c\u1ee7a b\u00e9. C\u00e1c chi ti\u1ebft trong t\u1eebng mi\u1ebfng gh\u00e9p \u0111\u01b0\u1ee3c gia c\u00f4ng c\u1ea9n th\u1eadn tr\u00e1nh vi\u1ec7c b\u00e9 b\u1ecb nh\u1eefng t\u1ed5n th\u01b0\u01a1ng \u0111ang ti\u1ebfc K\u00edch th\u00edch ph\u00e1t tri\u1ec3n tr\u00ed n\u00e3o to\u00e0n di\u1ec7n S\u1ea3n ph\u1ea9m \u0111\u1ed3 ch\u01a1i l\u1eafp r\u00e1p, x\u1ebfp h\u00ecnh h\u1ed7 tr\u1ee3 ph\u00e1t tri\u1ec3n tr\u00ed tu\u1ec7 v\u00e0 c\u00e1c k\u1ef9 n\u0103ng c\u1ea7n thi\u1ebft ngay t\u1eeb khi c\u00f2n nh\u1ecf, b\u00e9 c\u00f3 th\u1ec3 ph\u00e1t huy kh\u1ea3 n\u0103ng t\u01b0 duy logic, s\u00e1ng t\u1ea1o, r\u00e8n luy\u1ec7n t\u00ednh ki\u00ean nh\u1eabn, s\u1ef1 kh\u00e9o l\u00e9o, c\u0169ng nh\u01b0 tr\u00ed t\u01b0\u1edfng t\u01b0\u1ee3ng c\u1ee7a m\u00ecnh qua vi\u1ec7c l\u1eafp r\u00e1p nh\u1eefng h\u00ecnh m\u00e0 b\u00e9 th\u00edch. \u0110\u01b0\u1ee3c thi\u1ebft k\u1ebf v\u1edbi nhi\u1ec1u h\u00ecnh ng\u1ed9 ngh\u0129nh k\u1ebft h\u1ee3p v\u1edbi m\u00e0u s\u1eafc s\u1eb7c s\u1ee1 h\u1ea5p d\u1eabn c\u00e1c em nh\u1ecf. S\u1ea3n ph\u1ea9m g\u1ed3m nh\u1eefng mi\u1ebfng gh\u00e9p nh\u1ecf, \u0111\u01b0\u1ee3c \u0111\u1ef1ng trong h\u1ed9p nh\u1ef1a h\u00ecnh t\u00e0u h\u1ecfa g\u1ecdn g\u00e0ng, nh\u1ecf g\u1ecdn v\u00e0 ti\u1ec7n mang theo khi ra ngo\u00e0i Th\u00f4ng tin chi ti\u1ebft S\u1ea3n ph\u1ea9m g\u1ed3m 36 chi ti\u1ebft. M\u00e0u s\u1eafc b\u1eaft m\u1eaft, t\u01b0\u01a1i s\u00e1ng. K\u00edch th\u01b0\u1edbc mi\u1ebfng gh\u00e9p: 40 x 20 x 33 mm (d\u00e0i x r\u1ed9ng x cao) S\u1ea3n ph\u1ea9m l\u00e0 m\u00f3n qu\u00e0 th\u00fa v\u1ecb cho b\u00e9 y\u00eau c\u1ee7a b\u1ea1n S\u1ea3n ph\u1ea9m ph\u00f9 h\u1ee3p v\u1edbi b\u00e9 t\u1eeb 2 tr\u1edf l\u00ean. Xu\u1ea5t x\u1ee9: Vi\u1ec7t Nam. Th\u01b0\u01a1ng hi\u1ec7u : Anto<\/p>\n","protected":false},"excerpt":{"rendered":"<p>S\u1ea3n ph\u1ea9m \u0111\u1ed3 ch\u01a1i l\u1eafp r\u00e1p, x\u1ebfp h\u00ecnh h\u1ed7 tr\u1ee3 ph\u00e1t tri\u1ec3n tr\u00ed tu\u1ec7 v\u00e0 c\u00e1c k\u1ef9 n\u0103ng c\u1ea7n thi\u1ebft ngay t\u1eeb khi c\u00f2n nh\u1ecf, b\u00e9 c\u00f3 th\u1ec3 ph\u00e1t huy kh\u1ea3 n\u0103ng t\u01b0 duy logic, s\u00e1ng t\u1ea1o, r\u00e8n luy\u1ec7n t\u00ednh ki\u00ean nh\u1eabn, s\u1ef1 kh\u00e9o l\u00e9o, c\u0169ng nh\u01b0 tr\u00ed t\u01b0\u1edfng t\u01b0\u1ee3ng c\u1ee7a m\u00ecnh qua vi\u1ec7c l\u1eafp r\u00e1p nh\u1eefng h\u00ecnh m\u00e0 b\u00e9 th\u00edch.<\/p>\n","protected":false},"featured_media":371,"comment_status":"open","ping_status":"closed","template":"","meta":[],"product_cat":[25],"product_tag":[],"_links":{"self":[{"href":"https:\/\/demo.bmconnect.vn\/shop\/wp-json\/wp\/v2\/product\/370"}],"collection":[{"href":"https:\/\/demo.bmconnect.vn\/shop\/wp-json\/wp\/v2\/product"}],"about":[{"href":"https:\/\/demo.bmconnect.vn\/shop\/wp-json\/wp\/v2\/types\/product"}],"replies":[{"embeddable":true,"href":"https:\/\/demo.bmconnect.vn\/shop\/wp-json\/wp\/v2\/comments?post=370"}],"wp:featuredmedia":[{"embeddable":true,"href":"https:\/\/demo.bmconnect.vn\/shop\/wp-json\/wp\/v2\/media\/371"}],"wp:attachment":[{"href":"https:\/\/demo.bmconnect.vn\/shop\/wp-json\/wp\/v2\/media?parent=370"}],"wp:term":[{"taxonomy":"product_cat","embeddable":true,"href":"https:\/\/demo.bmconnect.vn\/shop\/wp-json\/wp\/v2\/product_cat?post=370"},{"taxonomy":"product_tag","embeddable":true,"href":"https:\/\/demo.bmconnect.vn\/shop\/wp-json\/wp\/v2\/product_tag?post=370"}],"curies":[{"name":"wp","href":"https:\/\/api.w.org\/{rel}","templated":true}]}}