{"id":334,"date":"2018-02-01T22:48:47","date_gmt":"2018-02-01T15:48:47","guid":{"rendered":"https:\/\/demo.bmconnect.vn\/shop\/?post_type=product&#038;p=334"},"modified":"2018-02-01T23:07:30","modified_gmt":"2018-02-01T16:07:30","slug":"lo-nuong-gali-gl-1135-35l-1600w","status":"publish","type":"product","link":"https:\/\/demo.bmconnect.vn\/shop\/s\u1ea3n ph\u1ea9m\/lo-nuong-gali-gl-1135-35l-1600w\/","title":{"rendered":"L\u00f2 n\u01b0\u1edbng Gali GL-1135 35L 1600W t\u1eb7ng 01 \u1ea5m si\u00eau t\u1ed1c"},"content":{"rendered":"<p>L\u00f2 n\u01b0\u1edbng Gali GL-1135\u00a0s\u1edf h\u1eefu ki\u1ec3u d\u00e1ng hi\u1ec7n \u0111\u1ea1i, m\u00e0u s\u1eafc ph\u1ed1i h\u1ee3p tinh t\u1ebf, \u0111em \u0111\u1ebfn s\u1ef1 n\u1ed5i b\u1eadt trong kh\u00f4ng gian nh\u00e0 b\u1ebfp c\u1ee7a b\u1ea1n. B\u1ea1n ho\u00e0n to\u00e0n c\u00f3 th\u1ec3 \u0111\u1eb7t s\u1ea3n ph\u1ea9m n\u1ed5i tr\u00ean m\u1eb7t b\u00e0n, \u1edf nhi\u1ec1u v\u1ecb tr\u00ed kh\u00e1c nhau trong b\u1ebfp \u0111\u1ec3 thu\u1eadn ti\u1ec7n s\u1eed d\u1ee5ng.<\/p>\n<p>L\u00f2 n\u01b0\u1edbng Gali GL-1135\u00a0c\u00f3 dung t\u00edch khoang l\u00f2 35 l\u00edt, th\u00edch h\u1ee3p \u0111\u1ec3 b\u1ea1n s\u1eed d\u1ee5ng n\u01b0\u1edbng nhi\u1ec1u lo\u1ea1i th\u1ef1c ph\u1ea9m kh\u00e1c nhau. Nh\u1ea5t l\u00e0 \u0111\u1ed1i v\u1edbi c\u00e1c ch\u1ecb em hay n\u01b0\u1edbng g\u00e0 nguy\u00ean con, v\u1ecbt nguy\u00ean con, n\u01b0\u1edbng b\u00e1nh, l\u00e0m pizza,&#8230; th\u00ec dung t\u00edch n\u00e0y ho\u00e0n to\u00e0n h\u1ee3p l\u00fd.<\/p>\n<p>L\u00f2 n\u01b0\u1edbng Gali GL-1135\u00a0trang b\u1ecb 4 ch\u1ee9c n\u0103ng n\u01b0\u1edbng l\u1eeda kh\u00e1c nhau cho b\u1ea1n ch\u1ecdn l\u1ef1a. C\u00e1c ch\u1ee9c n\u0103ng n\u01b0\u1edbng kh\u00e1c nhau nh\u01b0:\u00a0L\u1eeda tr\u00ean, l\u1eeda tr\u00ean k\u1ebft h\u1ee3p xi\u00ean quay, l\u1eeda d\u01b0\u1edbi v\u00e0 2 l\u1eeda tr\u00ean d\u01b0\u1edbi.<\/p>\n<p>L\u00f2 n\u01b0\u1edbng Gali GL-1135\u00a0c\u00f3 c\u00f4ng su\u1ea5t ho\u1ea1t \u0111\u1ed9ng 1600W, m\u1ee9c nhi\u1ec7t \u0111\u1ed9 trong l\u00f2 \u1ed5n \u0111\u1ecbnh, cho hi\u1ec7u su\u1ea5t n\u01b0\u1edbng t\u1ed1t, b\u00e1nh ch\u00edn v\u00e0ng \u0111\u1ec1u th\u01a1m ngon.<\/p>\n","protected":false},"excerpt":{"rendered":"<p>&#8211; Dung t\u00edch khoang l\u00f2 35 l\u00edt<\/p>\n<p>&#8211; C\u00f4ng su\u1ea5t n\u01b0\u1edbng t\u1ed1i \u0111a 1600W<\/p>\n<p>&#8211; H\u1eb9n gi\u1edd t\u1eeb 0 &#8211; 60 ph\u00fat<\/p>\n<p>&#8211; 2 thanh nhi\u1ec7t\u00a0\u0111\u1ed1t n\u00f3ng\u00a0\u0111\u1ebfn 250\u00a0\u0111\u1ed9<\/p>\n<p>&#8211; 4 ch\u1ee9c n\u0103ng n\u01b0\u1edbng: L\u1eeda tr\u00ean, l\u1eeda tr\u00ean k\u1ebft h\u1ee3p xi\u00ean quay, l\u1eeda d\u01b0\u1edbi v\u00e0 2 l\u1eeda tr\u00ean d\u01b0\u1edbi<\/p>\n","protected":false},"featured_media":342,"comment_status":"open","ping_status":"closed","template":"","meta":[],"product_cat":[23,18],"product_tag":[],"_links":{"self":[{"href":"https:\/\/demo.bmconnect.vn\/shop\/wp-json\/wp\/v2\/product\/334"}],"collection":[{"href":"https:\/\/demo.bmconnect.vn\/shop\/wp-json\/wp\/v2\/product"}],"about":[{"href":"https:\/\/demo.bmconnect.vn\/shop\/wp-json\/wp\/v2\/types\/product"}],"replies":[{"embeddable":true,"href":"https:\/\/demo.bmconnect.vn\/shop\/wp-json\/wp\/v2\/comments?post=334"}],"wp:featuredmedia":[{"embeddable":true,"href":"https:\/\/demo.bmconnect.vn\/shop\/wp-json\/wp\/v2\/media\/342"}],"wp:attachment":[{"href":"https:\/\/demo.bmconnect.vn\/shop\/wp-json\/wp\/v2\/media?parent=334"}],"wp:term":[{"taxonomy":"product_cat","embeddable":true,"href":"https:\/\/demo.bmconnect.vn\/shop\/wp-json\/wp\/v2\/product_cat?post=334"},{"taxonomy":"product_tag","embeddable":true,"href":"https:\/\/demo.bmconnect.vn\/shop\/wp-json\/wp\/v2\/product_tag?post=334"}],"curies":[{"name":"wp","href":"https:\/\/api.w.org\/{rel}","templated":true}]}}