{"id":332,"date":"2018-02-01T22:47:42","date_gmt":"2018-02-01T15:47:42","guid":{"rendered":"https:\/\/demo.bmconnect.vn\/shop\/?post_type=product&#038;p=332"},"modified":"2018-02-01T23:07:12","modified_gmt":"2018-02-01T16:07:12","slug":"may-xay-cam-tay-bosch-msm24100","status":"publish","type":"product","link":"https:\/\/demo.bmconnect.vn\/shop\/s\u1ea3n ph\u1ea9m\/may-xay-cam-tay-bosch-msm24100\/","title":{"rendered":"M\u00e1y xay c\u1ea7m tay Bosch MSM24100 BH 2 n\u0103m"},"content":{"rendered":"<p><strong>Thi\u1ebft\u00a0k\u1ebf nh\u1ecf g\u1ecdn<\/strong><\/p>\n<p><strong>M\u00e1y xay c\u1ea7m tay Bosch MSM24100<\/strong>\u00a0c\u00f3\u00a0thi\u1ebft k\u1ebf hi\u1ec7n \u0111\u1ea1i,\u00a0k\u00edch th\u01b0\u1edbc nh\u1ecf g\u1ecdn, d\u1ec5 d\u00e0ng th\u00e1o l\u1eafp. B\u1ea1n c\u00f3 th\u1ec3 d\u1ec5 d\u00e0ng xay c\u00e1c lo\u1ea1i th\u1ef1c ph\u1ea9m m\u1ed9t c\u00e1ch \u0111\u01a1n gi\u1ea3n.<\/p>\n<p><img src=\"https:\/\/cdn02.static-adayroi.com\/0\/2017\/07\/22\/1500692053803_8076464.jpg\" alt=\"M\u00e1y xay c\u1ea7m tay Bosch MSM24100\" \/><\/p>\n<p><em>M\u00e1y xay c\u1ea7m tay Bosch MSM24100<\/em><\/p>\n<p><strong>L\u01b0\u1ee1i xay l\u00e0m b\u1eb1ng\u00a0th\u00e9p kh\u00f4ng g\u1ec9<\/strong><\/p>\n<p>M\u00e1y \u0111\u01b0\u1ee3c trang b\u1ecb l\u01b0\u1ee1i xay l\u00e0m b\u1eb1ng\u00a0th\u00e9p kh\u00f4ng g\u1ec9\u00a0v\u00e0 kh\u00f4ng b\u1ecb oxi ho\u00e1, gi\u00fap dao lu\u00f4n d\u1ec5 d\u00e0ng v\u1ec7 sinh, lu\u00f4n s\u00e1ng b\u00f3ng v\u00e0 s\u1ea1ch s\u1ebd, an to\u00e0n cho s\u1ee9c kh\u1ecfe ng\u01b0\u1eddi s\u1eed d\u1ee5ng.<\/p>\n<p><img src=\"https:\/\/cdn02.static-adayroi.com\/0\/2017\/07\/22\/1500692079289_6889033.jpeg\" \/><\/p>\n<p><strong>\u0110a ch\u1ee9c n\u0103ng<\/strong><\/p>\n<p>M\u00e1y xay c\u1ea7m tay\u00a0ho\u1ea1t \u0111\u1ed9ng v\u1edbi 3 ch\u1ee9c n\u0103ng ch\u00ednh l\u00e0 xay, b\u0103m, \u0111\u00e1nh\u00a0v\u1edbi chu k\u00ec v\u00e0 th\u1eddi gian kh\u00e1c nhau, cho b\u1ea1n c\u1ea3m gi\u00e1c h\u00e0i l\u00f2ng v\u1edbi th\u1ef1c ph\u1ea9m sau khi ch\u1ebf bi\u1ebfn.<\/p>\n<p><img src=\"https:\/\/cdn02.static-adayroi.com\/0\/2017\/07\/22\/1500692098129_2196301.jpg\" \/><\/p>\n<p><strong>C\u00f4ng su\u1ea5t 400W<\/strong><\/p>\n<p>C\u00f4ng su\u1ea5t 400W, v\u1edbi m\u1ed9t n\u00fat \u0111i\u1ec1u khi\u1ec3n \u0111\u01a1n gian, b\u1ea1n c\u00f3 th\u1ec3 xay nhi\u1ec1u lo\u1ea1i th\u1ef1c ph\u1ea9m \u0111\u1ec3 ch\u1ebf bi\u1ebfn v\u00e0 n\u1ea5u \u0103n nh\u01b0 n\u01b0\u1edbc s\u1ed1t, s\u00fap, th\u1ef1c ph\u1ea9m tr\u1ebb em, \u0111\u1ed3 u\u1ed1ng, tr\u00e1i c\u00e2y&#8230; m\u1ed9t c\u00e1ch d\u1ec5 d\u00e0ng.<\/p>\n<p><strong>V\u1ec7 sinh d\u1ec5 d\u00e0ng<\/strong><\/p>\n<p>Ch\u1ec9 c\u1ea7n m\u1ed9t thao t\u00e1c\u00a0v\u1eb7n l\u00e0 c\u00f3 th\u1ec3 th\u00e1o r\u1eddi m\u00e1y xay c\u1ea7m tay Bosch MSM24100 \u0111\u1ec3 v\u1ec7 sinh v\u00e0 c\u1ea5t gi\u1eef. Ngo\u00e0i ra m\u00f4 t\u01a1 ch\u1ea5t l\u01b0\u1ee3ng cao gi\u00fap m\u00e1y ch\u1ea1y \u00eam, h\u1ea1n ch\u1ebf ti\u1ebfng \u1ed3n, kh\u00f4ng l\u00e0m \u1ea3nh h\u01b0\u1edfng \u0111\u1ebfn sinh ho\u1ea1t c\u1ee7a gia \u0111\u00ecnh.<\/p>\n","protected":false},"excerpt":{"rendered":"<p>&#8211; Thi\u1ebft\u00a0k\u1ebf nh\u1ecf g\u1ecdn<\/p>\n<p>&#8211; L\u01b0\u1ee1i xay l\u00e0m b\u1eb1ng\u00a0th\u00e9p kh\u00f4ng g\u1ec9<\/p>\n<p>&#8211; C\u00f4ng su\u1ea5t 400W<\/p>\n","protected":false},"featured_media":333,"comment_status":"open","ping_status":"closed","template":"","meta":[],"product_cat":[23],"product_tag":[24],"_links":{"self":[{"href":"https:\/\/demo.bmconnect.vn\/shop\/wp-json\/wp\/v2\/product\/332"}],"collection":[{"href":"https:\/\/demo.bmconnect.vn\/shop\/wp-json\/wp\/v2\/product"}],"about":[{"href":"https:\/\/demo.bmconnect.vn\/shop\/wp-json\/wp\/v2\/types\/product"}],"replies":[{"embeddable":true,"href":"https:\/\/demo.bmconnect.vn\/shop\/wp-json\/wp\/v2\/comments?post=332"}],"wp:featuredmedia":[{"embeddable":true,"href":"https:\/\/demo.bmconnect.vn\/shop\/wp-json\/wp\/v2\/media\/333"}],"wp:attachment":[{"href":"https:\/\/demo.bmconnect.vn\/shop\/wp-json\/wp\/v2\/media?parent=332"}],"wp:term":[{"taxonomy":"product_cat","embeddable":true,"href":"https:\/\/demo.bmconnect.vn\/shop\/wp-json\/wp\/v2\/product_cat?post=332"},{"taxonomy":"product_tag","embeddable":true,"href":"https:\/\/demo.bmconnect.vn\/shop\/wp-json\/wp\/v2\/product_tag?post=332"}],"curies":[{"name":"wp","href":"https:\/\/api.w.org\/{rel}","templated":true}]}}