{"id":330,"date":"2018-02-01T22:46:23","date_gmt":"2018-02-01T15:46:23","guid":{"rendered":"https:\/\/demo.bmconnect.vn\/shop\/?post_type=product&#038;p=330"},"modified":"2018-02-02T09:41:27","modified_gmt":"2018-02-02T02:41:27","slug":"bo-12-mon-do-dung-ban-an-thuy-tinh","status":"publish","type":"product","link":"https:\/\/demo.bmconnect.vn\/shop\/s\u1ea3n ph\u1ea9m\/bo-12-mon-do-dung-ban-an-thuy-tinh\/","title":{"rendered":"B\u1ed9 12 m\u00f3n \u0111\u1ed3 d\u00f9ng b\u00e0n \u0103n th\u1ee7y tinh nh\u1eadp kh\u1ea9u H\u00e0n Qu\u1ed1c"},"content":{"rendered":"<p><strong>Ch\u1ea5t li\u1ec7u th\u1ee7y tinh ng\u1ecdc Opal Glass<\/strong><\/p>\n<p><strong>B\u1ed9 12 m\u00f3n \u0111\u1ed3 d\u00f9ng b\u00e0n \u0103n th\u1ee7y tinh ng\u1ecdc Vitriares 951-12V (V\u00e0ng)<\/strong>\u00a0\u0111\u01b0\u1ee3c l\u00e0m t\u1eeb ch\u1ea5t li\u1ec7u th\u1ee7y tinh \u0111\u1eb7c bi\u1ec7t v\u00e0 silicat t\u1ef1 nhi\u00ean. \u0110\u01b0\u1ee3c n\u1ea5u ch\u1ea3y \u1edf nhi\u1ec7t \u0111\u1ed9 1600 \u0111\u1ed9 C, th\u1ee7y tinh chuy\u1ec3n t\u1eeb tr\u1ea1ng th\u00e1i trong su\u1ed1t sang m\u00e0u tr\u1eafng ng\u1ecdc, c\u00f3 \u0111\u1ed9 c\u1ee9ng, ch\u1ed1ng \u0103n m\u00f2n, kh\u00f4ng m\u00f9i, b\u1ec1 m\u1eb7t ngo\u00e0i \u0111\u01b0\u1ee3c tr\u00e1ng l\u1edbp men s\u00e1ng b\u00f3ng.<\/p>\n<p><img src=\"https:\/\/cdn02.static-adayroi.com\/0\/2016\/07\/11\/1468213483205_6401544.jpg\" \/><\/p>\n<p><em>B\u1ed9 s\u1ea3n ph\u1ea9m g\u1ed3m 12 chi ti\u1ebft<\/em><\/p>\n<p><strong>Ki\u1ec3u d\u00e1ng trang nh\u00e3<\/strong><\/p>\n<p><strong>B\u1ed9 12 m\u00f3n \u0111\u1ed3 d\u00f9ng b\u00e0n \u0103n th\u1ee7y tinh ng\u1ecdc Vitriares 951-12V<\/strong>\u00a0v\u1edbi ki\u1ec3u d\u00e1ng trang nh\u00e3, vi\u1ec1n v\u00e0ng c\u00f9ng h\u1ecda ti\u1ebft b\u1eaft m\u1eaft g\u00f3p ph\u1ea7n t\u00f4 \u0111i\u1ec3m th\u00eam cho kh\u00f4ng gian nh\u00e0 b\u1ea1n th\u00eam \u1ea5m c\u00fang v\u00e0 sang tr\u1ecdng.<\/p>\n<p><strong>An to\u00e0n cho s\u1ee9c kh\u1ecfe ng\u01b0\u1eddi d\u00f9ng<\/strong><\/p>\n<p>B\u1ed9 s\u1ea3n ph\u1ea9m\u00a0\u0111\u01b0\u1ee3c \u01b0a chu\u1ed9ng nh\u1edd ch\u1ea5t li\u1ec7u th\u1ee7y tinh cao c\u1ea5p, ch\u1ecbu nhi\u1ec7t cao, s\u1eed d\u1ee5ng \u0111\u01b0\u1ee3c trong c\u00e1c lo\u1ea1i m\u00e1y r\u1eeda ch\u00e9n b\u00e1t, kh\u00f4ng ch\u1ee9a ch\u1ea5t \u0111\u1ed9c h\u1ea1i. S\u1ea3n ph\u1ea9m \u0111\u1ea1t ti\u00eau chu\u1ea9n an to\u00e0n v\u1ec7 sinh th\u1ef1c ph\u1ea9m (do Vi\u1ec7n ki\u1ec3m nghi\u1ec7m V\u1ec7 sinh an to\u00e0n th\u1ef1c ph\u1ea9m &#8211;\u00a0B\u1ed9\u00a0Y T\u1ebf\u00a0c\u1ea5p, \u0111\u1ea3m b\u1ea3o an to\u00e0n s\u1ee9c kh\u1ecfe cho gia \u0111\u00ecnh b\u1ea1n).<\/p>\n<p>&nbsp;<\/p>\n<p><img src=\"https:\/\/cdn02.static-adayroi.com\/0\/2016\/07\/11\/1468213502712_6185554.jpg\" \/><\/p>\n<p><em>Mang \u0111\u1ebfn kh\u00f4ng gian \u1ea5m \u00e1p v\u00e0 sang tr\u1ecdng cho gia \u0111\u00ecnh b\u1ea1n<\/em><\/p>\n<p><strong>K\u00cdCH TH\u01af\u1edaC S\u1ea2N PH\u1ea8M<\/strong><\/p>\n<ul>\n<li>6 ch\u00e9n c\u01a1m 11,5cm<\/li>\n<li>1 \u0111\u0129a vu\u00f4ng 29cm<\/li>\n<li>1 \u0111\u0129a vu\u00f4ng 22cm<\/li>\n<li>1 \u0111\u0129a vu\u00f4ng 23cm<\/li>\n<li>1 t\u00f4 vu\u00f4ng 12,5cm<\/li>\n<li>1 t\u00f4 vu\u00f4ng 15cm<\/li>\n<li>1 t\u00f4 vu\u00f4ng 23cm<\/li>\n<\/ul>\n<p><strong>L\u01afU \u00dd<\/strong><\/p>\n<ul>\n<li>S\u1ea3n ph\u1ea9m \u0111\u01b0\u1ee3c b\u1ea3o qu\u1ea3n b\u1eb1ng m\u1ed9t l\u1edbp d\u1ea7u ch\u1ed1ng \u1ea9m m\u1ed1c, b\u1ea3o \u0111\u1ea3m cho s\u1ea3n ph\u1ea9m lu\u00f4n b\u00f3ng \u0111\u1eb9p v\u00e0 tr\u00e1nh \u0111\u01b0\u1ee3c c\u00e1c t\u00e1c nh\u00e2n g\u00e2y \u1ea9m m\u1ed1c t\u1eeb m\u00f4i tr\u01b0\u1eddng b\u00ean ngo\u00e0i. Khi b\u1eaft \u0111\u1ea7u s\u1eed d\u1ee5ng, kh\u00e1ch h\u00e0ng l\u01b0u \u00fd n\u00ean r\u1eeda s\u1ea3n ph\u1ea9m b\u1eb1ng n\u01b0\u1edbc s\u1ea1ch.<\/li>\n<li>Kh\u00f4ng thay \u0111\u1ed5i nhi\u1ec7t \u0111\u1ed9 \u0111\u1ed9t ng\u1ed9t khi s\u1eed d\u1ee5ng s\u1ea3n ph\u1ea9m. V\u00ed d\u1ee5: kh\u00f4ng \u0111\u01b0a s\u1ea3n ph\u1ea9m \u0111ang \u0111\u01b0\u1ee3c gi\u1eef t\u1eeb t\u1ee7 l\u1ea1nh tr\u1ef1c ti\u1ebfp v\u00e0o l\u00f2 vi s\u00f3ng.<\/li>\n<li>S\u1ea3n ph\u1ea9m c\u00f3 vi\u1ec1n v\u00e0ng kh\u00f4ng s\u1eed d\u1ee5ng trong l\u00f2 vi s\u00f3ng. Khi lau r\u1eeda s\u1ea3n ph\u1ea9m h\u1ea1n ch\u1ebf s\u1eed d\u1ee5ng gi\u1ebb c\u00f3 t\u00ednh ma s\u00e1t cao ch\u00e0 x\u00e1t m\u1ea1nh tr\u1ef1c ti\u1ebfp v\u00e0o l\u1edbp vi\u1ec1n v\u00e0ng.<\/li>\n<\/ul>\n","protected":false},"excerpt":{"rendered":"<p>&#8211; Ch\u1ea5t li\u1ec7u Opal Glass<\/p>\n<p>&#8211; Ki\u1ec3u d\u00e1ng trang nh\u00e3<\/p>\n<p>&#8211; An to\u00e0n cho s\u1ee9c kh\u1ecfe ng\u01b0\u1eddi d\u00f9ng<\/p>\n","protected":false},"featured_media":479,"comment_status":"open","ping_status":"closed","template":"","meta":[],"product_cat":[21,18],"product_tag":[22],"_links":{"self":[{"href":"https:\/\/demo.bmconnect.vn\/shop\/wp-json\/wp\/v2\/product\/330"}],"collection":[{"href":"https:\/\/demo.bmconnect.vn\/shop\/wp-json\/wp\/v2\/product"}],"about":[{"href":"https:\/\/demo.bmconnect.vn\/shop\/wp-json\/wp\/v2\/types\/product"}],"replies":[{"embeddable":true,"href":"https:\/\/demo.bmconnect.vn\/shop\/wp-json\/wp\/v2\/comments?post=330"}],"wp:featuredmedia":[{"embeddable":true,"href":"https:\/\/demo.bmconnect.vn\/shop\/wp-json\/wp\/v2\/media\/479"}],"wp:attachment":[{"href":"https:\/\/demo.bmconnect.vn\/shop\/wp-json\/wp\/v2\/media?parent=330"}],"wp:term":[{"taxonomy":"product_cat","embeddable":true,"href":"https:\/\/demo.bmconnect.vn\/shop\/wp-json\/wp\/v2\/product_cat?post=330"},{"taxonomy":"product_tag","embeddable":true,"href":"https:\/\/demo.bmconnect.vn\/shop\/wp-json\/wp\/v2\/product_tag?post=330"}],"curies":[{"name":"wp","href":"https:\/\/api.w.org\/{rel}","templated":true}]}}