{"id":328,"date":"2018-02-01T22:44:22","date_gmt":"2018-02-01T15:44:22","guid":{"rendered":"https:\/\/demo.bmconnect.vn\/shop\/?post_type=product&#038;p=328"},"modified":"2018-02-01T22:44:22","modified_gmt":"2018-02-01T15:44:22","slug":"cay-nuoc-nong-la%cc%a3nh-sunhouse-shd9528","status":"publish","type":"product","link":"https:\/\/demo.bmconnect.vn\/shop\/s\u1ea3n ph\u1ea9m\/cay-nuoc-nong-la%cc%a3nh-sunhouse-shd9528\/","title":{"rendered":"C\u00e2y n\u01b0\u01a1\u0301c no\u0301ng la\u0323nh Sunhouse SHD9528"},"content":{"rendered":"<p>&#8211; <strong>C\u00e2y n\u01b0\u01a1\u0301c no\u0301ng la\u0323nh Sunhouse SHD9528<\/strong> s\u1edf h\u1eefu ki\u1ec3u d\u00e1ng t\u1ee7 \u0111\u1ee9ng, \u0111\u01b0\u1ee3c l\u00e0m t\u1eeb nh\u1eefng v\u1eadt li\u1ec7u cao c\u1ea5p, b\u1ec1n ch\u1eafc theo th\u1eddi gian. Th\u00eam v\u00e0o \u0111\u00f3, thi\u1ebft k\u1ebf v\u1ecf t\u1ee7 ph\u1ea7n m\u1eb7t tr\u01b0\u1edbc \u0111\u01b0\u1ee3c ph\u1ee7 m\u00e0u xanh tr\u1ebb trung, \u0111i\u1ec3m\u00a0th\u00eam ch\u00fat hoa v\u0103n tinh t\u1ebf, gi\u00fap kh\u00f4ng gian s\u1eed d\u1ee5ng th\u00eam t\u01b0\u01a1i m\u1edbi, sinh \u0111\u1ed9ng. Ph\u00eda c\u1ea1nh t\u1ee7 v\u00e0 sau t\u1ee7 \u0111\u01b0\u1ee3c ph\u1ee7 l\u1edbp s\u01a1n\u00a0m\u00e0u ghi ch\u1ed1ng b\u00e1m b\u1ea9n, d\u1ec5 lau ch\u00f9i v\u1ec7 sinh.<\/p>\n<p>&#8211; S\u1ea3n ph\u1ea9m r\u1ea5t an to\u00e0n v\u1edbi ng\u01b0\u1eddi s\u1eed d\u1ee5ng nh\u1edd c\u00f4ng ngh\u1ec7 ch\u1ed1ng \u0111un kh\u00f4 k\u00e9p\u00a0c\u00f9ng v\u1edbi m\u00fat gi\u1eef nhi\u1ec7t \u1edf m\u1eadt \u0111\u1ed9 cao, gi\u00fap duy tr\u00ec nhi\u1ec7t l\u01b0\u1ee3ng trong b\u00ecnh t\u1ed1t h\u01a1n. C\u00e2y n\u01b0\u1edbc thi\u1ebft k\u1ebf v\u1edbi b\u00ecnh ch\u1ee9a n\u01b0\u1edbc \u0111\u01b0\u1ee3c l\u00e0m b\u1eb1ng inox 304 ch\u1ed1ng g\u1ec9, ch\u1ed1ng b\u00e1m c\u1eb7n, t\u0103ng tu\u1ed5i th\u1ecd cho c\u00e2y n\u01b0\u1edbc n\u00f3ng l\u1ea1nh.<\/p>\n<p>&#8211;\u00a0Ngo\u00e0i ra, c\u00e2y n\u01b0\u1edbc c\u00f2n c\u00f3 m\u1ed9t n\u1eafp t\u1ee7 b\u1ea3o v\u1ec7 c\u00e1c v\u00f2i n\u01b0\u1edbc, tr\u00e1nh tr\u01b0\u1eddng h\u1ee3p gia \u0111\u00ecnh c\u00f3 tr\u1ebb nh\u1ecf kh\u00f4ng may \u0111\u1ed9ng v\u00e0o, v\u00e0 \u0111\u1ea3m b\u1ea3o v\u1ec7 sinh kh\u00e1 an to\u00e0n v\u00e0 hi\u1ec7n \u0111\u1ea1i.<\/p>\n<p>&#8211; Ngo\u00e0i c\u00f4ng su\u1ea5t 540W gi\u00fap \u0111un n\u01b0\u1edbc n\u00f3ng nhanh ch\u00f3ng v\u00e0 gi\u1eef \u0111\u01b0\u1ee3c n\u01b0\u1edbc n\u00f3ng l\u00e2u, s\u1ea3n ph\u1ea9m c\u00f2n ho\u1ea1t \u0111\u1ed9ng v\u1edbi c\u00f4ng su\u1ea5t 100W gi\u00fap l\u00e0m l\u1ea1nh n\u01b0\u1edbc li\u00ean t\u1ee5c, \u0111\u1ea3m b\u1ea3o lu\u00f4n c\u00f3 \u0111\u1ee7 n\u01b0\u1edbc cho ng\u01b0\u1eddi d\u00f9ng s\u1eed d\u1ee5ng. R\u01a1-le c\u1ea3m bi\u1ebfn t\u1ef1 \u0111\u1ed9ng ng\u1eaft khi n\u01b0\u1edbc trong b\u00ecnh \u0111\u00e3 h\u1ebft, ho\u1eb7c khi n\u01b0\u1edbc \u0111\u01b0a ra b\u00ecnh ch\u1ee9a \u0111\u00e3 \u0111\u1ee7 n\u00f3ng, l\u1ea1nh, gi\u00fap ti\u1ebft ki\u1ec7m \u0111i\u1ec7n n\u0103ng ti\u00eau th\u1ee5.<\/p>\n<p>&#8211;\u00a0C\u00f9ng v\u1edbi \u0111\u00f3, <strong>C\u00e2y n\u01b0\u01a1\u0301c no\u0301ng la\u0323nh Sunhouse SHD9528<\/strong> c\u00f2n c\u00f3 th\u00eam \u0111\u00e8n hi\u1ec3n th\u1ecb LED s\u00e1ng r\u00f5, gi\u00fap ng\u01b0\u1eddi d\u00f9ng c\u00f3 th\u1ec3 bi\u1ebft \u0111\u01b0\u1ee3c m\u00e1y \u0111ang ho\u1ea1t \u0111\u1ed9ng \u1edf ch\u1ebf \u0111\u1ed9 n\u00f3ng hay l\u1ea1nh r\u1ea5t ti\u1ec7n l\u1ee3i.<\/p>\n","protected":false},"excerpt":{"rendered":"<p>&#8211; M\u00fat gi\u1eef nhi\u1ec7t c\u1ea5u t\u1ea1o \u0111a l\u1edbp gi\u00fap duy tr\u00ec nhi\u1ec7t \u0111\u1ed9<\/p>\n<p>&#8211; B\u00ecnh ch\u1ee9a n\u01b0\u1edbc b\u1eb1ng inox gi\u00fap h\u1ea1n ch\u1ebf\u00a0\u0111\u00f3ng c\u1eb7n<\/p>\n<p>&#8211; Ti\u1ec7n nghi h\u01a1n v\u1edbi t\u1ee7\u00a0l\u1ea1nh nhi\u1ec1u ng\u0103n<\/p>\n<p>&#8211; C\u00f3 v\u00f2i l\u1ea5y n\u01b0\u1edbc th\u00f4ng minh<\/p>\n","protected":false},"featured_media":329,"comment_status":"open","ping_status":"closed","template":"","meta":[],"product_cat":[18],"product_tag":[20,19],"_links":{"self":[{"href":"https:\/\/demo.bmconnect.vn\/shop\/wp-json\/wp\/v2\/product\/328"}],"collection":[{"href":"https:\/\/demo.bmconnect.vn\/shop\/wp-json\/wp\/v2\/product"}],"about":[{"href":"https:\/\/demo.bmconnect.vn\/shop\/wp-json\/wp\/v2\/types\/product"}],"replies":[{"embeddable":true,"href":"https:\/\/demo.bmconnect.vn\/shop\/wp-json\/wp\/v2\/comments?post=328"}],"wp:featuredmedia":[{"embeddable":true,"href":"https:\/\/demo.bmconnect.vn\/shop\/wp-json\/wp\/v2\/media\/329"}],"wp:attachment":[{"href":"https:\/\/demo.bmconnect.vn\/shop\/wp-json\/wp\/v2\/media?parent=328"}],"wp:term":[{"taxonomy":"product_cat","embeddable":true,"href":"https:\/\/demo.bmconnect.vn\/shop\/wp-json\/wp\/v2\/product_cat?post=328"},{"taxonomy":"product_tag","embeddable":true,"href":"https:\/\/demo.bmconnect.vn\/shop\/wp-json\/wp\/v2\/product_tag?post=328"}],"curies":[{"name":"wp","href":"https:\/\/api.w.org\/{rel}","templated":true}]}}