{"id":144,"date":"2017-03-22T14:51:04","date_gmt":"2017-03-22T14:51:04","guid":{"rendered":"http:\/\/localhost\/shoes\/?post_type=product&#038;p=144"},"modified":"2017-03-22T14:51:04","modified_gmt":"2017-03-22T14:51:04","slug":"giay-cao-co-sanvado-da-sap-mau-da-bo-2379","status":"publish","type":"product","link":"https:\/\/demo.bmconnect.vn\/shoes\/s\u1ea3n ph\u1ea9m\/giay-cao-co-sanvado-da-sap-mau-da-bo-2379\/","title":{"rendered":"Gi\u00e0y cao c\u1ed5 Sanvado da s\u00e1p m\u00e0u da b\u00f2 (2379)"},"content":{"rendered":"","protected":false},"excerpt":{"rendered":"","protected":false},"featured_media":120,"comment_status":"open","ping_status":"closed","template":"","meta":[],"product_cat":[8],"product_tag":[],"_links":{"self":[{"href":"https:\/\/demo.bmconnect.vn\/shoes\/wp-json\/wp\/v2\/product\/144"}],"collection":[{"href":"https:\/\/demo.bmconnect.vn\/shoes\/wp-json\/wp\/v2\/product"}],"about":[{"href":"https:\/\/demo.bmconnect.vn\/shoes\/wp-json\/wp\/v2\/types\/product"}],"replies":[{"embeddable":true,"href":"https:\/\/demo.bmconnect.vn\/shoes\/wp-json\/wp\/v2\/comments?post=144"}],"wp:featuredmedia":[{"embeddable":true,"href":"https:\/\/demo.bmconnect.vn\/shoes\/wp-json\/wp\/v2\/media\/120"}],"wp:attachment":[{"href":"https:\/\/demo.bmconnect.vn\/shoes\/wp-json\/wp\/v2\/media?parent=144"}],"wp:term":[{"taxonomy":"product_cat","embeddable":true,"href":"https:\/\/demo.bmconnect.vn\/shoes\/wp-json\/wp\/v2\/product_cat?post=144"},{"taxonomy":"product_tag","embeddable":true,"href":"https:\/\/demo.bmconnect.vn\/shoes\/wp-json\/wp\/v2\/product_tag?post=144"}],"curies":[{"name":"wp","href":"https:\/\/api.w.org\/{rel}","templated":true}]}}