{"id":143,"date":"2017-03-22T14:49:34","date_gmt":"2017-03-22T14:49:34","guid":{"rendered":"http:\/\/localhost\/shoes\/?post_type=product&#038;p=143"},"modified":"2017-03-22T14:49:34","modified_gmt":"2017-03-22T14:49:34","slug":"giay-nam-buoc-day-thoi-trang-james-blanc-mau-canh-gian-jb-690","status":"publish","type":"product","link":"https:\/\/demo.bmconnect.vn\/shoes\/s\u1ea3n ph\u1ea9m\/giay-nam-buoc-day-thoi-trang-james-blanc-mau-canh-gian-jb-690\/","title":{"rendered":"Gi\u00e0y nam bu\u1ed9c d\u00e2y th\u1eddi trang James Blanc m\u00e0u c\u00e1nh gi\u00e1n (JB-690)"},"content":{"rendered":"","protected":false},"excerpt":{"rendered":"","protected":false},"featured_media":118,"comment_status":"open","ping_status":"closed","template":"","meta":[],"product_cat":[9],"product_tag":[],"_links":{"self":[{"href":"https:\/\/demo.bmconnect.vn\/shoes\/wp-json\/wp\/v2\/product\/143"}],"collection":[{"href":"https:\/\/demo.bmconnect.vn\/shoes\/wp-json\/wp\/v2\/product"}],"about":[{"href":"https:\/\/demo.bmconnect.vn\/shoes\/wp-json\/wp\/v2\/types\/product"}],"replies":[{"embeddable":true,"href":"https:\/\/demo.bmconnect.vn\/shoes\/wp-json\/wp\/v2\/comments?post=143"}],"wp:featuredmedia":[{"embeddable":true,"href":"https:\/\/demo.bmconnect.vn\/shoes\/wp-json\/wp\/v2\/media\/118"}],"wp:attachment":[{"href":"https:\/\/demo.bmconnect.vn\/shoes\/wp-json\/wp\/v2\/media?parent=143"}],"wp:term":[{"taxonomy":"product_cat","embeddable":true,"href":"https:\/\/demo.bmconnect.vn\/shoes\/wp-json\/wp\/v2\/product_cat?post=143"},{"taxonomy":"product_tag","embeddable":true,"href":"https:\/\/demo.bmconnect.vn\/shoes\/wp-json\/wp\/v2\/product_tag?post=143"}],"curies":[{"name":"wp","href":"https:\/\/api.w.org\/{rel}","templated":true}]}}