{"id":142,"date":"2017-03-22T14:48:50","date_gmt":"2017-03-22T14:48:50","guid":{"rendered":"http:\/\/localhost\/shoes\/?post_type=product&#038;p=142"},"modified":"2017-03-22T14:48:50","modified_gmt":"2017-03-22T14:48:50","slug":"giay-buoc-day-cong-so-james-blanc-vien-mui-da-tron-mau-canh-gian-jb-691","status":"publish","type":"product","link":"https:\/\/demo.bmconnect.vn\/shoes\/s\u1ea3n ph\u1ea9m\/giay-buoc-day-cong-so-james-blanc-vien-mui-da-tron-mau-canh-gian-jb-691\/","title":{"rendered":"Gi\u00e0y bu\u1ed9c d\u00e2y c\u00f4ng s\u1edf James Blanc vi\u1ec1n m\u0169i da tr\u01a1n m\u00e0u c\u00e1nh gi\u00e1n (JB-691)"},"content":{"rendered":"","protected":false},"excerpt":{"rendered":"","protected":false},"featured_media":97,"comment_status":"open","ping_status":"closed","template":"","meta":[],"product_cat":[9],"product_tag":[],"_links":{"self":[{"href":"https:\/\/demo.bmconnect.vn\/shoes\/wp-json\/wp\/v2\/product\/142"}],"collection":[{"href":"https:\/\/demo.bmconnect.vn\/shoes\/wp-json\/wp\/v2\/product"}],"about":[{"href":"https:\/\/demo.bmconnect.vn\/shoes\/wp-json\/wp\/v2\/types\/product"}],"replies":[{"embeddable":true,"href":"https:\/\/demo.bmconnect.vn\/shoes\/wp-json\/wp\/v2\/comments?post=142"}],"wp:featuredmedia":[{"embeddable":true,"href":"https:\/\/demo.bmconnect.vn\/shoes\/wp-json\/wp\/v2\/media\/97"}],"wp:attachment":[{"href":"https:\/\/demo.bmconnect.vn\/shoes\/wp-json\/wp\/v2\/media?parent=142"}],"wp:term":[{"taxonomy":"product_cat","embeddable":true,"href":"https:\/\/demo.bmconnect.vn\/shoes\/wp-json\/wp\/v2\/product_cat?post=142"},{"taxonomy":"product_tag","embeddable":true,"href":"https:\/\/demo.bmconnect.vn\/shoes\/wp-json\/wp\/v2\/product_tag?post=142"}],"curies":[{"name":"wp","href":"https:\/\/api.w.org\/{rel}","templated":true}]}}