{"id":141,"date":"2017-03-22T14:48:04","date_gmt":"2017-03-22T14:48:04","guid":{"rendered":"http:\/\/localhost\/shoes\/?post_type=product&#038;p=141"},"modified":"2017-03-22T14:48:04","modified_gmt":"2017-03-22T14:48:04","slug":"giay-luoi-nam-cong-so-james-blanc-da-tron-mau-nau-dam-jb-793","status":"publish","type":"product","link":"https:\/\/demo.bmconnect.vn\/shoes\/s\u1ea3n ph\u1ea9m\/giay-luoi-nam-cong-so-james-blanc-da-tron-mau-nau-dam-jb-793\/","title":{"rendered":"Gi\u1ea7y l\u01b0\u1eddi nam c\u00f4ng s\u1edf James Blanc da tr\u01a1n m\u00e0u n\u00e2u \u0111\u1eadm (JB-793)"},"content":{"rendered":"","protected":false},"excerpt":{"rendered":"","protected":false},"featured_media":107,"comment_status":"open","ping_status":"closed","template":"","meta":[],"product_cat":[9],"product_tag":[],"_links":{"self":[{"href":"https:\/\/demo.bmconnect.vn\/shoes\/wp-json\/wp\/v2\/product\/141"}],"collection":[{"href":"https:\/\/demo.bmconnect.vn\/shoes\/wp-json\/wp\/v2\/product"}],"about":[{"href":"https:\/\/demo.bmconnect.vn\/shoes\/wp-json\/wp\/v2\/types\/product"}],"replies":[{"embeddable":true,"href":"https:\/\/demo.bmconnect.vn\/shoes\/wp-json\/wp\/v2\/comments?post=141"}],"wp:featuredmedia":[{"embeddable":true,"href":"https:\/\/demo.bmconnect.vn\/shoes\/wp-json\/wp\/v2\/media\/107"}],"wp:attachment":[{"href":"https:\/\/demo.bmconnect.vn\/shoes\/wp-json\/wp\/v2\/media?parent=141"}],"wp:term":[{"taxonomy":"product_cat","embeddable":true,"href":"https:\/\/demo.bmconnect.vn\/shoes\/wp-json\/wp\/v2\/product_cat?post=141"},{"taxonomy":"product_tag","embeddable":true,"href":"https:\/\/demo.bmconnect.vn\/shoes\/wp-json\/wp\/v2\/product_tag?post=141"}],"curies":[{"name":"wp","href":"https:\/\/api.w.org\/{rel}","templated":true}]}}