{"id":138,"date":"2017-03-22T14:43:07","date_gmt":"2017-03-22T14:43:07","guid":{"rendered":"http:\/\/localhost\/shoes\/?post_type=product&#038;p=138"},"modified":"2017-03-22T14:43:07","modified_gmt":"2017-03-22T14:43:07","slug":"giay-luoi-nam-james-blanc-vien-hoa-da-tron-co-chuong-mau-den-jb-005","status":"publish","type":"product","link":"https:\/\/demo.bmconnect.vn\/shoes\/s\u1ea3n ph\u1ea9m\/giay-luoi-nam-james-blanc-vien-hoa-da-tron-co-chuong-mau-den-jb-005\/","title":{"rendered":"Gi\u00e0y l\u01b0\u1eddi nam James Blanc vi\u1ec1n hoa da tr\u01a1n c\u00f3 chu\u00f4ng m\u00e0u \u0111en (JB-005)"},"content":{"rendered":"","protected":false},"excerpt":{"rendered":"","protected":false},"featured_media":109,"comment_status":"open","ping_status":"closed","template":"","meta":[],"product_cat":[9],"product_tag":[],"_links":{"self":[{"href":"https:\/\/demo.bmconnect.vn\/shoes\/wp-json\/wp\/v2\/product\/138"}],"collection":[{"href":"https:\/\/demo.bmconnect.vn\/shoes\/wp-json\/wp\/v2\/product"}],"about":[{"href":"https:\/\/demo.bmconnect.vn\/shoes\/wp-json\/wp\/v2\/types\/product"}],"replies":[{"embeddable":true,"href":"https:\/\/demo.bmconnect.vn\/shoes\/wp-json\/wp\/v2\/comments?post=138"}],"wp:featuredmedia":[{"embeddable":true,"href":"https:\/\/demo.bmconnect.vn\/shoes\/wp-json\/wp\/v2\/media\/109"}],"wp:attachment":[{"href":"https:\/\/demo.bmconnect.vn\/shoes\/wp-json\/wp\/v2\/media?parent=138"}],"wp:term":[{"taxonomy":"product_cat","embeddable":true,"href":"https:\/\/demo.bmconnect.vn\/shoes\/wp-json\/wp\/v2\/product_cat?post=138"},{"taxonomy":"product_tag","embeddable":true,"href":"https:\/\/demo.bmconnect.vn\/shoes\/wp-json\/wp\/v2\/product_tag?post=138"}],"curies":[{"name":"wp","href":"https:\/\/api.w.org\/{rel}","templated":true}]}}