{"id":2282,"date":"2017-12-20T15:30:57","date_gmt":"2017-12-20T08:30:57","guid":{"rendered":"https:\/\/demo.bmconnect.vn\/saoviet\/?post_type=product&#038;p=2282"},"modified":"2017-12-20T15:49:10","modified_gmt":"2017-12-20T08:49:10","slug":"socola-trang-vien-tron-rong-cocosphere-grand-place","status":"publish","type":"product","link":"https:\/\/demo.bmconnect.vn\/saoviet\/product\/socola-trang-vien-tron-rong-cocosphere-grand-place\/","title":{"rendered":"Socola tr\u1eafng vi\u00ean tr\u00f2n r\u1ed7ng (cocosphere) grand place"},"content":{"rendered":"<h2><b>Cocosphere &#8211; socola tr\u1eafng vi\u00ean tr\u00f2n r\u1ed7ng<\/b><\/h2>\n<h3><strong>\u0110\u1eb7c t\u00ednh n\u1ed5i b\u1eadt s\u1ea3n ph\u1ea9m:<\/strong><\/h3>\n<h4><strong>H\u01b0\u01a1ng v\u1ecb \u0111\u1ed9c \u0111\u00e1o<\/strong><\/h4>\n<p>V\u1ecb ng\u1ecdt n\u1ed3ng n\u00e0n c\u1ee7a socola s\u1eefa s\u1ebd th\u1ecfa m\u00e3n nh\u1eefng t\u00edn \u0111\u1ed3 y\u00eau th\u00edch socola.<\/p>\n<h4><strong>\u0110\u1ed9 \u1ed5n \u0111\u1ecbnh<\/strong><\/h4>\n<p>S\u1ea3n ph\u1ea9m linh ho\u1ea1t trong nhi\u1ec1u \u1ee9ng d\u1ee5ng.<\/p>\n<h4><b>\u0110a c\u00f4ng d\u1ee5ng<\/b><\/h4>\n<p>&#8211; L\u00e0 nguy\u00ean li\u1ec7u l\u00e0m k\u1eb9o, b\u00e1nh.\u00a0Socola nguy\u00ean ch\u1ea5t \u0111\u01b0\u1ee3c thi\u1ebft k\u1ebf d\u1ea1ng vi\u00ean banh r\u1ed7ng c\u00f3 l\u1ed7 nh\u1ecf b\u00ean tr\u00ean thu\u1eadn ti\u1ec7n cho vi\u1ec7c b\u01a1m nh\u00e2n.<\/p>\n<figure id=\"attachment_2285\" aria-describedby=\"caption-attachment-2285\" style=\"width: 314px\" class=\"wp-caption alignright\"><img loading=\"lazy\" class=\" wp-image-2285\" src=\"https:\/\/demo.bmconnect.vn\/saoviet\/wp-content\/uploads\/2017\/12\/white-cocosphere-1.jpg\" alt=\"white-cocosphere \" width=\"314\" height=\"314\" srcset=\"https:\/\/demo.bmconnect.vn\/saoviet\/wp-content\/uploads\/2017\/12\/white-cocosphere-1.jpg 300w, https:\/\/demo.bmconnect.vn\/saoviet\/wp-content\/uploads\/2017\/12\/white-cocosphere-1-100x100.jpg 100w, https:\/\/demo.bmconnect.vn\/saoviet\/wp-content\/uploads\/2017\/12\/white-cocosphere-1-150x150.jpg 150w\" sizes=\"(max-width: 314px) 100vw, 314px\" \/><figcaption id=\"caption-attachment-2285\" class=\"wp-caption-text\">white-cocosphere<\/figcaption><\/figure>\n<h3><strong>Tr\u1ecdng l\u01b0\u1ee3ng:<\/strong><\/h3>\n<p>&#8211; \u0110\u00f3ng h\u1ed9p 504 vi\u00ean\/h\u1ed9p<\/p>\n<h3><strong>Xu\u1ea5t x\u1ee9:<\/strong><\/h3>\n<p>C\u00f4ng ngh\u1ec7 B\u1ec9 \u0111\u01b0\u1ee3c s\u1ea3n xu\u1ea5t t\u1ea1i Vi\u1ec7t Nam.<\/p>\n<h3><strong>Th\u00e0nh ph\u1ea7n:<\/strong><\/h3>\n<p>\u0110\u01b0\u1eddng, b\u00e9o th\u1ef1c v\u1eadt (d\u1ea7u c\u1ecd ho\u1eb7c nh\u00e2n c\u1ecd \u0111\u00e3 hydro h\u00f3a), b\u1ed9t cacao, ch\u1ea5t nh\u0169 h\u00f3a (E492), lecithin \u0111\u1eadu n\u00e0nh (E322)), c\u00f3 th\u1ec3 ch\u1ee9a m\u1ed9t l\u01b0\u1ee3ng r\u1ea5t nh\u1ecf th\u00e0nh ph\u1ea7n s\u1eefa.<\/p>\n<h3><strong>H\u01b0\u1edbng d\u1eabn s\u1eed d\u1ee5ng:<\/strong><\/h3>\n<p>D\u00f9ng tr\u1ef1c ti\u1ebfp b\u01a1m nh\u00e2n l\u00e0m k\u1eb9o ho\u1eb7c nh\u00e2n b\u00e1nh.<\/p>\n<h3><strong>B\u1ea3o qu\u1ea3n:<\/strong><\/h3>\n<p>&#8211; N\u01a1i s\u1ea1ch s\u1ebd, tho\u00e1ng m\u00e1t v\u00e0 kh\u00f4ng c\u00f3 m\u00f9i l\u1ea1.<\/p>\n<p>&#8211; Tr\u00e1nh thay \u0111\u1ed5i nhi\u1ec7t \u0111\u1ed9, \u0111\u1ed9 \u1ea9m \u0111\u1ed9t ng\u1ed9t v\u00e0 \u00e1nh n\u1eafng tr\u1ef1c ti\u1ebfp.<\/p>\n<p>&#8211; \u0110\u1ed9 \u1ea9m &lt; 60%, nhi\u1ec7t \u0111\u1ed9 18 &#8211; 22\u00b0C.<\/p>\n","protected":false},"excerpt":{"rendered":"<p>&#8211;<strong> Socola tr\u1eafng thanh 1kg<\/strong> c\u1ee7a t\u1eadp \u0111o\u00e0n Puratos Grand Place \u0111\u1ea3m b\u1ea3o \u0111\u1ea7y \u0111\u1ee7 ti\u00eau ch\u00ed ch\u1ea5t l\u01b0\u1ee3ng v\u00e0 gi\u00e1 th\u00e0nh h\u1ee3p l\u00fd.<\/p>\n<p>&#8211; \u0110\u00f3ng g\u00f3i<strong> thanh compound<\/strong>\u00a0d\u1ec5 s\u1eed d\u1ee5ng, linh ho\u1ea1t trong nhi\u1ec1u \u1ee9ng d\u1ee5ng, mang \u0111\u1ebfn v\u1ecb th\u01a1m ngon \u0111\u1eb7c tr\u01b0ng c\u1ee7a cacao h\u00f2a quy\u1ec7n c\u00f9ng v\u1ecb s\u1eefa v\u00e0 \u0111\u1ed9 b\u00f3ng cho s\u1ea3n ph\u1ea9m ch\u1eafc ch\u1eafn s\u1ebd chi\u1ec1u l\u00f2ng \u0111\u01b0\u1ee3c nh\u1eefng v\u1ecb kh\u00e1ch y\u00eau th\u00edch socola.<\/p>\n<p>&nbsp;<\/p>\n<p>&nbsp;<\/p>\n<p>&nbsp;<\/p>\n","protected":false},"featured_media":2283,"comment_status":"open","ping_status":"closed","template":"","meta":[],"product_cat":[18,80,325],"product_tag":[346,347,348],"_links":{"self":[{"href":"https:\/\/demo.bmconnect.vn\/saoviet\/wp-json\/wp\/v2\/product\/2282"}],"collection":[{"href":"https:\/\/demo.bmconnect.vn\/saoviet\/wp-json\/wp\/v2\/product"}],"about":[{"href":"https:\/\/demo.bmconnect.vn\/saoviet\/wp-json\/wp\/v2\/types\/product"}],"replies":[{"embeddable":true,"href":"https:\/\/demo.bmconnect.vn\/saoviet\/wp-json\/wp\/v2\/comments?post=2282"}],"wp:featuredmedia":[{"embeddable":true,"href":"https:\/\/demo.bmconnect.vn\/saoviet\/wp-json\/wp\/v2\/media\/2283"}],"wp:attachment":[{"href":"https:\/\/demo.bmconnect.vn\/saoviet\/wp-json\/wp\/v2\/media?parent=2282"}],"wp:term":[{"taxonomy":"product_cat","embeddable":true,"href":"https:\/\/demo.bmconnect.vn\/saoviet\/wp-json\/wp\/v2\/product_cat?post=2282"},{"taxonomy":"product_tag","embeddable":true,"href":"https:\/\/demo.bmconnect.vn\/saoviet\/wp-json\/wp\/v2\/product_tag?post=2282"}],"curies":[{"name":"wp","href":"https:\/\/api.w.org\/{rel}","templated":true}]}}