{"id":2261,"date":"2017-12-14T09:19:46","date_gmt":"2017-12-14T02:19:46","guid":{"rendered":"https:\/\/demo.bmconnect.vn\/saoviet\/?post_type=product&#038;p=2261"},"modified":"2017-12-14T11:10:43","modified_gmt":"2017-12-14T04:10:43","slug":"siro-syrup-syrop-bac-ha-bang-tuyet-richs","status":"publish","type":"product","link":"https:\/\/demo.bmconnect.vn\/saoviet\/product\/siro-syrup-syrop-bac-ha-bang-tuyet-richs\/","title":{"rendered":"Siro b\u1ea1c h\u00e0 b\u0103ng tuy\u1ebft richs"},"content":{"rendered":"<h2><b>B\u1ea1c h\u00e0 b\u0103ng tuy\u1ebft &#8211; siro thi\u00ean nhi\u00ean richs<\/b><\/h2>\n<h3><strong>\u0110\u1eb7c t\u00ednh n\u1ed5i b\u1eadt s\u1ea3n ph\u1ea9m:<\/strong><\/h3>\n<h4><strong>H\u01b0\u01a1ng v\u1ecb<\/strong><\/h4>\n<p>H\u01b0\u01a1ng th\u01a1m t\u1ef1 nhi\u00ean c\u1ee7a b\u1ea1c h\u00e0 v\u1ecb ng\u1ecdt the m\u00e1t s\u1ea3ng kho\u00e1i.<\/p>\n<h4><strong>M\u00e0u s\u1eafc<\/strong><\/h4>\n<p>M\u00e0u xanh l\u01a1 c\u1ee7a m\u00e2y tr\u1eddi.<\/p>\n<h4><strong>Tr\u1ea1ng th\u00e1i<\/strong><\/h4>\n<p>Dung d\u1ecbch l\u1ecfng s\u1ec7t.<\/p>\n<h3><strong>C\u00f4ng d\u1ee5ng<\/strong><\/h3>\n<p>&#8211; T\u1eadn h\u01b0\u1edfng v\u1ecb tr\u00e1i c\u00e2y, h\u01b0\u01a1ng hoa qu\u1ea3 t\u1ef1 nhi\u00ean trong th\u1ee9c u\u1ed1ng c\u1ee7a b\u1ea1n.<\/p>\n<p>&#8211; Pha ch\u1ebf th\u1ee9c u\u1ed1ng tinh t\u1ebf, t\u0103ng \u0111\u1ed9 h\u1ea5p d\u1eabn cho th\u00e0nh ph\u1ea9m c\u1ee7a b\u1ea1n t\u1eeb nh\u1eefng nguy\u00ean li\u1ec7u t\u1ef1 nhi\u00ean nh\u1ea5t.<\/p>\n<h3><strong>\u01afu \u0111i\u1ec3m<\/strong><\/h3>\n<p>&#8211; S\u1ea3n ph\u1ea9m \u0111\u01b0\u1ee3c l\u1ea5y c\u1ea3m h\u1ee9ng t\u1eeb tinh ch\u1ea5t tr\u00e1i c\u00e2y t\u01b0\u01a1i th\u01a1m ngon v\u00e0 b\u1ed5 d\u01b0\u1ee1ng.<\/p>\n<p>&#8211; M\u00e0u s\u1eafc v\u00e0 h\u01b0\u01a1ng v\u1ecb tr\u00e1i c\u00e2y t\u1ef1 nhi\u00ean<\/p>\n<p>&#8211; Th\u01a1m ngon, b\u1eaft m\u1eaft<\/p>\n<p>&#8211; S\u1eed d\u1ee5ng d\u1ec5 d\u00e0ng.<\/p>\n<p>&#8211; \u0110\u00e1p \u1ee9ng ti\u00eau chu\u1ea9n h\u1ec7 th\u1ed1ng qu\u1ea3n l\u00fd ch\u1ea5t l\u01b0\u1ee3ng ISO 9001, v\u00e0 h\u1ec7 th\u1ed1ng qu\u1ea3n l\u00fd th\u1ef1c ph\u1ea9m ISO 22000.<\/p>\n<p>&#8211; Cam k\u1ebft ch\u1ea5t l\u01b0\u1ee3ng v\u1ec7 sinh an to\u00e0n th\u1ef1c ph\u1ea9m h\u01b0\u1edbng \u0111\u1ebfn s\u1ee9c kh\u1ecfe kh\u00e1ch h\u00e0ng ng\u01b0\u1eddi ti\u00eau d\u00f9ng.<\/p>\n<h3><strong>Tr\u1ecdng l\u01b0\u1ee3ng:<\/strong><\/h3>\n<p>\u0110\u00f3ng chai 1 l\u00edt<\/p>\n<h3><strong>Xu\u1ea5t x\u1ee9:<\/strong><\/h3>\n<p>S\u1ea3n xu\u1ea5t t\u1ea1i Ph\u00e1p.<\/p>\n<h3><strong>Th\u00e0nh ph\u1ea7n:<\/strong><\/h3>\n<p>\u0110\u01b0\u1eddng, qu\u1ea3 d\u00e2u t\u00e2y (nhi\u1ec1u h\u01a1n 20%), ch\u1ea5t l\u00e0m d\u00e0y (hydroxypropyl Distarch phosphate 1442), n\u01b0\u1edbc \u00e9p d\u00e2y t\u00e2y c\u00f4 \u0111\u1eb7c, ch\u1ea5t \u1ed5n \u0111\u1ecbnh (locust bean gum 410), agar 406, h\u01b0\u01a1ng t\u1ed5ng h\u1ee3p, n\u01b0\u1edbc \u00e9p chanh c\u00f4 \u0111\u1eb7c. Ch\u1ea5t b\u1ea3o qu\u1ea3n (potassium sorbate 202, ch\u1ea5t ch\u1ed1ng oxy h\u00f3a (citric acid 330), mu\u1ed1i, m\u00e0u t\u1ed5ng h\u1ee3p (ponceau 4r (124)), n\u01b0\u1edbc \u00e9p qu\u1ea3 c\u00e2y c\u01a1m ch\u00e1y c\u00f4 \u0111\u1eb7c.<\/p>\n<h3><strong>H\u01b0\u1edbng d\u1eabn s\u1eed d\u1ee5ng:<\/strong><\/h3>\n<p>S\u1ea3n ph\u1ea9m linh ho\u1ea1t trong \u1ee9ng d\u1ee5ng, ti\u1ec7n l\u1ee3i v\u00e0 d\u1ec5 s\u1eed d\u1ee5ng. B\u1ea1n c\u00f3 th\u1ec3 t\u1ef1 do s\u00e1ng t\u1ea1o theo s\u1edf th\u00edch.<\/p>\n<p>S\u1eed d\u1ee5ng ngay khi m\u1edf n\u1eafp. D\u00f9ng d\u1ee5ng c\u1ee5 s\u1ea1ch \u0111\u1ec3 m\u00fac ra th\u1ed1 nh\u1ecf \u0111\u1ec3 s\u1eed d\u1ee5ng. \u0110\u00f3ng ch\u1eb7t n\u1eafp v\u00e0 l\u01b0u tr\u1eef b\u1ea3o qu\u1ea3n trong t\u1ee7 m\u00e1t ph\u1ea7n c\u00f2n l\u1ea1i.<\/p>\n<h3><strong>B\u1ea3o qu\u1ea3n:<\/strong><\/h3>\n<p>&#8211; Tr\u00e1nh n\u01b0\u1edbc.<\/p>\n<p>&#8211; B\u1ea3o qu\u1ea3n n\u01a1i tho\u00e1ng m\u00e1t, tr\u00e1nh \u00e1nh n\u1eafng tr\u1ef1c ti\u1ebfp.<\/p>\n<p>&nbsp;<\/p>\n","protected":false},"excerpt":{"rendered":"<p><b>Th\u1eadt l\u00e0 nh\u1ea5t!<\/b><\/p>\n<p>L\u1ea5y c\u1ea3m h\u1ee9ng h\u01b0\u01a1ng v\u1ecb t\u1eeb M\u1eb9 Thi\u00ean Nhi\u00ean, Sir\u00f4 Rich\u2019s l\u00e0 s\u1ef1 tinh t\u00fay \u0111\u01b0\u1ee3c ch\u1eaft l\u1ecdc t\u1eeb c\u00e2y tr\u00e1i, hoa c\u1ecf, v\u00e0 s\u1ee9c s\u1ed1ng c\u1ee7a v\u00f9ng \u0111\u1ea5t Franche-Comt\u00e9, \u0111em \u0111\u1ebfn h\u01b0\u01a1ng v\u1ecb sir\u00f4 t\u1ef1 nhi\u00ean, th\u01a1m ngon v\u00e0 \u0111\u1ed9c \u0111\u00e1o.<\/p>\n<p>\u0110\u01b0\u1ee3c s\u1ea3n xu\u1ea5t theo c\u00f4ng th\u1ee9c gia truy\u1ec1n b\u1edfi c\u00e1c b\u1eadc th\u1ea7y v\u1ec1 si-r\u00f4 t\u1ea1i ng\u00f4i l\u00e0ng Morteau tr\u00ean m\u1ed9t v\u00f9ng n\u00fai cao c\u1ee7a n\u01b0\u1edbc Ph\u00e1p, b\u00ed m\u1eadt l\u00e0m n\u00ean h\u01b0\u01a1ng v\u1ecb t\u1ef1 nhi\u00ean v\u00e0 ri\u00eang bi\u1ec7t c\u1ee7a Sir\u00f4 Rich\u2019s ch\u00ednh l\u00e0 \u201cs\u1ef1 tr\u00e2n tr\u1ecdng nh\u1eefng gi\u00e1 tr\u1ecb truy\u1ec1n th\u1ed1ng v\u00e0 nh\u1eefng g\u00ec ch\u00e2n th\u1eadt nh\u1ea5t.\u201d<\/p>\n<p>N\u1ebfu b\u1ea1n l\u00e0 ng\u01b0\u1edd<span class=\"text_exposed_show\">i \u0111am m\u00ea pha ch\u1ebf, y\u00eau nh\u1eefng g\u00ec thu\u1ed9c v\u1ec1 thi\u00ean nhi\u00ean v\u00e0 tr\u00e2n qu\u00fd n\u00e9t \u0111\u1eb9p c\u1ed5 \u0111i\u1ec3n, l\u00e3ng m\u1ea1n c\u1ee7a Ph\u00e1p, h\u00e3y \u0111\u1ec3 Sir\u00f4 Rich\u2019s mang l\u1ea1i c\u1ea3m h\u1ee9ng cho nh\u1eefng t\u00e1c ph\u1ea9m c\u1ee7a b\u1ea1n.<\/span><\/p>\n<p>M\u1eddi b\u1ea1n d\u00f9ng th\u1eed v\u00e0 c\u1ea3m nh\u1eadn h\u01b0\u01a1ng v\u1ecb tuy\u1ec7t h\u1ea3o!<\/p>\n<p>&nbsp;<\/p>\n","protected":false},"featured_media":2262,"comment_status":"open","ping_status":"closed","template":"","meta":[],"product_cat":[77,82],"product_tag":[340,342,341],"_links":{"self":[{"href":"https:\/\/demo.bmconnect.vn\/saoviet\/wp-json\/wp\/v2\/product\/2261"}],"collection":[{"href":"https:\/\/demo.bmconnect.vn\/saoviet\/wp-json\/wp\/v2\/product"}],"about":[{"href":"https:\/\/demo.bmconnect.vn\/saoviet\/wp-json\/wp\/v2\/types\/product"}],"replies":[{"embeddable":true,"href":"https:\/\/demo.bmconnect.vn\/saoviet\/wp-json\/wp\/v2\/comments?post=2261"}],"wp:featuredmedia":[{"embeddable":true,"href":"https:\/\/demo.bmconnect.vn\/saoviet\/wp-json\/wp\/v2\/media\/2262"}],"wp:attachment":[{"href":"https:\/\/demo.bmconnect.vn\/saoviet\/wp-json\/wp\/v2\/media?parent=2261"}],"wp:term":[{"taxonomy":"product_cat","embeddable":true,"href":"https:\/\/demo.bmconnect.vn\/saoviet\/wp-json\/wp\/v2\/product_cat?post=2261"},{"taxonomy":"product_tag","embeddable":true,"href":"https:\/\/demo.bmconnect.vn\/saoviet\/wp-json\/wp\/v2\/product_tag?post=2261"}],"curies":[{"name":"wp","href":"https:\/\/api.w.org\/{rel}","templated":true}]}}