{"id":2259,"date":"2017-12-13T11:58:40","date_gmt":"2017-12-13T04:58:40","guid":{"rendered":"https:\/\/demo.bmconnect.vn\/saoviet\/?post_type=product&#038;p=2259"},"modified":"2017-12-14T11:14:56","modified_gmt":"2017-12-14T04:14:56","slug":"siro-syrup-syrop-bac-ha-huu-co-richs","status":"publish","type":"product","link":"https:\/\/demo.bmconnect.vn\/saoviet\/product\/siro-syrup-syrop-bac-ha-huu-co-richs\/","title":{"rendered":"Siro b\u1ea1c h\u00e0 h\u1eefu c\u01a1 richs"},"content":{"rendered":"<h2><strong>B\u1ea1c h\u00e0 h\u1eefu c\u01a1 &#8211; siro thi\u00ean nhi\u00ean richs<\/strong><\/h2>\n<h3><strong>\u0110\u1eb7c t\u00ednh n\u1ed5i b\u1eadt s\u1ea3n ph\u1ea9m:<\/strong><\/h3>\n<h4><strong>H\u01b0\u01a1ng v\u1ecb<\/strong><\/h4>\n<p>H\u01b0\u01a1ng th\u01a1m b\u1ea1c h\u00e0 t\u1eeb t\u1ef1 nhi\u00ean, nh\u1eb9 d\u1ecbu kh\u00f4ng l\u00e0m \u00e1t m\u00f9i th\u1ee9c u\u1ed1ng c\u1ee7a b\u1ea1n.<\/p>\n<p><strong style=\"color: #333333; font-size: 14.4px;\">M\u00e0u s\u1eafc<\/strong><\/p>\n<p>M\u00e0u tr\u1eafng h\u01a1i ng\u00e0 v\u00e0ng chi\u1ebft xu\u1ea5t t\u1eeb l\u00e1 b\u1ea1c h\u00e0.<\/p>\n<h4><strong>Tr\u1ea1ng th\u00e1i<\/strong><\/h4>\n<p>Dung d\u1ecbch tr\u1ea1ng th\u00e1i s\u1ec7t.<\/p>\n<h3><strong>C\u00f4ng d\u1ee5ng<\/strong><\/h3>\n<p>\u2013 T\u1eadn h\u01b0\u1edfng v\u1ecb tr\u00e1i c\u00e2y, h\u01b0\u01a1ng hoa qu\u1ea3 t\u1ef1 nhi\u00ean trong th\u1ee9c u\u1ed1ng c\u1ee7a b\u1ea1n.<\/p>\n<p>\u2013 Pha ch\u1ebf th\u1ee9c u\u1ed1ng tinh t\u1ebf, t\u0103ng \u0111\u1ed9 h\u1ea5p d\u1eabn cho th\u00e0nh ph\u1ea9m c\u1ee7a b\u1ea1n t\u1eeb nh\u1eefng nguy\u00ean li\u1ec7u t\u1ef1 nhi\u00ean nh\u1ea5t.<\/p>\n<h3><strong>\u01afu \u0111i\u1ec3m<\/strong><\/h3>\n<p>\u2013 S\u1ea3n ph\u1ea9m \u0111\u01b0\u1ee3c l\u1ea5y c\u1ea3m h\u1ee9ng t\u1eeb tinh ch\u1ea5t tr\u00e1i c\u00e2y t\u01b0\u01a1i th\u01a1m ngon v\u00e0 b\u1ed5 d\u01b0\u1ee1ng.<\/p>\n<p>\u2013 M\u00e0u s\u1eafc v\u00e0 h\u01b0\u01a1ng v\u1ecb tr\u00e1i c\u00e2y t\u1ef1 nhi\u00ean<\/p>\n<p>\u2013 Th\u01a1m ngon, b\u1eaft m\u1eaft<\/p>\n<p>\u2013 S\u1eed d\u1ee5ng d\u1ec5 d\u00e0ng.<\/p>\n<p>\u2013 \u0110\u00e1p \u1ee9ng ti\u00eau chu\u1ea9n h\u1ec7 th\u1ed1ng qu\u1ea3n l\u00fd ch\u1ea5t l\u01b0\u1ee3ng ISO 9001, v\u00e0 h\u1ec7 th\u1ed1ng qu\u1ea3n l\u00fd th\u1ef1c ph\u1ea9m ISO 22000.<\/p>\n<p>\u2013 Cam k\u1ebft ch\u1ea5t l\u01b0\u1ee3ng v\u1ec7 sinh an to\u00e0n th\u1ef1c ph\u1ea9m h\u01b0\u1edbng \u0111\u1ebfn s\u1ee9c kh\u1ecfe kh\u00e1ch h\u00e0ng ng\u01b0\u1eddi ti\u00eau d\u00f9ng.<\/p>\n<h3><strong>Tr\u1ecdng l\u01b0\u1ee3ng:<\/strong><\/h3>\n<p>\u0110\u00f3ng chai 1 l\u00edt<\/p>\n<h3><strong>Xu\u1ea5t x\u1ee9:<\/strong><\/h3>\n<p>S\u1ea3n xu\u1ea5t t\u1ea1i Ph\u00e1p.<\/p>\n<h3><strong>Th\u00e0nh ph\u1ea7n:<\/strong><\/h3>\n<p>\u0110\u01b0\u1eddng, qu\u1ea3 d\u00e2u t\u00e2y (nhi\u1ec1u h\u01a1n 20%), ch\u1ea5t l\u00e0m d\u00e0y (hydroxypropyl Distarch phosphate 1442), n\u01b0\u1edbc \u00e9p d\u00e2y t\u00e2y c\u00f4 \u0111\u1eb7c, ch\u1ea5t \u1ed5n \u0111\u1ecbnh (locust bean gum 410), agar 406, h\u01b0\u01a1ng t\u1ed5ng h\u1ee3p, n\u01b0\u1edbc \u00e9p chanh c\u00f4 \u0111\u1eb7c. Ch\u1ea5t b\u1ea3o qu\u1ea3n (potassium sorbate 202, ch\u1ea5t ch\u1ed1ng oxy h\u00f3a (citric acid 330), mu\u1ed1i, m\u00e0u t\u1ed5ng h\u1ee3p (ponceau 4r (124)), n\u01b0\u1edbc \u00e9p qu\u1ea3 c\u00e2y c\u01a1m ch\u00e1y c\u00f4 \u0111\u1eb7c.<\/p>\n<h3><strong>H\u01b0\u1edbng d\u1eabn s\u1eed d\u1ee5ng:<\/strong><\/h3>\n<p>S\u1ea3n ph\u1ea9m linh ho\u1ea1t trong \u1ee9ng d\u1ee5ng, ti\u1ec7n l\u1ee3i v\u00e0 d\u1ec5 s\u1eed d\u1ee5ng. B\u1ea1n c\u00f3 th\u1ec3 t\u1ef1 do s\u00e1ng t\u1ea1o theo s\u1edf th\u00edch.<\/p>\n<p>S\u1eed d\u1ee5ng ngay khi m\u1edf n\u1eafp. D\u00f9ng d\u1ee5ng c\u1ee5 s\u1ea1ch \u0111\u1ec3 m\u00fac ra th\u1ed1 nh\u1ecf \u0111\u1ec3 s\u1eed d\u1ee5ng. \u0110\u00f3ng ch\u1eb7t n\u1eafp v\u00e0 l\u01b0u tr\u1eef b\u1ea3o qu\u1ea3n trong t\u1ee7 m\u00e1t ph\u1ea7n c\u00f2n l\u1ea1i.<\/p>\n<h3><strong>B\u1ea3o qu\u1ea3n:<\/strong><\/h3>\n<p>\u2013 Tr\u00e1nh n\u01b0\u1edbc.<\/p>\n<p>\u2013 B\u1ea3o qu\u1ea3n n\u01a1i tho\u00e1ng m\u00e1t, tr\u00e1nh \u00e1nh n\u1eafng tr\u1ef1c ti\u1ebfp.<\/p>\n<p>&nbsp;<\/p>\n","protected":false},"excerpt":{"rendered":"<p><b>Th\u1eadt l\u00e0 nh\u1ea5t!<\/b><\/p>\n<p>\u0110\u01b0\u1ee3c ch\u1ebf bi\u1ebfn t\u1eeb ngu\u1ed3n tr\u00e1i c\u00e2y ch\u1ecdn l\u1ecdc v\u00e0 nguy\u00ean li\u1ec7u cao c\u1ea5p, <strong>M\u1ee9t nh\u00e2n c\u00f3 x\u00e1c tr\u00e1i c\u00e2y t\u01b0\u01a1i c\u00f9a Rich&#8217;s<\/strong> c\u00f3 v\u1ecb th\u01a1m ngon t\u1ef1 nhi\u00ean, d\u1ec5 d\u00e0ng l\u00e0m xi\u00eau l\u00f2ng c\u00e1c kh\u00e1ch h\u00e0ng kh\u00f3 t\u00ednh nh\u1ea5t.<\/p>\n<p>M\u1eddi b\u1ea1n d\u00f9ng th\u1eed v\u00e0 c\u1ea3m nh\u1eadn h\u01b0\u01a1ng v\u1ecb tuy\u1ec7t h\u1ea3o!<\/p>\n<p>&nbsp;<\/p>\n","protected":false},"featured_media":2260,"comment_status":"open","ping_status":"closed","template":"","meta":[],"product_cat":[77,82],"product_tag":[205],"_links":{"self":[{"href":"https:\/\/demo.bmconnect.vn\/saoviet\/wp-json\/wp\/v2\/product\/2259"}],"collection":[{"href":"https:\/\/demo.bmconnect.vn\/saoviet\/wp-json\/wp\/v2\/product"}],"about":[{"href":"https:\/\/demo.bmconnect.vn\/saoviet\/wp-json\/wp\/v2\/types\/product"}],"replies":[{"embeddable":true,"href":"https:\/\/demo.bmconnect.vn\/saoviet\/wp-json\/wp\/v2\/comments?post=2259"}],"wp:featuredmedia":[{"embeddable":true,"href":"https:\/\/demo.bmconnect.vn\/saoviet\/wp-json\/wp\/v2\/media\/2260"}],"wp:attachment":[{"href":"https:\/\/demo.bmconnect.vn\/saoviet\/wp-json\/wp\/v2\/media?parent=2259"}],"wp:term":[{"taxonomy":"product_cat","embeddable":true,"href":"https:\/\/demo.bmconnect.vn\/saoviet\/wp-json\/wp\/v2\/product_cat?post=2259"},{"taxonomy":"product_tag","embeddable":true,"href":"https:\/\/demo.bmconnect.vn\/saoviet\/wp-json\/wp\/v2\/product_tag?post=2259"}],"curies":[{"name":"wp","href":"https:\/\/api.w.org\/{rel}","templated":true}]}}