{"id":2167,"date":"2017-12-07T10:52:48","date_gmt":"2017-12-07T03:52:48","guid":{"rendered":"https:\/\/demo.bmconnect.vn\/saoviet\/?post_type=product&#038;p=2167"},"modified":"2017-12-07T11:18:06","modified_gmt":"2017-12-07T04:18:06","slug":"phu-bong-glaze-trong-neutral-mirror-richs","status":"publish","type":"product","link":"https:\/\/demo.bmconnect.vn\/saoviet\/product\/phu-bong-glaze-trong-neutral-mirror-richs\/","title":{"rendered":"Ph\u1ee7 b\u00f3ng glaze trong neutral mirror richs"},"content":{"rendered":"<h2><strong>Neutral mirror &#8211; ph\u1ee7 b\u00f3ng glaze trong rich&#8217;s<\/strong><\/h2>\n<h3><strong>\u0110\u1eb7c t\u00ednh n\u1ed5i b\u1eadt s\u1ea3n ph\u1ea9m:<\/strong><\/h3>\n<h4><strong>H\u01b0\u01a1ng v\u1ecb<\/strong><\/h4>\n<p>H\u01b0\u01a1ng th\u01a1m t\u1ef1 nhi\u00ean, nh\u1eb9 d\u1ecbu kh\u00f4ng l\u00e0m \u00e1t m\u00f9i s\u1ea3n ph\u1ea9m c\u1ee7a b\u1ea1n<\/p>\n<h4><strong>M\u00e0u s\u1eafc<\/strong><\/h4>\n<p>Tr\u1eafng trong su\u1ed1t d\u1ea1ng gel.<\/p>\n<h3><strong>C\u00f4ng d\u1ee5ng<\/strong><\/h3>\n<p>&#8211; C\u00e1c lo\u1ea1i tr\u00e1ng mi\u1ec7ng, tr\u00e1i c\u00e2y v\u00e0 b\u00e1nh th\u00e0nh ph\u1ea9m s\u1ebd thu h\u00fat v\u00e0 b\u1eaft m\u1eaft h\u01a1n khi kho\u00e1c b\u00ean ngo\u00e0i l\u1edbp \u00e1o trong su\u1ed1t, b\u00f3ng m\u01b0\u1ee3t, t\u01b0\u01a1i m\u1edbi. V\u00ec th\u1ebf, s\u1ea3n ph\u1ea9m c\u1ee7a b\u1ea1n tr\u00f4ng s\u1ebd ngon mi\u1ec7ng, sang tr\u1ecdng h\u01a1n h\u1eb3n.<\/p>\n<p>&#8211; Duy tr\u00ec \u0111\u1ed9 m\u1ec1m m\u1ecbn, t\u01b0\u01a1i ngon c\u0169ng nh\u01b0 t\u0103ng \u0111\u1ed9 b\u1ec1n cho c\u00e1c lo\u1ea1i tr\u00e1ng mi\u1ec7ng, tr\u00e1i c\u00e2y v\u00e0 b\u00e1nh th\u00e0nh ph\u1ea9m khi \u0111\u01b0\u1ee3c b\u1ea3o qu\u1ea3n trong t\u1ee7 m\u00e1t.<\/p>\n<p>&#8211; S\u1ea3n ph\u1ea9m c\u1ee7a b\u1ea1n s\u1ebd gi\u1eef \u0111\u01b0\u1ee3c \u0111\u1ed9 t\u01b0\u01a1i m\u1edbi v\u00e0 kh\u00f4ng b\u1ecb kh\u00f4 b\u1ec1 m\u1eb7t nh\u01b0 th\u00f4ng th\u01b0\u1eddng v\u00ec m\u1ea5t n\u01b0\u1edbc.<\/p>\n<h3><strong>\u01afu \u0111i\u1ec3m<\/strong><\/h3>\n<p>&#8211; Gi\u00e1 c\u1ea3 c\u1ea1nh tranh mang l\u1ea1i t\u00ednh kinh t\u1ebf.<\/p>\n<p>&#8211; Trong su\u1ed1t, l\u00e0m t\u0103ng \u0111\u1ed9 b\u00f3ng m\u01b0\u1ee3t, h\u1ea5p d\u1eabn c\u1ee7a th\u00e0nh ph\u1ea9m.<\/p>\n<p>&#8211; M\u1ecbn m\u00e0ng, s\u1ea3n ph\u1ea9m kh\u00f4ng v\u00f3n c\u1ee5c, kh\u00f4ng b\u1ecdt kh\u00ed.<\/p>\n<p>&#8211; \u1ed4n \u0111\u1ecbnh, an to\u00e0n, d\u1ec5 s\u1eed d\u1ee5ng, \u0111a \u1ee9ng d\u1ee5ng.<\/p>\n<p>&#8211; <strong>Ph\u1ee7 b\u00f3ng glaze trong c\u1ee7a Rich&#8217;s<\/strong>\u00a0\u0111\u01b0\u1ee3c s\u1ea3n xu\u1ea5t trong quy tr\u00ecnh kh\u00e9p k\u00edn v\u00e0 tu\u00e2n th\u1ee7 \u0111\u1ea7y \u0111\u1ee7 quy tr\u00ecnh an to\u00e0n v\u1ec7 sinh th\u1ef1c ph\u1ea9m, kh\u00f4ng ch\u1ee9a c\u00e1c ch\u1ea5t b\u1ea3o qu\u1ea3n \u0111\u1ed9c h\u1ea1i.<\/p>\n<p>&#8211; Cam k\u1ebft ch\u1ea5t l\u01b0\u1ee3ng v\u1ec7 sinh an to\u00e0n th\u1ef1c ph\u1ea9m h\u01b0\u1edbng \u0111\u1ebfn s\u1ee9c kh\u1ecfe kh\u00e1ch h\u00e0ng ng\u01b0\u1eddi ti\u00eau d\u00f9ng.<\/p>\n<h3><strong>Tr\u1ecdng l\u01b0\u1ee3ng:<\/strong><\/h3>\n<p>\u0110\u00f3ng h\u1ed9p 2.5kg\/x\u00f4<\/p>\n<h3><strong>Xu\u1ea5t x\u1ee9:<\/strong><\/h3>\n<p>C\u00f4ng ngh\u1ec7 M\u1ef9 \u0111\u01b0\u1ee3c s\u1ea3n xu\u1ea5t t\u1ea1i Vi\u1ec7t Nam.<\/p>\n<h3><strong>Th\u00e0nh ph\u1ea7n:<\/strong><\/h3>\n<p>\u0110\u01b0\u1eddng, N\u01b0\u1edbc, M\u1ea1ch nha, Ch\u1ea5t nh\u0169 h\u00f3a (Glycerine (422), Pectin (440a)), Ch\u1ea5t ch\u1ed1ng oxy h\u00f3a (Citric Acid (330), Sodium Citrate (331i), Ch\u1ea5t \u1ed5n \u0111\u1ecbnh (Agar (406), Carrageenan (407), Locust Bean Gum (410), Carboxy Methylcellulose (466)), Ch\u1ea5t b\u1ea3o qu\u1ea3n (Potassium Sorbate (202)), N\u01b0\u1edbc \u00e9p t\u00e1o c\u00f4 \u0111\u1eb7c<\/p>\n<h3><strong>H\u01b0\u1edbng d\u1eabn s\u1eed d\u1ee5ng:<\/strong><\/h3>\n<p>&#8211; S\u1eed d\u1ee5ng tr\u1ef1c ti\u1ebfp s\u1ea3n ph\u1ea9m ph\u1ee7 b\u00f3ng, kh\u00f4ng c\u1ea7n th\u00eam n\u01b0\u1edbc.<\/p>\n<p>&#8211; B\u1ea1n d\u00f9ng d\u1ee5ng c\u1ee5 s\u1ea1ch \u0111\u1ec3 m\u00fac ra t\u00f4 cho m\u1ed7i l\u1ea7n s\u1eed d\u1ee5ng. Sau \u0111\u00f3, khu\u1ea5y nh\u1eb9 \u0111\u1ebfn khi \u0111\u1ea1t \u0111\u1ed9 s\u00e1nh \u0111\u1eb7c nh\u01b0 mong mu\u1ed1n. Ph\u1ee7 \u0111\u1ec1u l\u00ean b\u1ec1 m\u1eb7t b\u00e1nh, m\u00f3n tr\u00e1ng mi\u1ec7ng ho\u1eb7c nh\u00fang tr\u1ef1c ti\u1ebfp tr\u00e1i c\u00e2y \u0111\u1ec3 b\u1ea3o qu\u1ea3n gi\u1eef tr\u00e1i c\u00e2y t\u01b0\u01a1i l\u00e2u h\u01a1n, b\u1eaft m\u1eaft, b\u00f3ng b\u1ea9y.<\/p>\n<p>&#8211; B\u1ea1n c\u0169ng c\u00f3 th\u1ec3 s\u1eed d\u1ee5ng <strong>ph\u1ee7 b\u00f3ng Rich&#8217;s\u00a0<\/strong>trong \u1ee9ng d\u1ee5ng ph\u1ee7 ganache tr\u00e1ng g\u01b0\u01a1ng m\u1eb7t b\u00e1nh.<\/p>\n<h3><strong>B\u1ea3o qu\u1ea3n:<\/strong><\/h3>\n<p>&#8211; Tr\u00e1nh n\u01b0\u1edbc.<\/p>\n<p>&#8211; B\u1ea3o qu\u1ea3n n\u01a1i tho\u00e1ng m\u00e1t, tr\u00e1nh \u00e1nh n\u1eafng tr\u1ef1c ti\u1ebfp.<\/p>\n<p>&nbsp;<\/p>\n","protected":false},"excerpt":{"rendered":"<p><strong>\u2013 M\u1ee9t ph\u1ee7 m\u1eb7t trang tr\u00ed topping Berrino\u00a0<\/strong>l\u00e0 s\u1ea3n ph\u1ea9m m\u1ee9t trang tr\u00ed \u0111\u1ea7u ti\u00ean c\u00f3 ch\u1ee9a 5% tinh ch\u1ea5t tr\u00e1i c\u00e2y.<\/p>\n<p>&#8211; S\u1ea3n ph\u1ea9m m\u00e0u s\u1eafc t\u1ef1 nhi\u00ean v\u00e0 c\u00f3 th\u00eam tinh ch\u1ea5t tr\u00e1i c\u00e2y t\u01b0\u01a1i n\u00ean h\u01b0\u01a1ng v\u1ecb m\u1ee9t s\u1ed1ng \u0111\u1ed9ng h\u01a1n (kh\u00f4ng \u0111\u01a1n thu\u1ea7n ch\u1ec9 l\u00e0 m\u00e0u m\u1ee9t \u0111\u1eb9p trang tr\u00ed).<\/p>\n<p>\u2013 S\u1ea3n ph\u1ea9m th\u00edch h\u1ee3p ph\u1ee7 m\u1eb7t b\u00e1nh, trang tr\u00ed b\u00e1nh, t\u0103ng th\u00eam ph\u1ea7n h\u1ea5p d\u1eabn, b\u1eaft m\u1eaft cho m\u00f3n b\u00e1nh c\u1ee7a b\u1ea1n.<\/p>\n<p>\u2013 \u0110\u00f3ng h\u1ed9p nh\u1ecf 1kg ti\u1ec7n d\u1ee5ng.<\/p>\n","protected":false},"featured_media":2168,"comment_status":"open","ping_status":"closed","template":"","meta":[],"product_cat":[200,18,60],"product_tag":[320,319,318],"_links":{"self":[{"href":"https:\/\/demo.bmconnect.vn\/saoviet\/wp-json\/wp\/v2\/product\/2167"}],"collection":[{"href":"https:\/\/demo.bmconnect.vn\/saoviet\/wp-json\/wp\/v2\/product"}],"about":[{"href":"https:\/\/demo.bmconnect.vn\/saoviet\/wp-json\/wp\/v2\/types\/product"}],"replies":[{"embeddable":true,"href":"https:\/\/demo.bmconnect.vn\/saoviet\/wp-json\/wp\/v2\/comments?post=2167"}],"wp:featuredmedia":[{"embeddable":true,"href":"https:\/\/demo.bmconnect.vn\/saoviet\/wp-json\/wp\/v2\/media\/2168"}],"wp:attachment":[{"href":"https:\/\/demo.bmconnect.vn\/saoviet\/wp-json\/wp\/v2\/media?parent=2167"}],"wp:term":[{"taxonomy":"product_cat","embeddable":true,"href":"https:\/\/demo.bmconnect.vn\/saoviet\/wp-json\/wp\/v2\/product_cat?post=2167"},{"taxonomy":"product_tag","embeddable":true,"href":"https:\/\/demo.bmconnect.vn\/saoviet\/wp-json\/wp\/v2\/product_tag?post=2167"}],"curies":[{"name":"wp","href":"https:\/\/api.w.org\/{rel}","templated":true}]}}