{"id":2107,"date":"2017-12-06T14:58:35","date_gmt":"2017-12-06T07:58:35","guid":{"rendered":"https:\/\/demo.bmconnect.vn\/saoviet\/?post_type=product&#038;p=2107"},"modified":"2017-12-11T11:41:15","modified_gmt":"2017-12-11T04:41:15","slug":"may-thai-thit-tu-dong-sl-300es","status":"publish","type":"product","link":"https:\/\/demo.bmconnect.vn\/saoviet\/product\/may-thai-thit-tu-dong-sl-300es\/","title":{"rendered":"M\u00e1y th\u00e1i th\u1ecbt t\u1ef1 \u0111\u1ed9ng SL-300ES"},"content":{"rendered":"<h2><b>(SL &#8211; 300es) m\u00e1y th\u00e1i th\u1ecbt t\u1ef1 \u0111\u1ed9ng<\/b><\/h2>\n<h3><strong>\u0110\u1eb7c t\u00ednh s\u1ea3n ph\u1ea9m:<\/strong><\/h3>\n<h4><strong>Model m\u00e1y<\/strong><\/h4>\n<p>SL &#8211; 300es<\/p>\n<h4><strong>M\u00e0u s\u1eafc<\/strong><\/h4>\n<p>M\u00e1y c\u00f3 m\u00e0u tr\u1eafng ch\u1ee7 \u0111\u1ea1o c\u1ee7a h\u1ee3p kim nh\u00f4m s\u00e1ng lo\u00e1ng ch\u1eafn ch\u1eafn v\u00e0 n\u00fam \u0111i\u1ec1u ch\u1ec9nh m\u00e0u \u0111en n\u1ed5i b\u1eadt.<\/p>\n<h4><strong>K\u00edch th\u01b0\u1edbc m\u00e1y<\/strong><\/h4>\n<p>530mm x 330mm x 460mm<\/p>\n<h4><strong>\u0110\u01b0\u1eddng k\u00ednh l\u01b0\u1ee1i dao<\/strong><\/h4>\n<p>L\u01b0\u1ee1i dao \u0111\u01b0\u1eddng k\u00ednh 300mm<\/p>\n<h4><strong>K\u00edch th\u01b0\u1edbc l\u00e1t c\u1eaft<\/strong><\/h4>\n<p>0 ~ 15mm<\/p>\n<h4><b>\u0110i\u1ec7n \u00e1p<\/b><\/h4>\n<p>Ngu\u1ed3n \u0111i\u1ec7n<strong>: 220v<\/strong><\/p>\n<h4><strong>C\u00f4ng su\u1ea5t<\/strong><\/h4>\n<p>250w\/h<\/p>\n<h4><strong>Tr\u1ecdng l\u01b0\u1ee3ng m\u00e1y<\/strong><\/h4>\n<p>24.5kg<\/p>\n<h3><strong>C\u00f4ng d\u1ee5ng<\/strong><\/h3>\n<p><strong>M\u00e1y th\u00e1i th\u1ecbt t\u1ef1 \u0111\u1ed9ng sl &#8211; 300es<\/strong> c\u00f3 th\u1ec3 th\u00e1i \u0111\u01b0\u1ee3c th\u1ecbt ch\u00edn, gi\u00f2 ch\u1ea3, th\u1ecbt \u0111\u00f4ng l\u1ea1nh, phomai&#8230; li\u00ean t\u1ee5c, \u0111\u1ec1u mi\u1ebfng, t\u1ed1c \u0111\u1ed9 nhanh, c\u00f4ng su\u1ea5t l\u1edbn.<\/p>\n<h3><strong>\u01afu \u0111i\u1ec3m<\/strong><\/h3>\n<p>&#8211; M\u00e1y ch\u1ea1y b\u1ec1n, \u00eam v\u00e0 \u0111\u1eb9p.<\/p>\n<p>&#8211; M\u00e1y c\u00f4ng su\u1ea5t l\u1edbn c\u1eaft \u0111\u01b0\u1ee3c kh\u1ed1i th\u1ecbt l\u1edbn h\u01a1n.<\/p>\n<p>&#8211; M\u00e1y \u0111\u01b0\u1ee3c l\u00e0m v\u1edbi ch\u1ea5t li\u1ec7u h\u1ee3p kim nh\u00f4m cao c\u1ea5p ch\u1ed1ng g\u1ec9, b\u1ec1n \u0111\u1eb9p m\u00e3i v\u1edbi th\u1eddi gian.<\/p>\n<p>&#8211; M\u00e1y c\u00f3 th\u1ec3 th\u00e1i l\u00e1t th\u1ecbt li\u00ean t\u1ee5c, ti\u1ebft ki\u1ec7m th\u1eddi gian, c\u00f4ng s\u1ee9c c\u1ee7a b\u1ea1n.<\/p>\n<p>&#8211; L\u00e1t th\u1ecbt c\u1eaft \u0111\u1ec1u. kh\u00f4ng b\u1ecb n\u00e1t, cu\u1ed9n tr\u00f2n \u0111\u1eb9p m\u1eaft.<\/p>\n<p>&#8211;\u00a0\u0110\u00e2y l\u00e0 lo\u1ea1i m\u00e1y \u0111ang r\u1ea5t \u0111\u01b0\u1ee3c \u01b0a chu\u1ed9ng v\u00ec c\u00f3 c\u1ea5u t\u1ea1o nh\u1ecf g\u1ecdn, d\u1ec5 s\u1eed d\u1ee5ng,d\u1ec5 v\u1ec7 sinh,t\u1ed1c \u0111\u1ed9 c\u1eaft c\u1ef1c nhanh v\u00e0 c\u00f3 th\u1ec3 \u0111i\u1ec1u ch\u1ec9nh s\u1ef1 d\u1ea7y m\u1ecfng c\u1ee7a l\u00e1t th\u1ecbt.<\/p>\n<h3><strong>Xu\u1ea5t x\u1ee9<\/strong><\/h3>\n<p>S\u1ea3n xu\u1ea5t t\u1ea1i Trung Qu\u1ed1c.<\/p>\n<h3><strong>H\u01b0\u1edbng d\u1eabn s\u1eed d\u1ee5ng<\/strong><\/h3>\n<p>&#8211; <strong>B\u01b0\u1edbc 1:<\/strong> B\u1ea1n \u0111\u01b0a mi\u1ebfng th\u1ecbt to \u0111\u01b0\u1ee3c c\u1ed1 \u0111\u1ecbnh d\u01b0\u1edbi c\u00e0ng b\u00e1m th\u1ecbt.<\/p>\n<p>&#8211; <strong>B\u01b0\u1edbc 2:<\/strong> Sau \u0111\u00f3, b\u1eadt c\u00f4ng t\u1eafc v\u00e0 d\u00f9ng tay \u0111\u1ea9y gi\u00e1 \u0111\u1ee1 th\u1ecbt ch\u1ea1y qua l\u01b0\u01a1i dao \u0111ang xoay tr\u00f2n.<\/p>\n<p>&#8211; <strong>B\u01b0\u1edbc 3:<\/strong> L\u00fac n\u00e0y b\u1ea1n s\u1ebd th\u1ea5y kh\u1ed1i th\u1ecbt \u0111\u01b0\u1ee3c th\u00e1i th\u00e0nh t\u1eebng l\u00e1t m\u1ecfng \u0111\u1ec1u nhau, th\u1edb th\u1ecbt kh\u00f4ng b\u1ecb n\u00e1t v\u1ee5n, l\u00e1t th\u1ecbt t\u1ef1 cu\u1ed9n tr\u00f2n \u0111\u1eb9p m\u1eaft v\u00e0 b\u1ea1n ch\u1ec9 c\u1ea7n \u0111\u1eb7t th\u00e0nh ph\u1ea9m c\u1ee7a m\u00ecnh ra \u0111\u0129a trang tr\u00ed.<\/p>\n<p>T\u01b0\u01a1ng t\u1ef1 \u0111\u1ed1i v\u1edbi c\u1eaft l\u00e1t phomai, gi\u00f2 ch\u1ea3&#8230;<\/p>\n<h3><strong>B\u1ea3o h\u00e0nh<\/strong><\/h3>\n<p>12 th\u00e1ng k\u1ec3 t\u1eeb ng\u00e0y Qu\u00fd kh\u00e1ch mua m\u00e1y.<\/p>\n<p><em><strong>L\u01b0u \u00fd:<\/strong><\/em><\/p>\n<p>&#8211;\u00a0C\u1ea3m gi\u00e1c n\u1eb7ng tay khi th\u00e1i c\u00f3 th\u1ec3 l\u00e0 do l\u01b0\u1ee1i dao m\u00f2n, b\u1ea1n m\u00e0i tr\u1ef1c ti\u1ebfp l\u01b0\u1ee1i dao b\u1eb1ng vi\u00ean \u0111\u00e1 m\u00e0i l\u1eafp ph\u00eda sau l\u01b0\u1ee1i dao.<\/p>\n<p>&#8211; Tuy nhi\u00ean, \u0111\u1ec3 \u0111\u1ea3m b\u1ea3o \u0111\u1ed9 b\u1ec1n ch\u1ec9 n\u00ean th\u00e1i kho\u1ea3ng 30Kg\/ ng\u00e0y.<\/p>\n<p>&#8211; M\u00e1y kh\u00f4ng th\u00e1i \u0111\u01b0\u1ee3c t\u01b0\u01a1i s\u1ed1ng. Th\u00e1i \u0111\u01b0\u1ee3c th\u1ecbt ch\u00edn, th\u1ecbt \u0111\u00f4ng l\u1ea1nh \u0111\u00e3 \u0111\u01b0\u1ee3c r\u00e3 \u0111\u00f4ng qua nh\u01b0ng trong th\u00e0nh ph\u1ea7n\u00a0<strong>kh\u00f4ng c\u00f3 l\u1eabn x\u01b0\u01a1ng, da, g\u00e2n, s\u1ee5n<\/strong>\u00a0nh\u01b0: l\u1ed7 tai heo, th\u1ecbt lu\u1ed9c c\u00f3 da, th\u1ecbt b\u00f2 l\u1eabn g\u00e2n\u2026<\/p>\n","protected":false},"excerpt":{"rendered":"<p>&#8211; T\u1eebng l\u00e1t th\u1ecbt m\u1ecfng tinh t\u1ebf kh\u1eb3ng \u0111\u1ecbnh phong c\u00e1ch chuy\u00ean nghi\u1ec7p &#8211; \u0111i\u1ec1u n\u00e0y t\u01b0\u1edfng ch\u1eebng ch\u1ec9 c\u00f3 \u00a0\u1edf ng\u01b0\u1eddi \u0111\u1ea7u b\u1ebfp t\u00e0i ba th\u00ec gi\u1edd \u0111\u00e2y b\u1ea1n ho\u00e0n to\u00e0n c\u00f3 th\u1ec3 l\u00e0m \u0111\u01b0\u1ee3c.<\/p>\n<p>&#8211; M\u1ed9t d\u00f2ng m\u00e1y c\u1eaft th\u1ecbt c\u00f3 th\u1ec3 th\u00e1i \u0111\u01b0\u1ee3c th\u1ecbt ch\u00edn, gi\u00f2 ch\u1ea3, th\u1ecbt \u0111\u00f4ng l\u1ea1nh, phomai&#8230; ti\u1ec7n l\u1ee3i h\u01a1n n\u1eefa l\u00e0 c\u00f3 th\u1ec3 t\u00f9y ch\u1ec9nh \u0111\u01b0\u1ee3c \u0111\u1ed9 d\u00e0y l\u00e1t c\u1eaft linh ho\u1ea1t, \u0111\u1ec1u t\u0103m t\u1eafp, c\u00f4ng su\u1ea5t l\u1edbn, ti\u1ebft ki\u1ec7m th\u1eddi gian, c\u00f4ng s\u1ee9c c\u1ee7a b\u1ea1n l\u00e0 gi\u1ea3i ph\u00e1p ho\u00e0n h\u1ea3o cho c\u00e1c b\u1ebfp \u0103n c\u00f4ng nghi\u1ec7p, nh\u00e0 h\u00e0ng, kh\u00e1ch s\u1ea1n, qu\u00e1n l\u1ea9u n\u01b0\u1edbng hi\u1ec7n \u0111\u1ea1i.<\/p>\n","protected":false},"featured_media":2218,"comment_status":"open","ping_status":"closed","template":"","meta":[],"product_cat":[270,298],"product_tag":[336,335],"_links":{"self":[{"href":"https:\/\/demo.bmconnect.vn\/saoviet\/wp-json\/wp\/v2\/product\/2107"}],"collection":[{"href":"https:\/\/demo.bmconnect.vn\/saoviet\/wp-json\/wp\/v2\/product"}],"about":[{"href":"https:\/\/demo.bmconnect.vn\/saoviet\/wp-json\/wp\/v2\/types\/product"}],"replies":[{"embeddable":true,"href":"https:\/\/demo.bmconnect.vn\/saoviet\/wp-json\/wp\/v2\/comments?post=2107"}],"wp:featuredmedia":[{"embeddable":true,"href":"https:\/\/demo.bmconnect.vn\/saoviet\/wp-json\/wp\/v2\/media\/2218"}],"wp:attachment":[{"href":"https:\/\/demo.bmconnect.vn\/saoviet\/wp-json\/wp\/v2\/media?parent=2107"}],"wp:term":[{"taxonomy":"product_cat","embeddable":true,"href":"https:\/\/demo.bmconnect.vn\/saoviet\/wp-json\/wp\/v2\/product_cat?post=2107"},{"taxonomy":"product_tag","embeddable":true,"href":"https:\/\/demo.bmconnect.vn\/saoviet\/wp-json\/wp\/v2\/product_tag?post=2107"}],"curies":[{"name":"wp","href":"https:\/\/api.w.org\/{rel}","templated":true}]}}