{"id":2105,"date":"2017-12-06T14:53:46","date_gmt":"2017-12-06T07:53:46","guid":{"rendered":"https:\/\/demo.bmconnect.vn\/saoviet\/?post_type=product&#038;p=2105"},"modified":"2017-12-11T14:38:14","modified_gmt":"2017-12-11T07:38:14","slug":"may-danh-bot","status":"publish","type":"product","link":"https:\/\/demo.bmconnect.vn\/saoviet\/product\/may-danh-bot\/","title":{"rendered":"M\u00e1y \u0111\u00e1nh kem kingjoy 7 l\u00edt"},"content":{"rendered":"<h2><b>(B20L) m\u00e1y \u0111\u00e1nh kem b\u1ed9t tr\u1ee9ng \u0111\u1ea7u v\u00e0ng \u0111a n\u0103ng<\/b><\/h2>\n<h3><strong>\u0110\u1eb7c t\u00ednh s\u1ea3n ph\u1ea9m:<\/strong><\/h3>\n<h4><strong>Model m\u00e1y<\/strong><\/h4>\n<p>XYF-1HP<\/p>\n<h4><strong>H\u00e3ng s\u1ea3n xu\u1ea5t<\/strong><\/h4>\n<p>Hong Ling<\/p>\n<h4><strong>M\u00e0u s\u1eafc<\/strong><\/h4>\n<p>M\u00e1y c\u00f3 m\u00e0u tr\u1eafng ch\u1ee7 \u0111\u1ea1o th\u00e9p s\u00e1ng lo\u00e1ng ch\u1eafn ch\u1eafn v\u00e0 n\u00fam \u0111i\u1ec1u ch\u1ec9nh m\u00e0u \u0111en n\u1ed5i b\u1eadt.<\/p>\n<p>&nbsp;<\/p>\n<p>&nbsp;<\/p>\n<h4><strong>K\u00edch th\u01b0\u1edbc m\u00e1y<\/strong><\/h4>\n<p>1345 x 955 x 710mm<\/p>\n<p>K\u00edch th\u01b0\u1edbc khay n\u01b0\u1edbng<\/p>\n<p>400mm x 60mm<\/p>\n<h4><b>\u0110i\u1ec7n \u00e1p<\/b><\/h4>\n<p>Ngu\u1ed3n \u0111i\u1ec7n<strong>: 220\/ 380v \/50Hz<\/strong><\/p>\n<h4><strong>C\u00f4ng su\u1ea5t<\/strong><\/h4>\n<p>6Kw\/h<\/p>\n<h4><strong>Ph\u1ea1m vi nhi\u1ec7t \u0111\u1ed9\u00a0<\/strong><\/h4>\n<p>350\u00b0c<\/p>\n<h4><strong>Tr\u1ecdng l\u01b0\u1ee3ng m\u00e1y<\/strong><\/h4>\n<p>82kg<\/p>\n<h3><strong>C\u00f4ng d\u1ee5ng<\/strong><\/h3>\n<p><strong>L\u00f2 n\u01b0\u1edbng b\u00e1nh c\u00f4ng nghi\u1ec7p 1 t\u1ea7ng 2 khay XYF &#8211; 1HP<\/strong> ph\u00f9 h\u1ee3p n\u01b0\u1edbng b\u00e1nh gato, muffin, cupcake, cookie v\u00e0 nhi\u1ec1u d\u00f2ng b\u00e1nh kh\u00e1c&#8230;<\/p>\n<h3><strong>\u01afu \u0111i\u1ec3m<\/strong><\/h3>\n<p>&#8211; M\u00e1y ch\u1ea1y b\u1ec1n, \u00eam v\u00e0 \u0111\u1eb9p.<\/p>\n<p>&#8211; M\u00e1y \u0111\u01b0\u1ee3c l\u00e0m v\u1edbi ch\u1ea5t li\u1ec7u th\u00e9p cao c\u1ea5p ch\u1ed1ng g\u1ec9, b\u1ec1n \u0111\u1eb9p m\u00e3i v\u1edbi th\u1eddi gian.<\/p>\n<p>&#8211; M\u00e1y c\u00f3 \u0111\u1ed3ng h\u1ed3 h\u1eb9n gi\u1edd gi\u00fap b\u1ea1n canh \u0111\u01b0\u1ee3c th\u1eddi gian n\u01b0\u1edbng b\u00e1nh ch\u00ednh x\u00e1c. M\u00e1y c\u00f3 th\u00eam c\u1eeda t\u1ea3n gi\u00f3 linh ho\u1ea1t.<\/p>\n<p>&#8211; M\u00e1y \u0111\u01b0\u1ee3c trang b\u1ecb 15 thanh nhi\u1ec7t gi\u00fap nhi\u1ec7t \u0111\u1ec1u, lan t\u1ecfa m\u1ea1nh,<\/p>\n<p>&#8211; B\u1ea1n c\u00f3 bi\u1ebft: nhi\u1ec7t l\u00ean \u0111\u1ec1u chu\u1ea9n, gi\u00fap b\u00e1nh n\u1edf \u0111\u1eb9p bung l\u1ee5a t\u1eeb trong ra ngo\u00e0i &#8220;ch\u00edn \u0111\u1ec1u&#8221; m\u00e0u s\u1eafc b\u1eaft m\u1eaft, h\u01b0\u01a1ng th\u01a1m lan t\u1ecfa, h\u00f2a quy\u1ec7n.<\/p>\n<p>&#8211; S\u1ea3n ph\u1ea9m gi\u1eef nhi\u1ec7t t\u1ed1t n\u00ean b\u1ea1n ho\u00e0n to\u00e0n c\u00f3 th\u1ec3 ti\u1ebft ki\u1ec7m n\u0103ng l\u01b0\u1ee3ng \u0111i\u1ec7n.<\/p>\n<h3><strong>Xu\u1ea5t x\u1ee9<\/strong><\/h3>\n<p>S\u1ea3n xu\u1ea5t t\u1ea1i Trung Qu\u1ed1c.<\/p>\n<h3><strong>B\u1ea3o h\u00e0nh<\/strong><\/h3>\n<p>12 th\u00e1ng k\u1ec3 t\u1eeb ng\u00e0y Qu\u00fd kh\u00e1ch mua m\u00e1y.<\/p>\n","protected":false},"excerpt":{"rendered":"<p>.<\/p>\n<p>&nbsp;<\/p>\n","protected":false},"featured_media":2224,"comment_status":"open","ping_status":"closed","template":"","meta":[],"product_cat":[271,270],"product_tag":[315,316],"_links":{"self":[{"href":"https:\/\/demo.bmconnect.vn\/saoviet\/wp-json\/wp\/v2\/product\/2105"}],"collection":[{"href":"https:\/\/demo.bmconnect.vn\/saoviet\/wp-json\/wp\/v2\/product"}],"about":[{"href":"https:\/\/demo.bmconnect.vn\/saoviet\/wp-json\/wp\/v2\/types\/product"}],"replies":[{"embeddable":true,"href":"https:\/\/demo.bmconnect.vn\/saoviet\/wp-json\/wp\/v2\/comments?post=2105"}],"wp:featuredmedia":[{"embeddable":true,"href":"https:\/\/demo.bmconnect.vn\/saoviet\/wp-json\/wp\/v2\/media\/2224"}],"wp:attachment":[{"href":"https:\/\/demo.bmconnect.vn\/saoviet\/wp-json\/wp\/v2\/media?parent=2105"}],"wp:term":[{"taxonomy":"product_cat","embeddable":true,"href":"https:\/\/demo.bmconnect.vn\/saoviet\/wp-json\/wp\/v2\/product_cat?post=2105"},{"taxonomy":"product_tag","embeddable":true,"href":"https:\/\/demo.bmconnect.vn\/saoviet\/wp-json\/wp\/v2\/product_tag?post=2105"}],"curies":[{"name":"wp","href":"https:\/\/api.w.org\/{rel}","templated":true}]}}