{"id":2103,"date":"2017-12-06T14:53:00","date_gmt":"2017-12-06T07:53:00","guid":{"rendered":"https:\/\/demo.bmconnect.vn\/saoviet\/?post_type=product&#038;p=2103"},"modified":"2024-11-10T10:17:29","modified_gmt":"2024-11-10T03:17:29","slug":"tu-trung-bay-banh-chu-nhat-5-tang-zsf-1500b4","status":"publish","type":"product","link":"https:\/\/demo.bmconnect.vn\/saoviet\/product\/tu-trung-bay-banh-chu-nhat-5-tang-zsf-1500b4\/","title":{"rendered":"T\u1ee7 tr\u01b0ng b\u00e0y b\u00e1nh 5 t\u1ea7ng ch\u1eef nh\u1eadt (zsf-1500b4)"},"content":{"rendered":"<h2><strong>(ZSF-1500B4) &#8211; t\u1ee7 tr\u01b0ng b\u00e0y b\u00e1nh 5 t\u1ea7ng ch\u1eef nh\u1eadt<\/strong><\/h2>\n<h3><strong>\u0110\u1eb7c t\u00ednh s\u1ea3n ph\u1ea9m:<\/strong><\/h3>\n<h4><strong>Model m\u00e1y<\/strong><\/h4>\n<p>ZSF-1500B4<\/p>\n<h4><strong>M\u00e0u s\u1eafc<\/strong><\/h4>\n<p>T\u1ee7 tr\u01b0ng b\u00e0y b\u00e1nh c\u00f3 m\u00e0u n\u00e2u ch\u1ee7 \u0111\u1ea1o sang tr\u1ecdng. Thi\u1ebft k\u1ebf k\u00ednh trong su\u1ed1t tinh t\u1ebf.<\/p>\n<h4><strong>H\u00ecnh d\u00e1ng<\/strong><\/h4>\n<p>T\u1ee7 d\u00e1ng ch\u1eef nh\u1eadt, th\u1eafng \u0111\u1ee9ng \u0111\u01b0\u1ee3c thi\u1ebft k\u1ebf ki\u1ec3u d\u00e1ng sang tr\u1ecdng, b\u1eaft m\u1eaft, d\u1ec5 d\u00e0ng chi\u1ebfm thi\u1ec7n c\u1ea3m c\u1ee7a kh\u00e1ch h\u00e0ng ngay l\u1ea7n \u0111\u1ea7u ti\u00ean tr\u00f4ng th\u1ea5y m\u00e1y.<\/p>\n<h4><strong>K\u00edch th\u01b0\u1edbc<\/strong><\/h4>\n<p>1500mm x 685mm x 1800mm<\/p>\n<h4><b>\u0110i\u1ec7n \u00e1p<\/b><\/h4>\n<p>Ngu\u1ed3n \u0111i\u1ec7n<strong>: 220v<\/strong><\/p>\n<h4><strong>C\u00f4ng su\u1ea5t<\/strong><\/h4>\n<p>1.2Kw\/h<\/p>\n<h3><strong>C\u00f4ng d\u1ee5ng<\/strong><\/h3>\n<p>T\u1ee7\u00a0tr\u01b0ng b\u00e0y b\u00e1nh 5 t\u1ea7ng ch\u1eef nh\u1eadt 1.5m thu\u1eadn ti\u00ean, ti\u1ebft ki\u1ec7m kh\u00f4ng gian gi\u00fap b\u1ea1n tr\u01b0ng b\u00e0y v\u00e0 b\u1ea3o qu\u1ea3n nh\u1eefng chi\u1ebfc b\u00e1nh th\u01a1m ngon, \u0111\u1eb9p m\u1eaft.<\/p>\n<h3><strong>\u01afu \u0111i\u1ec3m<\/strong><\/h3>\n<p>&#8211; M\u00e1y ch\u1ea1y b\u1ec1n, \u00eam v\u00e0 \u0111\u1eb9p.<\/p>\n<p>&#8211;\u00a0H\u1ec7 th\u1ed1ng s\u01b0\u1edfi k\u00ednh ti\u00ean ti\u1ebfn gi\u00fap k\u00ednh kh\u00f4ng b\u1ecb \u0111\u1ecdng s\u01b0\u01a1ng, b\u1ea1n c\u00f3 th\u1ec3 tr\u00f4ng r\u00f5 c\u00e1c s\u1ea3n ph\u1ea9m \u0111\u01b0\u1ee3c tr\u01b0ng b\u00e0y b\u00ean trong t\u1ee7 m\u1ed9t c\u00e1ch d\u1ec5 d\u00e0ng.<\/p>\n<p>&#8211; \u0110\u1ed9 \u1ea9m v\u00e0 \u0111\u1ed9 m\u00e1t c\u1ee7a t\u1ee7 t\u1ed1t,gi\u00fap b\u1ea3o qu\u1ea3n b\u00e1nh \u0111\u01b0\u1ee3c l\u00e2u h\u01a1n v\u00e0 ti\u1ebft ki\u1ec7m \u0111i\u1ec7n.<\/p>\n<p>&#8211; K\u00ednh c\u00f3 c\u1ea5u t\u1ea1o 3 l\u1edbp v\u00e0 \u0111\u01b0\u1ee3c h\u00fat ch\u00e2n kh\u00f4ng,c\u00f4ng ngh\u1ec7 s\u1ea5y k\u00edn<span class=\"text_exposed_show\">h s\u1ee3i gi\u00fap s\u1ea5y nhanh kh\u00f4 h\u01a1n.<\/span><\/p>\n<p>&#8211; H\u1ec7 th\u1ed1ng \u0111\u00e8n led \u00e1nh s\u00e1ng huy\u1ec1n \u1ea3o, qu\u1ea1t gi\u00f3 ti\u00ean ti\u1ebfn.<\/p>\n<p>&#8211;\u00a0D\u1ec5 v\u1eadn h\u00e0nh, d\u1ec5 v\u1ec7 sinh, t\u1ee7 v\u1eadn h\u00e0nh v\u1edbi nhi\u1ec7t \u0111\u1ed9 \u1ed5n \u0111\u1ecbnh trong th\u1eddi gian d\u00e0i.<\/p>\n<p>&#8211; T\u1ee7 c\u00f3 5 t\u1ea7ng kh\u00f4ng gian r\u1ed9ng r\u00e3i n\u00ean b\u1ea1n c\u00f3 th\u1ec3 tho\u1ea3i m\u00e1i tr\u01b0ng b\u00e0y b\u00e1nh.<\/p>\n<h3><strong>Xu\u1ea5t x\u1ee9<\/strong><\/h3>\n<p>S\u1ea3n xu\u1ea5t t\u1ea1i Trung Qu\u1ed1c.<\/p>\n<h3><strong>B\u1ea3o h\u00e0nh<\/strong><\/h3>\n<p>12 th\u00e1ng k\u1ec3 t\u1eeb ng\u00e0y Qu\u00fd kh\u00e1ch mua m\u00e1y.<\/p>\n","protected":false},"excerpt":{"rendered":"<p>&#8211; B\u00e1nh kem, b\u00e1nh b\u00f4ng lan, gato.. \u0111\u1ec1u l\u00e0 nh\u1eefng lo\u1ea1i b\u00e1nh th\u01a1m ngon l\u00e0m say \u0111\u1eafm l\u00f2ng ng\u01b0\u1eddi. \u0110\u1ec3 b\u00e1nh lu\u00f4n t\u01b0\u01a1i ngon th\u00ec vi\u1ec7c b\u1ea3o qu\u1ea3n r\u1ea5t quan tr\u1ecdng. Ch\u00ednh v\u00ec v\u1eady, t\u1ee7 tr\u01b0ng b\u00e0y b\u00e1nh l\u00e0 thi\u1ebft b\u1ecb kh\u00f4ng th\u1ec3 thi\u1ebfu trong vi\u1ec7c k\u00e9o d\u00e0i tu\u1ed5i th\u1ecd v\u00e0 \u0111\u1ea3m b\u1ea3o b\u00e1nh lu\u00f4n \u0111\u1ea1t ch\u1ea5t l\u01b0\u1ee3ng t\u1ed1t nh\u1ea5t.<\/p>\n<p>&#8211; Sang tr\u1ecdng, hi\u1ec7n \u0111\u1ea1i, tinh t\u1ebf. C\u00f4ng ty Ong V\u00e0ng c\u00f3 cung c\u1ea5p c\u00e1c m\u1eabu t\u1ee7 tr\u01b0ng b\u00e0y b\u00e1nh v\u1edbi nhi\u1ec1u ki\u1ec3u d\u00e1ng, m\u1eabu m\u00e3 ph\u1ee5c v\u1ee5 b\u1ea1n.<\/p>\n","protected":false},"featured_media":2221,"comment_status":"open","ping_status":"closed","template":"","meta":[],"product_cat":[270,274],"product_tag":[339,337,338],"_links":{"self":[{"href":"https:\/\/demo.bmconnect.vn\/saoviet\/wp-json\/wp\/v2\/product\/2103"}],"collection":[{"href":"https:\/\/demo.bmconnect.vn\/saoviet\/wp-json\/wp\/v2\/product"}],"about":[{"href":"https:\/\/demo.bmconnect.vn\/saoviet\/wp-json\/wp\/v2\/types\/product"}],"replies":[{"embeddable":true,"href":"https:\/\/demo.bmconnect.vn\/saoviet\/wp-json\/wp\/v2\/comments?post=2103"}],"wp:featuredmedia":[{"embeddable":true,"href":"https:\/\/demo.bmconnect.vn\/saoviet\/wp-json\/wp\/v2\/media\/2221"}],"wp:attachment":[{"href":"https:\/\/demo.bmconnect.vn\/saoviet\/wp-json\/wp\/v2\/media?parent=2103"}],"wp:term":[{"taxonomy":"product_cat","embeddable":true,"href":"https:\/\/demo.bmconnect.vn\/saoviet\/wp-json\/wp\/v2\/product_cat?post=2103"},{"taxonomy":"product_tag","embeddable":true,"href":"https:\/\/demo.bmconnect.vn\/saoviet\/wp-json\/wp\/v2\/product_tag?post=2103"}],"curies":[{"name":"wp","href":"https:\/\/api.w.org\/{rel}","templated":true}]}}