{"id":2101,"date":"2017-12-06T14:43:29","date_gmt":"2017-12-06T07:43:29","guid":{"rendered":"https:\/\/demo.bmconnect.vn\/saoviet\/?post_type=product&#038;p=2101"},"modified":"2017-12-11T14:30:35","modified_gmt":"2017-12-11T07:30:35","slug":"may-danh-kem-bot-trung-da-nang-dau-vang-b20l","status":"publish","type":"product","link":"https:\/\/demo.bmconnect.vn\/saoviet\/product\/may-danh-kem-bot-trung-da-nang-dau-vang-b20l\/","title":{"rendered":"M\u00e1y \u0111\u00e1nh kem b\u1ed9t tr\u1ee9ng (\u0111a n\u0103ng) \u0111\u1ea7u v\u00e0ng b20l"},"content":{"rendered":"<h2><b>(B20L) m\u00e1y \u0111\u00e1nh kem b\u1ed9t tr\u1ee9ng \u0111\u1ea7u v\u00e0ng \u0111a n\u0103ng<\/b><\/h2>\n<h3><strong>\u0110\u1eb7c t\u00ednh s\u1ea3n ph\u1ea9m:<\/strong><\/h3>\n<h4><strong>Model m\u00e1y<\/strong><\/h4>\n<p>B20L<\/p>\n<h4><strong>M\u00e0u s\u1eafc<\/strong><\/h4>\n<p>M\u00e1y c\u00f3 m\u00e0u v\u00e0ng n\u1ed5i b\u1eadt ph\u00eda \u0111\u1ea7u m\u00e1y v\u00e0 ph\u00e2n th\u00e2n th\u00e9p s\u00e1ng lo\u00e1ng ch\u1eafn ch\u1eafn v\u00e0 tay v\u1eb7n \u0111i\u1ec1u ch\u1ec9nh m\u00e0u \u0111en n\u1ed5i b\u1eadt.<\/p>\n<h4><strong>K\u00edch th\u01b0\u1edbc m\u00e1y<\/strong><\/h4>\n<p>430mm x 530mm x 830mm<\/p>\n<h4><b>\u0110i\u1ec7n \u00e1p<\/b><\/h4>\n<p>Ngu\u1ed3n \u0111i\u1ec7n<strong>: 220\/ 380v \/50Hz<\/strong><\/p>\n<h4><strong>C\u00f4ng su\u1ea5t<\/strong><\/h4>\n<p>1.1kw<\/p>\n<h4><strong>Dung t\u00edch<\/strong><\/h4>\n<p>20 l\u00edt<\/p>\n<h4><strong>Tr\u1ecdng l\u01b0\u1ee3ng m\u00e1y<\/strong><\/h4>\n<p>100kg<\/p>\n<h3><strong>C\u00f4ng d\u1ee5ng<\/strong><\/h3>\n<p><strong>M\u00e1y \u0111\u00e1nh kem b\u1ed9t tr\u1ee9ng \u0111\u1ea7u v\u00e0ng \u0111a n\u0103ng B20L\u00a0<\/strong>\u0111\u01b0\u1ee3c trang b\u1ecb 3 ph\u1edbi \u0111\u00e1nh, gi\u00fap b\u1ea1n \u0111\u00e1nh tr\u1ee9ng, \u0111\u00e1nh kem, tr\u1ed9n b\u1ed9t tho\u1ea3i m\u00e1i, ti\u1ec7n l\u1ee3i v\u1edbi c\u00f4ng su\u1ea5t m\u00e1y l\u1edbn.<\/p>\n<h3><strong>\u01afu \u0111i\u1ec3m\u00a0<\/strong><\/h3>\n<p>&#8211; M\u00e1y ch\u1ea1y b\u1ec1n, \u00eam v\u00e0 \u0111\u1eb9p.<\/p>\n<p>&#8211; Ch\u1ea5t l\u01b0\u01a1ng t\u01b0\u01a1ng \u0111\u01b0\u01a1ng v\u1edbi c\u00e1c d\u00f2ng Chagmag, sinmag c\u1ee7a \u0110\u00e0 Loan<\/p>\n<p>&#8211; M\u00e1y c\u00f3 l\u1ed3ng b\u1ea3o v\u1ec7 n\u00ean \u0111\u1ea3m b\u1ea3o s\u1ef1 an to\u00e0n cho ng\u01b0\u1eddi s\u1eed d\u1ee5ng.<\/p>\n<p>&#8211; M\u00e1y \u0111\u01b0\u1ee3c l\u00e0m v\u1edbi ch\u1ea5t li\u1ec7u th\u00e9p cao c\u1ea5p ch\u1ed1ng g\u1ec9, b\u1ec1n \u0111\u1eb9p m\u00e3i v\u1edbi th\u1eddi gian.<\/p>\n<p>&#8211; M\u00e1y cho c\u00f4ng su\u1ea5t l\u1edbn, ti\u1ec7n l\u1ee3i \u0111\u1ec3 ph\u1ed1i tr\u1ed9n kh\u1ed1i l\u01b0\u1ee3ng l\u1edbn.<\/p>\n<p>&#8211; Thay v\u00ec ph\u1ea3i t\u1ed1n c\u00f4ng nh\u1ed3i cho b\u1ed9t m\u1ecbn \u0111\u1ec1u v\u1edbi gia v\u1ecb, n\u01b0\u1edbc, tr\u1ee9ng, b\u1ea1n c\u00f3 th\u1ec3 cho t\u1ea5t c\u1ea3 v\u00e0o th\u1ed1, \u0111\u1eb7t que tr\u1ed9n v\u00e0o, b\u1ea5m m\u00e1y. Sau v\u00e0i ph\u00fat ch\u1edd th\u00e0nh ph\u1ea9m b\u1ea1n s\u1ebd c\u00f3 kh\u1ed1i b\u1ed9t m\u1ecbn \u0111\u1ec1u \u0111\u1eb9p.<\/p>\n<p>&#8211; Nh\u1edd v\u00e0o v\u1eabn t\u1ed1c \u01b0u vi\u1ec7t n\u00ean th\u1eddi gian men \u1ee7 trong b\u1ed9t b\u00e1nh m\u00ec \u0111\u1eb7t \u0111\u01b0\u1ee3c \u0111\u1ed9 \u1ee7 men t\u1ed1t h\u01a1n so v\u1edbi ph\u01b0\u01a1ng ph\u00e1p \u1ee7 men th\u1ee7 c\u00f4ng.<\/p>\n<p>&#8211; S\u1eed d\u1ee5ng m\u00e1y \u0111\u00e1nh \u0111a n\u0103ng \u0111\u1ea7u v\u00e0ng b20l s\u1ebd gi\u00fap b\u1ea1n gi\u1ea3m thi\u1ec3u \u0111\u01b0\u1ee3c th\u1eddi gian \u0111\u00e1nh tr\u1ee9ng, gi\u00fap th\u00e0nh ph\u1ea9m b\u00f4ng l\u00ean v\u00e0 x\u1ed1p tuy\u1ec7t v\u1eddi cho m\u00f3n b\u00e1nh kem h\u1ea5p d\u1eabn.<\/p>\n<h3><strong>Xu\u1ea5t x\u1ee9<\/strong><\/h3>\n<p>S\u1ea3n xu\u1ea5t t\u1ea1i Trung Qu\u1ed1c.<\/p>\n<h3><strong>B\u1ea3o h\u00e0nh<\/strong><\/h3>\n<p>12 th\u00e1ng k\u1ec3 t\u1eeb ng\u00e0y Qu\u00fd kh\u00e1ch mua m\u00e1y.<\/p>\n","protected":false},"excerpt":{"rendered":"<p>B\u1ea1n \u0111ang t\u00ecm ki\u1ebfm m\u1ed9t chi\u1ebfc m\u00e1y c\u00f4ng nghi\u1ec7p \u0111a n\u0103ng v\u1edbi c\u00f4ng su\u1ea5t l\u1edbn ti\u1ec7n l\u1ee3i v\u1eeba c\u00f3 th\u1ec3 \u0111\u00e1nh tr\u1ee9ng, \u0111\u00e1nh kem, tr\u1ed9n b\u1ed9t.<\/p>\n<p>\u0110\u00fang r\u1ed3i \u0111\u1ea5y! C\u00f4ng ty Ong V\u00e0ng c\u00f3 cung c\u1ea5p tr\u1ed9n b\u1ed9 gi\u1ea3i ph\u00e1p cho b\u1ea1n: <strong>M\u00e1y \u0111\u00e1nh \u0111a n\u0103ng kem tr\u1ee9ng b\u1ed9t \u0111\u1ea7u v\u00e0ng b20l.<\/strong><\/p>\n<p>\u0110\u00e2y l\u00e0 s\u1ea3n ph\u1ea9m h\u1ee9a h\u1eb9n l\u00e0 ng\u01b0\u1eddi b\u1ea1n \u0111\u1ed3ng h\u00e0nh \u0111\u1eafc l\u1ef1c c\u1ee7a c\u00e1c ti\u1ec7m b\u00e1nh chuy\u00ean nghi\u1ec7p.<\/p>\n","protected":false},"featured_media":2223,"comment_status":"open","ping_status":"closed","template":"","meta":[],"product_cat":[334,270],"product_tag":[315,316],"_links":{"self":[{"href":"https:\/\/demo.bmconnect.vn\/saoviet\/wp-json\/wp\/v2\/product\/2101"}],"collection":[{"href":"https:\/\/demo.bmconnect.vn\/saoviet\/wp-json\/wp\/v2\/product"}],"about":[{"href":"https:\/\/demo.bmconnect.vn\/saoviet\/wp-json\/wp\/v2\/types\/product"}],"replies":[{"embeddable":true,"href":"https:\/\/demo.bmconnect.vn\/saoviet\/wp-json\/wp\/v2\/comments?post=2101"}],"wp:featuredmedia":[{"embeddable":true,"href":"https:\/\/demo.bmconnect.vn\/saoviet\/wp-json\/wp\/v2\/media\/2223"}],"wp:attachment":[{"href":"https:\/\/demo.bmconnect.vn\/saoviet\/wp-json\/wp\/v2\/media?parent=2101"}],"wp:term":[{"taxonomy":"product_cat","embeddable":true,"href":"https:\/\/demo.bmconnect.vn\/saoviet\/wp-json\/wp\/v2\/product_cat?post=2101"},{"taxonomy":"product_tag","embeddable":true,"href":"https:\/\/demo.bmconnect.vn\/saoviet\/wp-json\/wp\/v2\/product_tag?post=2101"}],"curies":[{"name":"wp","href":"https:\/\/api.w.org\/{rel}","templated":true}]}}