{"id":2092,"date":"2017-12-06T13:33:00","date_gmt":"2017-12-06T06:33:00","guid":{"rendered":"https:\/\/demo.bmconnect.vn\/saoviet\/?post_type=product&#038;p=2092"},"modified":"2017-12-22T10:33:03","modified_gmt":"2017-12-22T03:33:03","slug":"khuon-silicon-do-socola-hinh-couple-thien-nga-hon-3d","status":"publish","type":"product","link":"https:\/\/demo.bmconnect.vn\/saoviet\/product\/khuon-silicon-do-socola-hinh-couple-thien-nga-hon-3d\/","title":{"rendered":"Khu\u00f4n silicon socola h\u00ecnh couple thi\u00ean nga h\u00f4n 3d"},"content":{"rendered":"<h2><b>Couple thi\u00ean nga h\u00f4n &#8211; khu\u00f4n silicon \u0111\u1ed5 socola 3D<\/b><\/h2>\n<h3><strong>\u0110\u1eb7c t\u00ednh s\u1ea3n ph\u1ea9m:<\/strong><\/h3>\n<h4><strong>M\u00e0u s\u1eafc<\/strong><\/h4>\n<p>Khu\u00f4n c\u00f3 m\u00e0u h\u1ed3ng nh\u1eb9.<\/p>\n<h4><strong>Tr\u1ea1ng th\u00e1i<\/strong><\/h4>\n<p>D\u1ebbo dai, d\u1ec5 d\u00e0ng t\u1ea1o h\u00ecnh s\u1ea3n ph\u1ea9m.<\/p>\n<h3><strong>C\u00f4ng d\u1ee5ng<\/strong><\/h3>\n<p>&#8211; <strong>Khu\u00f4n silicon \u0111\u1ed5 socola h\u00ecnh th\u00fa 3D<\/strong> l\u00e0 xu h\u01b0\u1edbng trang tr\u00ed b\u00e1nh kem \u0111\u1ed9c \u0111\u00e1o, \u1ea5n t\u01b0\u1eddng g\u00f3p ph\u1ea7n gi\u00fap s\u1ea3n ph\u1ea9m c\u1ee7a b\u1ea1n th\u00eam ph\u1ea7n l\u00f4i cu\u1ed1n, sang tr\u1ecdng<\/p>\n<p>&#8211; S\u1ea3n ph\u1ea9m c\u0169ng l\u00e0 m\u00f3n qu\u00e0 \u00fd ngh\u0129a trao g\u1eedi y\u00eau th\u01b0\u01a1ng \u0111\u1ebfn ng\u01b0\u1eddi th\u00e2n c\u1ee7a b\u1ea1n.<\/p>\n<h3><strong>\u01afu \u0111i\u1ec3m<\/strong><\/h3>\n<p>&#8211; Khu\u00f4n \u0111\u1ed5 socola d\u1ea1ng silicon d\u1ec5 d\u00e0ng thao t\u00e1c t\u1ea1o ra s\u1ea3n ph\u1ea9m socola trang tr\u00ed h\u00ecnh th\u00fa b\u1eaft m\u1eaft (kh\u00f4ng \u0111\u00f2i h\u1ecfi nhi\u1ec1u k\u1ef9 thu\u1eadt).<\/p>\n<p>&#8211; Khu\u00f4n silicon d\u1ebbo dai, b\u1ec1n \u0111\u1eb9p an to\u00e0n trong s\u1eed d\u1ee5ng v\u00e0 d\u1ec5 d\u00e0ng v\u1ec7 sinh l\u00e0m s\u1ea1ch sau khi d\u00f9ng.<\/p>\n<h3><strong>H\u01b0\u1edbng d\u1eabn s\u1eed d\u1ee5ng<\/strong><\/h3>\n<p>\u2013 B\u1ea1n c\u1ea7n l\u00e0m l\u1ea1nh\u00a0<strong>khu\u00f4n silicon \u0111\u1ed5 socola h\u00ecnh th\u00fa 3D<\/strong>\u00a0\u1edf nhi\u1ec7t \u0111\u1ed9 5 \u2013 10\u00b0c tr\u01b0\u1edbc kho\u1ea3ng<\/p>\n<p>\u2013 Sau \u0111\u00f3, l\u00e0m n\u00f3ng ch\u1ea3y socola b\u1eb1ng c\u00e1ch cho l\u00f2 vi s\u00f3ng ho\u1eb7c \u0111un c\u00e1ch th\u1ee7y.<\/p>\n<p>\u2013 Ch\u1eadp hai \u0111\u1ea7u khu\u00f4n l\u1ea1i v\u1edbi nhau, ta \u0111\u1ed5 socola v\u1eeba l\u00e0m n\u00f3ng ch\u1ea3y v\u00e0o \u0111\u1ea7y khu\u00f4n. Ti\u1ebfp theo, d\u1ed1c ng\u01b0\u1ee3c khu\u00f4n \u0111\u1ec3 socola ch\u1ec9 l\u00e1ng 1 l\u1edbp m\u1ecfng in h\u00ecnh khu\u00f4n v\u00e0 \u0111\u1ec3 v\u00e0o t\u1ee7 \u0111\u00f4ng \u0111\u1ec3 l\u00e0m c\u1ee9ng socola.<\/p>\n<p>\u2013 Cu\u1ed1i c\u00f9ng b\u1ea1n b\u00f3c t\u00e1ch khu\u00f4n socola h\u00ecnh th\u00fa 3D v\u00e0 ta c\u00f3 th\u00e0nh ph\u1ea9m nh\u01b0 \u00fd trang tr\u00ed b\u00e1nh.<\/p>\n<h3><strong>Xu\u1ea5t x\u1ee9<\/strong><\/h3>\n<p>S\u1ea3n xu\u1ea5t t\u1ea1i Trung Qu\u1ed1c.<\/p>\n","protected":false},"excerpt":{"rendered":"<p>&nbsp;<\/p>\n<p>&#8211; Thi\u1ebft k\u1ebf \u0111\u1ed9c \u0111\u00e1o, \u0111i\u1ec3m nh\u1ea5n trang tr\u1ecdng cho nh\u1eefng chi\u1ebfc b\u00e1nh kem c\u1ee7a b\u1ea1n th\u00eam ph\u1ea7n l\u00f4i cu\u1ed1n.<\/p>\n<p>&#8211; <strong>C\u00f4ng ty Ong V\u00e0ng<\/strong> cung c\u1ea5p \u0111a d\u1ea1ng c\u00e1c m\u1eabu khu\u00f4n silicon \u0111\u1ed5 socola 3D, th\u00eam\u00a0<span class=\"text_exposed_show\">nhi\u1ec1u s\u1ef1 l\u1ef1a ch\u1ecdn cho ti\u1ec7m b\u00e1nh chuy\u00ean nghi\u1ec7p.<\/span><\/p>\n","protected":false},"featured_media":2093,"comment_status":"open","ping_status":"closed","template":"","meta":[],"product_cat":[276,278,302,301],"product_tag":[314,313,304],"_links":{"self":[{"href":"https:\/\/demo.bmconnect.vn\/saoviet\/wp-json\/wp\/v2\/product\/2092"}],"collection":[{"href":"https:\/\/demo.bmconnect.vn\/saoviet\/wp-json\/wp\/v2\/product"}],"about":[{"href":"https:\/\/demo.bmconnect.vn\/saoviet\/wp-json\/wp\/v2\/types\/product"}],"replies":[{"embeddable":true,"href":"https:\/\/demo.bmconnect.vn\/saoviet\/wp-json\/wp\/v2\/comments?post=2092"}],"wp:featuredmedia":[{"embeddable":true,"href":"https:\/\/demo.bmconnect.vn\/saoviet\/wp-json\/wp\/v2\/media\/2093"}],"wp:attachment":[{"href":"https:\/\/demo.bmconnect.vn\/saoviet\/wp-json\/wp\/v2\/media?parent=2092"}],"wp:term":[{"taxonomy":"product_cat","embeddable":true,"href":"https:\/\/demo.bmconnect.vn\/saoviet\/wp-json\/wp\/v2\/product_cat?post=2092"},{"taxonomy":"product_tag","embeddable":true,"href":"https:\/\/demo.bmconnect.vn\/saoviet\/wp-json\/wp\/v2\/product_tag?post=2092"}],"curies":[{"name":"wp","href":"https:\/\/api.w.org\/{rel}","templated":true}]}}