{"id":1943,"date":"2017-11-28T10:12:24","date_gmt":"2017-11-28T03:12:24","guid":{"rendered":"https:\/\/demo.bmconnect.vn\/saoviet\/?post_type=product&#038;p=1943"},"modified":"2017-11-28T10:18:16","modified_gmt":"2017-11-28T03:18:16","slug":"de-vuong-banh-sinh-nhat-ep-2-mat-size-22-sao-chep","status":"publish","type":"product","link":"https:\/\/demo.bmconnect.vn\/saoviet\/product\/de-vuong-banh-sinh-nhat-ep-2-mat-size-22-sao-chep\/","title":{"rendered":"\u0110\u1ebf vu\u00f4ng b\u00e1nh sinh nh\u1eadt \u00e9p 2 m\u1eb7t (size 22)"},"content":{"rendered":"<h2><b>Size 22 &#8211; \u0111\u1ebf b\u00e1nh vu\u00f4ng \u00e9p 1 m\u1eb7t v\u00e0ng v\u00e0 1 m\u1eb7t b\u1ea1c<\/b><\/h2>\n<h3><strong>\u0110\u1eb7c t\u00ednh s\u1ea3n ph\u1ea9m:<\/strong><\/h3>\n<h4><strong>M\u00e0u s\u1eafc<\/strong><\/h4>\n<p>\u0110\u1ebf b\u00e1nh c\u00f3 1 m\u1eb7t v\u00e0ng, 1 m\u1eb7t b\u1ea1c s\u00e1ng l\u1ea5p l\u00e1nh.<\/p>\n<h4><strong>K\u00edch th\u01b0\u1edbc<\/strong><\/h4>\n<p>\u0110\u01b0\u1eddng k\u00ednh \u0111\u1ebf b\u00e1nh 22cm.<\/p>\n<h4><strong>Ch\u1ea5t li\u1ec7u<\/strong><\/h4>\n<p>Gi\u1ea5y \u00e9p cao c\u1ea5p, \u0111\u1ea3m b\u1ea3o v\u1ec7 sinh an to\u00e0n th\u1ef1c ph\u1ea9m.<\/p>\n<h3><strong>C\u00f4ng d\u1ee5ng<\/strong><\/h3>\n<p><strong>&#8211; \u0110\u1ebf l\u00f3t b\u00e1nh sinh nh\u1eadt\u00a0<\/strong>ti\u1ec7n d\u1ee5ng, gi\u00fap b\u1ea1n d\u1ec5 d\u00e0ng thao t\u00e1c trang tr\u00ed b\u00e1nh v\u00e0 ch\u00e0 l\u00e1ng b\u00e1nh tr\u00ean b\u00e0n xoay.<\/p>\n<p>&#8211; Ngo\u00e0i ra, chi\u1ebfc b\u00e1nh c\u1ee7a b\u1ea1n s\u1ebd th\u00eam ph\u1ea7n sang tr\u1ecdng v\u1edbi l\u1edbp gi\u1ea5y \u00e9p b\u1ea1c ho\u1eb7c v\u00e0ng s\u00e1ng l\u1ea5p l\u00e1nh.<\/p>\n<h3><strong>\u01afu \u0111i\u1ec3m<\/strong><\/h3>\n<p>&#8211; Gi\u00e1 c\u1ea3 c\u1ea1nh tranh mang l\u1ea1i t\u00ednh kinh t\u1ebf, l\u1ee3i nhu\u1eadn cao.<\/p>\n<p>&#8211; S\u1ea3n ph\u1ea9m \u0111\u01b0\u1ee3c s\u1ea3n xu\u1ea5t tr\u00ean d\u00e2y chuy\u1ec1n c\u00f4ng ngh\u1ec7 cao \u0111em l\u1ea1i cho b\u1ea1n ch\u1ea5t l\u01b0\u1ee3ng tuy\u1ec7t v\u1eddi. <strong>\u0110\u1ebf b\u00e1nh\u00a0<\/strong>\u00e9p ch\u1eb7t c\u1ee9ng c\u00e1p, n\u00e2ng \u0111\u1ee1 b\u00e1nh tuy\u1ec7t v\u1eddi, c\u00f3 th\u1ec3 t\u00e1i s\u1eed d\u1ee5ng \u0111\u01b0\u1ee3c.<\/p>\n<h3><strong>Tr\u1ecdng l\u01b0\u1ee3ng<\/strong><\/h3>\n<p>Nh\u1ecf g\u1ecdn, ti\u1ec7n l\u1ee3i.<\/p>\n<h3><strong>Xu\u1ea5t x\u1ee9:<\/strong><\/h3>\n<p>S\u1ea3n xu\u1ea5t t\u1ea1i Vi\u1ec7t Nam.<\/p>\n<h3><strong>H\u01b0\u1edbng d\u1eabn s\u1eed d\u1ee5ng:<\/strong><\/h3>\n<p>&#8211; S\u1eed d\u1ee5ng trang tr\u00ed b\u00e1nh kem: b\u1ea1n \u0111\u1eb7t \u0111\u1ebf b\u00e1nh l\u00ean m\u1eb7t b\u00e0n ph\u1eb3ng ho\u1eb7c b\u00e0n xoay, sau \u0111\u00f3 cho ph\u1ea7n c\u1ed1t b\u00e1nh l\u00ean ch\u00ednh gi\u1eefa v\u00e0 tho\u1ea3i m\u00e1i t\u1ef1 do s\u00e1ng t\u1ea1o chi\u1ebfc b\u00e1nh kem.<\/p>\n<p>&#8211; N\u1ebfu b\u1ea1n mu\u1ed1n cho b\u00e1nh v\u00e0o h\u1ed9p \u0111\u1ef1ng b\u00e1nh, b\u1ea1n \u0111\u1eb7t b\u00e1nh nh\u1eb9 nh\u00e0ng l\u00ean \u0111\u1ebf r\u1ed3i m\u1edbi b\u1ecf v\u00e0o h\u1ed9p.<\/p>\n<h3><strong>B\u1ea3o qu\u1ea3n:<\/strong><\/h3>\n<p>&#8211; Tr\u00e1nh n\u01b0\u1edbc<\/p>\n<p>&#8211; B\u1ea3o qu\u1ea3n n\u01a1i tho\u00e1ng m\u00e1t, tr\u00e1nh \u00e1nh n\u1eafng tr\u1ef1c ti\u1ebfp.<\/p>\n","protected":false},"excerpt":{"rendered":"<p>B\u1ea1n \u0111ang c\u1ea7n t\u00ecm <strong>\u0111\u1ebf l\u00f3t b\u00e1nh \u00e9p 2<\/strong> m\u1eb7t ch\u1eafc ch\u1eafn!<\/p>\n<p>\u0110\u00fang r\u1ed3i \u0111\u00f3! C\u00f4ng ty Ong V\u00e0ng c\u00f3 cung c\u1ea5p c\u00e1c s\u1ea3n ph\u1ea9m \u0111\u1ebf b\u00e1nh \u00e9p 1 m\u1eb7t v\u00e0ng, 1 m\u1eb7t b\u1ea1c v\u00f4 c\u00f9ng ti\u1ec7n l\u1ee3i.<\/p>\n<p>B\u1ea1n c\u00f3 b\u00e1nh xinh &#8211; ch\u00fang t\u00f4i c\u00f3 \u0111\u1ebf b\u00e1nh \u0111\u1eb9p (c\u1eb7p \u0111\u00f4i ho\u00e0n h\u1ea3o d\u00e0nh cho b\u1ea1n).<\/p>\n","protected":false},"featured_media":1944,"comment_status":"open","ping_status":"closed","template":"","meta":[],"product_cat":[291,292,265,264],"product_tag":[287,297,296],"_links":{"self":[{"href":"https:\/\/demo.bmconnect.vn\/saoviet\/wp-json\/wp\/v2\/product\/1943"}],"collection":[{"href":"https:\/\/demo.bmconnect.vn\/saoviet\/wp-json\/wp\/v2\/product"}],"about":[{"href":"https:\/\/demo.bmconnect.vn\/saoviet\/wp-json\/wp\/v2\/types\/product"}],"replies":[{"embeddable":true,"href":"https:\/\/demo.bmconnect.vn\/saoviet\/wp-json\/wp\/v2\/comments?post=1943"}],"wp:featuredmedia":[{"embeddable":true,"href":"https:\/\/demo.bmconnect.vn\/saoviet\/wp-json\/wp\/v2\/media\/1944"}],"wp:attachment":[{"href":"https:\/\/demo.bmconnect.vn\/saoviet\/wp-json\/wp\/v2\/media?parent=1943"}],"wp:term":[{"taxonomy":"product_cat","embeddable":true,"href":"https:\/\/demo.bmconnect.vn\/saoviet\/wp-json\/wp\/v2\/product_cat?post=1943"},{"taxonomy":"product_tag","embeddable":true,"href":"https:\/\/demo.bmconnect.vn\/saoviet\/wp-json\/wp\/v2\/product_tag?post=1943"}],"curies":[{"name":"wp","href":"https:\/\/api.w.org\/{rel}","templated":true}]}}