{"id":1846,"date":"2017-11-27T13:57:25","date_gmt":"2017-11-27T06:57:25","guid":{"rendered":"https:\/\/demo.bmconnect.vn\/saoviet\/?post_type=product&#038;p=1846"},"modified":"2017-11-27T14:23:21","modified_gmt":"2017-11-27T07:23:21","slug":"hoa-socola-thanh-pham-trang-tri-tcp-002","status":"publish","type":"product","link":"https:\/\/demo.bmconnect.vn\/saoviet\/product\/hoa-socola-thanh-pham-trang-tri-tcp-002\/","title":{"rendered":"Hoa socola th\u00e0nh ph\u1ea9m trang tr\u00ed b\u00e1nh (TCP 002)"},"content":{"rendered":"<h2><b>TCP 002 &#8211; hoa socola th\u00e0nh ph\u1ea9m trang tr\u00ed\u00a0<\/b><\/h2>\n<h3><strong>\u0110\u1eb7c t\u00ednh n\u1ed5i b\u1eadt s\u1ea3n ph\u1ea9m:<\/strong><\/h3>\n<h4><strong>H\u01b0\u01a1ng v\u1ecb<\/strong><\/h4>\n<p>V\u1ecb ng\u1ecdt th\u01a1m ngon c\u1ee7a socola grand place n\u1ed5i ti\u1ebfng<\/p>\n<h4><strong>M\u00e0u s\u1eafc<\/strong><\/h4>\n<p>m\u00e0u n\u00e2u ph\u1ed1i c\u00f9ng m\u00e0u tr\u1eafng socola<\/p>\n<h3><strong>C\u00f4ng d\u1ee5ng<\/strong><\/h3>\n<p>Socola th\u00e0nh ph\u1ea9m thu\u1eadn ti\u1ec7n cho Qu\u00fd kh\u00e1ch h\u00e0ng trang tr\u00ed b\u00e1nh kem th\u00eam ph\u1ea7n n\u1ed5i b\u1eadt v\u00e0 b\u1eaft m\u1eaft.<\/p>\n<h3><strong>\u01afu \u0111i\u1ec3m<\/strong><\/h3>\n<p>&#8211; Gi\u00e1 c\u1ea3 c\u1ea1nh tranh mang l\u1ea1i t\u00ednh kinh t\u1ebf, l\u1ee3i nhu\u1eadn cao.<\/p>\n<p>&#8211; \u0110\u00f3ng h\u1ed9p nh\u1ecf \u00a0d\u1ec5 d\u00e0ng thao t\u00e1c v\u00e0 s\u1eed d\u1ee5ng.<\/p>\n<p>&#8211;\u00a0To\u00e0n b\u1ed9 s\u1ea3n ph\u1ea9m <strong>Socola th\u00e0nh ph\u1ea9m trang tr\u00ed<\/strong> do <strong>C\u00f4ng Ty Ong V\u00e0ng<\/strong> cung c\u1ea5p \u0111\u1ec1u \u0111\u01b0\u1ee3c l\u00e0m ho\u00e0n to\u00e0n t\u1eeb Socola <strong>Grand Place &#8211; th\u01b0\u01a1ng hi\u1ec7u S\u00f4<\/strong><span class=\"text_exposed_show\"><strong><span class=\"Apple-converted-space\">\u00a0<\/span>C\u00f4 La uy t\u00edn<\/strong>, c\u00f3 m\u1eb7t t\u1ea1i th\u1ecb tr\u01b0\u1eddng Vi\u1ec7t Nam tr\u00ean 20 n\u0103m v\u00e0 \u0111\u01b0\u1ee3c nhi\u1ec1u kh\u00e1ch h\u00e0ng \u01b0a chu\u1ed9ng, tin d\u00f9ng.<\/span><\/p>\n<p><span class=\"text_exposed_show\">&#8211; S\u1ea3n ph\u1ea9m c\u00f3 kh\u1ea3 n\u0103ng ch\u1ecbu nhi\u1ec7t cao gi\u00fap b\u1ea1n lu\u00f4n gi\u1eef \u0111\u01b0\u1ee3c \u0111\u1ed9 b\u00f3ng c\u1ee7a Socola v\u1edbi v\u1ecb ca cao tuy\u1ec7t h\u1ea3o.<\/span><\/p>\n<h3><strong>Tr\u1ecdng l\u01b0\u1ee3ng:<\/strong><\/h3>\n<p>\u0110\u00f3ng h\u1ed9p: 300 ~ 600gram<\/p>\n<h3><strong>Xu\u1ea5t x\u1ee9:<\/strong><\/h3>\n<p>S\u1ea3n xu\u1ea5t t\u1ea1i Vi\u1ec7t Nam v\u1edbi ngu\u1ed3n nguy\u00ean li\u1ec7u socola Grand Place c\u00f4ng ngh\u1ec7 c\u1ee7a B\u1ec9.<\/p>\n<h3><strong>Th\u00e0nh ph\u1ea7n:<\/strong><\/h3>\n<p>Socola thanh tr\u1eafng Grand Place, socola thanh \u0111en Grand Place.<\/p>\n<h3><strong>H\u01b0\u1edbng d\u1eabn s\u1eed d\u1ee5ng:<\/strong><\/h3>\n<p>S\u1eed d\u1ee5ng c\u1eafm trang tr\u00ed m\u1eb7t b\u00e1nh.<\/p>\n<h3><strong>B\u1ea3o qu\u1ea3n:<\/strong><\/h3>\n<p>&#8211; Tr\u00e1nh n\u01b0\u1edbc<\/p>\n<p>&#8211; B\u1ea3o qu\u1ea3n n\u01a1i tho\u00e1ng m\u00e1t, tr\u00e1nh \u00e1nh n\u1eafng tr\u1ef1c ti\u1ebfp.<\/p>\n<p>&#8211; Gi\u1eef l\u1ea1nh s\u1ea3n ph\u1ea9m ( 5 &#8211; 10\u00b0c).<\/p>\n<p>&nbsp;<\/p>\n","protected":false},"excerpt":{"rendered":"<p>&#8211; To\u00e0n b\u1ed9 s\u1ea3n ph\u1ea9m <strong>hoa Socola trang tr\u00ed<\/strong> do C\u00f4ng Ty Ong V\u00e0ng cung c\u1ea5p \u0111\u1ec1u \u0111\u01b0\u1ee3c l\u00e0m ho\u00e0n to\u00e0n t\u1eeb <strong>Socola Grand Place<\/strong> &#8211; th\u01b0\u01a1ng hi\u1ec7u <span class=\"text_exposed_show\">uy t\u00edn, c\u00f3 m\u1eb7t t\u1ea1i th\u1ecb tr\u01b0\u1eddng Vi\u1ec7t Nam tr\u00ean 20 n\u0103m v\u00e0 \u0111\u01b0\u1ee3c nhi\u1ec1u kh\u00e1ch h\u00e0ng \u01b0a chu\u1ed9ng, tin d\u00f9ng.<\/span><\/p>\n<p><span class=\"text_exposed_show\">&#8211; S\u1ea3n ph\u1ea9m c\u00f3 kh\u1ea3 n\u0103ng ch\u1ecbu nhi\u1ec7t cao gi\u00fap b\u1ea1n lu\u00f4n gi\u1eef \u0111\u01b0\u1ee3c \u0111\u1ed9 b\u00f3ng c\u1ee7a Socola v\u1edbi v\u1ecb ca cao tuy\u1ec7t h\u1ea3o.<\/span><\/p>\n<h3><strong>Gi\u00e1: Li\u00ean h\u1ec7.<\/strong><\/h3>\n","protected":false},"featured_media":1847,"comment_status":"open","ping_status":"closed","template":"","meta":[],"product_cat":[244,242,243],"product_tag":[246,245,251,252],"_links":{"self":[{"href":"https:\/\/demo.bmconnect.vn\/saoviet\/wp-json\/wp\/v2\/product\/1846"}],"collection":[{"href":"https:\/\/demo.bmconnect.vn\/saoviet\/wp-json\/wp\/v2\/product"}],"about":[{"href":"https:\/\/demo.bmconnect.vn\/saoviet\/wp-json\/wp\/v2\/types\/product"}],"replies":[{"embeddable":true,"href":"https:\/\/demo.bmconnect.vn\/saoviet\/wp-json\/wp\/v2\/comments?post=1846"}],"wp:featuredmedia":[{"embeddable":true,"href":"https:\/\/demo.bmconnect.vn\/saoviet\/wp-json\/wp\/v2\/media\/1847"}],"wp:attachment":[{"href":"https:\/\/demo.bmconnect.vn\/saoviet\/wp-json\/wp\/v2\/media?parent=1846"}],"wp:term":[{"taxonomy":"product_cat","embeddable":true,"href":"https:\/\/demo.bmconnect.vn\/saoviet\/wp-json\/wp\/v2\/product_cat?post=1846"},{"taxonomy":"product_tag","embeddable":true,"href":"https:\/\/demo.bmconnect.vn\/saoviet\/wp-json\/wp\/v2\/product_tag?post=1846"}],"curies":[{"name":"wp","href":"https:\/\/api.w.org\/{rel}","templated":true}]}}