{"id":1834,"date":"2017-11-22T16:47:48","date_gmt":"2017-11-22T09:47:48","guid":{"rendered":"https:\/\/demo.bmconnect.vn\/saoviet\/?post_type=product&#038;p=1834"},"modified":"2017-11-22T17:01:39","modified_gmt":"2017-11-22T10:01:39","slug":"mut-trang-tri-phu-mat-viet-quat-blueberry-topping-berrino","status":"publish","type":"product","link":"https:\/\/demo.bmconnect.vn\/saoviet\/product\/mut-trang-tri-phu-mat-viet-quat-blueberry-topping-berrino\/","title":{"rendered":"M\u1ee9t trang tr\u00ed vi\u1ec7t qu\u1ea5t (blueberry) topping berrino"},"content":{"rendered":"<h2><b>M\u1ee9t topping vi\u1ec7t qu\u1ea5t (blueberry) berrino &#8211; trang tr\u00ed ph\u1ee7 m\u1eb7t b\u00e1nh<\/b><\/h2>\n<h3><strong>\u0110\u1eb7c t\u00ednh n\u1ed5i b\u1eadt s\u1ea3n ph\u1ea9m:<\/strong><\/h3>\n<h4><strong>H\u01b0\u01a1ng v\u1ecb<\/strong><\/h4>\n<p>V\u1ecb ng\u1ecdt xen l\u1eabn v\u1ecb chua \u0111\u1eb7c tr\u01b0ng c\u1ee7a qu\u1ea3 vi\u1ec7t qu\u1ea5t.<\/p>\n<h4><strong>M\u00e0u s\u1eafc<\/strong><\/h4>\n<p>M\u00e0u t\u00edm \u0111\u1eadm \u0111\u00e0 b\u1eaft m\u1eaft<\/p>\n<h3><strong>C\u00f4ng d\u1ee5ng<\/strong><\/h3>\n<p><strong>M\u1ee9t trang tr\u00ed topping Berrino\u00a0<\/strong>ti\u1ebft ki\u1ec7m, ph\u00f9 h\u1ee3p trang tr\u00ed v\u00e0 ph\u1ee7 m\u1eb7t b\u00e1nh. N\u1ebfu b\u1ea1n c\u1ea7n m\u1ed9t s\u1ea3n ph\u1ea9m m\u1ee9t ph\u1ee7 m\u1eb7t gi\u1eef \u0111\u01b0\u1ee3c \u0111\u1ed9 b\u00f3ng b\u1ea9y, t\u01b0\u01a1i m\u00e1t, b\u1eaft m\u1eaft th\u00ec kh\u00f4ng n\u00ean b\u1ecf qua s\u1ea3n ph\u1ea9m n\u00e0y.<\/p>\n<h3><strong>\u01afu \u0111i\u1ec3m<\/strong><\/h3>\n<p>&#8211; Gi\u00e1 c\u1ea3 c\u1ea1nh tranh mang l\u1ea1i t\u00ednh kinh t\u1ebf, l\u1ee3i nhu\u1eadn cao.<\/p>\n<p>&#8211; \u0110\u00f3ng h\u1ed9p nh\u1ecf 1kg d\u1ec5 d\u00e0ng thao t\u00e1c v\u00e0 s\u1eed d\u1ee5ng, b\u1ea3o qu\u1ea3n.<\/p>\n<p>&#8211; <strong>M\u1ee9t trang tr\u00ed Berrino<\/strong> \u0111\u01b0\u1ee3c s\u1ea3n xu\u1ea5t trong quy tr\u00ecnh kh\u00e9p k\u00edn v\u00e0 tu\u00e2n th\u1ee7 \u0111\u1ea7y \u0111\u1ee7 quy tr\u00ecnh an to\u00e0n v\u1ec7 sinh th\u1ef1c ph\u1ea9m, kh\u00f4ng ch\u1ee9a c\u00e1c ch\u1ea5t b\u1ea3o qu\u1ea3n \u0111\u1ed9c h\u1ea1i.<\/p>\n<p>Cam k\u1ebft ch\u1ea5t l\u01b0\u1ee3ng v\u1ec7 sinh an to\u00e0n th\u1ef1c ph\u1ea9m h\u01b0\u1edbng \u0111\u1ebfn s\u1ee9c kh\u1ecfe kh\u00e1ch h\u00e0ng ng\u01b0\u1eddi ti\u00eau d\u00f9ng.<\/p>\n<h3><strong>Tr\u1ecdng l\u01b0\u1ee3ng:<\/strong><\/h3>\n<p>\u0110\u00f3ng h\u1ed9p 1kg.<\/p>\n<h3><strong>Xu\u1ea5t x\u1ee9:<\/strong><\/h3>\n<p>C\u00f4ng ngh\u1ec7 M\u1ef9 \u0111\u01b0\u1ee3c s\u1ea3n xu\u1ea5t t\u1ea1i Vi\u1ec7t Nam.<\/p>\n<h3><strong>Th\u00e0nh ph\u1ea7n:<\/strong><\/h3>\n<p><strong>M\u1ee9t topping Berrino vi\u1ec7t qu\u1ea5t\u00a0<\/strong>g\u1ed3m c\u00f3 5% qu\u1ea3 vi\u1ec7t qu\u1ea5t k\u1ebft h\u1ee3p v\u1edbi \u0111\u01b0\u1eddng, n\u01b0\u1edbc, ch\u1ea5t \u1ed5n \u0111\u1ecbnh v\u00e0 c\u00e1c h\u01b0\u01a1ng v\u1ecb t\u1ef1 nhi\u00ean, t\u1ea1o th\u00e0nh m\u1ed9t h\u1ed7n h\u1ee3p m\u1ee9t s\u1ec7t tr\u00e1i c\u00e2y trong nh\u00e2n b\u00e1nh.<\/p>\n<h3><strong>H\u01b0\u1edbng d\u1eabn s\u1eed d\u1ee5ng:<\/strong><\/h3>\n<p>&#8211; S\u1eed d\u1ee5ng ph\u1ee7 m\u1eb7t trang tr\u00ed b\u00e1nh.<\/p>\n<p>&#8211; Qu\u1ebft l\u00e0m nh\u00e2n b\u00e1nh.<\/p>\n<h3><strong>B\u1ea3o qu\u1ea3n:<\/strong><\/h3>\n<p>&#8211; Tr\u00e1nh n\u01b0\u1edbc<\/p>\n<p>&#8211; B\u1ea3o qu\u1ea3n n\u01a1i tho\u00e1ng m\u00e1t, tr\u00e1nh \u00e1nh n\u1eafng tr\u1ef1c ti\u1ebfp.<\/p>\n<p>&#8211; Gi \u1eef l\u1ea1nh s\u1ea3n ph\u1ea9m sau khi m\u1edf n\u1eafp ( 5 &#8211; 10\u00b0c).<\/p>\n<p>&nbsp;<\/p>\n","protected":false},"excerpt":{"rendered":"<p><strong>\u2013 M\u1ee9t ph\u1ee7 m\u1eb7t trang tr\u00ed topping Berrino\u00a0<\/strong>l\u00e0 s\u1ea3n ph\u1ea9m m\u1ee9t trang tr\u00ed \u0111\u1ea7u ti\u00ean c\u00f3 ch\u1ee9a 5% tinh ch\u1ea5t tr\u00e1i c\u00e2y.<\/p>\n<p>&#8211; S\u1ea3n ph\u1ea9m m\u00e0u s\u1eafc t\u1ef1 nhi\u00ean v\u00e0 c\u00f3 th\u00eam tinh ch\u1ea5t tr\u00e1i c\u00e2y t\u01b0\u01a1i n\u00ean h\u01b0\u01a1ng v\u1ecb m\u1ee9t s\u1ed1ng \u0111\u1ed9ng h\u01a1n (kh\u00f4ng \u0111\u01a1n thu\u1ea7n ch\u1ec9 l\u00e0 m\u00e0u m\u1ee9t \u0111\u1eb9p trang tr\u00ed).<\/p>\n<p>\u2013 S\u1ea3n ph\u1ea9m th\u00edch h\u1ee3p ph\u1ee7 m\u1eb7t b\u00e1nh, trang tr\u00ed b\u00e1nh, t\u0103ng th\u00eam ph\u1ea7n h\u1ea5p d\u1eabn, b\u1eaft m\u1eaft cho m\u00f3n b\u00e1nh c\u1ee7a b\u1ea1n.<\/p>\n<p>\u2013 \u0110\u00f3ng h\u1ed9p nh\u1ecf 1kg ti\u1ec7n d\u1ee5ng.<\/p>\n","protected":false},"featured_media":1835,"comment_status":"open","ping_status":"closed","template":"","meta":[],"product_cat":[200,59,18,80],"product_tag":[241,231,240],"_links":{"self":[{"href":"https:\/\/demo.bmconnect.vn\/saoviet\/wp-json\/wp\/v2\/product\/1834"}],"collection":[{"href":"https:\/\/demo.bmconnect.vn\/saoviet\/wp-json\/wp\/v2\/product"}],"about":[{"href":"https:\/\/demo.bmconnect.vn\/saoviet\/wp-json\/wp\/v2\/types\/product"}],"replies":[{"embeddable":true,"href":"https:\/\/demo.bmconnect.vn\/saoviet\/wp-json\/wp\/v2\/comments?post=1834"}],"wp:featuredmedia":[{"embeddable":true,"href":"https:\/\/demo.bmconnect.vn\/saoviet\/wp-json\/wp\/v2\/media\/1835"}],"wp:attachment":[{"href":"https:\/\/demo.bmconnect.vn\/saoviet\/wp-json\/wp\/v2\/media?parent=1834"}],"wp:term":[{"taxonomy":"product_cat","embeddable":true,"href":"https:\/\/demo.bmconnect.vn\/saoviet\/wp-json\/wp\/v2\/product_cat?post=1834"},{"taxonomy":"product_tag","embeddable":true,"href":"https:\/\/demo.bmconnect.vn\/saoviet\/wp-json\/wp\/v2\/product_tag?post=1834"}],"curies":[{"name":"wp","href":"https:\/\/api.w.org\/{rel}","templated":true}]}}