{"id":1822,"date":"2017-11-22T14:46:22","date_gmt":"2017-11-22T07:46:22","guid":{"rendered":"https:\/\/demo.bmconnect.vn\/saoviet\/?post_type=product&#038;p=1822"},"modified":"2017-11-22T16:18:01","modified_gmt":"2017-11-22T09:18:01","slug":"mut-nhan-phuc-bon-tu-co-xac-raspberry-filling-berrino","status":"publish","type":"product","link":"https:\/\/demo.bmconnect.vn\/saoviet\/product\/mut-nhan-phuc-bon-tu-co-xac-raspberry-filling-berrino\/","title":{"rendered":"M\u1ee9t nh\u00e2n ph\u00fac b\u1ed3n t\u1eed (c\u00f3 x\u00e1c) raspberry filling berrino"},"content":{"rendered":"<h2><b>M\u1ee9t filling ph\u00fac b\u1ed3n t\u1eed (raspberry) berrino<\/b><\/h2>\n<h3><strong>\u0110\u1eb7c t\u00ednh n\u1ed5i b\u1eadt s\u1ea3n ph\u1ea9m:<\/strong><\/h3>\n<h4><strong>H\u01b0\u01a1ng v\u1ecb<\/strong><\/h4>\n<p>V\u1ecb chua ng\u1ecdt \u0111\u1eb7c s\u1eafc c\u1ee7a trai ph\u00fac b\u1ed3n t\u1eed t\u01b0\u01a1i.<\/p>\n<h4><strong>M\u00e0u s\u1eafc<\/strong><\/h4>\n<p>M\u00e0u h\u1ed3ng \u0111\u1eadm l\u00f4i cu\u1ed1n.<\/p>\n<h3><strong>C\u00f4ng d\u1ee5ng<\/strong><\/h3>\n<p>&#8211;\u00a0M\u1ee9t <strong>Filling Berrino<\/strong>\u00a0h\u00f2a quy\u1ec7n trong t\u1eebng mi\u1ebfng b\u00e1nh x\u1ed1p, gi\u00f2n l\u00e0m t\u0103ng h\u01b0\u01a1ng v\u1ecb cho m\u00f3n b\u00e1nh th\u01a1m ngon v\u00e0 ch\u1ea5t l\u01b0\u1ee3ng h\u01a1n.<\/p>\n<p>&#8211; S\u1ea3n ph\u1ea9m th\u00edch h\u1ee3p l\u00e0m b\u00e1nh mousse, nh\u00e2n b\u00e1nh, trang tr\u00ed b\u00e1nh, ph\u1ed1i tr\u1ed9n l\u00e0m c\u1ed1t gato ho\u1eb7c \u0103n k\u00e8m c\u00f9ng b\u00e1nh m\u00ec, sandwich.<\/p>\n<p>&#8211; Ngo\u00e0i ra, s\u1eed d\u1ee5ng ph\u1ed1i tr\u1ed9n t\u1ea1o h\u01b0\u01a1ng v\u1ecb \u0111\u1ed9c \u0111\u00e1o khi l\u00e0m kem.<\/p>\n<h3><strong>\u01afu \u0111i\u1ec3m<\/strong><\/h3>\n<p>&#8211;\u00a0V\u1ecb chua ng\u1ecdt \u0111\u1eb7c tr\u01b0ng c\u1ee7a tr\u00e1i ph\u00fac b\u1ed3n t\u1eed s\u1ebd chinh ph\u1ee5c b\u1ea1n.<\/p>\n<p>&#8211; Gi\u00e1 c\u1ea3 c\u1ea1nh tranh mang l\u1ea1i t\u00ednh kinh t\u1ebf, l\u1ee3i nhu\u1eadn cao.<\/p>\n<h4>&#8211; \u0110\u00f3ng h\u1ed9p nh\u1ecf 1kg d\u1ec5 d\u00e0ng thao t\u00e1c v\u00e0 s\u1eed d\u1ee5ng, b\u1ea3o qu\u1ea3n.<\/h4>\n<p>&#8211; <strong>M\u1ee9t nh\u00e2n (c\u00f3 x\u00e1c) Berrino<\/strong> \u0111\u01b0\u1ee3c l\u00e0m t\u1eeb tr\u00e1i c\u00e2y t\u01b0\u01a1i t\u1ef1 nhi\u00ean \u0111\u01b0\u1ee3c nh\u1eadp kh\u1ea9u, s\u1ea3n xu\u1ea5t trong quy tr\u00ecnh kh\u00e9p k\u00edn v\u00e0 tu\u00e2n th\u1ee7 \u0111\u1ea7y \u0111\u1ee7 quy tr\u00ecnh an to\u00e0n v\u1ec7 sinh th\u1ef1c ph\u1ea9m, kh\u00f4ng ch\u1ee9a c\u00e1c ch\u1ea5t b\u1ea3o qu\u1ea3n \u0111\u1ed9c h\u1ea1i.<\/p>\n<p>Cam k\u1ebft ch\u1ea5t l\u01b0\u1ee3ng v\u1ec7 sinh an to\u00e0n th\u1ef1c ph\u1ea9m h\u01b0\u1edbng \u0111\u1ebfn s\u1ee9c kh\u1ecfe kh\u00e1ch h\u00e0ng ng\u01b0\u1eddi ti\u00eau d\u00f9ng.<\/p>\n<h3><strong>Tr\u1ecdng l\u01b0\u1ee3ng:<\/strong><\/h3>\n<p>\u0110\u00f3ng h\u1ed9p 1kg.<\/p>\n<h3><strong>Xu\u1ea5t x\u1ee9:<\/strong><\/h3>\n<p>C\u00f4ng ngh\u1ec7 M\u1ef9 \u0111\u01b0\u1ee3c s\u1ea3n xu\u1ea5t t\u1ea1i Vi\u1ec7t Nam.<\/p>\n<h3><strong>Th\u00e0nh ph\u1ea7n:<\/strong><\/h3>\n<p><strong>M\u1ee9t Filling Berrino ph\u00fac b\u1ed3n t\u1eed<\/strong>\u00a0g\u1ed3m c\u00f3 30% qu\u1ea3 ph\u00fac b\u1ed3n t\u1eed nh\u1eadp kh\u1ea9u k\u1ebft h\u1ee3p v\u1edbi \u0111\u01b0\u1eddng, n\u01b0\u1edbc, ch\u1ea5t \u1ed5n \u0111\u1ecbnh v\u00e0 c\u00e1c h\u01b0\u01a1ng v\u1ecb t\u1ef1 nhi\u00ean, t\u1ea1o th\u00e0nh m\u1ed9t h\u1ed7n h\u1ee3p m\u1ee9t s\u1ec7t tr\u00e1i c\u00e2y trong nh\u00e2n b\u00e1nh.<\/p>\n<h3><strong>H\u01b0\u1edbng d\u1eabn s\u1eed d\u1ee5ng:<\/strong><\/h3>\n<p>&#8211; D\u00f9ng tr\u1ef1c ti\u1ebfp, ph\u1ebft m\u1eb7t \u0103n k\u00e8m b\u00e1nh m\u00ec.<\/p>\n<p>&#8211; S\u1eed d\u1ee5ng ph\u1ee7 m\u1eb7t trang tr\u00ed b\u00e1nh.<\/p>\n<p>&#8211; Qu\u1ebft l\u00e0m nh\u00e2n b\u00e1nh.<\/p>\n<p>&#8211; Ph\u1ed1i tr\u1ed9n c\u1ed1t b\u00e1nh gato, l\u00e0m kem.<\/p>\n<h3><strong>B\u1ea3o qu\u1ea3n:<\/strong><\/h3>\n<p>&#8211; Tr\u00e1nh n\u01b0\u1edbc<\/p>\n<p>&#8211; B\u1ea3o qu\u1ea3n n\u01a1i tho\u00e1ng m\u00e1t, tr\u00e1nh \u00e1nh n\u1eafng tr\u1ef1c ti\u1ebfp.<\/p>\n<p>&#8211; Gi \u1eef l\u1ea1nh s\u1ea3n ph\u1ea9m sau khi m\u1edf n\u1eafp ( 5 &#8211; 10\u00b0c).<\/p>\n<p>&nbsp;<\/p>\n","protected":false},"excerpt":{"rendered":"<p><strong>&#8211; M\u1ee9t nh\u00e2n (c\u00f3 x\u00e1c) filling Berrino\u00a0<\/strong>l\u1ef1a ch\u1ecdn nh\u1eefng tr\u00e1i c\u00e2y t\u01b0\u01a1i, m\u1ecdng n\u01b0\u1edbc \u0111\u01b0\u1ee3c c\u00f4 \u0111\u1eb7c v\u1eeba \u0111\u1ea3m b\u1ea3o tinh ch\u1ea5t dinh d\u01b0\u1ee1ng c\u00f3 trong qu\u1ea3 \u00a0t\u01b0\u01a1i v\u1eeba gi\u1eef l\u1ea1i \u0111\u01b0\u1ee3c h\u01b0\u01a1ng v\u1ecb th\u01a1m ngon.<\/p>\n<p>&#8211; S\u1ea3n ph\u1ea9m th\u00edch h\u1ee3p l\u00e0m b\u00e1nh mousse, nh\u00e2n b\u00e1nh, trang tr\u00ed b\u00e1nh, ph\u1ed1i tr\u1ed9n l\u00e0m c\u1ed1t gato ho\u1eb7c \u0103n k\u00e8m c\u00f9ng b\u00e1nh m\u00ec, sandwich.<\/p>\n<p>&#8211; \u0110\u00f3ng h\u1ed9p nh\u1ecf 1kg ti\u1ec7n d\u1ee5ng.<\/p>\n","protected":false},"featured_media":1823,"comment_status":"open","ping_status":"closed","template":"","meta":[],"product_cat":[200,58,18,80],"product_tag":[227,205,228],"_links":{"self":[{"href":"https:\/\/demo.bmconnect.vn\/saoviet\/wp-json\/wp\/v2\/product\/1822"}],"collection":[{"href":"https:\/\/demo.bmconnect.vn\/saoviet\/wp-json\/wp\/v2\/product"}],"about":[{"href":"https:\/\/demo.bmconnect.vn\/saoviet\/wp-json\/wp\/v2\/types\/product"}],"replies":[{"embeddable":true,"href":"https:\/\/demo.bmconnect.vn\/saoviet\/wp-json\/wp\/v2\/comments?post=1822"}],"wp:featuredmedia":[{"embeddable":true,"href":"https:\/\/demo.bmconnect.vn\/saoviet\/wp-json\/wp\/v2\/media\/1823"}],"wp:attachment":[{"href":"https:\/\/demo.bmconnect.vn\/saoviet\/wp-json\/wp\/v2\/media?parent=1822"}],"wp:term":[{"taxonomy":"product_cat","embeddable":true,"href":"https:\/\/demo.bmconnect.vn\/saoviet\/wp-json\/wp\/v2\/product_cat?post=1822"},{"taxonomy":"product_tag","embeddable":true,"href":"https:\/\/demo.bmconnect.vn\/saoviet\/wp-json\/wp\/v2\/product_tag?post=1822"}],"curies":[{"name":"wp","href":"https:\/\/api.w.org\/{rel}","templated":true}]}}