{"id":1724,"date":"2017-11-18T13:45:20","date_gmt":"2017-11-18T06:45:20","guid":{"rendered":"https:\/\/demo.bmconnect.vn\/saoviet\/?post_type=product&#038;p=1724"},"modified":"2017-11-18T14:40:21","modified_gmt":"2017-11-18T07:40:21","slug":"socola-hat-nut-den-couverture-grand-place-58-d058","status":"publish","type":"product","link":"https:\/\/demo.bmconnect.vn\/saoviet\/product\/socola-hat-nut-den-couverture-grand-place-58-d058\/","title":{"rendered":"Socola h\u1ea1t n\u00fat \u0111en couverture grand place 58% (d058)"},"content":{"rendered":"<h2><b>D058 &#8211; socola h\u1ea1t n\u00fat \u0111en cao c\u1ea5p grand place<\/b> <strong>(58%)<\/strong><\/h2>\n<h3><strong>\u0110\u1eb7c t\u00ednh n\u1ed5i b\u1eadt s\u1ea3n ph\u1ea9m:<\/strong><\/h3>\n<h4><strong>H\u01b0\u01a1ng v\u1ecb\u00a0<\/strong><\/h4>\n<p><strong>Socola h\u1ea1t n\u00fat \u0111en couverture (58%) <\/strong>l\u00e0 s\u1ef1 k\u1ebft h\u1ee3p tinh t\u1ebf gi\u1eefa h\u01b0\u01a1ng tr\u00e1i c\u00e2y v\u00e0 v\u1ecb \u0111\u1eafng nh\u1eb9 t\u1eeb ca cao<\/p>\n<h4><b>\u01afu \u0111i\u1ec3m<\/b><\/h4>\n<p>&#8211; S\u1ea3n ph\u1ea9m c\u1ea3i ti\u1ebfn \u0111\u00f3ng g\u00f3i nh\u1ecf g\u1ecdn ti\u1ec7n d\u1ee5ng.<\/p>\n<p>&#8211; H\u00ecnh d\u00e1ng h\u1ea1t n\u00fat \u00e1o s\u1ebd thu\u1eadn ti\u1ec7n trong s\u1eed d\u1ee5ng, chia nguy\u00ean li\u1ec7u v\u00e0 l\u00e0m\u00a0temper s\u1ea3n ph\u1ea9m.<\/p>\n<p>&#8211; H\u00ecnh d\u00e1ng b\u1eaft m\u1eaft, trang tr\u00ed thu h\u00fat h\u01a1n.<\/p>\n<h4><b>C\u00f4ng d\u1ee5ng<\/b><\/h4>\n<p>&#8211; <strong>Socola h\u1ea1t n\u00fat cao c\u1ea5p<\/strong> \u0111\u01b0\u1ee3c \u1ee9ng d\u1ee5ng nhi\u1ec1u v\u00e0o c\u00e1c lo\u1ea1i b\u00e1nh Ch\u00e2u \u00c2u, b\u00e1nh ng\u1ecdt nh\u01b0: Danish, Croissant, Cake, Cupcake&#8230;<\/p>\n<p>&#8211; C\u00f3 th\u1ec3 ph\u1ee7 Ganache tr\u00ean m\u1eb7t, l\u00e0m nh\u00e2n b\u00ean trong ho\u1eb7c tr\u1ed9n v\u00e0o b\u1ed9t b\u00e1nh, l\u00e0m k\u1eb9o \u0111\u1ed5 khu\u00f4n, th\u1ee9c u\u1ed1ng.<\/p>\n<h3><strong>Tr\u1ecdng l\u01b0\u1ee3ng:<\/strong><\/h3>\n<p>&#8211; \u0110\u00f3ng g\u00f3i bao b\u00ec 1kg.<\/p>\n<p>&#8211; 1 th\u00f9ng 8kg (8 g\u00f3i x 1kg).<\/p>\n<h3><strong>Xu\u1ea5t x\u1ee9:<\/strong><\/h3>\n<p>C\u00f4ng ngh\u1ec7 B\u1ec9 \u0111\u01b0\u1ee3c s\u1ea3n xu\u1ea5t t\u1ea1i Vi\u1ec7t Nam.<\/p>\n<h3><strong>Th\u00e0nh ph\u1ea7n:<\/strong><\/h3>\n<p>\u0110\u01b0\u1eddng, b\u00e9o th\u1ef1c v\u1eadt (d\u1ea7u c\u1ecd ho\u1eb7c nh\u00e2n c\u1ecd \u0111\u00e3 hydro h\u00f3a), b\u1ed9t cacao, ch\u1ea5t nh\u0169 h\u00f3a (E492), lecithin \u0111\u1eadu n\u00e0nh (E322)), h\u01b0\u01a1ng vani t\u1ed5ng h\u1ee3p.<\/p>\n<h3><strong>H\u01b0\u1edbng d\u1eabn s\u1eed d\u1ee5ng:<\/strong><\/h3>\n<p>S\u00f4-c\u00f4-la nguy\u00ean ch\u1ea5t \u0111\u01b0\u1ee3c s\u1ea3n xu\u1ea5t t\u1eeb b\u01a1 ca cao n\u00ean c\u1ea7n temper tr\u01b0\u1edbc khi s\u1eed d\u1ee5ng cho \u1ee9ng d\u1ee5ng \u0111\u1ed5 khu\u00f4n ho\u1eb7c t\u1ea1o c\u00e1c ki\u1ec3u trang tr\u00ed ho\u1eb7c b\u1ea1n c\u00f3 th\u1ec3 \u0103n li\u1ec1n s\u1ea3n ph\u1ea9m.<\/p>\n<h3><strong>B\u1ea3o qu\u1ea3n:<\/strong><\/h3>\n<p>&#8211; N\u01a1i s\u1ea1ch s\u1ebd, tho\u00e1ng m\u00e1t v\u00e0 kh\u00f4ng c\u00f3 m\u00f9i l\u1ea1.<\/p>\n<p>&#8211; Tr\u00e1nh thay \u0111\u1ed5i nhi\u1ec7t \u0111\u1ed9, \u0111\u1ed9 \u1ea9m \u0111\u1ed9t ng\u1ed9t v\u00e0 \u00e1nh n\u1eafng tr\u1ef1c ti\u1ebfp.<\/p>\n<p>&#8211; \u0110\u1ed9 \u1ea9m &lt; 60%, nhi\u1ec7t \u0111\u1ed9 18 &#8211; 22\u00b0C.<\/p>\n","protected":false},"excerpt":{"rendered":"<p>&nbsp;<\/p>\n<p>&#8211; S\u1ea3n ph\u1ea9m <strong>socola nguy\u00ean ch\u1ea5t<\/strong> \u0111\u01b0\u1ee3c l\u00e0m t\u1eeb 100% h\u1ea1t ca cao Vi\u1ec7t Nam (ngu\u1ed3n nguy\u00ean li\u1ec7u cacao ngon nh\u1ea5t th\u1ebf gi\u1edbi) \u0111\u1ea1t ch\u1ea5t l\u01b0\u1ee3ng theo quy tr\u00ecnh qu\u1ea3n l\u00fd kh\u00e9p k\u00edn t\u1eeb ng\u01b0\u1eddi n\u00f4ng d\u00e2n \u0111\u1ebfn thanh s\u00f4 c\u00f4 la theo ti\u00eau chu\u1ea9n\u00a0<strong>CACAO-TRACE<\/strong>.<\/p>\n<p>&#8211; D\u00f2ng s\u1ea3n ph\u1ea9m <strong>couverture<\/strong> s\u1ebd mang \u0111\u1ebfn cho b\u1ea1n tr\u1ea3i nghi\u1ec7m socola cao c\u1ea5p v\u1edbi h\u01b0\u01a1ng v\u1ecb \u0111\u1eb7c tr\u01b0ng kh\u00f3 c\u01b0\u1ee1ng l\u1ea1i \u0111\u01b0\u1ee3c.<\/p>\n","protected":false},"featured_media":1730,"comment_status":"open","ping_status":"closed","template":"","meta":[],"product_cat":[18,80,49],"product_tag":[191,180,192],"_links":{"self":[{"href":"https:\/\/demo.bmconnect.vn\/saoviet\/wp-json\/wp\/v2\/product\/1724"}],"collection":[{"href":"https:\/\/demo.bmconnect.vn\/saoviet\/wp-json\/wp\/v2\/product"}],"about":[{"href":"https:\/\/demo.bmconnect.vn\/saoviet\/wp-json\/wp\/v2\/types\/product"}],"replies":[{"embeddable":true,"href":"https:\/\/demo.bmconnect.vn\/saoviet\/wp-json\/wp\/v2\/comments?post=1724"}],"wp:featuredmedia":[{"embeddable":true,"href":"https:\/\/demo.bmconnect.vn\/saoviet\/wp-json\/wp\/v2\/media\/1730"}],"wp:attachment":[{"href":"https:\/\/demo.bmconnect.vn\/saoviet\/wp-json\/wp\/v2\/media?parent=1724"}],"wp:term":[{"taxonomy":"product_cat","embeddable":true,"href":"https:\/\/demo.bmconnect.vn\/saoviet\/wp-json\/wp\/v2\/product_cat?post=1724"},{"taxonomy":"product_tag","embeddable":true,"href":"https:\/\/demo.bmconnect.vn\/saoviet\/wp-json\/wp\/v2\/product_tag?post=1724"}],"curies":[{"name":"wp","href":"https:\/\/api.w.org\/{rel}","templated":true}]}}