{"id":1707,"date":"2017-11-18T10:37:13","date_gmt":"2017-11-18T03:37:13","guid":{"rendered":"https:\/\/demo.bmconnect.vn\/saoviet\/?post_type=product&#038;p=1707"},"modified":"2017-11-18T10:47:03","modified_gmt":"2017-11-18T03:47:03","slug":"socola-den-dang-stick-cao-cap-grand-place-r632","status":"publish","type":"product","link":"https:\/\/demo.bmconnect.vn\/saoviet\/product\/socola-den-dang-stick-cao-cap-grand-place-r632\/","title":{"rendered":"Socola \u0111en cao c\u1ea5p d\u1ea1ng stick grand place (r632)"},"content":{"rendered":"<h2><b>R632 &#8211; socola \u0111en cao c\u1ea5p d\u1ea1ng stick grand place<\/b><\/h2>\n<h3><strong>\u0110\u1eb7c t\u00ednh n\u1ed5i b\u1eadt s\u1ea3n ph\u1ea9m:<\/strong><\/h3>\n<h4><strong>H\u01b0\u01a1ng v\u1ecb\u00a0<\/strong><\/h4>\n<p>V\u1edbi 65% cacao, <strong>socola \u0111en cao c\u1ea5p d\u1ea1ng stick\u00a0<\/strong>s\u1ebd mang l\u1ea1i cho b\u1ea1n tr\u1ea3i nghi\u1ec7m ch\u1ea5t l\u01b0\u1ee3ng socola ho\u00e0n to\u00e0n kh\u00e1c bi\u1ec7t.<\/p>\n<h4><strong>\u0110\u1ed9 \u1ed5n \u0111\u1ecbnh<\/strong><\/h4>\n<p>S\u1ea3n ph\u1ea9m\u00a0c\u00f3 kh\u1ea3 n\u0103ng ch\u1ecbu nhi\u1ec7t cao khi n\u01b0\u1edbng.<\/p>\n<h4><b>C\u00f4ng d\u1ee5ng<\/b><\/h4>\n<p>&#8211;\u00a0<strong>Socola \u0111en cao c\u1ea5p d\u1ea1ng stick<\/strong>\u00a0chuy\u00ean d\u00f9ng cho c\u00e1c lo\u1ea1i b\u00e1nh m\u00ec, b\u00e1nh crossant v\u00e0 c\u00e1c lo\u1ea1i b\u00e1nh n\u01b0\u1edbng kh\u00e1c v\u00e0 trang tr\u00ed b\u00e1nh cao c\u1ea5p<\/p>\n<h3><strong>Tr\u1ecdng l\u01b0\u1ee3ng:<\/strong><\/h3>\n<p>&#8211; \u0110\u00f3ng g\u00f3i h\u1ed9p 1kg.<\/p>\n<p>&#8211; 1 th\u00f9ng 10kg (10 h\u1ed9p x 1kg).<\/p>\n<h3><strong>Xu\u1ea5t x\u1ee9:<\/strong><\/h3>\n<p>C\u00f4ng ngh\u1ec7 B\u1ec9 \u0111\u01b0\u1ee3c s\u1ea3n xu\u1ea5t t\u1ea1i Vi\u1ec7t Nam.<\/p>\n<h3><strong>Th\u00e0nh ph\u1ea7n:<\/strong><\/h3>\n<p>\u0110\u01b0\u1eddng, b\u00e9o th\u1ef1c v\u1eadt (d\u1ea7u c\u1ecd ho\u1eb7c nh\u00e2n c\u1ecd \u0111\u00e3 hydro h\u00f3a), b\u1ed9t cacao, ch\u1ea5t nh\u0169 h\u00f3a (E492), lecithin \u0111\u1eadu n\u00e0nh (E322)), h\u01b0\u01a1ng vani t\u1ed5ng h\u1ee3p.<\/p>\n<h3><strong>H\u01b0\u1edbng d\u1eabn s\u1eed d\u1ee5ng<\/strong><\/h3>\n<p>&#8211; B\u1ea1n c\u00f3 th\u1ec3 b\u1ebb nh\u1ecf s\u1ea3n ph\u1ea9m \u0111\u1ec5 deco trang tr\u00ed b\u00e1nh kem, th\u1ee9c u\u1ed1ng.<\/p>\n<p>&#8211; Ho\u1eb7c \u0111\u1eb7t n\u1eb1m trong l\u1edbp b\u1ed9t t\u1ea1o th\u00e0nh l\u1edbp nh\u00e2n b\u00e1nh nh\u01b0\u00a0crossant v\u00e0 c\u00e1c lo\u1ea1i b\u00e1nh n\u01b0\u1edbng cao c\u1ea5p kh\u00e1c.<\/p>\n<h3><strong>B\u1ea3o qu\u1ea3n:<\/strong><\/h3>\n<p>&#8211; N\u01a1i s\u1ea1ch s\u1ebd, tho\u00e1ng m\u00e1t v\u00e0 kh\u00f4ng c\u00f3 m\u00f9i l\u1ea1.<\/p>\n<p>&#8211; Tr\u00e1nh thay \u0111\u1ed5i nhi\u1ec7t \u0111\u1ed9, \u0111\u1ed9 \u1ea9m \u0111\u1ed9t ng\u1ed9t v\u00e0 \u00e1nh n\u1eafng tr\u1ef1c ti\u1ebfp.<\/p>\n<p>&#8211; \u0110\u1ed9 \u1ea9m &lt; 60%, nhi\u1ec7t \u0111\u1ed9 18 &#8211; 22\u00b0C.<\/p>\n","protected":false},"excerpt":{"rendered":"<p>&#8211; B\u1ea1n \u0111ang t\u00ecm m\u1ed9t s\u1ea3n ph\u1ea9m socola l\u00e0m nh\u00e2n b\u00e1nh cao c\u1ea5p th\u01a1m ngon?<\/p>\n<p>&#8211; <strong>Socola \u0111en d\u1ea1ng stick cao c\u1ea5p<\/strong>\u00a0<b>\u00a0r632\u00a0<\/b>\u0111\u1ea3m b\u1ea3o \u0111\u1ea7y \u0111\u1ee7 ti\u00eau ch\u00ed \u0111\u00f3.<\/p>\n<p>&#8211; H\u00ecnh d\u00e1ng que \u0111\u1eb7c tr\u01b0ng \u0111\u01b0\u1ee3c \u00f4m tr\u1ecdn trong l\u1edbp v\u1ecf b\u1ed9t b\u00e1nh khi n\u01b0\u1edbng xong, h\u01b0\u01a1ng th\u01a1m h\u00f2a quy\u1ec7n c\u00f9ng v\u1ecb \u0111\u1eafng ng\u1ecdt ng\u00e0o s\u1ebd khi\u1ebfn c\u00e1c t\u00edn \u0111\u1ed3 socola kh\u00f3 l\u00f2ng t\u1eeb ch\u1ed1i.<\/p>\n<p>&nbsp;<\/p>\n","protected":false},"featured_media":1694,"comment_status":"open","ping_status":"closed","template":"","meta":[],"product_cat":[18,80,53],"product_tag":[178,177],"_links":{"self":[{"href":"https:\/\/demo.bmconnect.vn\/saoviet\/wp-json\/wp\/v2\/product\/1707"}],"collection":[{"href":"https:\/\/demo.bmconnect.vn\/saoviet\/wp-json\/wp\/v2\/product"}],"about":[{"href":"https:\/\/demo.bmconnect.vn\/saoviet\/wp-json\/wp\/v2\/types\/product"}],"replies":[{"embeddable":true,"href":"https:\/\/demo.bmconnect.vn\/saoviet\/wp-json\/wp\/v2\/comments?post=1707"}],"wp:featuredmedia":[{"embeddable":true,"href":"https:\/\/demo.bmconnect.vn\/saoviet\/wp-json\/wp\/v2\/media\/1694"}],"wp:attachment":[{"href":"https:\/\/demo.bmconnect.vn\/saoviet\/wp-json\/wp\/v2\/media?parent=1707"}],"wp:term":[{"taxonomy":"product_cat","embeddable":true,"href":"https:\/\/demo.bmconnect.vn\/saoviet\/wp-json\/wp\/v2\/product_cat?post=1707"},{"taxonomy":"product_tag","embeddable":true,"href":"https:\/\/demo.bmconnect.vn\/saoviet\/wp-json\/wp\/v2\/product_tag?post=1707"}],"curies":[{"name":"wp","href":"https:\/\/api.w.org\/{rel}","templated":true}]}}