{"id":1698,"date":"2017-11-18T08:52:45","date_gmt":"2017-11-18T01:52:45","guid":{"rendered":"https:\/\/demo.bmconnect.vn\/saoviet\/?post_type=product&#038;p=1698"},"modified":"2017-11-18T10:02:01","modified_gmt":"2017-11-18T03:02:01","slug":"bot-socola-nguyen-chat-grand-place-khong-duong","status":"publish","type":"product","link":"https:\/\/demo.bmconnect.vn\/saoviet\/product\/bot-socola-nguyen-chat-grand-place-khong-duong\/","title":{"rendered":"B\u1ed9t socola nguy\u00ean ch\u1ea5t grand place (kh\u00f4ng \u0111\u01b0\u1eddng)"},"content":{"rendered":"<h2><b>Pn01 v\u00e0 Pn02 &#8211; b\u1ed9t socola nguy\u00ean ch\u1ea5t grand place (kh\u00f4ng \u0111\u01b0\u1eddng)<\/b><\/h2>\n<h3><strong>\u0110\u1eb7c t\u00ednh n\u1ed5i b\u1eadt s\u1ea3n ph\u1ea9m:<\/strong><\/h3>\n<h4><strong>H\u01b0\u01a1ng v\u1ecb\u00a0<\/strong><\/h4>\n<p>H\u01b0\u01a1ng v\u1ecb cacao \u0111\u1eadm \u0111\u00e0 \u0111an xen v\u1ecb \u0111\u1eafng \u0111\u1ed9c \u0111\u00e1o tan ch\u1ea3y ng\u1ecdt ng\u00e0o.<\/p>\n<h4><strong>\u0110\u1ed9 \u1ed5n \u0111\u1ecbnh<\/strong><\/h4>\n<p>S\u1ea3n ph\u1ea9m\u00a0c\u00f3 kh\u1ea3 n\u0103ng ch\u1ecbu nhi\u1ec7t cao khi n\u01b0\u1edbng.<\/p>\n<h4><b>C\u00f4ng d\u1ee5ng<\/b><\/h4>\n<p>&#8211; <strong>B\u1ed9t socola nguy\u00ean ch\u1ea5t<\/strong> d\u00f9ng trang tr\u00ed v\u00e0 pha ch\u1ebf th\u1ee9c u\u1ed1ng c\u00f3 ch\u1ee9a socola.<\/p>\n<p>&#8211; L\u00e0m b\u00e1nh n\u01b0\u1edbng (b\u00e1nh m\u00ec, b\u00e1nh ng\u1ecdt, cookie), m\u00f3n tr\u00e1ng mi\u1ec7ng, kem, s\u1ea3n ph\u1ea9m s\u1eefa, trang tr\u00ed v\u00e0 c\u00e1c \u1ee9ng d\u1ee5ng b\u00e1nh k\u1eb9o, kem kh\u00e1c.<\/p>\n<h3><strong>Tr\u1ecdng l\u01b0\u1ee3ng:<\/strong><\/h3>\n<p>&#8211; <strong>Socola b\u1ed9t PN02<\/strong>\u00a0\u0111\u00f3ng g\u00f3i bao b\u00ec 1kg.<\/p>\n<p>&#8211; <strong>Socola b\u1ed9t PN01\u00a0<\/strong>\u0111\u00f3ng g\u00f3i bao b\u00ec 10kg\/bao. (gi\u00e1 li\u00ean h\u1ec7 <strong>02435148966<\/strong> \u0111\u1ec3 bi\u1ebft th\u00eam chi ti\u1ebft)<\/p>\n<h3><strong>Xu\u1ea5t x\u1ee9:<\/strong><\/h3>\n<p>C\u00f4ng ngh\u1ec7 B\u1ec9 \u0111\u01b0\u1ee3c s\u1ea3n xu\u1ea5t t\u1ea1i Vi\u1ec7t Nam.<\/p>\n<h3><strong>Th\u00e0nh ph\u1ea7n:<\/strong><\/h3>\n<p>Cacao mass, \u0111\u01b0\u1eddng, b\u01a1 cacao, ch\u1ea5t nh\u0169 h\u00f3a lecitin \u0111\u1eadu n\u00e0nh (E322), h\u01b0\u01a1ng vani t\u1ef1 nhi\u00ean, c\u00f3 th\u1ec3 ch\u1ee9a m\u1ed9t l\u01b0\u1ee3ng r\u1ea5t nh\u1ecf th\u00e0nh ph\u1ea7n c\u1ee7a s\u1eefa.<\/p>\n<h3><strong>H\u01b0\u1edbng d\u1eabn s\u1eed d\u1ee5ng<\/strong><\/h3>\n<p>&#8211; Pha ch\u1ebf t\u00f9y ch\u1ec9nh theo s\u1edf th\u00edch. B\u1ea1n c\u00f3 th\u1ec3 th\u00eam \u0111\u01b0\u1eddng, s\u1eefa ho\u1eb7c k\u1ebft h\u1ee3p c\u00f9ng h\u1ed7n h\u1ee3p th\u1ee9c u\u1ed1ng kh\u00e1c.<\/p>\n<p>&#8211; Trong l\u00e0m b\u00e1nh, ph\u1ed1i tr\u1ed9n c\u00f9ng nguy\u00ean li\u1ec7u b\u1ed9t.<\/p>\n<h3><strong>B\u1ea3o qu\u1ea3n:<\/strong><\/h3>\n<p>&#8211; N\u01a1i s\u1ea1ch s\u1ebd, tho\u00e1ng m\u00e1t v\u00e0 kh\u00f4ng c\u00f3 m\u00f9i l\u1ea1.<\/p>\n<p>&#8211; Tr\u00e1nh thay \u0111\u1ed5i nhi\u1ec7t \u0111\u1ed9, \u0111\u1ed9 \u1ea9m \u0111\u1ed9t ng\u1ed9t v\u00e0 \u00e1nh n\u1eafng tr\u1ef1c ti\u1ebfp.<\/p>\n<p>&#8211; \u0110\u1ed9 \u1ea9m &lt; 60%, nhi\u1ec7t \u0111\u1ed9 18 &#8211; 22\u00b0C.<\/p>\n","protected":false},"excerpt":{"rendered":"<p>&#8211; <strong>B\u1ed9t socola nguy\u00ean ch\u1ea5t<\/strong>\u00a0\u0111\u01b0\u1ee3c ch\u1ebf bi\u1ebfn theo quy tr\u00ecnh s\u1ea3n xu\u1ea5t nghi\u00eam ng\u1eb7t socola nguy\u00ean ch\u1ea5t, s\u1eed d\u1ee5ng th\u00e0nh ph\u1ea7n cacao nh\u00e3o c\u00f3 ngu\u1ed3n g\u1ed1c \u01b0u vi\u1ec7t t\u1eeb ngu\u1ed3n h\u1ea1t cacao ngon nh\u1ea5t th\u1ebf gi\u1edbi c\u00f3 m\u1eb7t t\u1ea1i Vi\u1ec7t Nam.<\/p>\n<p>&#8211; S\u1ea3n ph\u1ea9m nguy\u00ean ch\u1ea5t \u0111\u1eadm \u0111\u00e0 thu h\u00fat b\u1ea1n b\u1edfi b\u1ecb th\u01a1m ngon v\u00e0 b\u00e9o m\u1ecbn.<\/p>\n<p>&#8211; \u0110\u00e2y s\u1ebd l\u00e0 s\u1ea3n ph\u1ea9m h\u1ee9a h\u1eb9n l\u00e0 tr\u1ee3 th\u1ee7 cho c\u00e1c ti\u1ec7m b\u00e1nh v\u00e0 ti\u1ec7m coffee.<\/p>\n<p>&nbsp;<\/p>\n","protected":false},"featured_media":1700,"comment_status":"open","ping_status":"closed","template":"","meta":[],"product_cat":[18,80,52],"product_tag":[170,171,174,169],"_links":{"self":[{"href":"https:\/\/demo.bmconnect.vn\/saoviet\/wp-json\/wp\/v2\/product\/1698"}],"collection":[{"href":"https:\/\/demo.bmconnect.vn\/saoviet\/wp-json\/wp\/v2\/product"}],"about":[{"href":"https:\/\/demo.bmconnect.vn\/saoviet\/wp-json\/wp\/v2\/types\/product"}],"replies":[{"embeddable":true,"href":"https:\/\/demo.bmconnect.vn\/saoviet\/wp-json\/wp\/v2\/comments?post=1698"}],"wp:featuredmedia":[{"embeddable":true,"href":"https:\/\/demo.bmconnect.vn\/saoviet\/wp-json\/wp\/v2\/media\/1700"}],"wp:attachment":[{"href":"https:\/\/demo.bmconnect.vn\/saoviet\/wp-json\/wp\/v2\/media?parent=1698"}],"wp:term":[{"taxonomy":"product_cat","embeddable":true,"href":"https:\/\/demo.bmconnect.vn\/saoviet\/wp-json\/wp\/v2\/product_cat?post=1698"},{"taxonomy":"product_tag","embeddable":true,"href":"https:\/\/demo.bmconnect.vn\/saoviet\/wp-json\/wp\/v2\/product_tag?post=1698"}],"curies":[{"name":"wp","href":"https:\/\/api.w.org\/{rel}","templated":true}]}}