{"id":1691,"date":"2017-11-17T15:59:33","date_gmt":"2017-11-17T08:59:33","guid":{"rendered":"https:\/\/demo.bmconnect.vn\/saoviet\/?post_type=product&#038;p=1691"},"modified":"2017-11-18T08:34:05","modified_gmt":"2017-11-18T01:34:05","slug":"socola-chip-den-grand-place-d07c","status":"publish","type":"product","link":"https:\/\/demo.bmconnect.vn\/saoviet\/product\/socola-chip-den-grand-place-d07c\/","title":{"rendered":"Socola chip \u0111en grand place (d07c)"},"content":{"rendered":"<h2><b>D07c &#8211; socola chip \u0111en grand place<\/b><\/h2>\n<h3><strong>\u0110\u1eb7c t\u00ednh n\u1ed5i b\u1eadt s\u1ea3n ph\u1ea9m:<\/strong><\/h3>\n<h4><strong>H\u01b0\u01a1ng v\u1ecb\u00a0<\/strong><\/h4>\n<p>H\u01b0\u01a1ng v\u1ecb cacao \u0111\u1eadm \u0111\u00e0 tan ch\u1ea3y ng\u1ecdt ng\u00e0o.<\/p>\n<h4><strong>\u0110\u1ed9 \u1ed5n \u0111\u1ecbnh<\/strong><\/h4>\n<p>S\u1ea3n ph\u1ea9m\u00a0c\u00f3 kh\u1ea3 n\u0103ng ch\u1ecbu nhi\u1ec7t cao khi n\u01b0\u1edbng.<\/p>\n<h4><b>C\u00f4ng d\u1ee5ng<\/b><\/h4>\n<p>&#8211; L\u00e0 nguy\u00ean li\u1ec7u trang tr\u00ed, l\u00e0m b\u00e1nh, k\u1eb9o quen thu\u1ed9c trong cu\u1ed9c s\u1ed1ng.<\/p>\n<p>&#8211;\u00a0<b>Socola chip grand place\u00a0<\/b>chuy\u00ean d\u00f9ng l\u00e0m nh\u00e2n b\u00e1nh cupcake, muffin, cookies, b\u00e1nh m\u00ec, b\u00e1nh ng\u1ecdt\u2026 Ngo\u00e0i ra, \u0111\u01b0\u1ee3c \u01b0a chu\u1ed9ng s\u1eed d\u1ee5ng trang tr\u00ed m\u1eb7t b\u00e1nh, kem v\u00e0 th\u1ee9c u\u1ed1ng.<\/p>\n<h3><strong>Tr\u1ecdng l\u01b0\u1ee3ng:<\/strong><\/h3>\n<p>&#8211; \u0110\u00f3ng g\u00f3i h\u1ed9p 2.5kg.<\/p>\n<p>&#8211; 1 th\u00f9ng 10kg (4 h\u1ed9p x2.5kg).<\/p>\n<h3><strong>Xu\u1ea5t x\u1ee9:<\/strong><\/h3>\n<p>C\u00f4ng ngh\u1ec7 B\u1ec9 \u0111\u01b0\u1ee3c s\u1ea3n xu\u1ea5t t\u1ea1i Vi\u1ec7t Nam.<\/p>\n<h3><strong>Th\u00e0nh ph\u1ea7n:<\/strong><\/h3>\n<p>\u0110\u01b0\u1eddng, b\u00e9o th\u1ef1c v\u1eadt (d\u1ea7u c\u1ecd ho\u1eb7c nh\u00e2n c\u1ecd \u0111\u00e3 hydro h\u00f3a), b\u1ed9t cacao, ch\u1ea5t nh\u0169 h\u00f3a (E492), lecithin \u0111\u1eadu n\u00e0nh (E322)), h\u01b0\u01a1ng vani t\u1ed5ng h\u1ee3p.<\/p>\n<h3><strong>H\u01b0\u1edbng d\u1eabn s\u1eed d\u1ee5ng:<\/strong><\/h3>\n<p>&#8211; B\u1ea1n c\u00f3 th\u1ec3 r\u1eafc <strong>socola chip<\/strong> tr\u1ef1c ti\u1ebfp tr\u00ean m\u1eb7t b\u00e1nh, k\u1eb9o, kem.<\/p>\n<p>&#8211; N\u1ebfu l\u00e0m cupcake, muffin, cookies&#8230; b\u1ea1n c\u00f3 th\u1ec3 tr\u1ed9n c\u00f9ng b\u1ed9t b\u00e1nh v\u00e0 n\u01b0\u1edbng nh\u01b0 b\u00ecnh th\u01b0\u1eddng.<\/p>\n<h3><strong>B\u1ea3o qu\u1ea3n:<\/strong><\/h3>\n<p>&#8211; N\u01a1i s\u1ea1ch s\u1ebd, tho\u00e1ng m\u00e1t v\u00e0 kh\u00f4ng c\u00f3 m\u00f9i l\u1ea1.<\/p>\n<p>&#8211; Tr\u00e1nh thay \u0111\u1ed5i nhi\u1ec7t \u0111\u1ed9, \u0111\u1ed9 \u1ea9m \u0111\u1ed9t ng\u1ed9t v\u00e0 \u00e1nh n\u1eafng tr\u1ef1c ti\u1ebfp.<\/p>\n<p>&#8211; \u0110\u1ed9 \u1ea9m &lt; 60%, nhi\u1ec7t \u0111\u1ed9 18 &#8211; 22\u00b0C.<\/p>\n","protected":false},"excerpt":{"rendered":"<p>&#8211; H\u00e3y t\u1ea1o s\u1ef1 kh\u00e1c bi\u1ec7t trong ph\u1ea7n nh\u00e2n s\u00f4 c\u00f4 la cho chi\u1ebfc b\u00e1nh crossant hay muffin c\u1ee7a b\u1ea1n b\u1eb1ng v\u1ecb ng\u1ecdt ng\u00e0o c\u1ee7a <strong>socola chip grand place<\/strong>.<\/p>\n<p>&#8211; S\u1ea3n ph\u1ea9m c\u00f3 kh\u1ea3 n\u0103ng ch\u1ecbu nhi\u1ec7t khi n\u01b0\u1edbng v\u00e0 v\u1ecb ca cao th\u01a1m ngon s\u1ebd gi\u00fap chi\u1ebfc b\u00e1nh c\u1ee7a b\u1ea1n th\u00eam ph\u1ea7n h\u1ea5p d\u1eabn.<\/p>\n<p>&#8211; D\u00f2ng s\u1ea3n ph\u1ea9m \u0111\u01b0\u1ee3c \u01b0a chu\u1ed9ng trong trang tr\u00ed b\u00e1nh, k\u1eb9o, kem.<\/p>\n<p>&nbsp;<\/p>\n","protected":false},"featured_media":1692,"comment_status":"open","ping_status":"closed","template":"","meta":[],"product_cat":[18,80,51],"product_tag":[163,162,164],"_links":{"self":[{"href":"https:\/\/demo.bmconnect.vn\/saoviet\/wp-json\/wp\/v2\/product\/1691"}],"collection":[{"href":"https:\/\/demo.bmconnect.vn\/saoviet\/wp-json\/wp\/v2\/product"}],"about":[{"href":"https:\/\/demo.bmconnect.vn\/saoviet\/wp-json\/wp\/v2\/types\/product"}],"replies":[{"embeddable":true,"href":"https:\/\/demo.bmconnect.vn\/saoviet\/wp-json\/wp\/v2\/comments?post=1691"}],"wp:featuredmedia":[{"embeddable":true,"href":"https:\/\/demo.bmconnect.vn\/saoviet\/wp-json\/wp\/v2\/media\/1692"}],"wp:attachment":[{"href":"https:\/\/demo.bmconnect.vn\/saoviet\/wp-json\/wp\/v2\/media?parent=1691"}],"wp:term":[{"taxonomy":"product_cat","embeddable":true,"href":"https:\/\/demo.bmconnect.vn\/saoviet\/wp-json\/wp\/v2\/product_cat?post=1691"},{"taxonomy":"product_tag","embeddable":true,"href":"https:\/\/demo.bmconnect.vn\/saoviet\/wp-json\/wp\/v2\/product_tag?post=1691"}],"curies":[{"name":"wp","href":"https:\/\/api.w.org\/{rel}","templated":true}]}}