{"id":1686,"date":"2017-11-17T15:36:21","date_gmt":"2017-11-17T08:36:21","guid":{"rendered":"https:\/\/demo.bmconnect.vn\/saoviet\/?post_type=product&#038;p=1686"},"modified":"2017-11-17T15:47:35","modified_gmt":"2017-11-17T08:47:35","slug":"socola-cao-sui-thanh-trang-2kg-grand-place-w07","status":"publish","type":"product","link":"https:\/\/demo.bmconnect.vn\/saoviet\/product\/socola-cao-sui-thanh-trang-2kg-grand-place-w07\/","title":{"rendered":"Socola c\u1ea1o s\u1ee7i thanh tr\u1eafng 2kg grand place (w07)"},"content":{"rendered":"<h2><b>W07 &#8211; socola c\u1ea1o s\u1ee7i thanh tr\u1eafng 2kg grand place<\/b><\/h2>\n<h3><strong>\u0110\u1eb7c t\u00ednh s\u1ea3n ph\u1ea9m:<\/strong><\/h3>\n<h4><strong>H\u01b0\u01a1ng v\u1ecb\u00a0<\/strong><\/h4>\n<p>H\u01b0\u01a1ng v\u1ecb caocao th\u01a1m ng\u1eady m\u00f9i s\u1eefa.<\/p>\n<h4><strong>\u0110\u1ed9 \u1ed5n \u0111\u1ecbnh<\/strong><\/h4>\n<p>S\u1ea3n ph\u1ea9m\u00a0c\u00f3 kh\u1ea3 n\u0103ng ch\u1ecbu nhi\u1ec7t cao v\u00e0 \u0111\u1ed9 d\u1ebbo t\u1ed1t, linh ho\u1ea1t trong nhi\u1ec1u \u1ee9ng d\u1ee5ng.<\/p>\n<h4><b>\u0110a c\u00f4ng d\u1ee5ng<\/b>.<\/h4>\n<p>&#8211;\u00a0<b>Socola thanh tr\u1eafng 1kg grand place<\/b>\u00a0quen thu\u1ed9c trong c\u00e1c<b>\u00a0<\/b>\u1ee9ng d\u1ee5ng c\u1ea1o s\u1ee7i t\u1ea1o h\u00ecnh v\u00e0 \u0111\u1ed5 khu\u00f4n socola.<\/p>\n<p>&#8211; Ngo\u00e0i ra <strong>GP-D013<\/strong> c\u00f2n d\u00f9ng \u0111\u1ec3 ph\u1ee7 m\u1eb7t b\u00e1nh, l\u00e0m nh\u00e2n ho\u1eb7c l\u00e0m donuts.<\/p>\n<h4><strong>Hi\u1ec7u qu\u1ea3 kinh t\u1ebf<\/strong><\/h4>\n<p>&#8211;\u00a0S\u1ea3n l\u01b0\u1ee3ng ch\u1ea5t l\u01b0\u1ee3ng, gi\u00e1 th\u00e0nh h\u1ee3p l\u00fd \u0111\u01b0\u1ee3c nhi\u1ec1u kh\u00e1ch h\u00e0ng tin d\u00f9ng.<\/p>\n<p>&#8211; S\u1ea3n ph\u1ea9m ti\u1ec7n d\u1ee5ng, d\u1ec5 d\u00e0ng thao t\u00e1c s\u1eed d\u1ee5ng.<\/p>\n<h3><strong>Tr\u1ecdng l\u01b0\u1ee3ng:<\/strong><\/h3>\n<p>&#8211; \u0110\u00f3ng g\u00f3i thanh 2kg.<\/p>\n<p>&#8211; 1 th\u00f9ng 20kg (10 thanh x 2kg).<\/p>\n<h3><strong>Xu\u1ea5t x\u1ee9:<\/strong><\/h3>\n<p>C\u00f4ng ngh\u1ec7 B\u1ec9 \u0111\u01b0\u1ee3c s\u1ea3n xu\u1ea5t t\u1ea1i Vi\u1ec7t Nam.<\/p>\n<h3><strong>Th\u00e0nh ph\u1ea7n:<\/strong><\/h3>\n<p>\u0110\u01b0\u1eddng, b\u00e9o th\u1ef1c v\u1eadt (d\u1ea7u c\u1ecd ho\u1eb7c nh\u00e2n c\u1ecd \u0111\u00e3 hydro h\u00f3a), b\u1ed9t cacao, ch\u1ea5t nh\u0169 h\u00f3a (E492), lecithin \u0111\u1eadu n\u00e0nh (E322)), h\u01b0\u01a1ng vani t\u1ed5ng h\u1ee3p.<\/p>\n<h3><strong>H\u01b0\u1edbng d\u1eabn s\u1eed d\u1ee5ng:<\/strong><\/h3>\n<p>&#8211; S\u1ee7i: B\u1ea1n n\u1ea5u ch\u1ea3y socola \u1edf nhi\u1ec7t \u0111\u1ed9 t\u1ed1i \u0111a 50\u00b0c. Sau \u0111\u00f3 , tr\u1ea3i socola l\u00ean m\u1eb7t b\u00e0n \u0111\u00e1 \u0111\u1ebfn khi socola \u1edf kho\u1ea3ng nhi\u1ec7t \u0111\u1ed9 27 &#8211; 29\u00b0c.<\/p>\n<p>&#8211; C\u1ea1o: s\u1eed d\u1ee5ng \u1edf nhi\u1ec7t \u0111\u1ed9 kho\u1ea3ng 25 &#8211; 27\u00b0c.<\/p>\n<p>C\u00f4ng ty Ong V\u00e0ng m\u00e1ch b\u1ea1n c\u00e1ch s\u1eed d\u1ee5ng socola c\u1ea1o s\u1ee7i thanh \u0111en 2kg nh\u00e9:<\/p>\n<p>&nbsp;<\/p>\n<p><iframe loading=\"lazy\" width=\"1020\" height=\"765\" src=\"https:\/\/www.youtube.com\/embed\/ifPC1TmJPgg?feature=oembed\" frameborder=\"0\" gesture=\"media\" allowfullscreen><\/iframe><\/p>\n<h3><strong>B\u1ea3o qu\u1ea3n:<\/strong><\/h3>\n<p>&#8211; N\u01a1i s\u1ea1ch s\u1ebd, tho\u00e1ng m\u00e1t v\u00e0 kh\u00f4ng c\u00f3 m\u00f9i l\u1ea1.<\/p>\n<p>&#8211; Tr\u00e1nh thay \u0111\u1ed5i nhi\u1ec7t \u0111\u1ed9, \u0111\u1ed9 \u1ea9m \u0111\u1ed9t ng\u1ed9t v\u00e0 \u00e1nh n\u1eafng tr\u1ef1c ti\u1ebfp.<\/p>\n<p>&#8211; \u0110\u1ed9 \u1ea9m &lt; 60%, nhi\u1ec7t \u0111\u1ed9 18 &#8211; 22\u00b0C.<\/p>\n","protected":false},"excerpt":{"rendered":"<p>&nbsp;<\/p>\n<p><strong>&#8211; Socola chocoshave<\/strong> d\u1ea1ng thanh 2kg c\u00f3 b\u1ec1 m\u1eb7t nh\u1eb5n, tr\u01a1n, ph\u1eb3ng, r\u1ed9ng.<\/p>\n<p>&#8211; Thu\u1eadn ti\u1ec7n l\u00e0m deco trang tr\u00ed b\u1eb1ng c\u00e1ch c\u1ea1o s\u1ee7i tr\u1ef1c ti\u1ebfp tr\u00ean th\u1ebb ho\u1eb7c c\u1ea1o s\u1ee7i tr\u00ean m\u1eb7t b\u00e0n, t\u1ea5m plastic, silicon.<\/p>\n<p>&nbsp;<\/p>\n<p>&nbsp;<\/p>\n","protected":false},"featured_media":1689,"comment_status":"open","ping_status":"closed","template":"","meta":[],"product_cat":[18,80,48],"product_tag":[159,160,161],"_links":{"self":[{"href":"https:\/\/demo.bmconnect.vn\/saoviet\/wp-json\/wp\/v2\/product\/1686"}],"collection":[{"href":"https:\/\/demo.bmconnect.vn\/saoviet\/wp-json\/wp\/v2\/product"}],"about":[{"href":"https:\/\/demo.bmconnect.vn\/saoviet\/wp-json\/wp\/v2\/types\/product"}],"replies":[{"embeddable":true,"href":"https:\/\/demo.bmconnect.vn\/saoviet\/wp-json\/wp\/v2\/comments?post=1686"}],"wp:featuredmedia":[{"embeddable":true,"href":"https:\/\/demo.bmconnect.vn\/saoviet\/wp-json\/wp\/v2\/media\/1689"}],"wp:attachment":[{"href":"https:\/\/demo.bmconnect.vn\/saoviet\/wp-json\/wp\/v2\/media?parent=1686"}],"wp:term":[{"taxonomy":"product_cat","embeddable":true,"href":"https:\/\/demo.bmconnect.vn\/saoviet\/wp-json\/wp\/v2\/product_cat?post=1686"},{"taxonomy":"product_tag","embeddable":true,"href":"https:\/\/demo.bmconnect.vn\/saoviet\/wp-json\/wp\/v2\/product_tag?post=1686"}],"curies":[{"name":"wp","href":"https:\/\/api.w.org\/{rel}","templated":true}]}}