{"id":1679,"date":"2017-11-17T13:42:23","date_gmt":"2017-11-17T06:42:23","guid":{"rendered":"https:\/\/demo.bmconnect.vn\/saoviet\/?post_type=product&#038;p=1679"},"modified":"2017-11-17T14:10:17","modified_gmt":"2017-11-17T07:10:17","slug":"socola-pha-mau-chocorainbow-cauvong-grand-place-w019","status":"publish","type":"product","link":"https:\/\/demo.bmconnect.vn\/saoviet\/product\/socola-pha-mau-chocorainbow-cauvong-grand-place-w019\/","title":{"rendered":"Socola tr\u1eafng pha m\u00e0u 1kg grand place (w019)"},"content":{"rendered":"<h2><b>W019 &#8211; socola tr\u1eafng pha m\u00e0u 1kg grand place<\/b><\/h2>\n<h3><strong>\u0110\u1eb7c t\u00ednh n\u1ed5i b\u1eadt s\u1ea3n ph\u1ea9m:<\/strong><\/h3>\n<h4><strong>H\u01b0\u01a1ng v\u1ecb \u0111\u1ed9c \u0111\u00e1o<\/strong><\/h4>\n<p>Socola h\u01b0\u01a1ng v\u1ecb s\u1eefa b\u00e9o ng\u1eady<\/p>\n<h4><strong>\u0110\u1ed9 \u1ed5n \u0111\u1ecbnh<\/strong><\/h4>\n<p>S\u1ea3n ph\u1ea9m c\u1ea3i ti\u1ebfn c\u00f3 kh\u1ea3 n\u0103ng ch\u1ecbu nhi\u1ec7t cao v\u00e0 \u0111\u1ed9 d\u1ebbo t\u1ed1t cho thao t\u00e1c c\u1ea1o s\u1ee7i qua v\u00e0i l\u1ea7n n\u1ea5u.<\/p>\n<h4><b>\u0110a c\u00f4ng d\u1ee5ng<\/b><\/h4>\n<p>&#8211; <strong>S<\/strong><b>ocola tr\u1eafng chocorainbow\u00a0<\/b>c\u00f3 th\u1ec3 pha \u0111\u01b0\u1ee3c m\u00e0u n\u01b0\u1edbc v\u00e0 c\u00e1c lo\u1ea1i m\u00e0u kh\u00e1c m\u00e0 kh\u00f4ng l\u00e0m b\u1edf, ch\u1ebft socola, h\u1ed7 tr\u1ee3 \u0111\u1eafc l\u1ef1c trong c\u1ea1o s\u1ee7i v\u00e0 t\u1ea1o h\u00ecnh socola \u0111a d\u1ea1ng.<\/p>\n<p>&#8211; K\u1ebft h\u1ee3p v\u1edbi d\u00f2ng s\u1ea3n ph\u1ea9m socola s\u1ec7t chocoform tr\u1eafng cho \u1ee9ng d\u1ee5ng ph\u1ee7 b\u00e1nh, k\u1eb9o.<\/p>\n<h4><strong>Hi\u1ec7u qu\u1ea3 kinh t\u1ebf<\/strong><\/h4>\n<p>&#8211;\u00a0S\u1ea3n l\u01b0\u1ee3ng ch\u1ea5t l\u01b0\u1ee3ng, gi\u00e1 th\u00e0nh h\u1ee3p l\u00fd \u0111\u01b0\u1ee3c nhi\u1ec1u kh\u00e1ch h\u00e0ng tin d\u00f9ng.<\/p>\n<p>&#8211; S\u1ea3n ph\u1ea9m \u0111\u00f3ng g\u00f3i nh\u1ecf, ti\u1ec7n d\u1ee5ng, d\u1ec5 d\u00e0ng thao t\u00e1c s\u1eed d\u1ee5ng.<\/p>\n<h3><strong>Tr\u1ecdng l\u01b0\u1ee3ng:<\/strong><\/h3>\n<p>&#8211; \u0110\u00f3ng g\u00f3i thanh 1kg.<\/p>\n<p>&#8211; 1 th\u00f9ng 10kg.<\/p>\n<h3><strong>Xu\u1ea5t x\u1ee9:<\/strong><\/h3>\n<p>C\u00f4ng ngh\u1ec7 B\u1ec9 \u0111\u01b0\u1ee3c s\u1ea3n xu\u1ea5t t\u1ea1i Vi\u1ec7t Nam.<\/p>\n<h3><strong>Th\u00e0nh ph\u1ea7n:<\/strong><\/h3>\n<p>\u0110\u01b0\u1eddng, b\u00e9o th\u1ef1c v\u1eadt (d\u1ea7u c\u1ecd ho\u1eb7c nh\u00e2n c\u1ecd \u0111\u00e3 hydro h\u00f3a), b\u1ed9t cacao, ch\u1ea5t nh\u0169 h\u00f3a (E492), lecithin \u0111\u1eadu n\u00e0nh (E322)), h\u01b0\u01a1ng vani t\u1ed5ng h\u1ee3p.<\/p>\n<h3><strong>H\u01b0\u1edbng d\u1eabn s\u1eed d\u1ee5ng:<\/strong><\/h3>\n<p>&#8211; Pha lo\u00e3ng dung d\u1ecbch m\u00e0u n\u01b0\u1edbc v\u1edbi t\u1ec9 l\u1ec7 n\u01b0\u1edbc th\u00edch h\u1ee3p.<\/p>\n<p>&#8211; \u0110\u1ed1i v\u1edbi m\u00e0u b\u00e9o th\u00ec kh\u00f4ng c\u1ea7n pha lo\u00e3ng v\u1edbi n\u01b0\u1edbc.<\/p>\n<p>&#8211; Ph\u1ed1i tr\u1ed9n dung d\u1ecbch m\u00e0u \u0111\u00e3 pha lo\u00e3ng v\u00e0o <strong>socola chocorainbow tr\u1eafng\u00a0<\/strong>\u0111\u00e3 n\u1ea5u ch\u1ea3y v\u00e0 khu\u1ea5y \u0111\u1ec1u cho \u0111\u1ebfn khi \u0111\u1ea1t m\u00e0u s\u1eafc mong mu\u1ed1n.<\/p>\n<p>&#8211; H\u1ed7n h\u1ee3p socola m\u00e0u b\u1ea1n v\u1eeba t\u1ea1o \u0111\u00e3 s\u1eb5n s\u00e0ng cho m\u1ecdi \u1ee9ng d\u1ee5ng (c\u1ea1o, s\u1ee7i, ph\u1ee7).<\/p>\n<p>C\u00f4ng ty Ong V\u00e0ng m\u00e1ch b\u1ea1n c\u00e1ch thao t\u00e1c c\u1ea1o s\u1ee7i v\u1edbi <strong>socola<\/strong> <strong>chocorainbow tr\u1eafng\u00a0<\/strong>nh\u00e9:<\/p>\n<p>&nbsp;<\/p>\n<p><iframe loading=\"lazy\" width=\"1020\" height=\"574\" src=\"https:\/\/www.youtube.com\/embed\/BQWy0wiYE7U?feature=oembed\" frameborder=\"0\" gesture=\"media\" allowfullscreen><\/iframe><\/p>\n<h3><strong>B\u1ea3o qu\u1ea3n:<\/strong><\/h3>\n<p>&#8211; N\u01a1i s\u1ea1ch s\u1ebd, tho\u00e1ng m\u00e1t v\u00e0 kh\u00f4ng c\u00f3 m\u00f9i l\u1ea1.<\/p>\n<p>&#8211; Tr\u00e1nh thay \u0111\u1ed5i nhi\u1ec7t \u0111\u1ed9, \u0111\u1ed9 \u1ea9m \u0111\u1ed9t ng\u1ed9t v\u00e0 \u00e1nh n\u1eafng tr\u1ef1c ti\u1ebfp.<\/p>\n<p>&#8211; \u0110\u1ed9 \u1ea9m &lt; 60%, nhi\u1ec7t \u0111\u1ed9 18 &#8211; 22\u00b0C.<\/p>\n","protected":false},"excerpt":{"rendered":"<p>&nbsp;<\/p>\n<p>B\u1ea1n \u0111ang t\u00ecm m\u1ed9t s\u1ea3n ph\u1ea9m socola c\u00f3 \u0111\u1ed9 d\u1ebbo t\u1ed1t, kh\u00f4ng s\u1ee3 n\u1ed7i lo kh\u00f4ng pha \u0111\u01b0\u1ee3c m\u00e0u v\u00e0 linh ho\u1ea1t trong c\u00e1c \u1ee9ng d\u1ee5ng c\u1ea1o s\u1ee7i v\u00e0 t\u1ea1o h\u00ecnh socola?<\/p>\n<p>\u0110\u00fang r\u1ed3i \u0111\u1ea5y! <strong>Socola tr\u1eafng chocorainbow<\/strong> c\u1ee7a t\u1eadp \u0111o\u00e0n Puratos Grand Place s\u1ebd gi\u00fap b\u1ea1n.<\/p>\n<p>&nbsp;<\/p>\n","protected":false},"featured_media":1680,"comment_status":"open","ping_status":"closed","template":"","meta":[],"product_cat":[18,80,48],"product_tag":[153,154,155],"_links":{"self":[{"href":"https:\/\/demo.bmconnect.vn\/saoviet\/wp-json\/wp\/v2\/product\/1679"}],"collection":[{"href":"https:\/\/demo.bmconnect.vn\/saoviet\/wp-json\/wp\/v2\/product"}],"about":[{"href":"https:\/\/demo.bmconnect.vn\/saoviet\/wp-json\/wp\/v2\/types\/product"}],"replies":[{"embeddable":true,"href":"https:\/\/demo.bmconnect.vn\/saoviet\/wp-json\/wp\/v2\/comments?post=1679"}],"wp:featuredmedia":[{"embeddable":true,"href":"https:\/\/demo.bmconnect.vn\/saoviet\/wp-json\/wp\/v2\/media\/1680"}],"wp:attachment":[{"href":"https:\/\/demo.bmconnect.vn\/saoviet\/wp-json\/wp\/v2\/media?parent=1679"}],"wp:term":[{"taxonomy":"product_cat","embeddable":true,"href":"https:\/\/demo.bmconnect.vn\/saoviet\/wp-json\/wp\/v2\/product_cat?post=1679"},{"taxonomy":"product_tag","embeddable":true,"href":"https:\/\/demo.bmconnect.vn\/saoviet\/wp-json\/wp\/v2\/product_tag?post=1679"}],"curies":[{"name":"wp","href":"https:\/\/api.w.org\/{rel}","templated":true}]}}