{"id":1668,"date":"2017-11-17T10:56:13","date_gmt":"2017-11-17T03:56:13","guid":{"rendered":"https:\/\/demo.bmconnect.vn\/saoviet\/?post_type=product&#038;p=1668"},"modified":"2017-11-17T15:06:01","modified_gmt":"2017-11-17T08:06:01","slug":"socola-set-den-phu-mat-banh-4kg-grand-place-d080","status":"publish","type":"product","link":"https:\/\/demo.bmconnect.vn\/saoviet\/product\/socola-set-den-phu-mat-banh-4kg-grand-place-d080\/","title":{"rendered":"Socola s\u1ec7t \u0111en 4kg grand place (d080)"},"content":{"rendered":"<h2><b>D080 &#8211; s\u1ec7t \u0111en 4kg grand place<\/b><\/h2>\n<figure id=\"attachment_1670\" aria-describedby=\"caption-attachment-1670\" style=\"width: 300px\" class=\"wp-caption alignright\"><img loading=\"lazy\" class=\"size-medium wp-image-1670\" src=\"https:\/\/demo.bmconnect.vn\/saoviet\/wp-content\/uploads\/2017\/11\/25-1-300x225.jpg\" alt=\"socola-set-4kg-grand-place-puratos\" width=\"300\" height=\"225\" srcset=\"https:\/\/demo.bmconnect.vn\/saoviet\/wp-content\/uploads\/2017\/11\/25-1-300x225.jpg 300w, https:\/\/demo.bmconnect.vn\/saoviet\/wp-content\/uploads\/2017\/11\/25-1-600x450.jpg 600w, https:\/\/demo.bmconnect.vn\/saoviet\/wp-content\/uploads\/2017\/11\/25-1-768x576.jpg 768w, https:\/\/demo.bmconnect.vn\/saoviet\/wp-content\/uploads\/2017\/11\/25-1.jpg 800w\" sizes=\"(max-width: 300px) 100vw, 300px\" \/><figcaption id=\"caption-attachment-1670\" class=\"wp-caption-text\">socola-set-4kg-grand-place-puratos<\/figcaption><\/figure>\n<h3><strong>\u0110\u1eb7c t\u00ednh n\u1ed5i b\u1eadt s\u1ea3n ph\u1ea9m:<\/strong><\/h3>\n<h4><strong>H\u01b0\u01a1ng v\u1ecb\u00a0<\/strong><\/h4>\n<p>L\u00e0 s\u1ef1 h\u00f2a quy\u1ec7n c\u1ee7a cacao m\u1ec1m m\u1ecbn, ng\u1ecdt ng\u00e0o tan ch\u1ea3y.<\/p>\n<h4><strong>\u0110\u1ed9 \u1ed5n \u0111\u1ecbnh<\/strong><\/h4>\n<p>S\u1ea3n ph\u1ea9m\u00a0c\u1ea3i ti\u1ebfn duy tr\u00ec \u0111\u1ed9 b\u00f3ng c\u1ee7a s\u1ea3n ph\u1ea9m, ph\u1ee7 \u0111\u1ec1u m\u1ecbn v\u00e0 h\u1ea1n ch\u1ebf \u0111\u01b0\u1ee3c hi\u1ec7n t\u01b0\u1ee3ng \u0111\u1ed5 m\u1ed3 h\u00f4i tr\u00ean m\u1eb7t b\u00e1nh. Chi\u1ebfc b\u00e1nh c\u1ee7a b\u1ea1n s\u1ebd sang tr\u1ecdng h\u01a1n r\u1ea5t b\u1eaft m\u1eaft.<\/p>\n<h4><b>\u0110a c\u00f4ng d\u1ee5ng<\/b><\/h4>\n<p>&#8211; L\u00e0 nguy\u00ean li\u1ec7u l\u00e0m b\u00e1nh,k\u1eb9o quen thu\u1ed9c trong cu\u1ed9c s\u1ed1ng.<\/p>\n<p>&#8211;\u00a0<b>Socola s\u1ec7t grand place<\/b>\u00a0quen thu\u1ed9c trong c\u00e1c<b>\u00a0<\/b>\u1ee9ng d\u1ee5ng ph\u1ee7 m\u1eb7t b\u00e1nh, l\u00e0m l\u1edbp ph\u1ee7 kem, nh\u00fang donut, &#8230;.<\/p>\n<h4><b>\u01afu \u0111i\u1ec3m<\/b><\/h4>\n<p>&#8211; <strong>Socola s\u1ec7t grand place<\/strong> \u0111\u01b0\u1ee3c ch\u1ecdn l\u1ecdc nguy\u00ean li\u1ec7u s\u1ea3n xu\u1ea5t, d\u1ef1a tr\u00ean nh\u1eefng ti\u00eau chu\u1ea9n v\u1ec1 ch\u1ea5t l\u01b0\u1ee3ng th\u1ef1c ph\u1ea9m v\u00e0 v\u1edbi d\u00e2y chuy\u1ec1n c\u00f4ng ngh\u1ec7 hi\u1ec7n \u0111\u1ea1i v\u1edbi s\u1ef1 gi\u00e1m s\u00e1t nghi\u00eam ng\u1eb7t c\u1ee7a c\u00e1c chuy\u00ean gia h\u00e0ng \u0111\u1ea7u v\u1ec1 nguy\u00ean li\u1ec7u ch\u1ebf bi\u1ebfn, b\u1ea1n ho\u00e0n to\u00e0n c\u00f3 th\u1ec3 y\u00ean t\u00e2m v\u1ec1 \u0111\u1ed9 an to\u00e0n c\u1ee7a s\u1ea3n ph\u1ea9m.<\/p>\n<p>&#8211;\u00a0S\u1ea3n ph\u1ea9m ch\u1ea5t l\u01b0\u1ee3ng, gi\u00e1 th\u00e0nh h\u1ee3p l\u00fd \u0111\u01b0\u1ee3c nhi\u1ec1u kh\u00e1ch h\u00e0ng tin d\u00f9ng.<\/p>\n<p>&#8211; X\u00f4 s\u1ec7t \u0111\u01b0\u1ee3c \u0111\u00f3ng g\u00f3i trong th\u00f9ng v\u1edbi quai x\u00e1ch v\u00f4 c\u00f9ng ti\u1ec7n l\u1ee3i, gi\u00fap b\u1ea1n d\u1ec5 d\u00e0ng di chuy\u1ec3n v\u00e0 b\u1ea3o qu\u1ea3n.<\/p>\n<h3><strong>Tr\u1ecdng l\u01b0\u1ee3ng:<\/strong><\/h3>\n<p>&#8211; \u0110\u00f3ng g\u00f3i x\u00f4 4kg.<\/p>\n<p>&#8211; 1 th\u00f9ng 12kg (3 x\u00f4 x 4kg).<\/p>\n<h3><strong>Xu\u1ea5t x\u1ee9:<\/strong><\/h3>\n<p>C\u00f4ng ngh\u1ec7 B\u1ec9 \u0111\u01b0\u1ee3c s\u1ea3n xu\u1ea5t t\u1ea1i Vi\u1ec7t Nam.<\/p>\n<h3><strong>Th\u00e0nh ph\u1ea7n:<\/strong><\/h3>\n<p>\u0110\u01b0\u1eddng, b\u00e9o th\u1ef1c v\u1eadt (d\u1ea7u olein c\u1ecd tinh luy\u1ec7n), b\u1ed9t cacao, ch\u1ea5t nh\u0169 h\u00f3a, h\u01b0\u01a1ng t\u1ed5ng h\u1ee3p (vani, socola)<\/p>\n<h3><strong>H\u01b0\u1edbng d\u1eabn s\u1eed d\u1ee5ng:<\/strong><\/h3>\n<p>&#8211; N\u1eb7n t\u1ea1o\u00a0h\u00ecnh b\u00e1nh: B\u1ea1n s\u1eed d\u1ee5ng s\u1ea3n ph\u1ea9m\u00a0\u1edf nhi\u1ec7t \u0111\u1ed9\u00a020 &#8211; 25\u00b0c.<\/p>\n<p>&#8211; Ph\u1ee7 m\u1eb7t b\u00e1nh: B\u1ea1n n\u1ea5u ch\u1ea3y socola\u00a0b\u1eb1ng c\u00e1ch \u0111\u1eb7t th\u00f9ng \u0111\u1ef1ng s\u00f4 c\u00f4 la v\u00e0o n\u01b0\u1edbc n\u00f3ng (t\u1ed1i \u0111a \u1edf 50<sup>o<\/sup>C, kh\u00f4ng n\u00ean l\u00e0m n\u00f3ng tr\u1ef1c ti\u1ebfp).<\/p>\n<p>&#8211; \u0110\u1ed1i v\u1edbi kh\u1ed1i l\u01b0\u1ee3ng nh\u1ecf: B\u1ea1n c\u00f3 th\u1ec3 d\u00f9ng l\u00f2 vi s\u00f3ng \u0111\u1ec3 l\u00e0m n\u00f3ng ch\u1ea3y v\u00e0 s\u1eb5n s\u00e0ng s\u1eed d\u1ee5ng \u1edf nhi\u1ec7t \u0111\u1ed9\u00a035 &#8211; 40\u00b0C.<\/p>\n<p>&#8211; Tr\u00e1nh xa n\u01b0\u1edbc v\u00e0 h\u01a1i n\u01b0\u1edbc, \u0111\u1eady k\u00edn th\u00f9ng socola sau khi s\u1eed d\u1ee5ng.<\/p>\n<h3><strong>B\u1ea3o qu\u1ea3n:<\/strong><\/h3>\n<p>&#8211; N\u01a1i s\u1ea1ch s\u1ebd, tho\u00e1ng m\u00e1t v\u00e0 kh\u00f4ng c\u00f3 m\u00f9i l\u1ea1.<\/p>\n<p>&#8211; Tr\u00e1nh thay \u0111\u1ed5i nhi\u1ec7t \u0111\u1ed9, \u0111\u1ed9 \u1ea9m \u0111\u1ed9t ng\u1ed9t v\u00e0 \u00e1nh n\u1eafng tr\u1ef1c ti\u1ebfp.<\/p>\n<p>&#8211; \u0110\u1ed9 \u1ea9m &lt; 60%, nhi\u1ec7t \u0111\u1ed9 18 &#8211; 22\u00b0C.<\/p>\n","protected":false},"excerpt":{"rendered":"<p><strong>&#8211; Socola s\u1ec7t grand place puratos<\/strong>\u00a0\u0111\u01b0\u1ee3c \u01b0a chu\u1ed9ng d\u00f9ng \u0111\u1ec3 ph\u1ee7 m\u1eb7t, l\u00e0m nh\u00e2n, t\u1ea1o h\u00ecnh v\u00e0 l\u00e0m donuts.<\/p>\n<p>&#8211; S\u1ea3n ph\u1ea9m c\u00f3 d\u1ea1ng s\u00e1nh,\u00a0kh\u00f4ng c\u00f3 c\u1eb7n, khi \u0111\u01b0\u1ee3c ph\u1ee7 l\u00ean b\u00e1nh ch\u1ea3y \u0111\u1ec1u, m\u01b0\u1edbt, m\u1ecbn.<\/p>\n<p>&#8211; L\u00e0 s\u1ea3n ph\u1ea9m c\u1ee7a t\u1eadp \u0111o\u00e0n <strong>puratos grand place\u00a0<\/strong>\u0111\u01b0\u1ee3c th\u00e0nh l\u1eadp t\u1ea1i B\u1ec9 v\u00e0 \u0111\u00e3 c\u00f3 th\u01b0\u01a1ng hi\u1ec7u t\u1ea1i Vi\u1ec7t Nam h\u01a1n 20 n\u0103m.<\/p>\n<p>&nbsp;<\/p>\n<p>&nbsp;<\/p>\n","protected":false},"featured_media":1673,"comment_status":"open","ping_status":"closed","template":"","meta":[],"product_cat":[18,80,50],"product_tag":[146,147,145],"_links":{"self":[{"href":"https:\/\/demo.bmconnect.vn\/saoviet\/wp-json\/wp\/v2\/product\/1668"}],"collection":[{"href":"https:\/\/demo.bmconnect.vn\/saoviet\/wp-json\/wp\/v2\/product"}],"about":[{"href":"https:\/\/demo.bmconnect.vn\/saoviet\/wp-json\/wp\/v2\/types\/product"}],"replies":[{"embeddable":true,"href":"https:\/\/demo.bmconnect.vn\/saoviet\/wp-json\/wp\/v2\/comments?post=1668"}],"wp:featuredmedia":[{"embeddable":true,"href":"https:\/\/demo.bmconnect.vn\/saoviet\/wp-json\/wp\/v2\/media\/1673"}],"wp:attachment":[{"href":"https:\/\/demo.bmconnect.vn\/saoviet\/wp-json\/wp\/v2\/media?parent=1668"}],"wp:term":[{"taxonomy":"product_cat","embeddable":true,"href":"https:\/\/demo.bmconnect.vn\/saoviet\/wp-json\/wp\/v2\/product_cat?post=1668"},{"taxonomy":"product_tag","embeddable":true,"href":"https:\/\/demo.bmconnect.vn\/saoviet\/wp-json\/wp\/v2\/product_tag?post=1668"}],"curies":[{"name":"wp","href":"https:\/\/api.w.org\/{rel}","templated":true}]}}