{"id":1660,"date":"2017-11-17T10:13:51","date_gmt":"2017-11-17T03:13:51","guid":{"rendered":"https:\/\/demo.bmconnect.vn\/saoviet\/?post_type=product&#038;p=1660"},"modified":"2017-11-17T13:36:01","modified_gmt":"2017-11-17T06:36:01","slug":"socola-thanh-den-compound-1kg-grand-place-d045","status":"publish","type":"product","link":"https:\/\/demo.bmconnect.vn\/saoviet\/product\/socola-thanh-den-compound-1kg-grand-place-d045\/","title":{"rendered":"Socola thanh \u0111en 1kg grand place (D045)"},"content":{"rendered":"<h2><b>D045 &#8211; Socola thanh \u0111en 1kg grand place<\/b><\/h2>\n<figure id=\"attachment_840\" aria-describedby=\"caption-attachment-840\" style=\"width: 300px\" class=\"wp-caption alignright\"><img loading=\"lazy\" class=\"size-medium wp-image-840\" src=\"https:\/\/demo.bmconnect.vn\/saoviet\/wp-content\/uploads\/2017\/10\/cach-lam-socola-hinh-trai-tim_04-300x211.jpg\" alt=\"socola-thanh-den-1kg-grand-place\" width=\"300\" height=\"211\" srcset=\"https:\/\/demo.bmconnect.vn\/saoviet\/wp-content\/uploads\/2017\/10\/cach-lam-socola-hinh-trai-tim_04-300x211.jpg 300w, https:\/\/demo.bmconnect.vn\/saoviet\/wp-content\/uploads\/2017\/10\/cach-lam-socola-hinh-trai-tim_04.jpg 550w\" sizes=\"(max-width: 300px) 100vw, 300px\" \/><figcaption id=\"caption-attachment-840\" class=\"wp-caption-text\">socola-thanh-den-1kg-grand-place<\/figcaption><\/figure>\n<h3><strong>\u0110\u1eb7c t\u00ednh n\u1ed5i b\u1eadt s\u1ea3n ph\u1ea9m:<\/strong><\/h3>\n<h4><strong>H\u01b0\u01a1ng v\u1ecb \u0111\u1ed9c \u0111\u00e1o<\/strong><\/h4>\n<p>M\u1ed9t ch\u00fat v\u1ecb \u0111\u1eafng \u0111\u1eb7c tr\u01b0ng c\u1ee7a cacao h\u00f2a quy\u1ec7n c\u00f9ng v\u1ecb ng\u1ecdt n\u1ed3ng n\u00e0n s\u1ebd th\u1ecfa m\u00e3n nh\u1eefng t\u00edn \u0111\u1ed3 y\u00eau th\u00edch socola.<\/p>\n<h4><strong>\u0110\u1ed9 \u1ed5n \u0111\u1ecbnh<\/strong><\/h4>\n<p>S\u1ea3n ph\u1ea9m\u00a0c\u00f3 kh\u1ea3 n\u0103ng ch\u1ecbu nhi\u1ec7t cao v\u00e0 \u0111\u1ed9 d\u1ebbo t\u1ed1t, linh ho\u1ea1t trong nhi\u1ec1u \u1ee9ng d\u1ee5ng.<\/p>\n<h4><b>\u0110a c\u00f4ng d\u1ee5ng<\/b><\/h4>\n<p>&#8211; L\u00e0 nguy\u00ean li\u1ec7u l\u00e0m b\u00e1nh,k\u1eb9o quen thu\u1ed9c trong cu\u1ed9c s\u1ed1ng.<\/p>\n<p>&#8211;\u00a0<b>Socola thanh \u0111en 1kg grand place<\/b>\u00a0quen thu\u1ed9c trong c\u00e1c<b>\u00a0<\/b>\u1ee9ng d\u1ee5ng ph\u1ee7 m\u1eb7t b\u00e1nh, tr\u00e1ng g\u01b0\u01a1ng, c\u1ea1o s\u1ee7i t\u1ea1o h\u00ecnh, \u0111\u1ed5 khu\u00f4n socola, l\u00e0m k\u1eb9o, nama\u00a0chocolate, b\u00e1nh brownies chocolate, l\u00e0m kem&#8230;.<\/p>\n<h4><strong>Hi\u1ec7u qu\u1ea3 kinh t\u1ebf<\/strong><\/h4>\n<p>&#8211;\u00a0S\u1ea3n l\u01b0\u1ee3ng ch\u1ea5t l\u01b0\u1ee3ng, gi\u00e1 th\u00e0nh h\u1ee3p l\u00fd \u0111\u01b0\u1ee3c nhi\u1ec1u kh\u00e1ch h\u00e0ng tin d\u00f9ng.<\/p>\n<p>&#8211; S\u1ea3n ph\u1ea9m \u0111\u00f3ng g\u00f3i nh\u1ecf, ti\u1ec7n d\u1ee5ng, d\u1ec5 d\u00e0ng thao t\u00e1c s\u1eed d\u1ee5ng.<\/p>\n<h3><strong>Tr\u1ecdng l\u01b0\u1ee3ng:<\/strong><\/h3>\n<p>&#8211; \u0110\u00f3ng g\u00f3i thanh 1kg.<\/p>\n<p>&#8211; 1 th\u00f9ng 10kg.<\/p>\n<h3><strong>Xu\u1ea5t x\u1ee9:<\/strong><\/h3>\n<p>C\u00f4ng ngh\u1ec7 B\u1ec9 \u0111\u01b0\u1ee3c s\u1ea3n xu\u1ea5t t\u1ea1i Vi\u1ec7t Nam.<\/p>\n<h3><strong>Th\u00e0nh ph\u1ea7n:<\/strong><\/h3>\n<p>\u0110\u01b0\u1eddng, b\u00e9o th\u1ef1c v\u1eadt (d\u1ea7u c\u1ecd ho\u1eb7c nh\u00e2n c\u1ecd \u0111\u00e3 hydro h\u00f3a), b\u1ed9t cacao, ch\u1ea5t nh\u0169 h\u00f3a (E492), lecithin \u0111\u1eadu n\u00e0nh (E322)), c\u00f3 th\u1ec3 ch\u1ee9a m\u1ed9t l\u01b0\u1ee3ng r\u1ea5t nh\u1ecf th\u00e0nh ph\u1ea7n s\u1eefa.<\/p>\n<h3><strong>H\u01b0\u1edbng d\u1eabn s\u1eed d\u1ee5ng:<\/strong><\/h3>\n<p>&#8211;\u00a0Nh\u00fang hay ph\u1ee7 b\u1ec1 m\u1eb7t: t\u1ed1t nh\u1ea5t \u1edf nhi\u1ec7t \u0111\u1ed9 ph\u00f2ng 20- 22\u00b0c.<\/p>\n<p>&#8211;\u00a0\u0110\u1ed5 khu\u00f4n: s\u1eed d\u1ee5ng khu\u00f4n s\u1ea1ch v\u00e0 kh\u00f4.<\/p>\n<p>&#8211;\u00a0L\u00e0m l\u1ea1nh: \u1edf n\u01a1i kh\u00f4 m\u00e1t. N\u1ebfu l\u00e0 \u00a0l\u1ea1nh t\u1ed1t nh\u1ea5t \u1edf nhi\u1ec7t \u0111\u1ed9 14- 18<sup>o<\/sup>C t\u1eeb 5- 6 ph\u00fat.<\/p>\n<h3><strong>B\u1ea3o qu\u1ea3n:<\/strong><\/h3>\n<p>&#8211; N\u01a1i s\u1ea1ch s\u1ebd, tho\u00e1ng m\u00e1t v\u00e0 kh\u00f4ng c\u00f3 m\u00f9i l\u1ea1.<\/p>\n<p>&#8211; Tr\u00e1nh thay \u0111\u1ed5i nhi\u1ec7t \u0111\u1ed9, \u0111\u1ed9 \u1ea9m \u0111\u1ed9t ng\u1ed9t v\u00e0 \u00e1nh n\u1eafng tr\u1ef1c ti\u1ebfp.<\/p>\n<p>&#8211; \u0110\u1ed9 \u1ea9m &lt; 60%, nhi\u1ec7t \u0111\u1ed9 18 &#8211; 22\u00b0C.<\/p>\n","protected":false},"excerpt":{"rendered":"<p>&#8211;<strong> Socola tr\u1eafng thanh 1kg<\/strong> c\u1ee7a t\u1eadp \u0111o\u00e0n Puratos Grand Place \u0111\u1ea3m b\u1ea3o \u0111\u1ea7y \u0111\u1ee7 ti\u00eau ch\u00ed ch\u1ea5t l\u01b0\u1ee3ng v\u00e0 gi\u00e1 th\u00e0nh h\u1ee3p l\u00fd.<\/p>\n<p>&#8211; \u0110\u00f3ng g\u00f3i<strong> thanh compound<\/strong>\u00a0d\u1ec5 s\u1eed d\u1ee5ng, linh ho\u1ea1t trong nhi\u1ec1u \u1ee9ng d\u1ee5ng, mang \u0111\u1ebfn v\u1ecb th\u01a1m ngon \u0111\u1eb7c tr\u01b0ng c\u1ee7a cacao h\u00f2a quy\u1ec7n c\u00f9ng v\u1ecb s\u1eefa v\u00e0 \u0111\u1ed9 b\u00f3ng cho s\u1ea3n ph\u1ea9m ch\u1eafc ch\u1eafn s\u1ebd chi\u1ec1u l\u00f2ng \u0111\u01b0\u1ee3c nh\u1eefng v\u1ecb kh\u00e1ch y\u00eau th\u00edch socola.<\/p>\n<p>&nbsp;<\/p>\n<p>&nbsp;<\/p>\n","protected":false},"featured_media":1657,"comment_status":"open","ping_status":"closed","template":"","meta":[],"product_cat":[18,80,48],"product_tag":[139,136,135],"_links":{"self":[{"href":"https:\/\/demo.bmconnect.vn\/saoviet\/wp-json\/wp\/v2\/product\/1660"}],"collection":[{"href":"https:\/\/demo.bmconnect.vn\/saoviet\/wp-json\/wp\/v2\/product"}],"about":[{"href":"https:\/\/demo.bmconnect.vn\/saoviet\/wp-json\/wp\/v2\/types\/product"}],"replies":[{"embeddable":true,"href":"https:\/\/demo.bmconnect.vn\/saoviet\/wp-json\/wp\/v2\/comments?post=1660"}],"wp:featuredmedia":[{"embeddable":true,"href":"https:\/\/demo.bmconnect.vn\/saoviet\/wp-json\/wp\/v2\/media\/1657"}],"wp:attachment":[{"href":"https:\/\/demo.bmconnect.vn\/saoviet\/wp-json\/wp\/v2\/media?parent=1660"}],"wp:term":[{"taxonomy":"product_cat","embeddable":true,"href":"https:\/\/demo.bmconnect.vn\/saoviet\/wp-json\/wp\/v2\/product_cat?post=1660"},{"taxonomy":"product_tag","embeddable":true,"href":"https:\/\/demo.bmconnect.vn\/saoviet\/wp-json\/wp\/v2\/product_tag?post=1660"}],"curies":[{"name":"wp","href":"https:\/\/api.w.org\/{rel}","templated":true}]}}