{"id":1647,"date":"2017-11-16T13:40:56","date_gmt":"2017-11-16T06:40:56","guid":{"rendered":"https:\/\/demo.bmconnect.vn\/saoviet\/?post_type=product&#038;p=1647"},"modified":"2017-11-20T16:59:08","modified_gmt":"2017-11-20T09:59:08","slug":"kem-niagara-farms-yaua-kem-sua-chua-richs","status":"publish","type":"product","link":"https:\/\/demo.bmconnect.vn\/saoviet\/product\/kem-niagara-farms-yaua-kem-sua-chua-richs\/","title":{"rendered":"Nia yaua kem s\u1eefa chua rich&#8217;s"},"content":{"rendered":"<h2><strong>Kem nia yaua s\u1eefa chua rich&#8217;s<\/strong><\/h2>\n<figure id=\"attachment_1643\" aria-describedby=\"caption-attachment-1643\" style=\"width: 300px\" class=\"wp-caption alignright\"><img loading=\"lazy\" class=\"size-medium wp-image-1643\" src=\"https:\/\/demo.bmconnect.vn\/saoviet\/wp-content\/uploads\/2017\/11\/Fruity-cake-300x225.jpg\" alt=\"niagara-farms-kem-yaua-sua-chua-richs\" width=\"300\" height=\"225\" srcset=\"https:\/\/demo.bmconnect.vn\/saoviet\/wp-content\/uploads\/2017\/11\/Fruity-cake-300x225.jpg 300w, https:\/\/demo.bmconnect.vn\/saoviet\/wp-content\/uploads\/2017\/11\/Fruity-cake-600x450.jpg 600w, https:\/\/demo.bmconnect.vn\/saoviet\/wp-content\/uploads\/2017\/11\/Fruity-cake-768x576.jpg 768w, https:\/\/demo.bmconnect.vn\/saoviet\/wp-content\/uploads\/2017\/11\/Fruity-cake.jpg 800w\" sizes=\"(max-width: 300px) 100vw, 300px\" \/><figcaption id=\"caption-attachment-1643\" class=\"wp-caption-text\">niagara-farms-kem-yaua-sua-chua-richs<\/figcaption><\/figure>\n<h3><strong>\u0110\u1eb7c t\u00ednh n\u1ed5i b\u1eadt s\u1ea3n ph\u1ea9m:<\/strong><\/h3>\n<h4><strong>H\u01b0\u01a1ng v\u1ecb \u0111\u1ed9c \u0111\u00e1o<\/strong><\/h4>\n<p>H\u01b0\u01a1ng s\u1eefa chua h\u00f2a quy\u1ec7n c\u00f9ng v\u1ecb kem th\u01a1m m\u00e1t s\u1ebd \u0111em \u0111\u1ebfn c\u1ea3m gi\u00e1c m\u1edbi l\u1ea1 cho b\u1ea1n.<\/p>\n<h4><strong>T\u00ednh n\u0103ng linh ho\u1ea1t<\/strong><\/h4>\n<p>&#8211; S\u1eed d\u1ee5ng l\u00e0m nguy\u00ean li\u1ec7u pha ch\u1ebf th\u1ee9c u\u1ed1ng, tr\u00e1ng mi\u1ec7ng, l\u00e0m b\u00e1nh.<\/p>\n<p>&#8211; \u1ee8ng d\u1ee5ng b\u1eaft b\u00f4ng kem\u00a0(dollop) v\u1edbi \u0111\u1ed9 \u0111\u1ee9ng t\u1ed1t, l\u1edbp kem m\u1ecbn.<\/p>\n<h4><strong>Hi\u1ec7u qu\u1ea3 kinh t\u1ebf<\/strong><\/h4>\n<p>&#8211;\u00a0S\u1ea3n l\u01b0\u1ee3ng kem cao, t\u01b0\u01a1ng \u0111\u01b0\u01a1ng 300%-350% sau khi \u0111\u00e1nh b\u00f4ng kem.<\/p>\n<h4><strong>\u0110\u1ed9 \u1ed5n \u0111\u1ecbnh<\/strong><\/h4>\n<p>Kh\u1ea3 n\u0103ng kh\u00e1ng axit t\u1ed1t, c\u00f3 th\u1ec3 \u0111\u00e1nh kem c\u00f9ng v\u1edbi h\u1ed7n h\u1ee3p tr\u00e1i c\u00e2y c\u00f3 t\u00ednh chua, kem b\u01a1, ph\u00f4 mai ho\u1eb7c c\u00e1c nguy\u00ean li\u1ec7u kh\u00e1c.<\/p>\n<h3><strong>Tr\u1ecdng l\u01b0\u1ee3ng:<\/strong><\/h3>\n<p>\u0110\u00f3ng h\u1ed9p: 500gram.<\/p>\n<h3><strong>Xu\u1ea5t x\u1ee9:<\/strong><\/h3>\n<p>C\u00f4ng ngh\u1ec7 M\u1ef9 \u0111\u01b0\u1ee3c s\u1ea3n xu\u1ea5t t\u1ea1i Vi\u1ec7t Nam.<\/p>\n<h3><strong>Th\u00e0nh ph\u1ea7n:<\/strong><\/h3>\n<p>N\u01b0\u1edbc, Xi-r\u00f4 b\u1eafp, D\u1ea7u c\u1ecd \u0111\u00e3 hydro h\u00f3a ho\u00e0n to\u00e0n, \u0111\u01b0\u1eddng, b\u1ed9t s\u1eefa chua g\u1ea7y (tr\u00ean 5%), ch\u1ea5t \u0111i\u1ec1u ch\u1ec9nh axit, canxi lactate(327), axit citric (330), tri-kali citrate (332(ii)), trinatri citrate (331(ii)), ch\u1ea5t nh\u0169 h\u00f3a, ch\u1ea5t \u1ed5n \u0111\u1ecbnh, h\u01b0\u01a1ng ya-ua v\u00e0 kem t\u1ef1 nhi\u00ean (ch\u1ee9a s\u1eefa), mu\u1ed1i, ch\u1ea5t ch\u1ed1ng \u0111\u00f4ng, m\u00e0u t\u1ef1 nhi\u00ean beta-caroten (160a(ii)).<\/p>\n<h3><strong>H\u01b0\u1edbng d\u1eabn s\u1eed d\u1ee5ng:<\/strong><\/h3>\n<p>&#8211;\u00a0R\u00e3 \u0111\u00f4ng trong t\u1ee7 l\u1ea1nh (2<sup>o<\/sup>C \u2013 7<sup>o<\/sup>C) t\u1eeb 24-36 gi\u1edd cho \u0111\u1ebfn khi tinh th\u1ec3 \u0111\u00e1 trong h\u1ed9p tan ho\u00e0n to\u00e0n tr\u01b0\u1edbc khi s\u1eed d\u1ee5ng.<\/p>\n<p>&#8211;\u00a0L\u1eafc \u0111\u1ec1u s\u1ea3n ph\u1ea9m tr\u01b0\u1edbc khi m\u1edf.<\/p>\n<h4><strong>\u1ee8ng d\u1ee5ng sinh t\u1ed1<\/strong><\/h4>\n<p>&#8211; Cho 1 ph\u1ea7n kem <strong>nia \u00a0yaua s\u1eefa chua<\/strong> v\u00e0 1 ph\u1ea7n tr\u00e1i c\u00e2y, m\u1ee9t hay s\u1ed1t tr\u00e1i c\u00e2y v\u00e0o m\u00e1y xay ho\u1eb7c b\u00ecnh l\u1eafc. Cho th\u00eam \u0111\u00e1 vi\u00ean v\u00e0o v\u00e0 xay\/l\u1eafc \u0111\u1ec1u \u0111\u1ec3 c\u00f3 m\u1ed9t ly sinh t\u1ed1 th\u01a1m ngon<\/p>\n<p><span style=\"font-size: 14.4px;\">&#8211; S\u1eed d\u1ee5ng\u00a01 ph\u1ea7n kem <strong>nia s\u1eefa chua<\/strong> +\u00a01 ph\u1ea7n tr\u00e1i c\u00e2y, m\u1ee9t hay n\u01b0\u1edbc s\u1ed1t tr\u00e1i c\u00e2y +\u00a02 ph\u1ea7n \u0111\u00e1 vi\u00ean\u00a0<\/span><\/p>\n<h4><span style=\"font-size: 14.4px;\"><strong>\u1ee8ng d\u1ee5ng b\u00e1nh v\u00e0 tr\u00e1ng mi\u1ec7ng<\/strong><\/span><\/h4>\n<p><span style=\"font-size: 14.4px;\">&#8211;\u00a0Cho kem v\u00e0o th\u1ed1 \u0111\u00e3 \u0111\u01b0\u1ee3c l\u00e0m l\u1ea1nh (ph\u1ea7n kem l\u1ecfng kh\u00f4ng v\u01b0\u1ee3t qu\u00e1 20% dung t\u00edch th\u1ed1).<\/span><\/p>\n<p><span style=\"font-size: 14.4px;\">&#8211;\u00a0\u0110\u00e1nh kem \u1edf t\u1ed1c \u0111\u1ed9 trung b\u00ecnh ho\u1eb7c nhanh \u0111\u1ebfn khi kem \u0111\u1ee9ng m\u1ec1m v\u00e0 kh\u00f4ng c\u00f2n n\u01b0\u1edbc b\u00f3ng.<\/span><\/p>\n<p><span style=\"font-size: 14.4px;\">&#8211;\u00a0S\u1ea3n ph\u1ea9m \u0111\u00e3 \u0111\u01b0\u1ee3c \u0111\u00e1nh b\u00f4ng c\u00f3 th\u1ec3 d\u00f9ng \u0111\u1ec3 ch\u00e0 l\u00e1ng, trang tr\u00ed hay l\u00e0m nh\u00e2n cho nhi\u1ec1u lo\u1ea1i b\u00e1nh v\u00e0 m\u00f3n tr\u00e1ng mi\u1ec7ng.\u00a0<\/span><\/p>\n<p><span style=\"font-size: 14.4px;\">&#8211;\u00a0S\u1ea3n ph\u1ea9m \u0111\u00e3 \u0111\u01b0\u1ee3c \u0111\u00e1nh b\u00f4ng ph\u1ea3i \u0111\u01b0\u1ee3c b\u1ea3o qu\u1ea3n trong t\u1ee7 l\u1ea1nh v\u00e0 c\u00f3 th\u1ec3 \u0111\u01b0\u1ee3c tr\u1eef \u0111\u00f4ng.<\/span><\/p>\n<p>C\u00f4ng ty Ong V\u00e0ng m\u00e1ch nh\u1ecf b\u1ea1n c\u00f4ng th\u1ee9c pha ch\u1ebf <strong>nia s\u1eefa chua<\/strong> nh\u00e9:<\/p>\n<p>&nbsp;<\/p>\n<p><iframe loading=\"lazy\" width=\"1020\" height=\"574\" src=\"https:\/\/www.youtube.com\/embed\/jTVnty9msnU?feature=oembed\" frameborder=\"0\" gesture=\"media\" allowfullscreen><\/iframe><\/p>\n<h3><strong>B\u1ea3o qu\u1ea3n:<\/strong><\/h3>\n<p>\u2013 Tr\u1eef \u0111\u00f4ng \u1edf nhi\u1ec7t \u0111\u1ed9 -18<sup>o<\/sup>C<\/p>\n<p>&#8211;\u00a0S\u1ea3n ph\u1ea9m \u0111\u00e3 r\u00e3 \u0111\u00f4ng m\u00e0 ch\u01b0a m\u1edf h\u1ed9p: s\u1eed d\u1ee5ng trong 5 ng\u00e0y.<\/p>\n<p>&#8211;\u00a0\u00a0S\u1ea3n ph\u1ea9m \u0111\u00e3 m\u1edf h\u1ed9p ph\u1ea3i \u0111\u01b0\u1ee3c d\u00f9ng h\u1ebft trong ng\u00e0y.<\/p>\n<p>&#8211; B\u1ea3o qu\u1ea3n s\u1ea3n ph\u1ea9m \u0111\u00e3 m\u1edf h\u1ed9p: \u0111\u00f3ng k\u00edn h\u1ed9p, cho ph\u1ea7n kem c\u00f2n l\u1ea1i gi\u1eef trong t\u1ee7 l\u1ea1nh \u1edf 2<sup>o<\/sup>C &#8211; 5<sup>o<\/sup>C \u0111\u1ec3 tr\u00e1nh nhi\u1ec5m ch\u00e9o<\/p>\n<p>\u2013\u00a0<em><strong>L<\/strong><\/em><em><strong>\u01b0u \u00fd<\/strong><\/em>: kh\u00f4ng t\u00e1i \u0111\u00f4ng s\u1ea3n ph\u1ea9m.<\/p>\n","protected":false},"excerpt":{"rendered":"<p><strong>Kem nia yaua s\u1eefa chua<\/strong> c\u1ee7a rich&#8217;s l\u00e0 s\u1ea3n ph\u1ea9m cao c\u1ea5p \u0111\u1ea7u ti\u00ean v\u00e0 duy nh\u1ea5t t\u1ea1i th\u1ecb tr\u01b0\u1eddng Vi\u1ec7t Nam, mang h\u01b0\u01a1ng v\u1ecb s\u1eefa chua thanh m\u00e1t, t\u1ef1 nhi\u00ean.<\/p>\n<p>&#8211; S\u1ea3n ph\u1ea9m \u0111\u00f3ng h\u1ed9p nh\u1ecf g\u1ecdn ti\u1ec7n d\u1ee5ng, c\u00f3 th\u1ec3 d\u00f9ng tr\u1ef1c ti\u1ebfp ho\u1eb7c \u0111\u00e1nh b\u00f4ng kem v\u00e0 l\u00e0 nguy\u00ean li\u1ec7u tuy\u1ec7t v\u1eddi cho pha ch\u1ebf th\u1ee9c u\u1ed1ng v\u00e0 l\u00e0m b\u00e1nh.<\/p>\n<p>&#8211; M\u1eddi qu\u00fd kh\u00e1ch d\u00f9ng th\u1eed s\u1ea3n ph\u1ea9m v\u00e0 c\u1ea3m nh\u1eadn h\u01b0\u01a1ng v\u1ecb tuy\u1ec7t h\u1ea3o.<\/p>\n","protected":false},"featured_media":1644,"comment_status":"open","ping_status":"closed","template":"","meta":[],"product_cat":[132,201,25,18,77],"product_tag":[129,130],"_links":{"self":[{"href":"https:\/\/demo.bmconnect.vn\/saoviet\/wp-json\/wp\/v2\/product\/1647"}],"collection":[{"href":"https:\/\/demo.bmconnect.vn\/saoviet\/wp-json\/wp\/v2\/product"}],"about":[{"href":"https:\/\/demo.bmconnect.vn\/saoviet\/wp-json\/wp\/v2\/types\/product"}],"replies":[{"embeddable":true,"href":"https:\/\/demo.bmconnect.vn\/saoviet\/wp-json\/wp\/v2\/comments?post=1647"}],"wp:featuredmedia":[{"embeddable":true,"href":"https:\/\/demo.bmconnect.vn\/saoviet\/wp-json\/wp\/v2\/media\/1644"}],"wp:attachment":[{"href":"https:\/\/demo.bmconnect.vn\/saoviet\/wp-json\/wp\/v2\/media?parent=1647"}],"wp:term":[{"taxonomy":"product_cat","embeddable":true,"href":"https:\/\/demo.bmconnect.vn\/saoviet\/wp-json\/wp\/v2\/product_cat?post=1647"},{"taxonomy":"product_tag","embeddable":true,"href":"https:\/\/demo.bmconnect.vn\/saoviet\/wp-json\/wp\/v2\/product_tag?post=1647"}],"curies":[{"name":"wp","href":"https:\/\/api.w.org\/{rel}","templated":true}]}}