{"id":1638,"date":"2017-11-16T11:49:53","date_gmt":"2017-11-16T04:49:53","guid":{"rendered":"https:\/\/demo.bmconnect.vn\/saoviet\/?post_type=product&#038;p=1638"},"modified":"2017-11-16T16:10:19","modified_gmt":"2017-11-16T09:10:19","slug":"kem-value-pride-kem-topping-richs","status":"publish","type":"product","link":"https:\/\/demo.bmconnect.vn\/saoviet\/product\/kem-value-pride-kem-topping-richs\/","title":{"rendered":"Value pride kem topping rich&#8217;s"},"content":{"rendered":"<h2><strong>Kem topping rich&#8217;s value pride<\/strong><\/h2>\n<h3><strong>\u0110\u1eb7c t\u00ednh s\u1ea3n ph\u1ea9m:<\/strong><\/h3>\n<h4><b>H\u01b0\u01a1ng v\u1ecb<\/b><\/h4>\n<p>V\u1edbi h\u01b0\u01a1ng valina \u0111\u1eb7c tr\u01b0ng r\u1ea5t h\u1ea5p d\u1eabn.<\/p>\n<h4><strong>M\u00e0u s\u1eafc<\/strong><\/h4>\n<p>Kem c\u00f3 m\u00e0u tr\u1eafng tinh khi\u1ebft, b\u00f3ng, m\u01b0\u1edbt, m\u1ecbn.<\/p>\n<h4><strong>\u0110\u1ed9 \u1ed5n \u0111\u1ecbnh<\/strong><\/h4>\n<p>S\u1ea3n ph\u1ea9m c\u00f3 \u0111\u1ed9 \u1ed5n \u0111\u1ecbnh t\u1ed1t.\u00a0Kem \u0111\u00e3 \u0111\u00e1nh v\u1eabn b\u00f3ng v\u00e0 m\u1ecbn sau nhi\u1ec1u gi\u1edd trong th\u1ed1 v\u00e0 trong bao kem trang tr\u00ed.<\/p>\n<h3><strong>Tr\u1ecdng l\u01b0\u1ee3ng:<\/strong><\/h3>\n<p>\u0110\u00f3ng h\u1ed9p 907gram.<\/p>\n<h3><strong>Xu\u1ea5t x\u1ee9:<\/strong><\/h3>\n<p>C\u00f4ng ngh\u1ec7 M\u1ef9 \u0111\u01b0\u1ee3c s\u1ea3n xu\u1ea5t t\u1ea1i Vi\u1ec7t Nam.<\/p>\n<h3><strong>Th\u00e0nh ph\u1ea7n:<\/strong><\/h3>\n<p>N\u01b0\u1edbc, D\u1ea7u C\u1ecd \u0110\u00e3 Hydro H\u00f3a M\u1ed9t Ph\u1ea7n, M\u1eadt \u0110\u01b0\u1eddng B\u1eafp, \u0110\u01b0\u1eddng, Sodium Caseinate (M\u1ed9t D\u1eabn Xu\u1ea5t T\u1eeb S\u1eefa, Kh\u00f4ng Ph\u1ea3i Ngu\u1ed3n Cung C\u1ea5p Lactose), Ch\u1ea5t Nh\u0169 H\u00f3a (Sodium Stearoyl Lactylate (481)), Ch\u1ea5t \u1ed4n \u0110\u1ecbnh (Methylcellulose (461)), Ch\u1ea5t \u0110i\u1ec1u Ch\u1ec9nh \u0110\u1ed9 Axit (Dipotassium Orthophosphate (340 (ii))), Mu\u1ed1i, H\u01b0\u01a1ng T\u1ed5ng H\u1ee3p.<\/p>\n<p><em>* Kh\u00f4ng Ph\u1ea3i Ngu\u1ed3n Cung C\u1ea5p Lactose<\/em><\/p>\n<h3><strong>H\u01b0\u1edbng d\u1eabn s\u1eed d\u1ee5ng:<\/strong><\/h3>\n<p>\u2013 X\u1ea3 \u0111\u00f4ng trong t\u1ee7 l\u1ea1nh.<\/p>\n<p>\u2013\u00a0L\u1eafc \u0111\u1ec1u h\u1ed9p kem tr\u01b0\u1edbc khi m\u1edf.<\/p>\n<p>&#8211;\u00a0Cho nguy\u00ean li\u1ec7u v\u00e0o th\u1ed1 \u0111\u00e3 \u0111\u1ec3 l\u1ea1nh v\u00e0 kem l\u1ecfng kh\u00f4ng n\u00ean qu\u00e1 20% s\u1ee9c ch\u1ee9a c\u1ee7a th\u1ed1.<\/p>\n<p>&#8211; \u0110\u00e1nh m\u00e1y \u1edf t\u1ed1c \u0111\u1ed9 trung b\u00ecnh cho \u0111\u1ebfn khi s\u1ea3n ph\u1ea9m n\u1ed5i l\u00ean \u0111\u1ea1t \u0111\u01b0\u1ee3c \u0111\u1ed9 \u0111\u1ee9ng v\u1eeba \u00fd nh\u1ea5t v\u00e0 n\u01b0\u1edbc b\u00f3ng kh\u00f4ng c\u00f2n.<\/p>\n<p>&#8211;\u00a0C\u00e1c y\u1ebfu t\u1ed1 nh\u01b0: nhi\u1ec7t \u0111\u1ed9, t\u1ed1c \u0111\u1ed9 \u0111\u00e1nh, k\u00edch th\u01b0\u1edbc c\u1ee7a th\u1ed1, v\u00e0 l\u01b0\u1ee3ng kem c\u1ea7n \u0111\u00e1nh \u0111\u1ec1u \u1ea3nh h\u01b0\u1edfng \u0111\u1ebfn th\u1eddi gian \u0111\u00e1nh kem. N\u1ebfu \u0111\u00e1nh kem c\u00f2n \u1edf nhi\u1ec7t \u0111\u1ed9 th\u1ea5p s\u1ebd m\u1ea5t nhi\u1ec1u th\u1eddi gian v\u00e0 kem kh\u00f4ng c\u00f2n b\u00f3ng m\u1ecbn. N\u1ebfu \u0111\u00e1nh kem \u1edf nhi\u1ec7t \u0111\u1ed9 cao h\u01a1n s\u1ebd c\u1ea7n \u00edt th\u1eddi gian h\u01a1n nh\u01b0ng b\u1ec1 m\u1eb7t kem s\u1ebd m\u1edd \u0111\u1ee5c.\u00a0V\u00e0 c\u1ea3 hai m\u1ee9c nhi\u1ec7t \u0111\u1ed9 n\u00e0y \u0111\u1ec1u l\u00e0m gi\u1ea3m s\u1ea3n l\u01b0\u1ee3ng kem khi \u0111\u00e1nh.<\/p>\n<p>&#8211; S\u1ea3n ph\u1ea9m \u0111\u00e3 \u0111\u00e1nh ph\u1ea3i b\u1ea3o qu\u1ea3n l\u1ea1nh ho\u1eb7c tr\u1eef \u0111\u00f4ng.<\/p>\n<h3><strong>B\u1ea3o qu\u1ea3n:<\/strong><\/h3>\n<p>\u2013 Tr\u1eef \u0111\u00f4ng \u1edf nhi\u1ec7t \u0111\u1ed9 -18<sup>o<\/sup>C<\/p>\n<p>&#8211;\u00a0\u0110\u00e3 x\u1ea3 \u0111\u00f4ng, ch\u01b0a m\u1edf h\u1ed9p v\u00e0 \u0111\u01b0\u1ee3c gi\u1eef trong t\u1ee7 m\u00e1t t\u1eeb 2- 7 \u0111\u1ed9 C trong 2 tu\u1ea7n.<\/p>\n<p>&#8211;\u00a0\u0110\u00e3 x\u1ea3 \u0111\u00f4ng, \u0111\u00e3 m\u1edf h\u1ed9p v\u00e0 \u0111\u01b0\u1ee3c gi\u1eef trong t\u1ee7 m\u00e1t t\u1eeb 2- 7 \u0111\u1ed9 C trong 1 tu\u1ea7n.<\/p>\n<p>\u2013\u00a0<em><strong>L<\/strong><\/em><em><strong>\u01b0u \u00fd<\/strong><\/em>: kh\u00f4ng t\u00e1i \u0111\u00f4ng s\u1ea3n ph\u1ea9m.<\/p>\n<p>&nbsp;<\/p>\n","protected":false},"excerpt":{"rendered":"<p>&#8211; <strong>Value pride <\/strong>\u00a0ch\u00ednh l\u00e0 b\u00ed quy\u1ebft \u0111\u1ec3 b\u1ea1n s\u00e1ng t\u1ea1o ra c\u00e1c s\u1ea3n ph\u1ea9m b\u00e1nh kem trang tr\u00ed c\u00f3 \u0111\u1ed9 b\u1ec1n cao d\u00e0nh t\u1eb7ng c\u00e1c kh\u00e1ch h\u00e0ng th\u00e2n y\u00eau c\u1ee7a m\u00ecnh,<\/p>\n<p>&#8211; Ho\u00e0n h\u1ea3o cho nh\u1eefng v\u00f9ng c\u00f3 kh\u00ed h\u1eadu n\u00f3ng \u1ea9m nhi\u1ec7t \u0111\u1edbi.<\/p>\n<p>&#8211; S\u1ea3n ph\u1ea9m v\u1edbi \u0111\u1ed9 b\u1ec1n cao ngay c\u1ea3 trong \u0111i\u1ec1u ki\u1ec7n nhi\u1ec7t \u0111\u1ed9 cao v\u00e0 trong m\u00f4i tr\u01b0\u1eddng h\u1ea1n ch\u1ebf m\u00e1y \u0111i\u1ec1u h\u00f2a.<\/p>\n","protected":false},"featured_media":1640,"comment_status":"open","ping_status":"closed","template":"","meta":[],"product_cat":[132,25,18],"product_tag":[128,127],"_links":{"self":[{"href":"https:\/\/demo.bmconnect.vn\/saoviet\/wp-json\/wp\/v2\/product\/1638"}],"collection":[{"href":"https:\/\/demo.bmconnect.vn\/saoviet\/wp-json\/wp\/v2\/product"}],"about":[{"href":"https:\/\/demo.bmconnect.vn\/saoviet\/wp-json\/wp\/v2\/types\/product"}],"replies":[{"embeddable":true,"href":"https:\/\/demo.bmconnect.vn\/saoviet\/wp-json\/wp\/v2\/comments?post=1638"}],"wp:featuredmedia":[{"embeddable":true,"href":"https:\/\/demo.bmconnect.vn\/saoviet\/wp-json\/wp\/v2\/media\/1640"}],"wp:attachment":[{"href":"https:\/\/demo.bmconnect.vn\/saoviet\/wp-json\/wp\/v2\/media?parent=1638"}],"wp:term":[{"taxonomy":"product_cat","embeddable":true,"href":"https:\/\/demo.bmconnect.vn\/saoviet\/wp-json\/wp\/v2\/product_cat?post=1638"},{"taxonomy":"product_tag","embeddable":true,"href":"https:\/\/demo.bmconnect.vn\/saoviet\/wp-json\/wp\/v2\/product_tag?post=1638"}],"curies":[{"name":"wp","href":"https:\/\/api.w.org\/{rel}","templated":true}]}}