{"id":1637,"date":"2017-11-16T11:25:40","date_gmt":"2017-11-16T04:25:40","guid":{"rendered":"https:\/\/demo.bmconnect.vn\/saoviet\/?post_type=product&#038;p=1637"},"modified":"2017-11-16T16:10:45","modified_gmt":"2017-11-16T09:10:45","slug":"kem-pour-n-whip-do-avoset-richs","status":"publish","type":"product","link":"https:\/\/demo.bmconnect.vn\/saoviet\/product\/kem-pour-n-whip-do-avoset-richs\/","title":{"rendered":"Pour n\u2019 whip \u0111\u1ecf rich&#8217;s"},"content":{"rendered":"<h2><strong>Kem pour n&#8217; whip \u0111\u1ecf Performance Plus rich&#8217;s<\/strong><\/h2>\n<h3><strong>\u0110\u1eb7c t\u00ednh n\u1ed5i b\u1eadt s\u1ea3n ph\u1ea9m:<\/strong><\/h3>\n<h4><strong>H\u01b0\u01a1ng v\u1ecb \u0111\u1eb7c tr\u01b0ng<\/strong><\/h4>\n<p>M\u00e0u s\u1eafc tr\u1eafng s\u00e1ng v\u1edbi h\u01b0\u01a1ng v\u1ecb valina \u0111\u1eb7c tr\u01b0ng quy\u1ebfn r\u0169.<\/p>\n<h4><strong>\u0110\u1ed9 \u1ed5n \u0111\u1ecbnh<\/strong><\/h4>\n<p>&#8211; \u0110\u1ed9 \u1ed5n \u0111\u1ecbnh xu\u1ea5t s\u1eafc v\u00e0 \u0111\u1ed9 n\u1edf cao gi\u00fap vi\u00eac s\u1eed d\u1ee5ng d\u1ec5 d\u00e0ng, \u0111em l\u1ea1i s\u1ea3n l\u01b0\u1ee3ng v\u00e0 l\u1ee3i nhu\u1eadn cao h\u01a1n.<\/p>\n<p>&#8211; Kem c\u00f3 th\u1ec3 d\u00f9ng \u0111\u1ec3 b\u1eaft b\u00f4ng kem, l\u00e0m nh\u00e2n, ho\u1eb7c trang tr\u00ed cho c\u00e1c lo\u1ea1i b\u00e1nh v\u00e0 c\u00e1c m\u00f3n tr\u00e1ng mi\u1ec7ng.<\/p>\n<p>&#8211; Kh\u1ea3 n\u0103ng c\u1ee7a kem<strong>\u00a0pour n&#8217; whip \u0111\u1ecf\u00a0<\/strong>l\u00e0 v\u00f4 t\u1eadn, ngay c\u1ea3 trong vi\u1ec7c t\u1ea1o ra nh\u1eefng m\u1eabu b\u00e1nh \u0111\u00f2i h\u1ecfi \u0111\u1ed9 s\u1eafc s\u1ea3o \u0111\u1ebfn t\u1eebng chi ti\u1ebft.<\/p>\n<h3><strong>Tr\u1ecdng l\u01b0\u1ee3ng:<\/strong><\/h3>\n<p>\u0110\u00f3ng h\u1ed9p 907gram.<\/p>\n<h3><strong>Xu\u1ea5t x\u1ee9:<\/strong><\/h3>\n<p>C\u00f4ng ngh\u1ec7 M\u1ef9 \u0111\u01b0\u1ee3c s\u1ea3n xu\u1ea5t t\u1ea1i Vi\u1ec7t Nam.<\/p>\n<h3><strong>Th\u00e0nh ph\u1ea7n:<\/strong><\/h3>\n<p>N\u01b0\u1edbc, Si r\u00f4 b\u1eafp, D\u1ea7u c\u1ecd \u0111\u00e3 hydro h\u00f3a m\u1ed9t ph\u1ea7n, \u0110\u01b0\u1eddng, Sodium Caseinate, Ch\u1ea5t nh\u0169 h\u00f3a (Sodium Stearoyl Lactylate, Mono and Diglycerides), Ch\u1ea5t \u1ed5n \u0111\u1ecbnh (Methylcellulose, Xanthan Gum), Ch\u1ea5t nh\u0169 mu\u1ed1i (Dipotassium phosphate), Mu\u1ed1i, H\u01b0\u01a1ng t\u1ed5ng h\u1ee3p.<\/p>\n<h3><strong>H\u01b0\u1edbng d\u1eabn s\u1eed d\u1ee5ng:<\/strong><\/h3>\n<p>\u2013 X\u1ea3 \u0111\u00f4ng trong t\u1ee7 l\u1ea1nh.<\/p>\n<p>\u2013\u00a0L\u1eafc \u0111\u1ec1u h\u1ed9p kem tr\u01b0\u1edbc khi m\u1edf.<\/p>\n<p>&#8211;\u00a0\u0110\u00e1nh kem v\u1edbi t\u1ed1c \u0111\u1ed9 trung b\u00ecnh \u1edf nhi\u1ec7t \u0111\u1ed9 t\u1eeb 4<sup>o<\/sup>C \u0111\u1ebfn 7<sup>o<\/sup>C cho \u0111\u1ebfn khi kem b\u00f3ng m\u1ecbn.<\/p>\n<p>&#8211;\u00a0Sau khi \u0111\u00e1nh, kem ph\u1ea3i \u0111\u01b0\u1ee3c ph\u1ea3i \u0111\u01b0\u1ee3c tr\u1eef l\u1ea1nh ho\u1eb7c tr\u1eef \u0111\u00f4ng.<\/p>\n<p>&#8211;\u00a0Trong khi \u0111\u00e1nh kem, c\u00f3 th\u1ec3 th\u00eam \u0111\u01b0\u1eddng, h\u01b0\u01a1ng li\u1ec7u, pudding hay gelatin th\u00eam ph\u1ea7n h\u1ea5p d\u1eabn.<\/p>\n<p>&#8211; Sau khi \u0111\u00e1nh xong, c\u00f3 th\u1ec3 th\u00eam nho kh\u00f4, c\u00e1c lo\u1ea1i h\u1ea1t\u2026<\/p>\n<h3><strong>B\u1ea3o qu\u1ea3n:<\/strong><\/h3>\n<p>\u2013 Tr\u1eef \u0111\u00f4ng \u1edf nhi\u1ec7t \u0111\u1ed9 -18<sup>o<\/sup>C<\/p>\n<p>\u2013\u00a0<em><strong>L<\/strong><\/em><em><strong>\u01b0u \u00fd<\/strong><\/em>: kh\u00f4ng t\u00e1i \u0111\u00f4ng s\u1ea3n ph\u1ea9m.<\/p>\n<p>&nbsp;<\/p>\n","protected":false},"excerpt":{"rendered":"<p><strong>Pour n\u2019 whip \u0111\u1ecf<\/strong> l\u00e0 lo\u1ea1i kem cao c\u1ea5p d\u00f9ng \u0111\u1ec3 trang tr\u00ed b\u00e1nh kem.\u00a0Kem t\u01b0\u01a1i c\u00f3 nh\u1eefng \u01b0u th\u1ebf v\u01b0\u1ee3t tr\u1ed9i:<\/p>\n<p>&#8211; Sau khi \u0111\u00e1nh, kem t\u1ea1o \u0111\u1ed9 n\u1edf 400% so v\u1edbi dung t\u00edch khi ch\u01b0a \u0111\u00e1nh.<\/p>\n<p>&#8211; \u0110\u1ed9 \u1ed5n \u0111\u1ecbnh xu\u1ea5t s\u1eafc c\u1ee7a kem gi\u00fap k\u00e9o d\u00e0i th\u1eddi gian s\u1eed d\u1ee5ng c\u1ee7a b\u00e1nh kem.<\/p>\n<p>&#8211; B\u00e1nh kem s\u1ebd kh\u00f4ng b\u1ecb n\u1ee9t d\u00f9 \u0111\u01b0\u1ee3c b\u1ea3o qu\u1ea3n l\u1ea1nh \u0111\u1ebfn 5 ng\u00e0y.<\/p>\n<p>&#8211; V\u1edbi s\u1ea3n ph\u1ea9m <strong>pour n\u2019 whip \u0111\u1ecf<\/strong> c\u1ee7a rich&#8217;s, c\u00e1c ngh\u1ec7 nh\u1eadn ho\u00e0n to\u00e0n c\u00f3 th\u1ec3 s\u00e1ng t\u1ea1o nh\u1eefng m\u1eabu b\u00e1nh tinh x\u1ea3o \u0111\u1ebfn t\u1eebng chi ti\u1ebft.<\/p>\n","protected":false},"featured_media":1626,"comment_status":"open","ping_status":"closed","template":"","meta":[],"product_cat":[132,25,18],"product_tag":[126,125],"_links":{"self":[{"href":"https:\/\/demo.bmconnect.vn\/saoviet\/wp-json\/wp\/v2\/product\/1637"}],"collection":[{"href":"https:\/\/demo.bmconnect.vn\/saoviet\/wp-json\/wp\/v2\/product"}],"about":[{"href":"https:\/\/demo.bmconnect.vn\/saoviet\/wp-json\/wp\/v2\/types\/product"}],"replies":[{"embeddable":true,"href":"https:\/\/demo.bmconnect.vn\/saoviet\/wp-json\/wp\/v2\/comments?post=1637"}],"wp:featuredmedia":[{"embeddable":true,"href":"https:\/\/demo.bmconnect.vn\/saoviet\/wp-json\/wp\/v2\/media\/1626"}],"wp:attachment":[{"href":"https:\/\/demo.bmconnect.vn\/saoviet\/wp-json\/wp\/v2\/media?parent=1637"}],"wp:term":[{"taxonomy":"product_cat","embeddable":true,"href":"https:\/\/demo.bmconnect.vn\/saoviet\/wp-json\/wp\/v2\/product_cat?post=1637"},{"taxonomy":"product_tag","embeddable":true,"href":"https:\/\/demo.bmconnect.vn\/saoviet\/wp-json\/wp\/v2\/product_tag?post=1637"}],"curies":[{"name":"wp","href":"https:\/\/api.w.org\/{rel}","templated":true}]}}