{"id":1636,"date":"2017-11-16T11:03:52","date_gmt":"2017-11-16T04:03:52","guid":{"rendered":"https:\/\/demo.bmconnect.vn\/saoviet\/?post_type=product&#038;p=1636"},"modified":"2017-11-16T16:11:26","modified_gmt":"2017-11-16T09:11:26","slug":"kem-pour-n-whip-xanh-avoset-richs","status":"publish","type":"product","link":"https:\/\/demo.bmconnect.vn\/saoviet\/product\/kem-pour-n-whip-xanh-avoset-richs\/","title":{"rendered":"Pour n\u2019 whip xanh avoset rich&#8217;s"},"content":{"rendered":"<h2><strong>Kem cao c\u1ea5p pour n&#8217; whip xanh rich&#8217;s<\/strong><\/h2>\n<h3><strong>\u0110\u1eb7c t\u00ednh n\u1ed5i b\u1eadt s\u1ea3n ph\u1ea9m:<\/strong><\/h3>\n<h4><strong>H\u01b0\u01a1ng v\u1ecb \u0111\u1eb7c tr\u01b0ng<\/strong><\/h4>\n<p>H\u01b0\u01a1ng s\u1eefa t\u1ef1 nhi\u00ean, v\u1ecb kem ng\u1ecdt thanh m\u00e1t, kh\u00f4ng \u0111em l\u1ea1i c\u1ea3m gi\u00e1c ng\u1ea5y, d\u1ec5 tan trong mi\u1ec7ng.<\/p>\n<h4><strong>M\u00e0u s\u1eafc<\/strong><\/h4>\n<h4>S\u1eafc v\u00e0ng nh\u1ea1t t\u1ef1 nhi\u00ean.<\/h4>\n<p><strong>\u0110\u1ed9 \u1ed5n \u0111\u1ecbnh<\/strong><\/p>\n<p>&#8211;\u00a0\u0110\u1ed9 \u1ed5n \u0111\u1ecbnh xu\u1ea5t s\u1eafc<\/p>\n<p>&#8211;\u00a0Kem s\u1ebd kh\u00f4ng b\u1ecb kh\u00f4 ho\u1eb7c m\u1ec1m sau khi \u0111\u00e1nh khi b\u1ea3o qu\u1ea3n trong t\u1ee7 l\u1ea1nh v\u00e0i ng\u00e0y.<\/p>\n<h3><strong>Tr\u1ecdng l\u01b0\u1ee3ng:<\/strong><\/h3>\n<p>\u0110\u00f3ng h\u1ed9p 907gram.<\/p>\n<h3><strong>Xu\u1ea5t x\u1ee9:<\/strong><\/h3>\n<p>C\u00f4ng ngh\u1ec7 M\u1ef9 \u0111\u01b0\u1ee3c s\u1ea3n xu\u1ea5t t\u1ea1i Vi\u1ec7t Nam.<\/p>\n<h3><strong>Th\u00e0nh ph\u1ea7n:<\/strong><\/h3>\n<p>N\u01b0\u1edbc, D\u1ea7u c\u1ecd \u0111\u00e3 hydro h\u00f3a m\u1ed9t ph\u1ea7n, \u0110\u01b0\u1eddng, Sorbitol, *Sodium Caseinate (m\u1ed9t d\u1eabn xu\u1ea5t t\u1eeb s\u1eefa), Ch\u1ea5t l\u00e0m d\u00e0y (Hydroxypropylcellulose (463), Hydroxypropylmethylcellulose (464)), Ch\u1ea5t t\u1ea1o nh\u0169 (Sodium stearoyl Lactylate (481)), Mu\u1ed1i, Ch\u1ea5t \u0111i\u1ec1u ch\u1ec9nh \u0111\u1ed9 ax\u00edt (Dipotassium Orthophosphate (340 (ii)), H\u01b0\u01a1ng s\u1eefa t\u1ed5ng h\u1ee3p, M\u00e0u t\u1ed5ng h\u1ee3p (Beta Carotene (160 (i))).<\/p>\n<p><em>* Kh\u00f4ng ph\u1ea3i ngu\u1ed3n cung c\u1ea5p lactose.\u00a0<\/em><\/p>\n<h3><strong>H\u01b0\u1edbng d\u1eabn s\u1eed d\u1ee5ng:<\/strong><\/h3>\n<p>\u2013 X\u1ea3 \u0111\u00f4ng trong t\u1ee7 l\u1ea1nh.<\/p>\n<p>\u2013\u00a0L\u1eafc \u0111\u1ec1u h\u1ed9p kem tr\u01b0\u1edbc khi m\u1edf.<\/p>\n<p>&#8211;\u00a0\u0110\u00e1nh kem v\u1edbi t\u1ed1c \u0111\u1ed9 trung b\u00ecnh \u1edf nhi\u1ec7t \u0111\u1ed9 t\u1eeb 4 &#8211; 7<sup>o<\/sup>C cho \u0111\u1ebfn khi kem b\u00f3ng m\u1ecbn.<\/p>\n<h3><strong>B\u1ea3o qu\u1ea3n:<\/strong><\/h3>\n<p>\u2013 Tr\u1eef \u0111\u00f4ng \u1edf nhi\u1ec7t \u0111\u1ed9 -18<sup>o<\/sup>C<\/p>\n<p>\u2013\u00a0<em><strong>L<\/strong><\/em><em><strong>\u01b0u \u00fd<\/strong><\/em>: kh\u00f4ng t\u00e1i \u0111\u00f4ng s\u1ea3n ph\u1ea9m.<\/p>\n<p>&nbsp;<\/p>\n","protected":false},"excerpt":{"rendered":"<p><strong>Pour n\u2019 whip xanh<\/strong> l\u00e0 d\u00f2ng kem cao c\u1ea5p d\u00f9ng \u0111\u1ec3 trang tr\u00ed, l\u00e0m nh\u00e2n v\u00e0 ph\u1ee7 tr\u00ean b\u1ec1 m\u1eb7t tr\u00e1i c\u00e2y, kem v\u00e0 b\u00e1nh mousse.<\/p>\n<p>&#8211; S\u1ea3n ph\u1ea9m \u0111\u01b0\u1ee3c y\u00eau th\u00edch t\u1ea1i nh\u1eefng kh\u00e1ch s\u1ea1n v\u00e0 nh\u00e0 h\u00e0ng n\u1ed5i ti\u1ebfng.<\/p>\n<p>&#8211; Hi\u1ec7n nay, <strong>Avoset Pour N\u2019 Whip<\/strong> \u0111\u01b0\u1ee3c xem nh\u01b0 th\u01b0\u1edbc \u0111o chu\u1ea9n m\u1ef1c cho ch\u1ea5t l\u01b0\u1ee3ng h\u00e0ng \u0111\u1ea7u c\u1ee7a kem trang tr\u00ed.<\/p>\n<p>&#8211; S\u1ea3n ph\u1ea9m m\u1ecbn b\u00f3ng, mang v\u1ecb s\u1eefa t\u1ef1 nhi\u00ean, tan nhanh trong mi\u1ec7ng m\u00e0 kh\u00f4ng \u0111em l\u1ea1i c\u1ea3m gi\u00e1c ng\u1ea5y.<\/p>\n","protected":false},"featured_media":1627,"comment_status":"open","ping_status":"closed","template":"","meta":[],"product_cat":[132,25,18],"product_tag":[124,123],"_links":{"self":[{"href":"https:\/\/demo.bmconnect.vn\/saoviet\/wp-json\/wp\/v2\/product\/1636"}],"collection":[{"href":"https:\/\/demo.bmconnect.vn\/saoviet\/wp-json\/wp\/v2\/product"}],"about":[{"href":"https:\/\/demo.bmconnect.vn\/saoviet\/wp-json\/wp\/v2\/types\/product"}],"replies":[{"embeddable":true,"href":"https:\/\/demo.bmconnect.vn\/saoviet\/wp-json\/wp\/v2\/comments?post=1636"}],"wp:featuredmedia":[{"embeddable":true,"href":"https:\/\/demo.bmconnect.vn\/saoviet\/wp-json\/wp\/v2\/media\/1627"}],"wp:attachment":[{"href":"https:\/\/demo.bmconnect.vn\/saoviet\/wp-json\/wp\/v2\/media?parent=1636"}],"wp:term":[{"taxonomy":"product_cat","embeddable":true,"href":"https:\/\/demo.bmconnect.vn\/saoviet\/wp-json\/wp\/v2\/product_cat?post=1636"},{"taxonomy":"product_tag","embeddable":true,"href":"https:\/\/demo.bmconnect.vn\/saoviet\/wp-json\/wp\/v2\/product_tag?post=1636"}],"curies":[{"name":"wp","href":"https:\/\/api.w.org\/{rel}","templated":true}]}}