{"id":1597,"date":"2017-11-15T16:51:18","date_gmt":"2017-11-15T09:51:18","guid":{"rendered":"https:\/\/demo.bmconnect.vn\/saoviet\/?post_type=product&#038;p=1597"},"modified":"2017-11-16T16:12:37","modified_gmt":"2017-11-16T09:12:37","slug":"kem-lam-mem-crumb-softener-richs","status":"publish","type":"product","link":"https:\/\/demo.bmconnect.vn\/saoviet\/product\/kem-lam-mem-crumb-softener-richs\/","title":{"rendered":"Kem l\u00e0m m\u1ec1m crumb softener rich&#8217;s"},"content":{"rendered":"<div class=\"item-info\">\n<h2><strong>Kem l\u00e0m m\u1ec1m crumb softener rich&#8217;s<\/strong><\/h2>\n<h3><strong>\u0110\u1eb7c t\u00ednh n\u1ed5i b\u1eadt s\u1ea3n ph\u1ea9m:<\/strong><\/h3>\n<p>&#8211; Gi\u00fap cho b\u1ed9t nh\u1ed3i h\u1ea5p th\u1ee5 \u0111\u01b0\u1ee3c nhi\u1ec1u n\u01b0\u1edbc h\u01a1n, d\u1ec5 x\u1eed l\u00fd h\u01a1n v\u00e0 c\u00f3 t\u00ednh \u0111\u00e0n h\u1ed3i cao h\u01a1n sau khi l\u00ean men.<\/p>\n<p>&#8211; Duy tr\u00ec kh\u00f4ng kh\u00ed t\u1ed1t v\u00e0 t\u1ea1o n\u00ean c\u1ea5u tr\u00fac gluten t\u1ed1t h\u01a1n so v\u1edbi b\u00e1nh m\u00ec l\u00e0m c\u00e1ch th\u00f4ng th\u01b0\u1eddng.<\/p>\n<p>&#8211; C\u00f3 kh\u1ea3 n\u0103ng gi\u1eef cho b\u00e1nh m\u00ec, b\u00e1nh ng\u1ecdt m\u1ec1m v\u00e0 \u1ea9m trong m\u1ed9t kho\u1ea3ng th\u1eddi gian d\u00e0i.<\/p>\n<p>&#8211; Gia t\u0103ng th\u1eddi h\u1ea1n b\u1ea3o qu\u1ea3n cho b\u00e1nh n\u01b0\u1edbng, gi\u00fap l\u00e0m gi\u1ea3m s\u1ef1 l\u00e3ng ph\u00ed.<\/p>\n<h3><strong>\u01afu \u0111i\u1ec3m:<\/strong><\/h3>\n<p>&#8211; <strong>Crumb softener rich&#8217;s <\/strong>\u0111\u1ea3m b\u1ea3o s\u1ef1 t\u01b0\u01a1i m\u1edbi; th\u1eddi gian l\u01b0u tr\u1eef l\u00e2u h\u01a1n; gi\u1ea3m thi\u1ec3u s\u1ef1 l\u00e3ng ph\u00ed; l\u1ee3i nhu\u1eadn nhi\u1ec1u h\u01a1n.<\/p>\n<p>&#8211; Th\u1eddi h\u1ea1n s\u1eed d\u1ee5ng c\u1ee7a b\u00e1nh d\u00e0i h\u01a1n, \u0111\u00e1p \u1ee9ng nhu c\u1ea7u c\u1ea7n thi\u1ebft v\u00e0 hi\u1ec7u qu\u1ea3 cho m\u00f4 h\u00ecnh kinh doanh b\u00e1n s\u1ec9.<\/p>\n<h3><strong>Tr\u1ecdng l\u01b0\u1ee3ng:<\/strong><\/h3>\n<p>\u0110\u00f3ng h\u1ed9p 1kg.<\/p>\n<h3><strong>Xu\u1ea5t x\u1ee9:<\/strong><\/h3>\n<p>C\u00f4ng ngh\u1ec7 M\u1ef9 \u0111\u01b0\u1ee3c s\u1ea3n xu\u1ea5t t\u1ea1i Vi\u1ec7t Nam.<\/p>\n<h3><strong>Th\u00e0nh ph\u1ea7n:<\/strong><\/h3>\n<p>N\u01b0\u1edbc, Sir\u00f4 b\u1eafp, D\u1ea7u h\u1ea1t c\u1ecd \u0111\u00e3 Hy\u0111r\u00f4 h\u00f3a m\u1ed9t ph\u1ea7n (ch\u1ee9a Lecithine \u0111\u1eadu n\u00e0nh), D\u1ea7u b\u01a1 khan (ch\u1ee9a s\u1eefa v\u00e0 \u0111\u1eadu n\u00e0nh), *Ch\u1ea5t d\u1eabn xu\u1ea5t t\u1eeb s\u1eefa (Sodium caseinate), Ch\u1ea5t nh\u0169 h\u00f3a (Sodium Stearoyl Lactylate (481(i)), Polyoxyethylen (20) sorbitan monostearat (435), Mono and diglycerid c\u1ee7a c\u00e1c axit b\u00e9o (471), Polyglycerol Esters of Fatty Acids (475), Sorbitan Monostearate (491)), Ch\u1ea5t \u1ed5n \u0111\u1ecbnh (Hydroxypropylmethyl Cellulose (464), Xathan Gum (415), Guar Gum (412), Gellan Gum (418)), Ch\u1ea5t \u0111i\u1ec1u ch\u1ec9nh \u0111\u1ed9 ax\u00edt (Dipotassium Orthophosphate (340(ii))), H\u01b0\u01a1ng nh\u00e2n t\u1ea1o (ch\u1ee9a tr\u1ee9ng v\u00e0 s\u1eefa), M\u00e0u nh\u00e2n t\u1ea1o (Beta Carotene (160a(i)), Mu\u1ed1i.<\/p>\n<p><em>*Kh\u00f4ng ph\u1ea3i l\u00e0 ngu\u1ed3n cung c\u1ea5p lactose.<\/em><\/p>\n<h3><strong>H\u01b0\u1edbng d\u1eabn s\u1eed d\u1ee5ng:<\/strong><\/h3>\n<p>&#8211; X\u1ea3 \u0111\u00f4ng trong t\u1ee7 l\u1ea1nh.<\/p>\n<p>&#8211; L\u1eafc \u0111\u1ec1u h\u1ed9p ch\u1ee9a kem tr\u01b0\u1edbc khi m\u1edf h\u1ed9p.<\/p>\n<p>&#8211; S\u1eed d\u1ee5ng 5% &#8211; 8% d\u1ef1a tr\u00ean t\u1ed5ng tr\u1ecdng l\u01b0\u1ee3ng b\u1ed9t cho m\u1ed7i c\u00f4ng th\u1ee9c.<\/p>\n<p>&#8211; C\u00f4ng d\u1ee5ng c\u1ee7a s\u1ea3n ph\u1ea9m <strong>Rich&#8217;s &#8220;L\u00e0m M\u1ec1m B\u00e1nh&#8221;<\/strong> r\u1ea5t linh ho\u1ea1t trong \u1ee9ng d\u1ee5ng v\u00e0o c\u00e1c d\u00f2ng s\u1ea3n ph\u1ea9m b\u00e1nh m\u00ec, b\u00e1nh ng\u1ecdt c\u00e1c lo\u1ea1i.<\/p>\n<h3><strong>B\u1ea3o qu\u1ea3n:<\/strong><\/h3>\n<p>\u2013 Tr\u1eef \u0111\u00f4ng \u1edf nhi\u1ec7t \u0111\u1ed9 -18<sup>o<\/sup>C<\/p>\n<p>\u2013\u00a0<em><strong>L<\/strong><\/em><em><strong>\u01b0u \u00fd<\/strong><\/em>: kh\u00f4ng t\u00e1i \u0111\u00f4ng s\u1ea3n ph\u1ea9m.<\/p>\n<\/div>\n","protected":false},"excerpt":{"rendered":"<p>\u0110\u1ed1i v\u1edbi c\u00e1c nh\u00e0 s\u1ea3n xu\u1ea5t: V\u1edbi mong mu\u1ed1n b\u00e1nh m\u00ec v\u00e0 b\u00e1nh ng\u1ecdt m\u1ec1m h\u01a1n th\u00ec s\u1ea3n ph\u1ea9m <strong>Crumb\u00a0softener rich&#8217;s<\/strong> <strong>&#8220;L\u00e0m M\u1ec1m B\u00e1nh&#8221;<\/strong> l\u00e0 m\u1ed9t l\u1ef1a ch\u1ecdn tuy\u1ec7t v\u1eddi v\u1edbi ch\u1ea5t l\u1ecfng nh\u0169 t\u01b0\u01a1ng ho\u00e1 c\u00f3 th\u1ec3 gi\u00fap cho b\u00e1nh n\u01b0\u1edbng m\u1ec1m v\u00e0 b\u1ea3o qu\u1ea3n l\u00e2u h\u01a1n m\u00e0 kh\u00f4ng \u1ea3nh h\u01b0\u1edfng \u0111\u1ebfn ch\u1ea5t l\u01b0\u1ee3ng s\u1ea3n ph\u1ea9m.<\/p>\n","protected":false},"featured_media":1598,"comment_status":"open","ping_status":"closed","template":"","meta":[],"product_cat":[132,25,18],"product_tag":[109,108],"_links":{"self":[{"href":"https:\/\/demo.bmconnect.vn\/saoviet\/wp-json\/wp\/v2\/product\/1597"}],"collection":[{"href":"https:\/\/demo.bmconnect.vn\/saoviet\/wp-json\/wp\/v2\/product"}],"about":[{"href":"https:\/\/demo.bmconnect.vn\/saoviet\/wp-json\/wp\/v2\/types\/product"}],"replies":[{"embeddable":true,"href":"https:\/\/demo.bmconnect.vn\/saoviet\/wp-json\/wp\/v2\/comments?post=1597"}],"wp:featuredmedia":[{"embeddable":true,"href":"https:\/\/demo.bmconnect.vn\/saoviet\/wp-json\/wp\/v2\/media\/1598"}],"wp:attachment":[{"href":"https:\/\/demo.bmconnect.vn\/saoviet\/wp-json\/wp\/v2\/media?parent=1597"}],"wp:term":[{"taxonomy":"product_cat","embeddable":true,"href":"https:\/\/demo.bmconnect.vn\/saoviet\/wp-json\/wp\/v2\/product_cat?post=1597"},{"taxonomy":"product_tag","embeddable":true,"href":"https:\/\/demo.bmconnect.vn\/saoviet\/wp-json\/wp\/v2\/product_tag?post=1597"}],"curies":[{"name":"wp","href":"https:\/\/api.w.org\/{rel}","templated":true}]}}