{"id":1577,"date":"2017-11-15T11:41:42","date_gmt":"2017-11-15T04:41:42","guid":{"rendered":"https:\/\/demo.bmconnect.vn\/saoviet\/?post_type=product&#038;p=1577"},"modified":"2017-11-16T16:13:01","modified_gmt":"2017-11-16T09:13:01","slug":"kem-tatua-whipping-cream","status":"publish","type":"product","link":"https:\/\/demo.bmconnect.vn\/saoviet\/product\/kem-tatua-whipping-cream\/","title":{"rendered":"Tatua whipping cream"},"content":{"rendered":"<h2><strong>Tatua whipping cream g\u00f3i 1 l\u00edt<\/strong><\/h2>\n<h3><strong>\u0110\u1eb7c t\u00ednh n\u1ed5i b\u1eadt s\u1ea3n ph\u1ea9m:<\/strong><\/h3>\n<p>l\u00e0 nguy\u00ean li\u1ec7u kem t\u01b0\u01a1i c\u00f3 \u0111\u1ed9 b\u00e9o ng\u1eady cao (35,1%), th\u01a1m ngon c\u1ee7a kem s\u1eefa, \u0111\u1eb7c bi\u1ec7t kh\u00f4ng ch\u1ee9a \u0111\u01b0\u1eddng thu\u1eadn ti\u1ec7n \u0111i\u1ec1u ch\u1ec9nh \u0111\u1ed9 ng\u1ecdt v\u00e0 d\u1ec5 d\u00e0ng tan trong mi\u1ec7ng.<\/p>\n<h3><strong>C\u00f4ng d\u1ee5ng s\u1ea3n ph\u1ea9m:<\/strong><\/h3>\n<p>\u0111\u01b0\u1ee3c \u01b0a chu\u1ed9ng s\u1eed d\u1ee5ng l\u00e0m b\u00e1nh Cappuccino,\u00a0b\u00e1nh Pudding, b\u00e1nh Mouse, kem trang tr\u00ed m\u1eb7t b\u00e1nh&#8230;<\/p>\n<h3><strong>Tr\u1ecdng l\u01b0\u1ee3ng:<\/strong><\/h3>\n<p>\u0111\u00f3ng g\u00f3i 1 l\u00edt.<\/p>\n<h3><strong>Xu\u1ea5t x\u1ee9: <\/strong><\/h3>\n<p>\u0111\u01b0\u1ee3c nh\u1eadp kh\u1ea9u tr\u1ef1c ti\u1ebfp t\u1eeb Newzealand.<\/p>\n<h3><strong>Th\u00e0nh ph\u1ea7n: <\/strong><\/h3>\n<p>kem s\u1eefa (99%), ch\u1ea5t nh\u0169 h\u00f3a (472b,433,471), ch\u1ea5t l\u00e0m d\u00e0y (412,415,407)<\/p>\n<h3><strong>H\u01b0\u1edbng d\u1eabn s\u1eed d\u1ee5ng:<\/strong><\/h3>\n<p><strong><em>L\u1eafc \u0111\u1ec1u tr\u01b0\u1edbc khi d\u00f9ng<\/em><\/strong><\/p>\n<h4><strong>Kem trang tr\u00ed m\u1eb7t b\u00e1nh <\/strong><\/h4>\n<p>khi \u0111\u00e1nh b\u00f4ng kem \u0111\u1ec3 ph\u1ee7 m\u1eb7t v\u00e0 trang tr\u00ed b\u00e1nh, b\u1ea1n c\u1ea7n cho th\u00eam \u0111\u01b0\u1eddng, gia gi\u1ea3m l\u01b0\u1ee3ng \u0111\u01b0\u1eddng t\u00f9y theo kh\u1ea9u v\u1ecb,<\/p>\n<h4><strong>B\u00e1nh Mousse <\/strong><\/h4>\n<p>s\u1eed d\u1ee5ng s\u1ea3n ph\u1ea9m \u1ee9ng d\u1ee5ng c\u00f4ng th\u1ee9c kh\u00f4ng d\u00f9ng l\u00f2 n\u01b0\u1edbng v\u00e0 l\u00e0m \u0111\u00f4ng b\u1eb1ng l\u00e1 gelatin.<\/p>\n<h4><strong>M\u00f3n kem v\u00e0 m\u00f3n \u0103n kh\u00e1c<\/strong><\/h4>\n<p>&#8211; L\u00e0m b\u00e1nh pudding, caramen, k\u1eb9o s\u00f4c\u00f4la t\u01b0\u01a1i (chocolate truffles), k\u1eb9o caramen<\/p>\n<p>&#8211; \u0110\u1eb7c bi\u1ec7t d\u00f9ng l\u00e0m nguy\u00ean li\u1ec7u cho m\u00f3n kem ng\u00e0y h\u00e8.<\/p>\n<p>&#8211; V\u00e0 nhi\u1ec1u m\u00f3n \u0103n h\u1ea5p d\u1eabn kh\u00e1c.<\/p>\n<h3><strong>B\u1ea3o qu\u1ea3n:<\/strong><\/h3>\n<p>&#8211; \u0110\u1ec3 l\u1ea1nh t\u1eeb 0\u00b0c \u0111\u1ebfn 4\u00b0c (kh\u00f4ng tr\u1eef \u0111\u00f4ng) v\u00e0 d\u00f9ng \u0111\u01b0\u1ee3c trong v\u00f2ng 7 ng\u00e0y sau khi m\u1edf bao b\u00ec.<\/p>\n<p>&#8211; <em><strong>L<\/strong><\/em><em><strong>\u01b0u \u00fd<\/strong><\/em>: sau khi s\u1eed d\u1ee5ng xong c\u1ea7n lau s\u1ea1ch mi\u1ec7ng t\u1ea1i v\u1ebft c\u1eaft bao b\u00ec r\u1ed3i bu\u1ed9c k\u00edn l\u1ea1i v\u00e0 b\u1ea3o qu\u1ea3n l\u1ea1nh.<\/p>\n","protected":false},"excerpt":{"rendered":"<p>&#8211; Tatua whipping cream l\u00e0 nguy\u00ean li\u1ec7u kem t\u01b0\u01a1i c\u00f3 ngu\u1ed3n g\u1ed1c \u0111\u1ed9ng v\u1eadt, \u0111\u01b0\u1ee3c tinh ch\u1ebf t\u1eeb s\u1eefa b\u00f2 t\u01b0\u01a1i.<\/p>\n<p>&#8211; S\u1ea3n ph\u1ea9m c\u00f3 \u0111\u1ed9 b\u00e9o ng\u1eady cao (35,1%), th\u01a1m c\u1ee7a kem s\u1eefa v\u00e0 d\u1ec5 tan trong mi\u1ec7ng.<\/p>\n<p>&#8211; S\u1ea3n ph\u1ea9m kh\u00f4ng ch\u1ee9a \u0111\u01b0\u1eddng (do \u0111\u01b0\u1ee3c t\u00e1ch ra t\u1eeb s\u1eefa b\u00f2 t\u01b0\u01a1i nguy\u00ean ch\u1ea5t).<\/p>\n","protected":false},"featured_media":1578,"comment_status":"closed","ping_status":"closed","template":"","meta":[],"product_cat":[132,131,18],"product_tag":[86,96],"_links":{"self":[{"href":"https:\/\/demo.bmconnect.vn\/saoviet\/wp-json\/wp\/v2\/product\/1577"}],"collection":[{"href":"https:\/\/demo.bmconnect.vn\/saoviet\/wp-json\/wp\/v2\/product"}],"about":[{"href":"https:\/\/demo.bmconnect.vn\/saoviet\/wp-json\/wp\/v2\/types\/product"}],"replies":[{"embeddable":true,"href":"https:\/\/demo.bmconnect.vn\/saoviet\/wp-json\/wp\/v2\/comments?post=1577"}],"wp:featuredmedia":[{"embeddable":true,"href":"https:\/\/demo.bmconnect.vn\/saoviet\/wp-json\/wp\/v2\/media\/1578"}],"wp:attachment":[{"href":"https:\/\/demo.bmconnect.vn\/saoviet\/wp-json\/wp\/v2\/media?parent=1577"}],"wp:term":[{"taxonomy":"product_cat","embeddable":true,"href":"https:\/\/demo.bmconnect.vn\/saoviet\/wp-json\/wp\/v2\/product_cat?post=1577"},{"taxonomy":"product_tag","embeddable":true,"href":"https:\/\/demo.bmconnect.vn\/saoviet\/wp-json\/wp\/v2\/product_tag?post=1577"}],"curies":[{"name":"wp","href":"https:\/\/api.w.org\/{rel}","templated":true}]}}