{"id":1568,"date":"2017-11-14T19:55:01","date_gmt":"2017-11-14T12:55:01","guid":{"rendered":"https:\/\/demo.bmconnect.vn\/saoviet\/?post_type=product&#038;p=1568"},"modified":"2017-12-20T11:45:12","modified_gmt":"2017-12-20T04:45:12","slug":"gold-label-richs-kem-topping","status":"publish","type":"product","link":"https:\/\/demo.bmconnect.vn\/saoviet\/product\/gold-label-richs-kem-topping\/","title":{"rendered":"Gold label rich&#8217;s kem topping"},"content":{"rendered":"<h2><strong>Gold label rich&#8217;s kem topping<\/strong><\/h2>\n<figure id=\"attachment_1582\" aria-describedby=\"caption-attachment-1582\" style=\"width: 300px\" class=\"wp-caption aligncenter\"><img loading=\"lazy\" class=\"size-medium wp-image-1582\" src=\"https:\/\/demo.bmconnect.vn\/saoviet\/wp-content\/uploads\/2017\/11\/kem-golden-label-whip-topping-300x300.jpg\" alt=\"kem-golden-label-whip-topping\" width=\"300\" height=\"300\" srcset=\"https:\/\/demo.bmconnect.vn\/saoviet\/wp-content\/uploads\/2017\/11\/kem-golden-label-whip-topping-300x300.jpg 300w, https:\/\/demo.bmconnect.vn\/saoviet\/wp-content\/uploads\/2017\/11\/kem-golden-label-whip-topping-100x100.jpg 100w, https:\/\/demo.bmconnect.vn\/saoviet\/wp-content\/uploads\/2017\/11\/kem-golden-label-whip-topping-150x150.jpg 150w, https:\/\/demo.bmconnect.vn\/saoviet\/wp-content\/uploads\/2017\/11\/kem-golden-label-whip-topping.jpg 480w\" sizes=\"(max-width: 300px) 100vw, 300px\" \/><figcaption id=\"caption-attachment-1582\" class=\"wp-caption-text\">kem-golden-label-whip-topping<\/figcaption><\/figure>\n<h3><strong>\u0110\u1eb7c t\u00ednh n\u1ed5i b\u1eadt s\u1ea3n ph\u1ea9m:<\/strong><\/h3>\n<h4><strong>H\u01b0\u01a1ng v\u1ecb tuy\u1ec7t v\u1eddi<\/strong><\/h4>\n<p>H\u01b0\u01a1ng v\u1ecb s\u1eefa \u0111\u1ed9c \u0111\u00e1o t\u1eeb ngu\u1ed3n g\u1ed1c th\u1ef1c v\u1eadt.<\/p>\n<h4><strong>Ch\u1ea5t l\u01b0\u1ee3ng \u1ed5n \u0111\u1ecbnh<\/strong><\/h4>\n<p>&#8211;\u00a0Kem ph\u1ee7 v\u1edbi ch\u1ea5t l\u01b0\u1ee3ng xu\u1ea5t s\u1eafc v\u00e0 lu\u00f4n \u0111\u1ea3m b\u1ea3o.<\/p>\n<p>&#8211;\u00a0T\u1ea1o ra c\u00e1c m\u00f3n b\u00e1nh, tr\u00e1ng mi\u1ec7ng t\u01b0\u01a1i ngon v\u00e0 h\u1ea5p d\u1eabn.<\/p>\n<h4><strong>\u0110\u1ed9 \u1ed5n \u0111\u1ecbnh xu\u1ea5t s\u1eafc<\/strong><\/h4>\n<p>&#8211;\u00a0Th\u1eddi gian \u1ed5n \u0111\u1ecbnh l\u00e2u h\u01a1n, t\u1ea1o nhi\u1ec1u th\u1eddi gian h\u01a1n cho vi\u1ec7c trang tr\u00ed b\u00e1nh kem v\u00e0 c\u00e1c m\u00f3n tr\u00e1ng mi\u1ec7ng.<\/p>\n<p>&#8211; Kem kh\u00f4ng b\u1ecb n\u1ee9t, gi\u00fap b\u00e1nh kem v\u00e0 c\u00e1c m\u00f3n tr\u00e1ng mi\u1ec7ng lu\u00f4n t\u01b0\u01a1i ngon &#8211; ngay c\u1ea3 sau 5 ng\u00e0y b\u1ea3o qu\u1ea3n trong t\u1ee7 l\u1ea1nh.<\/p>\n<p>&#8211; Kem gi\u1eef nguy\u00ean \u0111\u1ed9 b\u00f3ng v\u00e0 s\u00e1ng tr\u1eafng, m\u1ecbn su\u1ed1t 5 ng\u00e0y b\u1ea3o qu\u1ea3n trong t\u1ee7 l\u1ea1nh.<\/p>\n<h4><b>T\u00ednh kinh t\u1ebf<\/b><\/h4>\n<p>&#8211;\u00a0\u0110\u1ed9 n\u1edf c\u1ee7a kem t\u1eeb 400% &#8211; 450%, gi\u00fap t\u0103ng s\u1ea3n l\u01b0\u1ee3ng.<\/p>\n<p>&#8211;\u00a0T\u0103ng l\u1ee3i nhu\u1eadn.<\/p>\n<h4><strong>Th\u1eddi gian \u0111\u00e1nh kem nhanh h\u01a1n<\/strong><\/h4>\n<p>&#8211;\u00a0Kem c\u00f3 th\u1ec3 \u0111\u00e1nh \u1edf t\u1ed1c \u0111\u1ed9 cao, gi\u1ea3m th\u1eddi gian \u0111\u00e1nh kem, gi\u1ea3m nh\u00e2n c\u00f4ng, t\u0103ng thu\u1eadn ti\u1ec7n v\u00e0 s\u1ea3n l\u01b0\u1ee3ng, n\u00e2ng cao l\u1ee3i nhu\u1eadn.<\/p>\n<p>&#8211;\u00a0Th\u1eddi gian \u0111\u00e1nh kem: kho\u1ea3ng 90 gi\u00e2y cho 1 th\u1ed1 dung t\u00edch 5 l\u00edt; v\u00e0 3 ph\u00fat cho 1 th\u1ed1 dung t\u00edch 20 l\u00edt.<\/p>\n<h3><strong>C\u00f4ng d\u1ee5ng s\u1ea3n ph\u1ea9m:<\/strong><\/h3>\n<p><strong>Gold label rich&#8217;s kem topping<\/strong> \u0111\u01b0\u1ee3c \u01b0a chu\u1ed9ng s\u1eed d\u1ee5ng trong trang tr\u00ed b\u00e1nh kem (ph\u1ee7 m\u1eb7t &#8211; ch\u00e0 l\u00e1ng, b\u1eaft hoa, b\u1eaft th\u00fa), l\u00e0m nh\u00e2n b\u00e1nh,\u00a0ho\u1eb7c thay th\u1ebf s\u1eefa trong c\u00f4ng ngh\u1ec7 l\u00e0m b\u00e1nh (b\u00e1nh b\u00f4ng lan, b\u00e1nh \u0103n tr\u00e1ng mi\u1ec7ng).<\/p>\n<figure id=\"attachment_2276\" aria-describedby=\"caption-attachment-2276\" style=\"width: 451px\" class=\"wp-caption alignright\"><img loading=\"lazy\" class=\" wp-image-2276\" src=\"https:\/\/demo.bmconnect.vn\/saoviet\/wp-content\/uploads\/2017\/11\/23843521_1530860796994801_8853936151937979413_n-1-300x225.jpg\" alt=\"ung-dung-kem-gold-richs\" width=\"451\" height=\"338\" srcset=\"https:\/\/demo.bmconnect.vn\/saoviet\/wp-content\/uploads\/2017\/11\/23843521_1530860796994801_8853936151937979413_n-1-300x225.jpg 300w, https:\/\/demo.bmconnect.vn\/saoviet\/wp-content\/uploads\/2017\/11\/23843521_1530860796994801_8853936151937979413_n-1-600x450.jpg 600w, https:\/\/demo.bmconnect.vn\/saoviet\/wp-content\/uploads\/2017\/11\/23843521_1530860796994801_8853936151937979413_n-1-768x576.jpg 768w, https:\/\/demo.bmconnect.vn\/saoviet\/wp-content\/uploads\/2017\/11\/23843521_1530860796994801_8853936151937979413_n-1.jpg 800w\" sizes=\"(max-width: 451px) 100vw, 451px\" \/><figcaption id=\"caption-attachment-2276\" class=\"wp-caption-text\">ung-dung-kem-gold-richs<\/figcaption><\/figure>\n<h3><strong>Tr\u1ecdng l\u01b0\u1ee3ng:<\/strong><\/h3>\n<p>\u0111\u00f3ng h\u1ed9p 907gram<\/p>\n<h3><strong>Xu\u1ea5t x\u1ee9:<\/strong><\/h3>\n<p>C\u00f4ng ngh\u1ec7 M\u1ef9 \u0111\u01b0\u1ee3c s\u1ea3n xu\u1ea5t t\u1ea1i Vi\u1ec7t Nam.<\/p>\n<h3><strong>Th\u00e0nh ph\u1ea7n:<\/strong><\/h3>\n<p>N\u01b0\u1edbc, D\u1ea7u H\u1ea1t C\u1ecd \u0110\u00e3 Hydro H\u00f3a, Syr\u00f4 B\u1eafp Ch\u1ee9a H\u00e0m L\u01b0\u1ee3ng Fructose Cao, \u0110\u01b0\u1eddng, *Ch\u1ea5t D\u1eabn Xu\u1ea5t T\u1eeb S\u1eefa (Sodium Caseinate), Ch\u1ea5t Nh\u0169 H\u00f3a (Sodium Stearoyl Lactylate (481(i)), Ch\u1ea5t \u1ed4n \u0110\u1ecbnh (Methylcellulose (461)), Ch\u1ea5t \u0110i\u1ec1u Ch\u1ec9nh \u0110\u1ed9 Axit (Dipotassium Orthophosphate (340ii)), Mu\u1ed1i, H\u01b0\u01a1ng Kem V\u00e0 Vanilla T\u1ed5ng H\u1ee3p.<\/p>\n<p><em>* Kh\u00f4ng ph\u1ea3i l\u00e0 ngu\u1ed3n cung c\u1ea5p Lactose<\/em><\/p>\n<h3><strong>H\u01b0\u1edbng d\u1eabn s\u1eed d\u1ee5ng:<\/strong><\/h3>\n<p>&#8211; X\u1ea3 \u0111\u00f4ng trong t\u1ee7 l\u1ea1nh.<\/p>\n<p>&#8211; L\u1eafc \u0111\u1ec1u h\u1ed9p ch\u1ee9a kem tr\u01b0\u1edbc khi m\u1edf h\u1ed9p. \u0110\u1ed5 kem l\u1ecfng c\u00f2n d\u0103m \u0111\u00e1 v\u00e0o th\u1ed1 l\u1ea1nh.<\/p>\n<p>&#8211; \u0110\u00e1nh kem v\u1edbi t\u1ed1c \u0111\u1ed9 trung b\u00ecnh \u1edf nhi\u1ec7t \u0111\u1ed9 t\u1eeb 4<sup>o<\/sup>C \u0111\u1ebfn 7<sup>o<\/sup>C cho \u0111\u1ebfn khi kem b\u00f3ng m\u1ecbn.<\/p>\n<h3><strong>B\u1ea3o qu\u1ea3n:<\/strong><\/h3>\n<p>&#8211; Tr\u1eef \u0111\u00f4ng \u1edf nhi\u1ec7t \u0111\u1ed9 -18<sup>o<\/sup>C<\/p>\n<p>&#8211; <em><strong>L<\/strong><\/em><em><strong>\u01b0u \u00fd<\/strong><\/em>: kh\u00f4ng t\u00e1i \u0111\u00f4ng s\u1ea3n ph\u1ea9m.<\/p>\n","protected":false},"excerpt":{"rendered":"<p>&#8211; S\u1ea3n ph\u1ea9m kem t\u01b0\u01a1i ngu\u1ed3n g\u1ed1c th\u1ef1c v\u1eadt, an to\u00e0n, th\u00e2n thi\u1ec7n v\u1edbi ng\u01b0\u1eddi d\u00f9ng.<\/p>\n<p>&#8211; \u01afa chu\u1ed9ng d\u00f9ng trong trang tr\u00ed b\u00e1nh kem, l\u00e0m nh\u00e2n b\u00e1nh, l\u00e0m kem&#8230;<\/p>\n<p>&#8211; Gi\u00e1 th\u00e0nh h\u1ee3p l\u00fd, nhi\u1ec1u \u01b0u \u0111i\u1ec3m v\u01b0\u1ee3t tr\u1ed9i.<\/p>\n","protected":false},"featured_media":1249,"comment_status":"open","ping_status":"closed","template":"","meta":[],"product_cat":[132,25,18],"product_tag":[92,97],"_links":{"self":[{"href":"https:\/\/demo.bmconnect.vn\/saoviet\/wp-json\/wp\/v2\/product\/1568"}],"collection":[{"href":"https:\/\/demo.bmconnect.vn\/saoviet\/wp-json\/wp\/v2\/product"}],"about":[{"href":"https:\/\/demo.bmconnect.vn\/saoviet\/wp-json\/wp\/v2\/types\/product"}],"replies":[{"embeddable":true,"href":"https:\/\/demo.bmconnect.vn\/saoviet\/wp-json\/wp\/v2\/comments?post=1568"}],"wp:featuredmedia":[{"embeddable":true,"href":"https:\/\/demo.bmconnect.vn\/saoviet\/wp-json\/wp\/v2\/media\/1249"}],"wp:attachment":[{"href":"https:\/\/demo.bmconnect.vn\/saoviet\/wp-json\/wp\/v2\/media?parent=1568"}],"wp:term":[{"taxonomy":"product_cat","embeddable":true,"href":"https:\/\/demo.bmconnect.vn\/saoviet\/wp-json\/wp\/v2\/product_cat?post=1568"},{"taxonomy":"product_tag","embeddable":true,"href":"https:\/\/demo.bmconnect.vn\/saoviet\/wp-json\/wp\/v2\/product_tag?post=1568"}],"curies":[{"name":"wp","href":"https:\/\/api.w.org\/{rel}","templated":true}]}}