{"id":1504,"date":"2017-11-03T15:23:18","date_gmt":"2017-11-03T08:23:18","guid":{"rendered":"https:\/\/demo.bmconnect.vn\/saoviet\/?post_type=product&#038;p=1504"},"modified":"2017-11-20T16:58:38","modified_gmt":"2017-11-20T09:58:38","slug":"kem-nau-an-versatie-richs","status":"publish","type":"product","link":"https:\/\/demo.bmconnect.vn\/saoviet\/product\/kem-nau-an-versatie-richs\/","title":{"rendered":"Kem n\u1ea5u versatie rich&#8217;s"},"content":{"rendered":"<h2><strong>Kem n\u1ea5u versatie rich&#8217;s<\/strong><\/h2>\n<figure id=\"attachment_1645\" aria-describedby=\"caption-attachment-1645\" style=\"width: 300px\" class=\"wp-caption alignright\"><img loading=\"lazy\" class=\"size-medium wp-image-1645\" src=\"https:\/\/demo.bmconnect.vn\/saoviet\/wp-content\/uploads\/2017\/11\/2.-Che-cu-nang-dau-xanh-300x225.jpg\" alt=\"kem-nau-versatie-richs\" width=\"300\" height=\"225\" srcset=\"https:\/\/demo.bmconnect.vn\/saoviet\/wp-content\/uploads\/2017\/11\/2.-Che-cu-nang-dau-xanh-300x225.jpg 300w, https:\/\/demo.bmconnect.vn\/saoviet\/wp-content\/uploads\/2017\/11\/2.-Che-cu-nang-dau-xanh-600x450.jpg 600w, https:\/\/demo.bmconnect.vn\/saoviet\/wp-content\/uploads\/2017\/11\/2.-Che-cu-nang-dau-xanh-768x576.jpg 768w, https:\/\/demo.bmconnect.vn\/saoviet\/wp-content\/uploads\/2017\/11\/2.-Che-cu-nang-dau-xanh.jpg 800w\" sizes=\"(max-width: 300px) 100vw, 300px\" \/><figcaption id=\"caption-attachment-1645\" class=\"wp-caption-text\">kem-nau-versatie-richs<\/figcaption><\/figure>\n<h3><strong>C\u00f4ng d\u1ee5ng s\u1ea3n ph\u1ea9m:<\/strong><\/h3>\n<h4><strong>\u1ee8ng d\u1ee5ng trong n\u1ea5u \u0103n v\u00e0 b\u1ebfp b\u00e1nh<\/strong><\/h4>\n<p>&#8211; Ch\u1ecbu axit: h\u1ed7n h\u1ee3p x\u1ed1t kem chua c\u1ee7a Rich&#8217;s\u00a0Versatie v\u00e0 gi\u1ea5m tr\u1eafng c\u00f3 th\u1ec3 gi\u1eef \u0111\u01b0\u1ee3c 2 ng\u00e0y trong t\u1ee7 l\u1ea1nh v\u1edbi nhi\u1ec7t \u0111\u1ed9 kho\u1ea3ng 5\u00b0C m\u00e0 kh\u00f4ng b\u1ecb h\u00f3a l\u1ecfng. Do t\u00ednh ch\u1ea5t ch\u1ecbu \u0111\u01b0\u1ee3c axit n\u00ean kem th\u00edch h\u1ee3p l\u00e0m b\u00e1nh\u00a0mousse&#8230;<\/p>\n<p>&#8211; Ch\u1ecbu ch\u1ea5t c\u1ed3n: s\u1ea3n ph\u1ea9m c\u00f3 th\u1ec3 kh\u00e1ng \u0111\u01b0\u1ee3c ch\u1ea5t c\u1ed3n trong c\u00e1c \u1ee9ng d\u1ee5ng b\u1ebfp n\u1ea5u v\u00e0 b\u1ebfp b\u00e1nh m\u00e0 kh\u00f4ng b\u1ecb t\u00e1ch l\u1edbp.<\/p>\n<p>&#8211; Ch\u1ecbu nhi\u1ec7t cao: kh\u1ea3 n\u0103ng ch\u1ecbu nhi\u1ec7t t\u1ed1t v\u00e0 \u00edt t\u00e1ch d\u1ea7u sau khi n\u1ea5u.<\/p>\n<p>&#8211; Nhanh \u0111\u1ea1t \u0111\u1ebfn \u0111\u1ed9 \u0111\u1eb7c mong mu\u1ed1n, \u1ed5n \u0111\u1ecbnh m\u00e0 kh\u00f4ng b\u1ecb v\u00f3n c\u1ee5c.<\/p>\n<p>&#8211; Ph\u1ee7 \u0111\u1ec1u v\u00e0 m\u1ecbn cho m\u00f3n \u0103n, m\u00f3n b\u00e1nh ngon v\u00e0 \u0111\u1eb9p m\u1eaft.<\/p>\n<h3><strong>Tr\u1ecdng l\u01b0\u1ee3ng:<\/strong><\/h3>\n<p>\u0110\u00f3ng h\u1ed9p 1kg.<\/p>\n<h3><strong>Xu\u1ea5t x\u1ee9:<\/strong><\/h3>\n<p>C\u00f4ng ngh\u1ec7 M\u1ef9 \u0111\u01b0\u1ee3c s\u1ea3n xu\u1ea5t t\u1ea1i Vi\u1ec7t Nam.<\/p>\n<h3><strong>Th\u00e0nh ph\u1ea7n:<\/strong><\/h3>\n<p>N\u01b0\u1edbc, D\u1ea7u h\u1ea1t c\u1ecd \u0111\u00e3 hydro h\u00f3a ( Ch\u1ee9a \u0111\u1eadu n\u00e0nh), D\u1ea7u d\u1eeba \u0111\u00e3 hydro h\u00f3a, B\u1ed9t s\u1eefa, Ch\u1ea5t \u1ed5n \u0111\u1ecbnh (Hydroxypropyl distarch phosphate (1442), Guar gum (412), Locust bean gum (410), Carrageenan(407)), Ch\u1ea5t nh\u0169 h\u00f3a(Polysorbate 60 (435), Mono and diglycerides (471), Soy lecithin (322)), Ch\u1ea5t \u0111i\u1ec1u ch\u1ec9nh \u0111\u1ed9 axit (Disodium Phosphate (339(ii))), \u0110\u01b0\u1eddng, M\u00e0u t\u1ed5ng h\u1ee3p (Beta Carotene (160(i)).<\/p>\n<h3><strong>H\u01b0\u1edbng d\u1eabn s\u1eed d\u1ee5ng:<\/strong><\/h3>\n<p>&#8211; L\u1eafc \u0111\u1ec1u h\u1ed9p ch\u1ee9a kem tr\u01b0\u1edbc khi m\u1edf h\u1ed9p.<\/p>\n<p>&#8211; S\u1eed d\u1ee5ng d\u1ec5 d\u00e0ng:\u00a0\u0111\u00f3ng m\u1edf v\u1edbi n\u1eafp v\u1eb7n.<\/p>\n<p>&#8211; M\u1ea5t kho\u1ea3ng 5 ph\u00fat \u0111\u00e1nh t\u1eeb t\u1ed1c \u0111\u1ed9 trung b\u00ecnh \u0111\u1ebfn t\u1ed1c \u0111\u1ed9 cao.<\/p>\n<p>&#8211; C\u00f3 \u0111\u01b0\u1eddng, h\u1ed7n h\u1ee3p kem gi\u1eef \u0111\u01b0\u1ee3c \u0111\u1ed9 \u1ed5n \u0111\u1ecbnh trong 2 ng\u00e0y. Kh\u00f4ng \u0111\u01b0\u1eddng, h\u1ed7n h\u1ee3p kem gi\u1eef \u0111\u01b0\u1ee3c trong 12 gi\u1edd.<\/p>\n<p>&#8211;\u00a0S\u1ea3n ph\u1ea9m \u0111\u00e3 m\u1edf h\u1ed9p n\u00ean \u0111\u01b0\u1ee3c s\u1eed d\u1ee5ng h\u1ebft trong 14 ng\u00e0y.<\/p>\n<h3><strong>B\u1ea3o qu\u1ea3n:<\/strong><\/h3>\n<p>Gi\u1eef l\u1ea1nh \u1edf 4<sup>o<\/sup>C\u00a0&#8211; 7<sup>o<\/sup>C<\/p>\n","protected":false},"excerpt":{"rendered":"<p>&#8211; <strong>Kem n\u1ea5u versatie Rich&#8217;s<\/strong> l\u00e0 m\u1ed9t gi\u1ea3i ph\u00e1p ho\u00e0n h\u1ea3o cho c\u00e1c \u0111\u1ea7u b\u1ebfp v\u00ec s\u1ea3n ph\u1ea9m cho m\u00f3n \u0103n ngon v\u00e0 \u0111\u1eb9p m\u1eaft v\u1edbi nh\u1eefng \u1ee9ng d\u1ee5ng linh ho\u1ea1t cho b\u1ebfp n\u1ea5u v\u00e0 b\u1ebfp b\u00e1nh.<\/p>\n<p>&#8211; <strong>Versatie<\/strong> c\u00f2n cung c\u1ea5p th\u00eam nh\u1eefng l\u1ee3i th\u1ebf \u0111\u1ec3 n\u00e2ng cao l\u1ee3i nhu\u1eadn cho b\u1ea1n.<\/p>\n","protected":false},"featured_media":1584,"comment_status":"open","ping_status":"closed","template":"","meta":[],"product_cat":[132,201,25,18,77],"product_tag":[94,95],"_links":{"self":[{"href":"https:\/\/demo.bmconnect.vn\/saoviet\/wp-json\/wp\/v2\/product\/1504"}],"collection":[{"href":"https:\/\/demo.bmconnect.vn\/saoviet\/wp-json\/wp\/v2\/product"}],"about":[{"href":"https:\/\/demo.bmconnect.vn\/saoviet\/wp-json\/wp\/v2\/types\/product"}],"replies":[{"embeddable":true,"href":"https:\/\/demo.bmconnect.vn\/saoviet\/wp-json\/wp\/v2\/comments?post=1504"}],"wp:featuredmedia":[{"embeddable":true,"href":"https:\/\/demo.bmconnect.vn\/saoviet\/wp-json\/wp\/v2\/media\/1584"}],"wp:attachment":[{"href":"https:\/\/demo.bmconnect.vn\/saoviet\/wp-json\/wp\/v2\/media?parent=1504"}],"wp:term":[{"taxonomy":"product_cat","embeddable":true,"href":"https:\/\/demo.bmconnect.vn\/saoviet\/wp-json\/wp\/v2\/product_cat?post=1504"},{"taxonomy":"product_tag","embeddable":true,"href":"https:\/\/demo.bmconnect.vn\/saoviet\/wp-json\/wp\/v2\/product_tag?post=1504"}],"curies":[{"name":"wp","href":"https:\/\/api.w.org\/{rel}","templated":true}]}}