{"id":1496,"date":"2017-11-03T15:07:18","date_gmt":"2017-11-03T08:07:18","guid":{"rendered":"https:\/\/demo.bmconnect.vn\/saoviet\/?post_type=product&#038;p=1496"},"modified":"2017-11-16T16:14:30","modified_gmt":"2017-11-16T09:14:30","slug":"pastry-richs-kem-topping","status":"publish","type":"product","link":"https:\/\/demo.bmconnect.vn\/saoviet\/product\/pastry-richs-kem-topping\/","title":{"rendered":"Pastry rich&#8217;s kem topping"},"content":{"rendered":"<div class=\"item-info\">\n<div class=\"desc\">\n<h2><strong>Pastry rich&#8217;s kem topping<\/strong><\/h2>\n<h3><strong>\u0110\u1eb7c t\u00ednh n\u1ed5i b\u1eadt s\u1ea3n ph\u1ea9m:<\/strong><\/h3>\n<p><b>H\u01b0\u01a1ng v\u1ecb<\/b><\/p>\n<p>H\u01b0\u01a1ng vanilla l\u00f4i cu\u1ed1n c\u00f9ng v\u1ecb kem h\u1ea5p d\u1eabn.<\/p>\n<p><strong>M\u00e0u s\u1eafc<\/strong><\/p>\n<p>S\u00e1ng tr\u1eafng tinh khi\u1ebft, kem b\u00f3ng v\u00e0 m\u1ecbn<\/p>\n<p><strong>\u0110\u1ed9 \u1ed5n \u0111\u1ecbnh<\/strong><\/p>\n<p>&#8211; \u0110\u1ed9 \u1ed5n \u0111\u1ecbnh t\u1ed1t trong th\u1ed1 v\u00e0 trong bao kem trang tr\u00ed<\/p>\n<p>&#8211; Kem \u0111\u00e3 \u0111\u00e1nh v\u1eabn gi\u1eef \u0111\u01b0\u1ee3c \u0111\u1ed9 b\u00f3ng v\u00e0 m\u1ecbn sau nhi\u1ec1u gi\u1edd trong th\u1ed1 v\u00e0 trong bao kem trang tr\u00ed<\/p>\n<p>&#8211; \u0110\u1ed9 c\u1ee9ng cao, ch\u1ea5t l\u01b0\u1ee3ng \u1ed5n \u0111\u1ecbnh.<\/p>\n<h3><strong>\u01afu \u0111i\u1ec3m s\u1ea3n ph\u1ea9m:<\/strong><\/h3>\n<p>&#8211; Gi\u00e1 c\u1ea3 r\u1ea5t c\u1ea1nh tranh, th\u00edch h\u1ee3p cho c\u00e1c kh\u00e1ch h\u00e0ng quan t\u00e2m \u0111\u1ebfn 2 ti\u00eau ch\u00ed song song l\u00e0 gi\u00e1 c\u1ea3 v\u00e0 ch\u1ea5t l\u01b0\u1ee3ng.<\/p>\n<p>&#8211; \u0110em \u0111\u1ebfn l\u1ee3i nhu\u1eadn cao h\u01a1n cho c\u00e1c kh\u00e1ch h\u00e0ng.<\/p>\n<p>&#8211; D\u1ec5 d\u00e0ng chu\u1ea9n b\u1ecb v\u00e0 thu\u1eadn ti\u1ec7n khi s\u1eed d\u1ee5ng.<\/p>\n<h3><strong>Tr\u1ecdng l\u01b0\u1ee3ng:<\/strong><\/h3>\n<p>\u0111\u00f3ng h\u1ed9p 1kg.<\/p>\n<h3><strong>Xu\u1ea5t x\u1ee9:<\/strong><\/h3>\n<p>C\u00f4ng ngh\u1ec7 M\u1ef9 \u0111\u01b0\u1ee3c s\u1ea3n xu\u1ea5t t\u1ea1i Vi\u1ec7t Nam.<\/p>\n<h3><strong>Th\u00e0nh ph\u1ea7n:<\/strong><\/h3>\n<p>N\u01b0\u1edbc, D\u1ea7u C\u1ecd \u0110\u00e3 Hydro H\u00f3a M\u1ed9t Ph\u1ea7n, M\u1eadt \u0110\u01b0\u1eddng B\u1eafp, \u0110\u01b0\u1eddng, Sodium Caseinate (M\u1ed9t D\u1eabn Xu\u1ea5t T\u1eeb S\u1eefa, Kh\u00f4ng Ph\u1ea3i Ngu\u1ed3n Cung C\u1ea5p Lactose), Ch\u1ea5t Nh\u0169 H\u00f3a (Sodium Stearoyl Lactylate (481)), Ch\u1ea5t \u1ed4n \u0110\u1ecbnh (Methylcellulose (461)), Ch\u1ea5t \u0110i\u1ec1u Ch\u1ec9nh \u0110\u1ed9 Axit (Dipotassium Orthophosphate (340 (ii))), Mu\u1ed1i, H\u01b0\u01a1ng T\u1ed5ng H\u1ee3p.<\/p>\n<p><em>* Kh\u00f4ng Ph\u1ea3i Ngu\u1ed3n Cung C\u1ea5p Lactose<\/em><\/p>\n<h3><strong style=\"font-size: 20.16px; color: #333333;\">H\u01b0\u1edbng d\u1eabn s\u1eed d\u1ee5ng:<\/strong><\/h3>\n<p>&#8211; X\u1ea3 \u0111\u00f4ng trong t\u1ee7 l\u1ea1nh.<\/p>\n<p>&#8211; L\u1eafc \u0111\u1ec1u h\u1ed9p tr\u01b0\u1edbc khi m\u1edf.<\/p>\n<p>&#8211; N\u1ebfu d\u00f9ng l\u00e0m Mousse, cho kem v\u00e0o th\u1ed1 l\u1ea1nh, l\u01b0\u1ee3ng kem kh\u00f4ng qu\u00e1 20% s\u1ee9c ch\u1ee9a c\u1ee7a th\u1ed1, \u0111\u00e1nh kem \u1edf t\u1ed1c \u0111\u1ed9 trung b\u00ecnh \u0111\u1ebfn 60 \u2013 70% so v\u1edbi \u0111\u1ed9 \u0111\u1ee9ng v\u1eeba \u00fd nh\u1ea5t;<\/p>\n<p>&#8211; N\u1ebfu d\u00f9ng \u0111\u1ec3 ph\u1ed1i tr\u1ed9n, t\u00f9y theo t\u1ef7 l\u1ec7 tr\u1ed9n, cho v\u00e0o th\u1ed1 \u0111\u00e3 l\u00e0m l\u1ea1nh, l\u01b0\u1ee3ng ch\u1ea5t l\u1ecfng kh\u00f4ng v\u01b0\u1ee3t qu\u00e1 20% s\u1ee9c ch\u1ee9a c\u1ee7a th\u1ed1, \u0111\u00e1nh kem \u1edf t\u1ed1c \u0111\u1ed9 trung b\u00ecnh cho \u0111\u1ebfn khi kem n\u1ed5i l\u00ean, \u0111\u1ea1t \u0111\u1ed9 \u0111\u1ee9ng v\u1eeba \u00fd nh\u1ea5t v\u00e0 kh\u00f4ng c\u00f2n b\u00f3ng n\u01b0\u1edbc.<\/p>\n<h3><strong>B\u1ea3o qu\u1ea3n:<\/strong><\/h3>\n<p>\u2013 Tr\u1eef \u0111\u00f4ng \u1edf nhi\u1ec7t \u0111\u1ed9 -18<sup>o<\/sup>C<\/p>\n<p>\u2013\u00a0<em><strong>L<\/strong><\/em><em><strong>\u01b0u \u00fd<\/strong><\/em>: kh\u00f4ng t\u00e1i \u0111\u00f4ng s\u1ea3n ph\u1ea9m.<\/p>\n<\/div>\n<\/div>\n","protected":false},"excerpt":{"rendered":"<div class=\"item-info\"><strong>Pastry rich&#8217;s kem topping<\/strong> kh\u00f4ng ng\u1ecdt l\u00e0 s\u1ea3n ph\u1ea9m chuy\u00ean d\u1ee5ng d\u00f9ng trong b\u00e1nh n\u01b0\u1edbng, b\u00e1nh \u00c2u v\u00e0 b\u00e1nh Mousse.<\/div>\n<div class=\"item-info\">&#8211; L\u01b0\u1ee3ng cholesterol ch\u1ec9 b\u1eb1ng 25% so v\u1edbi c\u00e1c lo\u1ea1i kem \u0111\u00e1nh th\u00f4ng th\u01b0\u1eddng kh\u00e1c.<\/div>\n<div class=\"item-info\">&#8211; <strong>Pastry Topping<\/strong> c\u00f3 ch\u1ee9a th\u00e0nh ph\u1ea7n s\u1eefa mang \u0111\u1ebfn h\u01b0\u01a1ng v\u1ecb th\u01a1m ngon \u0111\u1eb7c tr\u01b0ng.<\/div>\n<div class=\"item-info\">&#8211; S\u1eed d\u1ee5ng s\u1ea3n ph\u1ea9m c\u1ea5u tr\u00fac b\u00e1nh \u0111\u1eb9p h\u01a1n v\u00e0 m\u1ec1m h\u01a1n, c\u00f3 \u0111\u1ed9 \u1ea9m cao h\u01a1n.<\/div>\n<div class=\"item-info\">&#8211; Kem kh\u00e1ng axit v\u00e0 d\u1ec5 s\u1eed d\u1ee5ng.<\/div>\n","protected":false},"featured_media":1590,"comment_status":"open","ping_status":"closed","template":"","meta":[],"product_cat":[132,25,18],"product_tag":[100,101],"_links":{"self":[{"href":"https:\/\/demo.bmconnect.vn\/saoviet\/wp-json\/wp\/v2\/product\/1496"}],"collection":[{"href":"https:\/\/demo.bmconnect.vn\/saoviet\/wp-json\/wp\/v2\/product"}],"about":[{"href":"https:\/\/demo.bmconnect.vn\/saoviet\/wp-json\/wp\/v2\/types\/product"}],"replies":[{"embeddable":true,"href":"https:\/\/demo.bmconnect.vn\/saoviet\/wp-json\/wp\/v2\/comments?post=1496"}],"wp:featuredmedia":[{"embeddable":true,"href":"https:\/\/demo.bmconnect.vn\/saoviet\/wp-json\/wp\/v2\/media\/1590"}],"wp:attachment":[{"href":"https:\/\/demo.bmconnect.vn\/saoviet\/wp-json\/wp\/v2\/media?parent=1496"}],"wp:term":[{"taxonomy":"product_cat","embeddable":true,"href":"https:\/\/demo.bmconnect.vn\/saoviet\/wp-json\/wp\/v2\/product_cat?post=1496"},{"taxonomy":"product_tag","embeddable":true,"href":"https:\/\/demo.bmconnect.vn\/saoviet\/wp-json\/wp\/v2\/product_tag?post=1496"}],"curies":[{"name":"wp","href":"https:\/\/api.w.org\/{rel}","templated":true}]}}