{"id":1492,"date":"2017-11-03T14:59:03","date_gmt":"2017-11-03T07:59:03","guid":{"rendered":"https:\/\/demo.bmconnect.vn\/saoviet\/?post_type=product&#038;p=1492"},"modified":"2017-12-20T13:16:51","modified_gmt":"2017-12-20T06:16:51","slug":"value-softblend-kem-hong-topping-richs","status":"publish","type":"product","link":"https:\/\/demo.bmconnect.vn\/saoviet\/product\/value-softblend-kem-hong-topping-richs\/","title":{"rendered":"Value softblend kem topping rich&#8217;s"},"content":{"rendered":"<h2><strong>Kem topping value pride softblend rich&#8217;s<\/strong><\/h2>\n<h3><strong>\u0110\u1eb7c t\u00ednh n\u1ed5i b\u1eadt s\u1ea3n ph\u1ea9m:<\/strong><\/h3>\n<h4><strong>H\u01b0\u01a1ng v\u1ecb<\/strong><\/h4>\n<p>H\u01b0\u01a1ng vani \u0111\u1eb7c tr\u01b0ng h\u00f2a quy\u1ec7n c\u00f9ng v\u1ecb ng\u1ecdt, s\u1ef1 b\u00e9o ng\u1eady c\u1ee7a kem t\u01b0\u01a1i.<\/p>\n<h4><strong>M\u00e0u s\u1eafc<\/strong><\/h4>\n<p>M\u00e0u tr\u1eafng s\u00e1ng tinh t\u1ebf, b\u00f3ng, m\u1ecbn, m\u01b0\u1ee3t.<\/p>\n<h3><strong>C\u00f4ng d\u1ee5ng<\/strong><\/h3>\n<p><strong>Kem value pride softblend<\/strong> s\u1eed d\u1ee5ng linh ho\u1ea1t trong vi\u1ec7c ph\u1ee7, ch\u00e0 l\u00e1ng, trang tr\u00ed b\u00e1nh, l\u00e0m nh\u00e2n b\u00e1nh. Ngo\u00e0i ra, \u1ee9ng d\u1ee5ng \u0111\u01b0\u1ee3c trong m\u1ed9t s\u1ed1 c\u00f4ng th\u1ee9c \u0111\u1ed3 u\u1ed1ng nh\u01b0 tr\u00e0 s\u1eefa&#8230;<\/p>\n<figure id=\"attachment_2280\" aria-describedby=\"caption-attachment-2280\" style=\"width: 434px\" class=\"wp-caption alignright\"><img loading=\"lazy\" class=\" wp-image-2280\" src=\"https:\/\/demo.bmconnect.vn\/saoviet\/wp-content\/uploads\/2017\/11\/23172518_1509792069101674_6099386761850073597_n-1-300x225.jpg\" alt=\"ung-dung-kem-soft-blend-richs\" width=\"434\" height=\"326\" srcset=\"https:\/\/demo.bmconnect.vn\/saoviet\/wp-content\/uploads\/2017\/11\/23172518_1509792069101674_6099386761850073597_n-1-300x225.jpg 300w, https:\/\/demo.bmconnect.vn\/saoviet\/wp-content\/uploads\/2017\/11\/23172518_1509792069101674_6099386761850073597_n-1-600x450.jpg 600w, https:\/\/demo.bmconnect.vn\/saoviet\/wp-content\/uploads\/2017\/11\/23172518_1509792069101674_6099386761850073597_n-1-768x576.jpg 768w, https:\/\/demo.bmconnect.vn\/saoviet\/wp-content\/uploads\/2017\/11\/23172518_1509792069101674_6099386761850073597_n-1.jpg 800w\" sizes=\"(max-width: 434px) 100vw, 434px\" \/><figcaption id=\"caption-attachment-2280\" class=\"wp-caption-text\">ung-dung-kem-soft-blend-richs<\/figcaption><\/figure>\n<h3><strong>\u01afu \u0111i\u1ec3m<\/strong><\/h3>\n<p>&#8211;\u00a0V\u1ecb ng\u1ecdt nh\u1eb9 nh\u00e0ng, th\u01a1m h\u01b0\u01a1ng vani<\/p>\n<p>&#8211; Gi\u00e1 c\u1ea3 c\u1ea1nh tranh mang l\u1ea1i t\u00ednh kinh t\u1ebf, l\u1ee3i nhu\u1eadn cao.<\/p>\n<p>&#8211; D\u1ec5 d\u00e0ng thao t\u00e1c v\u00e0 s\u1eed d\u1ee5ng linh ho\u1ea1t.<\/p>\n<h3><strong>Tr\u1ecdng l\u01b0\u1ee3ng:<\/strong><\/h3>\n<p>\u0110\u00f3ng h\u1ed9p 1kg.<\/p>\n<h3><strong>Xu\u1ea5t x\u1ee9:<\/strong><\/h3>\n<p>C\u00f4ng ngh\u1ec7 M\u1ef9 \u0111\u01b0\u1ee3c s\u1ea3n xu\u1ea5t t\u1ea1i Vi\u1ec7t Nam.<\/p>\n<h3><strong>Th\u00e0nh ph\u1ea7n:<\/strong><\/h3>\n<p>N\u01b0\u1edbc,\u00a0D\u1ea7u c\u1ecd \u0111\u00e3 hydro h\u00f3a m\u1ed9t ph\u1ea7n, M\u1eadt \u0111\u01b0\u1eddng b\u1eafp, \u0110\u01b0\u1eddng, Ch\u1ea5t t\u1ea1o nh\u0169, Ch\u1ea5t l\u00e0m \u0111\u1eb7c, Sodium Caseinate, Ch\u1ea5t gi\u1eef \u1ea9m, Mu\u1ed1i, H\u01b0\u01a1ng li\u1ec7u.<\/p>\n<h3><strong>H\u01b0\u1edbng d\u1eabn s\u1eed d\u1ee5ng:<\/strong><\/h3>\n<p>\u2013 X\u1ea3 \u0111\u00f4ng trong t\u1ee7 l\u1ea1nh.<\/p>\n<p>\u2013 L\u1eafc \u0111\u1ec1u h\u1ed9p ch\u1ee9a kem tr\u01b0\u1edbc khi m\u1edf h\u1ed9p. \u0110\u1ed5 kem l\u1ecfng c\u00f2n d\u0103m \u0111\u00e1 v\u00e0o th\u1ed1 l\u1ea1nh.<\/p>\n<p>\u2013 \u0110\u00e1nh kem v\u1edbi t\u1ed1c \u0111\u1ed9 trung b\u00ecnh \u1edf nhi\u1ec7t \u0111\u1ed9 t\u1eeb 4<sup>o<\/sup>C \u0111\u1ebfn 7<sup>o<\/sup>C cho \u0111\u1ebfn khi kem b\u00f3ng m\u1ecbn.<\/p>\n<h3><strong>B\u1ea3o qu\u1ea3n:<\/strong><\/h3>\n<p>\u2013 Tr\u1eef \u0111\u00f4ng \u1edf nhi\u1ec7t \u0111\u1ed9 -18<sup>o<\/sup>C<\/p>\n<p>\u2013\u00a0<em><strong>L<\/strong><\/em><em><strong>\u01b0u \u00fd<\/strong><\/em>: kh\u00f4ng t\u00e1i \u0111\u00f4ng s\u1ea3n ph\u1ea9m.<\/p>\n","protected":false},"excerpt":{"rendered":"<p>&#8211; N\u1ebfu l\u00e0 ng\u01b0\u1eddi quan t\u00e2m \u0111\u1ebfn s\u1ee9c kh\u1ecfe, b\u1ea1n s\u1ebd nh\u1eadn th\u1ea5y r\u1eb1ng <strong>value pride softblend<\/strong> l\u00e0 s\u1ea3n ph\u1ea9m kem t\u01b0\u01a1i c\u00f3 ch\u1ea5t l\u01b0\u1ee3ng v\u01b0\u1ee3t tr\u1ed9i v\u1edbi \u0111\u1ed9 ng\u1ecdt th\u1ea5p v\u00e0 h\u01b0\u01a1ng v\u1ecb h\u1ea5p d\u1eabn.<\/p>\n<p>&#8211; N\u1ebfu b\u1ea1n l\u00e0 ng\u01b0\u1eddi kinh doanh quan t\u00e2m \u0111\u1ebfn chi ph\u00ed, b\u1ea1n s\u1ebd d\u1ec5 d\u00e0ng nh\u1eadn th\u1ea5y r\u1eb1ng: m\u1ed9t lo\u1ea1i kem c\u00f3 \u0111\u1ed9 \u1ed5n \u0111\u1ecbnh cao, s\u1ea3n l\u01b0\u1ee3ng v\u00e0 l\u1ee3i nhu\u1eadn v\u01b0\u1ee3t tr\u1ed9i v\u1edbi m\u1ee9c gi\u00e1 c\u1ea1nh tranh \u0111\u00f3 ch\u00ednh l\u00e0 &#8220;<strong>value pride softblend topping c\u1ee7a rich&#8217;s<\/strong>&#8220;.<\/p>\n<p>&#8211; Ch\u1ec9 lo\u1ea1i kem t\u01b0\u01a1i n\u00e0y m\u1edbi song h\u00e0nh \u0111\u1ed3ng th\u1eddi 2 ti\u00eau ch\u00ed: ch\u1ea5t l\u01b0\u1ee3ng tuy\u1ec7t h\u1ea3o v\u1edbi m\u1ee9c gi\u00e1 h\u1ee3p l\u00fd.<\/p>\n","protected":false},"featured_media":1631,"comment_status":"open","ping_status":"closed","template":"","meta":[],"product_cat":[132,201,25,18,77],"product_tag":[117,116,118],"_links":{"self":[{"href":"https:\/\/demo.bmconnect.vn\/saoviet\/wp-json\/wp\/v2\/product\/1492"}],"collection":[{"href":"https:\/\/demo.bmconnect.vn\/saoviet\/wp-json\/wp\/v2\/product"}],"about":[{"href":"https:\/\/demo.bmconnect.vn\/saoviet\/wp-json\/wp\/v2\/types\/product"}],"replies":[{"embeddable":true,"href":"https:\/\/demo.bmconnect.vn\/saoviet\/wp-json\/wp\/v2\/comments?post=1492"}],"wp:featuredmedia":[{"embeddable":true,"href":"https:\/\/demo.bmconnect.vn\/saoviet\/wp-json\/wp\/v2\/media\/1631"}],"wp:attachment":[{"href":"https:\/\/demo.bmconnect.vn\/saoviet\/wp-json\/wp\/v2\/media?parent=1492"}],"wp:term":[{"taxonomy":"product_cat","embeddable":true,"href":"https:\/\/demo.bmconnect.vn\/saoviet\/wp-json\/wp\/v2\/product_cat?post=1492"},{"taxonomy":"product_tag","embeddable":true,"href":"https:\/\/demo.bmconnect.vn\/saoviet\/wp-json\/wp\/v2\/product_tag?post=1492"}],"curies":[{"name":"wp","href":"https:\/\/api.w.org\/{rel}","templated":true}]}}