{"id":1490,"date":"2017-11-03T14:53:35","date_gmt":"2017-11-03T07:53:35","guid":{"rendered":"https:\/\/demo.bmconnect.vn\/saoviet\/?post_type=product&#038;p=1490"},"modified":"2017-11-20T16:58:04","modified_gmt":"2017-11-20T09:58:04","slug":"kem-whip-topping-base-richs-cao","status":"publish","type":"product","link":"https:\/\/demo.bmconnect.vn\/saoviet\/product\/kem-whip-topping-base-richs-cao\/","title":{"rendered":"Whip topping base rich&#8217;s"},"content":{"rendered":"<h2><b>Whip topping base rich&#8217;s<\/b><\/h2>\n<h3><strong>\u0110\u1eb7c t\u00ednh n\u1ed5i b\u1eadt s\u1ea3n ph\u1ea9m:<\/strong><\/h3>\n<p><strong>\u0110\u1ed9 \u1ed5n \u0111\u1ecbnh\u00a0<\/strong><\/p>\n<p>&#8211;\u00a0<b>Whip topping base <\/b>c\u00f3 \u0111\u1ed9 \u1ed5n \u0111\u1ecbnh t\u1ed1t, kem kh\u00f4ng ch\u1ea3y ho\u1eb7c m\u1ec1m.<\/p>\n<p>&#8211; \u0110\u1ed9 \u1ed5n \u0111\u1ecbnh kh\u00f4ng b\u1ecb \u1ea3nh h\u01b0\u1edfng khi pha tr\u1ed9n kem v\u1edbi tr\u00e1i c\u00e2y t\u01b0\u01a1i hay n\u01b0\u1edbc tr\u00e1i c\u00e2y.<\/p>\n<p><strong>Linh ho\u1ea1t v\u00e0 ti\u1ebft ki\u1ec7m<\/strong><\/p>\n<p>&#8211; \u0110\u1ed9 n\u1edf 400% cho s\u1ea3n l\u01b0\u1ee3ng d\u01b0 d\u00f4i h\u01a1n.<\/p>\n<p>&#8211; Kem c\u00f3 th\u1ec3 pha tr\u1ed9n v\u1edbi h\u1ea7u h\u1ebft c\u00e1c dung d\u1ecbch l\u1ecfng nh\u01b0 n\u01b0\u1edbc tr\u00e1i c\u00e2y, n\u01b0\u1edbc v\u00e0 s\u1eefa.<\/p>\n<p>&#8211; Kem c\u00f4 \u0111\u1eb7c nguy\u00ean ch\u1ea5t n\u00ean ti\u1ebft ki\u1ec7m h\u01a1n v\u1ec1 gi\u00e1 th\u00e0nh v\u00e0 kh\u00f4ng gian l\u01b0u tr\u1eef.<\/p>\n<h3><strong>Tr\u1ecdng l\u01b0\u1ee3ng:<\/strong><\/h3>\n<p>\u0110\u00f3ng h\u1ed9p 907gram.<\/p>\n<h3><strong>Xu\u1ea5t x\u1ee9:<\/strong><\/h3>\n<p>C\u00f4ng ngh\u1ec7 M\u1ef9 \u0111\u01b0\u1ee3c s\u1ea3n xu\u1ea5t t\u1ea1i Vi\u1ec7t Nam.<\/p>\n<h3><strong>Th\u00e0nh ph\u1ea7n:<\/strong><\/h3>\n<p>N\u01b0\u1edbc, D\u1ea7u h\u1ea1t c\u1ecd \u0111\u00e3 hy\u0111r\u00f4 h\u00f3a m\u1ed9t ph\u1ea7n, Syr\u00f4 b\u1eafp ch\u1ee9a h\u00e0m l\u01b0\u1ee3ng Fructose cao, Hydroxylpropyl Methyl Xenlulose, Polyoxyethylen (20) Sorbitan Monostearat, Mu\u1ed1i, Este c\u1ee7a Polyglycerol v\u1edbi acid b\u00e9o, Disodium orthophosphate, Trisodium Citrate (331(III)), Sodium Stearoyl Lactylate, Lecithin \u0111\u1eadu n\u00e0nh, Xathan gum, H\u01b0\u01a1ng t\u1ed5ng h\u1ee3p, H\u01b0\u01a1ng t\u1ef1 nhi\u00ean.<\/p>\n<p><em>* Kh\u00f4ng ph\u1ea3i ngu\u1ed3n cung c\u1ea5p Lactose.<\/em><\/p>\n<h3><strong>H\u01b0\u1edbng d\u1eabn s\u1eed d\u1ee5ng:<\/strong><\/h3>\n<p>&#8211; L\u1eafc \u0111\u1ec1u h\u1ed9p kem tr\u01b0\u1edbc khi m\u1edf<\/p>\n<p>&#8211; \u0110\u1ed5 kem v\u00e0o th\u1ed1 l\u1ea1nh theo t\u1ec9 l\u1ec7 2 ph\u1ea7n kem h\u00f2a v\u1edbi 1 ph\u1ea7n dung d\u1ecbch l\u1ea1nh (n\u01b0\u1edbc, n\u01b0\u1edbc tr\u00e1i c\u00e2y, s\u1eefa, v.v..)<\/p>\n<p>&#8211; \u0110\u00e1nh kem v\u1edbi t\u1ed1c \u0111\u1ed9 trung b\u00ecnh cho \u0111\u1ebfn khi kem \u0111\u1ea1t \u0111\u1ed9 \u0111\u1ee9ng, m\u1ecbn v\u00e0 n\u01b0\u1edbc l\u00e1ng tr\u00ean m\u1eb7t kem kh\u00f4ng c\u00f2n.<\/p>\n<p>&#8211; Khi \u0111\u00e1nh kem g\u1ea7n \u0111\u1ea1t, c\u00f3 th\u1ec3 cho th\u00eam m\u00e0u, h\u01b0\u01a1ng li\u1ec7u, pudding ho\u1eb7c l\u00e0 gelatin v\u00e0o. Th\u00eam v\u00e0o nh\u1eefng nguy\u00ean li\u1ec7u c\u1ea7n thi\u1ebft v\u00e0 k\u1ebft th\u00fac vi\u1ec7c \u0111\u00e1nh kem.<\/p>\n<h3><strong>B\u1ea3o qu\u1ea3n:<\/strong><\/h3>\n<p>\u2013 Tr\u1eef \u0111\u00f4ng \u1edf nhi\u1ec7t \u0111\u1ed9 -18<sup>o<\/sup>C<\/p>\n<p>\u2013\u00a0<em><strong>L<\/strong><\/em><em><strong>\u01b0u \u00fd<\/strong><\/em>: kh\u00f4ng t\u00e1i \u0111\u00f4ng s\u1ea3n ph\u1ea9m.<\/p>\n","protected":false},"excerpt":{"rendered":"<p><strong>Whip Topping Base<\/strong> l\u00e0 lo\u1ea1i kem c\u00f4 \u0111\u1eb7c nguy\u00ean ch\u1ea5t d\u01b0\u1edbi d\u1ea1ng dung d\u1ecbch l\u1ecfng \u0111\u00f4ng l\u1ea1nh c\u00f3 th\u1ec3 kh\u00e1ng axit.<\/p>\n<p>&#8211; L\u00e0 nguy\u00ean li\u1ec7u l\u00e0m b\u00e1nh Mousse, pha ch\u1ebf \u0111\u1ed3 u\u1ed1ng v\u00e0 c\u00e1c m\u00f3n tr\u00e1ng mi\u1ec7ng.<\/p>\n<p>&#8211; <strong>Base<\/strong> c\u0169ng d\u00f9ng \u0111\u1ec3 trang tr\u00ed, l\u00e0m nh\u00e2n v\u00e0 ch\u00e0 l\u00e1ng cho c\u00e1c lo\u1ea1i b\u00e1nh v\u00e0 m\u00f3n tr\u00e1ng mi\u1ec7ng.<\/p>\n<p>&#8211; Kem c\u00f3 th\u1ec3 k\u1ebft h\u1ee3p v\u1edbi h\u1ea7u h\u1ebft c\u00e1c h\u01b0\u01a1ng li\u1ec7u, m\u00e0u t\u1ed5ng h\u1ee3p v\u00e0 ch\u1ea5t l\u00e0m ng\u1ecdt m\u00e0 kh\u00f4ng gi\u1ea3m \u0111\u1ed9 \u1ed5n \u0111\u1ecbnh.<\/p>\n","protected":false},"featured_media":1595,"comment_status":"open","ping_status":"closed","template":"","meta":[],"product_cat":[132,201,25,18,77],"product_tag":[106,107],"_links":{"self":[{"href":"https:\/\/demo.bmconnect.vn\/saoviet\/wp-json\/wp\/v2\/product\/1490"}],"collection":[{"href":"https:\/\/demo.bmconnect.vn\/saoviet\/wp-json\/wp\/v2\/product"}],"about":[{"href":"https:\/\/demo.bmconnect.vn\/saoviet\/wp-json\/wp\/v2\/types\/product"}],"replies":[{"embeddable":true,"href":"https:\/\/demo.bmconnect.vn\/saoviet\/wp-json\/wp\/v2\/comments?post=1490"}],"wp:featuredmedia":[{"embeddable":true,"href":"https:\/\/demo.bmconnect.vn\/saoviet\/wp-json\/wp\/v2\/media\/1595"}],"wp:attachment":[{"href":"https:\/\/demo.bmconnect.vn\/saoviet\/wp-json\/wp\/v2\/media?parent=1490"}],"wp:term":[{"taxonomy":"product_cat","embeddable":true,"href":"https:\/\/demo.bmconnect.vn\/saoviet\/wp-json\/wp\/v2\/product_cat?post=1490"},{"taxonomy":"product_tag","embeddable":true,"href":"https:\/\/demo.bmconnect.vn\/saoviet\/wp-json\/wp\/v2\/product_tag?post=1490"}],"curies":[{"name":"wp","href":"https:\/\/api.w.org\/{rel}","templated":true}]}}