{"id":253,"date":"2017-10-18T08:05:36","date_gmt":"2017-10-18T01:05:36","guid":{"rendered":"https:\/\/demo.bmconnect.vn\/saoviet\/?page_id=253"},"modified":"2017-11-04T11:40:40","modified_gmt":"2017-11-04T04:40:40","slug":"lien-he","status":"publish","type":"page","link":"https:\/\/demo.bmconnect.vn\/saoviet\/lien-he\/","title":{"rendered":"Li\u00ean h\u1ec7"},"content":{"rendered":"<div class=\"row row-small\"  id=\"row-1092563392\">\n<div class=\"col medium-6 small-12 large-6\"  ><div class=\"col-inner\"  >\n<h3><span style=\"font-size: 90%\">C\u00d4NG TY TNHH SX V\u00c0 TM ONG V\u00c0NG<\/span><\/h3>\n<p><span style=\"font-size: 95%\">L\u00e0 doanh nghi\u1ec7p h\u00e0ng \u0111\u1ea7u trong l\u0129nh v\u1ef1c cung c\u1ea5p nguy\u00ean ph\u1ee5 li\u1ec7u, d\u1ee5ng c\u1ee5 v\u00e0 m\u00e1y m\u00f3c thi\u1ebft b\u1ecb l\u00e0m b\u00e1nh t\u1ea1i Mi\u1ec1n B\u1eafc.<\/span><\/p>\n<p>Ch\u00fang t\u00f4i l\u00e0 nh\u00e0 ph\u00e2n ph\u1ed1i \u0111\u1ed9c quy\u1ec1n c\u1ee7a c\u00e1c nh\u00e3n hi\u1ec7u nh\u01b0 Rich&#8217;s Products USA, Puratos Grand Place, RunLong&#8230;<\/p>\n<p>Ch\u00fang t\u00f4i cung c\u1ea5p cho th\u1ecb tr\u01b0\u1eddng nh\u1eefng s\u1ea3n ph\u1ea9m \u01b0u vi\u1ec7t t\u1eeb nh\u1eefng th\u01b0\u01a1ng hi\u1ec7u n\u1ed5i ti\u1ebfng.<\/p>\n<ul>\n<li class=\"bullet-arrow\"><span style=\"color: #282828\"><strong>\u0110\u1ecba ch\u1ec9:<\/strong>\u00a0s\u1ed1 2-8, ng\u00f5 70, Th\u1ea1ch C\u1ea7u, Long Bi\u00ean, H\u00e0 N\u1ed9i.<\/span><\/li>\n<li class=\"bullet-arrow\"><span style=\"color: #282828\"><strong>Ph\u00f2ng b\u00e1n h\u00e0ng &amp; h\u1ed7 tr\u1ee3 kh\u00e1ch h\u00e0ng:\u00a0<\/strong>0243.5148966 ( <strong>hotline <\/strong>)<\/span><\/li>\n<li class=\"bullet-arrow\"><span style=\"color: #282828\"><strong>Email:<\/strong> ongvangfood@gmail.com<\/span><\/li>\n<li><strong>Facebook:\u00a0https:\/\/www.facebook.com\/OngVangfood\/<\/strong><\/li>\n<\/ul>\n<\/div><\/div>\n<div class=\"col medium-6 small-12 large-6\"  ><div class=\"col-inner\"  >\n<h3 style=\"text-align: center\">G\u1eecI Y\u00caU C\u1ea6U T\u01af V\u1ea4N.<\/h3>\n<div role=\"form\" class=\"wpcf7\" id=\"wpcf7-f13-o1\" lang=\"vi\" dir=\"ltr\">\n<div class=\"screen-reader-response\"><p role=\"status\" aria-live=\"polite\" aria-atomic=\"true\"><\/p> <ul><\/ul><\/div>\n<form action=\"\/saoviet\/wp-json\/wp\/v2\/pages\/253#wpcf7-f13-o1\" method=\"post\" class=\"wpcf7-form init\" novalidate=\"novalidate\" data-status=\"init\">\n<div style=\"display: none;\">\n<input type=\"hidden\" name=\"_wpcf7\" value=\"13\" \/>\n<input type=\"hidden\" name=\"_wpcf7_version\" value=\"5.4.2\" \/>\n<input type=\"hidden\" name=\"_wpcf7_locale\" value=\"vi\" \/>\n<input type=\"hidden\" name=\"_wpcf7_unit_tag\" value=\"wpcf7-f13-o1\" \/>\n<input type=\"hidden\" name=\"_wpcf7_container_post\" value=\"0\" \/>\n<input type=\"hidden\" name=\"_wpcf7_posted_data_hash\" value=\"\" \/>\n<\/div>\n<p><span class=\"wpcf7-form-control-wrap text-635\"><input type=\"text\" name=\"text-635\" value=\"\" size=\"40\" class=\"wpcf7-form-control wpcf7-text wpcf7-validates-as-required\" aria-required=\"true\" aria-invalid=\"false\" placeholder=\"T\u00ean c\u1ee7a b\u1ea1n\" \/><\/span><\/p>\n<p><span class=\"wpcf7-form-control-wrap email-749\"><input type=\"email\" name=\"email-749\" value=\"\" size=\"40\" class=\"wpcf7-form-control wpcf7-text wpcf7-email wpcf7-validates-as-required wpcf7-validates-as-email\" aria-required=\"true\" aria-invalid=\"false\" placeholder=\"\u0110\u1ecba ch\u1ec9 email c\u1ee7a b\u1ea1n\" \/><\/span><\/p>\n<p><span class=\"wpcf7-form-control-wrap tel-652\"><input type=\"tel\" name=\"tel-652\" value=\"\" size=\"40\" class=\"wpcf7-form-control wpcf7-text wpcf7-tel wpcf7-validates-as-required wpcf7-validates-as-tel\" aria-required=\"true\" aria-invalid=\"false\" placeholder=\"S\u1ed1 \u0111i\u1ec7n tho\u1ea1i c\u1ee7a b\u1ea1n\" \/><\/span><\/p>\n<p><span class=\"wpcf7-form-control-wrap textarea-105\"><textarea name=\"textarea-105\" cols=\"40\" rows=\"10\" class=\"wpcf7-form-control wpcf7-textarea wpcf7-validates-as-required\" aria-required=\"true\" aria-invalid=\"false\" placeholder=\"Th\u00f4ng tin c\u1ea7n t\u01b0 v\u1ea5n\"><\/textarea><\/span><\/p>\n<p><input type=\"submit\" value=\"G\u1eedi tin\" class=\"wpcf7-form-control wpcf7-submit\" \/><\/p>\n<div class=\"wpcf7-response-output\" aria-hidden=\"true\"><\/div><\/form><\/div>\n<\/div><\/div>\n\n<style scope=\"scope\">\n\n<\/style>\n<\/div>\n<div class=\"row row-small\"  id=\"row-904491345\">\n<div class=\"col small-12 large-12\"  ><div class=\"col-inner\"  >\n\t<div class=\"img has-hover x md-x lg-x y md-y lg-y\" id=\"image_724136871\">\n\t\t<a class=\"image-lightbox lightbox-gallery\" href=\"https:\/\/demo.bmconnect.vn\/saoviet\/wp-content\/uploads\/2017\/10\/map.png\" title=\"\">\t\t\t\t\t\t<div class=\"img-inner dark\" >\n\t\t\t<img width=\"675\" height=\"455\" src=\"https:\/\/demo.bmconnect.vn\/saoviet\/wp-content\/uploads\/2017\/10\/map.png\" class=\"attachment-original size-original\" alt=\"\" loading=\"lazy\" srcset=\"https:\/\/demo.bmconnect.vn\/saoviet\/wp-content\/uploads\/2017\/10\/map.png 675w, https:\/\/demo.bmconnect.vn\/saoviet\/wp-content\/uploads\/2017\/10\/map-600x404.png 600w, https:\/\/demo.bmconnect.vn\/saoviet\/wp-content\/uploads\/2017\/10\/map-300x202.png 300w\" sizes=\"(max-width: 675px) 100vw, 675px\" \/>\t\t\t\t\t\t\n\t\t\t\t\t<\/div>\n\t\t\t\t\t\t<\/a>\t\t\n<style scope=\"scope\">\n\n#image_724136871 {\n  width: 100%;\n}\n<\/style>\n\t<\/div>\n\t\n<\/div><\/div>\n\n<style scope=\"scope\">\n\n<\/style>\n<\/div>\n","protected":false},"excerpt":{"rendered":"","protected":false},"author":1,"featured_media":0,"parent":0,"menu_order":0,"comment_status":"closed","ping_status":"closed","template":"page-right-sidebar.php","meta":[],"_links":{"self":[{"href":"https:\/\/demo.bmconnect.vn\/saoviet\/wp-json\/wp\/v2\/pages\/253"}],"collection":[{"href":"https:\/\/demo.bmconnect.vn\/saoviet\/wp-json\/wp\/v2\/pages"}],"about":[{"href":"https:\/\/demo.bmconnect.vn\/saoviet\/wp-json\/wp\/v2\/types\/page"}],"author":[{"embeddable":true,"href":"https:\/\/demo.bmconnect.vn\/saoviet\/wp-json\/wp\/v2\/users\/1"}],"replies":[{"embeddable":true,"href":"https:\/\/demo.bmconnect.vn\/saoviet\/wp-json\/wp\/v2\/comments?post=253"}],"version-history":[{"count":14,"href":"https:\/\/demo.bmconnect.vn\/saoviet\/wp-json\/wp\/v2\/pages\/253\/revisions"}],"predecessor-version":[{"id":1561,"href":"https:\/\/demo.bmconnect.vn\/saoviet\/wp-json\/wp\/v2\/pages\/253\/revisions\/1561"}],"wp:attachment":[{"href":"https:\/\/demo.bmconnect.vn\/saoviet\/wp-json\/wp\/v2\/media?parent=253"}],"curies":[{"name":"wp","href":"https:\/\/api.w.org\/{rel}","templated":true}]}}