{"id":163,"date":"2018-06-16T00:21:11","date_gmt":"2018-06-15T17:21:11","guid":{"rendered":"https:\/\/demo.bmconnect.vn\/salecar2\/?post_type=product&#038;p=163"},"modified":"2018-06-16T00:21:11","modified_gmt":"2018-06-15T17:21:11","slug":"mau-doi-mau-sonata-noi-that-dep-cho-ban-ca-tinh","status":"publish","type":"product","link":"https:\/\/demo.bmconnect.vn\/salecar2\/san-pham\/mau-doi-mau-sonata-noi-that-dep-cho-ban-ca-tinh\/","title":{"rendered":"M\u1eabu \u0111\u1ed5i m\u00e0u sonata n\u1ed9i th\u1ea5t \u0111\u1eb9p cho b\u1ea1n c\u00e1 t\u00ednh"},"content":{"rendered":"<p>TH\u1ea4T \u00d4 T\u00d4 VI\u1ec6T THANH RA TH\u00caM S\u1ea2N PH\u1ea8M M\u1edaI V\u1edaI HIYNDAI SONATA M\u1edaI NH\u1ea4T \u0110\u1ed8C NH\u1ea4T HI\u1ec6N NAY<\/p>\n<p>???? V\u1edaI CH\u00daNG T\u00d4I CH\u1ea4T L\u01af\u1ee2NG UY T\u00cdN TAY NGH\u1ec0 \u0110\u1ec2 T\u1ea0O N\u00caN S\u1ea2N PH\u1ea8M CH\u1ea4T L\u01af\u1ee2NG V\u00e0 \u0110\u1eb8P NH\u1ea4T<\/p>\n<ul>\n<li>V\u00d4 N\u0102NG \u0110\u01af\u1ee2C KH\u00c2U DA V\u00c0 V\u00c2N G\u1ed6 T\u1ea0O N\u00caN \u0110\u1eb2NG C\u1ea4P M\u1edaI TH\u1edcI TRANG H\u01a0N<\/li>\n<li>GH\u1ebe \u0110\u01af\u1ee2C B\u1eccC L\u1ea0I THAY \u0110\u1ed4I KI\u1ec2U C\u00c1CH \u00a0T\u1ea0O N\u00caN \u0110\u01af\u1edcNG G\u00c2N M\u1edaI SANG TR\u1eccNG TH\u00caM<\/li>\n<li>TAPLO C\u0168NG \u0110\u01af\u1ee2C B\u1eccC L\u1ea0I DA<\/li>\n<li>TR\u1ea6N D\u00c1N DA<\/li>\n<li>TH\u1ea2M L\u00d3T S\u00c0N 6D<\/li>\n<li>s\u01a1n l\u1ea1i 1 s\u1ed1 chi ti\u1ebft nh\u1ef1a trong xe<\/li>\n<\/ul>\n","protected":false},"excerpt":{"rendered":"<ul>\n<li>V\u00f4 n\u0103ng \u0111\u01b0\u1ee3c kh\u00e2u da v\u00e0 v\u00e2n g\u1ed7 t\u1ea1o n\u00ean \u0111\u1eb3ng c\u1ea5p m\u1edbi th\u1eddi trang h\u01a1n.<\/li>\n<li>Gh\u1ebf \u0111\u01b0\u1ee3c b\u1ecdc l\u1ea1i thay \u0111\u1ed5i ki\u1ec3u c\u00e1ch t\u1ea1o n\u00ean \u0111\u01b0\u1eddng g\u00e2n m\u1edbi sang tr\u1ecdng th\u00eam<\/li>\n<li>Taplo c\u0169ng \u0111\u01b0\u1ee3c b\u1ecdc l\u1ea1i da.<\/li>\n<\/ul>\n","protected":false},"featured_media":164,"comment_status":"open","ping_status":"closed","template":"","meta":[],"product_cat":[18,24],"product_tag":[],"_links":{"self":[{"href":"https:\/\/demo.bmconnect.vn\/salecar2\/wp-json\/wp\/v2\/product\/163"}],"collection":[{"href":"https:\/\/demo.bmconnect.vn\/salecar2\/wp-json\/wp\/v2\/product"}],"about":[{"href":"https:\/\/demo.bmconnect.vn\/salecar2\/wp-json\/wp\/v2\/types\/product"}],"replies":[{"embeddable":true,"href":"https:\/\/demo.bmconnect.vn\/salecar2\/wp-json\/wp\/v2\/comments?post=163"}],"wp:featuredmedia":[{"embeddable":true,"href":"https:\/\/demo.bmconnect.vn\/salecar2\/wp-json\/wp\/v2\/media\/164"}],"wp:attachment":[{"href":"https:\/\/demo.bmconnect.vn\/salecar2\/wp-json\/wp\/v2\/media?parent=163"}],"wp:term":[{"taxonomy":"product_cat","embeddable":true,"href":"https:\/\/demo.bmconnect.vn\/salecar2\/wp-json\/wp\/v2\/product_cat?post=163"},{"taxonomy":"product_tag","embeddable":true,"href":"https:\/\/demo.bmconnect.vn\/salecar2\/wp-json\/wp\/v2\/product_tag?post=163"}],"curies":[{"name":"wp","href":"https:\/\/api.w.org\/{rel}","templated":true}]}}